{"id":33644,"date":"2024-03-02T17:47:18","date_gmt":"2024-03-02T16:47:18","guid":{"rendered":"https:\/\/sweet-horse.ch\/unsere-geschichte\/"},"modified":"2025-11-22T16:27:20","modified_gmt":"2025-11-22T15:27:20","slug":"unsere-geschichte","status":"publish","type":"page","link":"https:\/\/sweet-horse.ch\/de\/unsere-geschichte\/","title":{"rendered":"Unsere Geschichte"},"content":{"rendered":"\t\t<div data-elementor-type=\"wp-page\" data-elementor-id=\"33644\" class=\"elementor elementor-33644 elementor-30640\">\n\t\t\t\t<div class=\"elementor-element elementor-element-55af846 e-flex e-con-boxed e-con e-parent\" data-id=\"55af846\" data-element_type=\"container\" data-e-type=\"container\">\n\t\t\t\t\t<div class=\"e-con-inner\">\n\t\t\t\t<div class=\"elementor-element elementor-element-f4291aa elementor-widget elementor-widget-heading\" data-id=\"f4291aa\" data-element_type=\"widget\" data-e-type=\"widget\" data-widget_type=\"heading.default\">\n\t\t\t\t<div class=\"elementor-widget-container\">\n\t\t\t\t\t<h3 class=\"elementor-heading-title elementor-size-default\">Unsere Geschichte<\/h3>\t\t\t\t<\/div>\n\t\t\t\t<\/div>\n\t\t\t\t\t<\/div>\n\t\t\t\t<\/div>\n\t\t<div class=\"elementor-element elementor-element-de79539 e-flex e-con-boxed e-con e-parent\" data-id=\"de79539\" data-element_type=\"container\" data-e-type=\"container\">\n\t\t\t\t\t<div class=\"e-con-inner\">\n\t\t\t\t<div class=\"elementor-element elementor-element-de03c02 elementor-widget elementor-widget-heading\" data-id=\"de03c02\" data-element_type=\"widget\" data-e-type=\"widget\" data-widget_type=\"heading.default\">\n\t\t\t\t<div class=\"elementor-widget-container\">\n\t\t\t\t\t<h4 class=\"elementor-heading-title elementor-size-default\">Wohlbefinden und Arbeit mit dem Pferd<\/h4>\t\t\t\t<\/div>\n\t\t\t\t<\/div>\n\t\t\t\t<div class=\"elementor-element elementor-element-f6c05c1 elementor-widget__width-inherit elementor-widget elementor-widget-text-editor\" data-id=\"f6c05c1\" data-element_type=\"widget\" data-e-type=\"widget\" data-widget_type=\"text-editor.default\">\n\t\t\t\t<div class=\"elementor-widget-container\">\n\t\t\t\t\t\t\t\t\t<h3><img fetchpriority=\"high\" decoding=\"async\" data-recalc-dims=\"1\" class=\"alignleft wp-image-30991\" src=\"https:\/\/i0.wp.com\/sweet-horse.ch\/wp-content\/uploads\/2024\/06\/4-Happy.png?resize=350%2C350&#038;ssl=1\" alt=\"#4 Happy\" width=\"350\" height=\"350\" srcset=\"https:\/\/i0.wp.com\/sweet-horse.ch\/wp-content\/uploads\/2024\/06\/4-Happy.png?w=1080&amp;ssl=1 1080w, https:\/\/i0.wp.com\/sweet-horse.ch\/wp-content\/uploads\/2024\/06\/4-Happy.png?resize=300%2C300&amp;ssl=1 300w, https:\/\/i0.wp.com\/sweet-horse.ch\/wp-content\/uploads\/2024\/06\/4-Happy.png?resize=1024%2C1024&amp;ssl=1 1024w, https:\/\/i0.wp.com\/sweet-horse.ch\/wp-content\/uploads\/2024\/06\/4-Happy.png?resize=150%2C150&amp;ssl=1 150w, https:\/\/i0.wp.com\/sweet-horse.ch\/wp-content\/uploads\/2024\/06\/4-Happy.png?resize=768%2C768&amp;ssl=1 768w, https:\/\/i0.wp.com\/sweet-horse.ch\/wp-content\/uploads\/2024\/06\/4-Happy.png?resize=600%2C600&amp;ssl=1 600w, https:\/\/i0.wp.com\/sweet-horse.ch\/wp-content\/uploads\/2024\/06\/4-Happy.png?resize=100%2C100&amp;ssl=1 100w\" sizes=\"(max-width: 350px) 100vw, 350px\" \/><\/h3><p>Wir haben einen bedeutenden Wandel im Bereich des Pferdewohls vollzogen, indem wir nicht nur die Beziehung zwischen Mensch und Pferd, sondern auch das globale Gleichgewicht unserer Begleiter neu bewertet haben. Wir stellen uns eine Welt vor, in der sich unsere Gewohnheiten und unsere Sichtweise auf Pferde zu einer tieferen Harmonie entwickeln. <\/p><p>Wir suchen einen Kompromiss zwischen dem Wohlbefinden unserer Pferde und den Anforderungen von Dressur, t\u00e4glichem Training, Reiten und Wettkampf. Dies umfasst auch die Pflege, die wir unseren Pferdebegleitern zukommen lassen m\u00fcssen. Jede Geste, jede Interaktion ist darauf ausgelegt, ihnen ein ausgeglichenes und erf\u00fclltes Leben zu erm\u00f6glichen.  <\/p><p>Begleiten Sie uns auf diesem Weg f\u00fcr eine Zukunft, in der das Wohlbefinden unserer Pferde im Mittelpunkt all unserer Praktiken steht.<\/p>\t\t\t\t\t\t\t\t<\/div>\n\t\t\t\t<\/div>\n\t\t\t\t<div class=\"elementor-element elementor-element-1b53fb9 elementor-widget elementor-widget-heading\" data-id=\"1b53fb9\" data-element_type=\"widget\" data-e-type=\"widget\" data-widget_type=\"heading.default\">\n\t\t\t\t<div class=\"elementor-widget-container\">\n\t\t\t\t\t<h4 class=\"elementor-heading-title elementor-size-default\">Gr\u00fcndung unseres Unternehmens<\/h4>\t\t\t\t<\/div>\n\t\t\t\t<\/div>\n\t\t\t\t<div class=\"elementor-element elementor-element-61784ed elementor-widget-mobile__width-inherit elementor-widget elementor-widget-text-editor\" data-id=\"61784ed\" data-element_type=\"widget\" data-e-type=\"widget\" data-widget_type=\"text-editor.default\">\n\t\t\t\t<div class=\"elementor-widget-container\">\n\t\t\t\t\t\t\t\t\t<p><img decoding=\"async\" data-recalc-dims=\"1\" class=\"wp-image-30989 alignright\" src=\"https:\/\/i0.wp.com\/sweet-horse.ch\/wp-content\/uploads\/2024\/06\/2-Happy.png?resize=350%2C350&#038;ssl=1\" alt=\"#2 Happy\" width=\"350\" height=\"350\" srcset=\"https:\/\/i0.wp.com\/sweet-horse.ch\/wp-content\/uploads\/2024\/06\/2-Happy.png?w=1080&amp;ssl=1 1080w, https:\/\/i0.wp.com\/sweet-horse.ch\/wp-content\/uploads\/2024\/06\/2-Happy.png?resize=300%2C300&amp;ssl=1 300w, https:\/\/i0.wp.com\/sweet-horse.ch\/wp-content\/uploads\/2024\/06\/2-Happy.png?resize=1024%2C1024&amp;ssl=1 1024w, https:\/\/i0.wp.com\/sweet-horse.ch\/wp-content\/uploads\/2024\/06\/2-Happy.png?resize=150%2C150&amp;ssl=1 150w, https:\/\/i0.wp.com\/sweet-horse.ch\/wp-content\/uploads\/2024\/06\/2-Happy.png?resize=768%2C768&amp;ssl=1 768w, https:\/\/i0.wp.com\/sweet-horse.ch\/wp-content\/uploads\/2024\/06\/2-Happy.png?resize=600%2C600&amp;ssl=1 600w, https:\/\/i0.wp.com\/sweet-horse.ch\/wp-content\/uploads\/2024\/06\/2-Happy.png?resize=100%2C100&amp;ssl=1 100w\" sizes=\"(max-width: 350px) 100vw, 350px\" \/><span style=\"background-color: var(--ast-global-color-5); color: var(--ast-global-color-3); font-family: -apple-system, BlinkMacSystemFont, 'Segoe UI', Roboto, Oxygen-Sans, Ubuntu, Cantarell, 'Helvetica Neue', sans-serif; font-style: inherit; font-weight: inherit;\">An einem Sommerabend 2023, nach einem langen Ausritt rund um unseren Stall in der Region Neuch\u00e2tel. Am Tisch sitzend, ein wohlverdientes Essen in Gesellschaft unserer Reiterfreundinnen geniessend, begannen wir zu tr\u00e4umen. Die leidenschaftlichen Diskussionen drehten sich um unsere Pferdebegleiter, und uns wurde pl\u00f6tzlich klar, dass in der Schweiz ein Gesch\u00e4ft f\u00fcr 100 % nat\u00fcrliche Produkte f\u00fcr Pferde fehlte. Diese Erkenntnis war der Katalysator f\u00fcr unseren aufkeimenden Traum.   <\/span><\/p><p>Die folgenden Wochen waren gepr\u00e4gt von Ideenreichtum und der Aufregung des Anfangs. Wir skizzierten die Grundz\u00fcge unseres Projekts und legten den Grundstein f\u00fcr das, was unser Online-Shop werden sollte. Im November 2023, bewaffnet mit Entschlossenheit und einer Prise Verr\u00fccktheit, starteten wir offiziell in dieses unternehmerische Abenteuer. Unsere Tage waren voller Herausforderungen: die richtigen Lieferanten zu finden, trotz technischer H\u00fcrden eine Website aufzubauen, die notwendigen Verwaltungsdokumente f\u00fcr den Import unserer Produkte auszuf\u00fcllen und unsere ersten Bestellungen aufzugeben. Jeder Moment war intensiv, aber auch aufregend.    <\/p><p>Und dann, am 15. Januar 2024, wurde dieser Traum Wirklichkeit. Unser Shop \u00f6ffnete seine virtuellen T\u00fcren und markierte damit den Beginn einer neuen \u00c4ra f\u00fcr uns und f\u00fcr alle Pferdeliebhaber auf der Suche nach Naturprodukten. <\/p>\t\t\t\t\t\t\t\t<\/div>\n\t\t\t\t<\/div>\n\t\t\t\t<div class=\"elementor-element elementor-element-a2b76d0 elementor-widget elementor-widget-heading\" data-id=\"a2b76d0\" data-element_type=\"widget\" data-e-type=\"widget\" data-widget_type=\"heading.default\">\n\t\t\t\t<div class=\"elementor-widget-container\">\n\t\t\t\t\t<h4 class=\"elementor-heading-title elementor-size-default\">St\u00e4rkung unserer Online-Pr\u00e4senz<\/h4>\t\t\t\t<\/div>\n\t\t\t\t<\/div>\n\t\t\t\t<div class=\"elementor-element elementor-element-3b8cfd5 elementor-widget elementor-widget-text-editor\" data-id=\"3b8cfd5\" data-element_type=\"widget\" data-e-type=\"widget\" data-widget_type=\"text-editor.default\">\n\t\t\t\t<div class=\"elementor-widget-container\">\n\t\t\t\t\t\t\t\t\t<p><img decoding=\"async\" data-recalc-dims=\"1\" class=\"alignleft wp-image-30988\" src=\"https:\/\/i0.wp.com\/sweet-horse.ch\/wp-content\/uploads\/2024\/06\/1-Happy.png?resize=350%2C350&#038;ssl=1\" alt=\"#1 Happy\" width=\"350\" height=\"350\" srcset=\"https:\/\/i0.wp.com\/sweet-horse.ch\/wp-content\/uploads\/2024\/06\/1-Happy.png?w=1080&amp;ssl=1 1080w, https:\/\/i0.wp.com\/sweet-horse.ch\/wp-content\/uploads\/2024\/06\/1-Happy.png?resize=300%2C300&amp;ssl=1 300w, https:\/\/i0.wp.com\/sweet-horse.ch\/wp-content\/uploads\/2024\/06\/1-Happy.png?resize=1024%2C1024&amp;ssl=1 1024w, https:\/\/i0.wp.com\/sweet-horse.ch\/wp-content\/uploads\/2024\/06\/1-Happy.png?resize=150%2C150&amp;ssl=1 150w, https:\/\/i0.wp.com\/sweet-horse.ch\/wp-content\/uploads\/2024\/06\/1-Happy.png?resize=768%2C768&amp;ssl=1 768w, https:\/\/i0.wp.com\/sweet-horse.ch\/wp-content\/uploads\/2024\/06\/1-Happy.png?resize=600%2C600&amp;ssl=1 600w, https:\/\/i0.wp.com\/sweet-horse.ch\/wp-content\/uploads\/2024\/06\/1-Happy.png?resize=100%2C100&amp;ssl=1 100w\" sizes=\"(max-width: 350px) 100vw, 350px\" \/><span style=\"background-color: var(--ast-global-color-5); color: var(--ast-global-color-3); font-family: -apple-system, BlinkMacSystemFont, 'Segoe UI', Roboto, Oxygen-Sans, Ubuntu, Cantarell, 'Helvetica Neue', sans-serif; font-style: inherit; font-weight: inherit;\">Wir bem\u00fchen uns, unsere Pr\u00e4senz in den sozialen Medien zu st\u00e4rken, indem wir unsere Produkte, Aktionen und Mitteilungen hervorheben. Jede Ver\u00f6ffentlichung ist eine Gelegenheit, unsere Leidenschaft f\u00fcr das Wohlbefinden der Pferde zu teilen und uns mit unserer Gemeinschaft zu verbinden. <\/span><\/p><p>Unsere Ambitionen enden hier nicht. Wir planen, unsere Aktivit\u00e4ten durch die Erweiterung unseres Produktsortiments und die Suche nach neuen Qualit\u00e4tslieferanten auszubauen. Dar\u00fcber hinaus planen wir, um ein breiteres Publikum zu erreichen und den Bed\u00fcrfnissen unserer Kunden gerecht zu werden, unsere Website ins Deutsche und Italienische zu \u00fcbersetzen, um unsere Sichtbarkeit in der gesamten Schweiz zu erweitern.  <\/p><p>Jeder Schritt dieser Reise ist ein Versprechen f\u00fcr Wachstum und neue M\u00f6glichkeiten, um unsere Kunden und ihre Pferdebegleiter bestm\u00f6glich zu bedienen.<\/p>\t\t\t\t\t\t\t\t<\/div>\n\t\t\t\t<\/div>\n\t\t\t\t<div class=\"elementor-element elementor-element-a2f37a5 elementor-widget elementor-widget-heading\" data-id=\"a2f37a5\" data-element_type=\"widget\" data-e-type=\"widget\" data-widget_type=\"heading.default\">\n\t\t\t\t<div class=\"elementor-widget-container\">\n\t\t\t\t\t<h4 class=\"elementor-heading-title elementor-size-default\">Eine Botschaft an unsere gesch\u00e4tzten Kunden<\/h4>\t\t\t\t<\/div>\n\t\t\t\t<\/div>\n\t\t\t\t<div class=\"elementor-element elementor-element-d4e53f1 elementor-widget elementor-widget-text-editor\" data-id=\"d4e53f1\" data-element_type=\"widget\" data-e-type=\"widget\" data-widget_type=\"text-editor.default\">\n\t\t\t\t<div class=\"elementor-widget-container\">\n\t\t\t\t\t\t\t\t\t<p><img loading=\"lazy\" decoding=\"async\" data-recalc-dims=\"1\" class=\"alignright wp-image-30990\" src=\"https:\/\/i0.wp.com\/sweet-horse.ch\/wp-content\/uploads\/2024\/06\/3-Happy.png?resize=350%2C350&#038;ssl=1\" alt=\"#3 Happy\" width=\"350\" height=\"350\" srcset=\"https:\/\/i0.wp.com\/sweet-horse.ch\/wp-content\/uploads\/2024\/06\/3-Happy.png?w=1080&amp;ssl=1 1080w, https:\/\/i0.wp.com\/sweet-horse.ch\/wp-content\/uploads\/2024\/06\/3-Happy.png?resize=300%2C300&amp;ssl=1 300w, https:\/\/i0.wp.com\/sweet-horse.ch\/wp-content\/uploads\/2024\/06\/3-Happy.png?resize=1024%2C1024&amp;ssl=1 1024w, https:\/\/i0.wp.com\/sweet-horse.ch\/wp-content\/uploads\/2024\/06\/3-Happy.png?resize=150%2C150&amp;ssl=1 150w, https:\/\/i0.wp.com\/sweet-horse.ch\/wp-content\/uploads\/2024\/06\/3-Happy.png?resize=768%2C768&amp;ssl=1 768w, https:\/\/i0.wp.com\/sweet-horse.ch\/wp-content\/uploads\/2024\/06\/3-Happy.png?resize=600%2C600&amp;ssl=1 600w, https:\/\/i0.wp.com\/sweet-horse.ch\/wp-content\/uploads\/2024\/06\/3-Happy.png?resize=100%2C100&amp;ssl=1 100w\" sizes=\"(max-width: 350px) 100vw, 350px\" \/><span style=\"font-style: inherit; font-weight: inherit; color: var(--ast-global-color-3); font-family: -apple-system, BlinkMacSystemFont, 'Segoe UI', Roboto, Oxygen-Sans, Ubuntu, Cantarell, 'Helvetica Neue', sans-serif; background-color: var(--ast-global-color-5);\">Ihnen, liebe Kunden, danken wir f\u00fcr Ihre Treue und Ihr Vertrauen. Unser gemeinsames Abenteuer hat gerade erst begonnen, und wir freuen uns, Sie an unserer Seite zu haben. <\/span><span style=\"font-style: inherit; font-weight: inherit; color: var(--ast-global-color-3); font-family: -apple-system, BlinkMacSystemFont, 'Segoe UI', Roboto, Oxygen-Sans, Ubuntu, Cantarell, 'Helvetica Neue', sans-serif; background-color: var(--ast-global-color-5);\">Ihr Feedback und Ihre Ermutigung sind f\u00fcr uns wertvoll und helfen uns, weiter zu wachsen und unsere Dienstleistungen zu verbessern.<\/span><\/p>\n<p>Vielen Dank, dass Sie Teil unserer Gemeinschaft sind und diese Leidenschaft f\u00fcr das Wohlbefinden der Pferde mit uns teilen.<\/p>\n<p class=\"\">Mit freundlichen Gr\u00fc\u00dfen<\/p>\n<p class=\"\">M\u00e9lanie &amp; Damien<\/p>\t\t\t\t\t\t\t\t<\/div>\n\t\t\t\t<\/div>\n\t\t\t\t\t<\/div>\n\t\t\t\t<\/div>\n\t\t\t\t<\/div>\n\t\t","protected":false},"excerpt":{"rendered":"<p>Unsere Geschichte Wohlbefinden und Arbeit mit dem Pferd Wir haben einen bedeutenden Wandel im Bereich des Pferdewohls vollzogen, indem wir nicht nur die Beziehung zwischen Mensch und Pferd, sondern auch das globale Gleichgewicht unserer Begleiter neu bewertet haben. Wir stellen uns eine Welt vor, in der sich unsere Gewohnheiten und unsere Sichtweise auf Pferde zu [&hellip;]<\/p>\n","protected":false},"author":1,"featured_media":0,"parent":0,"menu_order":0,"comment_status":"closed","ping_status":"closed","template":"","meta":{"site-sidebar-layout":"default","site-content-layout":"","ast-site-content-layout":"default","site-content-style":"default","site-sidebar-style":"default","ast-global-header-display":"","ast-banner-title-visibility":"","ast-main-header-display":"","ast-hfb-above-header-display":"","ast-hfb-below-header-display":"","ast-hfb-mobile-header-display":"","site-post-title":"","ast-breadcrumbs-content":"","ast-featured-img":"","footer-sml-layout":"","ast-disable-related-posts":"","theme-transparent-header-meta":"","adv-header-id-meta":"","stick-header-meta":"","header-above-stick-meta":"","header-main-stick-meta":"","header-below-stick-meta":"","astra-migrate-meta-layouts":"default","ast-page-background-enabled":"default","ast-page-background-meta":{"desktop":{"background-color":"var(--ast-global-color-4)","background-image":"","background-repeat":"repeat","background-position":"center center","background-size":"auto","background-attachment":"scroll","background-type":"","background-media":"","overlay-type":"","overlay-color":"","overlay-opacity":"","overlay-gradient":""},"tablet":{"background-color":"","background-image":"","background-repeat":"repeat","background-position":"center center","background-size":"auto","background-attachment":"scroll","background-type":"","background-media":"","overlay-type":"","overlay-color":"","overlay-opacity":"","overlay-gradient":""},"mobile":{"background-color":"","background-image":"","background-repeat":"repeat","background-position":"center center","background-size":"auto","background-attachment":"scroll","background-type":"","background-media":"","overlay-type":"","overlay-color":"","overlay-opacity":"","overlay-gradient":""}},"ast-content-background-meta":{"desktop":{"background-color":"var(--ast-global-color-5)","background-image":"","background-repeat":"repeat","background-position":"center center","background-size":"auto","background-attachment":"scroll","background-type":"","background-media":"","overlay-type":"","overlay-color":"","overlay-opacity":"","overlay-gradient":""},"tablet":{"background-color":"var(--ast-global-color-5)","background-image":"","background-repeat":"repeat","background-position":"center center","background-size":"auto","background-attachment":"scroll","background-type":"","background-media":"","overlay-type":"","overlay-color":"","overlay-opacity":"","overlay-gradient":""},"mobile":{"background-color":"var(--ast-global-color-5)","background-image":"","background-repeat":"repeat","background-position":"center center","background-size":"auto","background-attachment":"scroll","background-type":"","background-media":"","overlay-type":"","overlay-color":"","overlay-opacity":"","overlay-gradient":""}},"footnotes":""},"class_list":["post-33644","page","type-page","status-publish","hentry"],"yoast_head":"<!-- This site is optimized with the Yoast SEO plugin v27.5 - https:\/\/yoast.com\/product\/yoast-seo-wordpress\/ -->\n<title>Unsere Geschichte - Sweet Horse<\/title>\n<meta name=\"description\" content=\"Entdecken Sie, wie unsere Leidenschaft f\u00fcr Pferde und ihr Wohlbefinden einen Online-Shop f\u00fcr Naturprodukte ins Leben rief.\" \/>\n<meta name=\"robots\" content=\"index, follow, max-snippet:-1, max-image-preview:large, max-video-preview:-1\" \/>\n<link rel=\"canonical\" href=\"https:\/\/sweet-horse.ch\/de\/unsere-geschichte\/\" \/>\n<meta property=\"og:locale\" content=\"de_DE\" \/>\n<meta property=\"og:type\" content=\"article\" \/>\n<meta property=\"og:title\" content=\"Unsere Geschichte - Sweet Horse\" \/>\n<meta property=\"og:description\" content=\"Entdecken Sie, wie unsere Leidenschaft f\u00fcr Pferde und ihr Wohlbefinden einen Online-Shop f\u00fcr Naturprodukte ins Leben rief.\" \/>\n<meta property=\"og:url\" content=\"https:\/\/sweet-horse.ch\/de\/unsere-geschichte\/\" \/>\n<meta property=\"og:site_name\" content=\"Sweet Horse\" \/>\n<meta property=\"article:modified_time\" content=\"2025-11-22T15:27:20+00:00\" \/>\n<meta property=\"og:image\" content=\"https:\/\/sweet-horse.ch\/wp-content\/uploads\/2024\/06\/4-Happy-300x300.png\" \/>\n<meta name=\"twitter:card\" content=\"summary_large_image\" \/>\n<meta name=\"twitter:label1\" content=\"Gesch\u00e4tzte Lesezeit\" \/>\n\t<meta name=\"twitter:data1\" content=\"3\u00a0Minuten\" \/>\n<script type=\"application\/ld+json\" class=\"yoast-schema-graph\">{\"@context\":\"https:\\\/\\\/schema.org\",\"@graph\":[{\"@type\":\"WebPage\",\"@id\":\"https:\\\/\\\/sweet-horse.ch\\\/de\\\/unsere-geschichte\\\/\",\"url\":\"https:\\\/\\\/sweet-horse.ch\\\/de\\\/unsere-geschichte\\\/\",\"name\":\"Unsere Geschichte - Sweet Horse\",\"isPartOf\":{\"@id\":\"https:\\\/\\\/sweet-horse.ch\\\/de\\\/#website\"},\"primaryImageOfPage\":{\"@id\":\"https:\\\/\\\/sweet-horse.ch\\\/de\\\/unsere-geschichte\\\/#primaryimage\"},\"image\":{\"@id\":\"https:\\\/\\\/sweet-horse.ch\\\/de\\\/unsere-geschichte\\\/#primaryimage\"},\"thumbnailUrl\":\"https:\\\/\\\/sweet-horse.ch\\\/wp-content\\\/uploads\\\/2024\\\/06\\\/4-Happy-300x300.png\",\"datePublished\":\"2024-03-02T16:47:18+00:00\",\"dateModified\":\"2025-11-22T15:27:20+00:00\",\"description\":\"Entdecken Sie, wie unsere Leidenschaft f\u00fcr Pferde und ihr Wohlbefinden einen Online-Shop f\u00fcr Naturprodukte ins Leben rief.\",\"breadcrumb\":{\"@id\":\"https:\\\/\\\/sweet-horse.ch\\\/de\\\/unsere-geschichte\\\/#breadcrumb\"},\"inLanguage\":\"de\",\"potentialAction\":[{\"@type\":\"ReadAction\",\"target\":[\"https:\\\/\\\/sweet-horse.ch\\\/de\\\/unsere-geschichte\\\/\"]}]},{\"@type\":\"ImageObject\",\"inLanguage\":\"de\",\"@id\":\"https:\\\/\\\/sweet-horse.ch\\\/de\\\/unsere-geschichte\\\/#primaryimage\",\"url\":\"https:\\\/\\\/sweet-horse.ch\\\/wp-content\\\/uploads\\\/2024\\\/06\\\/4-Happy-300x300.png\",\"contentUrl\":\"https:\\\/\\\/sweet-horse.ch\\\/wp-content\\\/uploads\\\/2024\\\/06\\\/4-Happy-300x300.png\"},{\"@type\":\"BreadcrumbList\",\"@id\":\"https:\\\/\\\/sweet-horse.ch\\\/de\\\/unsere-geschichte\\\/#breadcrumb\",\"itemListElement\":[{\"@type\":\"ListItem\",\"position\":1,\"name\":\"Startseite\",\"item\":\"https:\\\/\\\/sweet-horse.ch\\\/de\\\/startseite\\\/\"},{\"@type\":\"ListItem\",\"position\":2,\"name\":\"Unsere Geschichte\"}]},{\"@type\":\"WebSite\",\"@id\":\"https:\\\/\\\/sweet-horse.ch\\\/de\\\/#website\",\"url\":\"https:\\\/\\\/sweet-horse.ch\\\/de\\\/\",\"name\":\"Sweet Horse\",\"description\":\"Naturellement \u00e0 l&#039;\u00e9coute de votre compagnon \u00e9quin\",\"publisher\":{\"@id\":\"https:\\\/\\\/sweet-horse.ch\\\/de\\\/#organization\"},\"potentialAction\":[{\"@type\":\"SearchAction\",\"target\":{\"@type\":\"EntryPoint\",\"urlTemplate\":\"https:\\\/\\\/sweet-horse.ch\\\/de\\\/?s={search_term_string}\"},\"query-input\":{\"@type\":\"PropertyValueSpecification\",\"valueRequired\":true,\"valueName\":\"search_term_string\"}}],\"inLanguage\":\"de\"},{\"@type\":\"Organization\",\"@id\":\"https:\\\/\\\/sweet-horse.ch\\\/de\\\/#organization\",\"name\":\"Sweet Horse\",\"url\":\"https:\\\/\\\/sweet-horse.ch\\\/de\\\/\",\"logo\":{\"@type\":\"ImageObject\",\"inLanguage\":\"de\",\"@id\":\"https:\\\/\\\/sweet-horse.ch\\\/de\\\/#\\\/schema\\\/logo\\\/image\\\/\",\"url\":\"https:\\\/\\\/i0.wp.com\\\/sweet-horse.ch\\\/wp-content\\\/uploads\\\/2023\\\/12\\\/cropped-cropped-sweethorse_RVB-scaled-1.webp?fit=1763%2C1920&ssl=1\",\"contentUrl\":\"https:\\\/\\\/i0.wp.com\\\/sweet-horse.ch\\\/wp-content\\\/uploads\\\/2023\\\/12\\\/cropped-cropped-sweethorse_RVB-scaled-1.webp?fit=1763%2C1920&ssl=1\",\"width\":1763,\"height\":1920,\"caption\":\"Sweet Horse\"},\"image\":{\"@id\":\"https:\\\/\\\/sweet-horse.ch\\\/de\\\/#\\\/schema\\\/logo\\\/image\\\/\"},\"sameAs\":[\"https:\\\/\\\/www.instagram.com\\\/sweet_horse.ch\"]}]}<\/script>\n<!-- \/ Yoast SEO plugin. -->","yoast_head_json":{"title":"Unsere Geschichte - Sweet Horse","description":"Entdecken Sie, wie unsere Leidenschaft f\u00fcr Pferde und ihr Wohlbefinden einen Online-Shop f\u00fcr Naturprodukte ins Leben rief.","robots":{"index":"index","follow":"follow","max-snippet":"max-snippet:-1","max-image-preview":"max-image-preview:large","max-video-preview":"max-video-preview:-1"},"canonical":"https:\/\/sweet-horse.ch\/de\/unsere-geschichte\/","og_locale":"de_DE","og_type":"article","og_title":"Unsere Geschichte - Sweet Horse","og_description":"Entdecken Sie, wie unsere Leidenschaft f\u00fcr Pferde und ihr Wohlbefinden einen Online-Shop f\u00fcr Naturprodukte ins Leben rief.","og_url":"https:\/\/sweet-horse.ch\/de\/unsere-geschichte\/","og_site_name":"Sweet Horse","article_modified_time":"2025-11-22T15:27:20+00:00","og_image":[{"url":"https:\/\/sweet-horse.ch\/wp-content\/uploads\/2024\/06\/4-Happy-300x300.png","type":"","width":"","height":""}],"twitter_card":"summary_large_image","twitter_misc":{"Gesch\u00e4tzte Lesezeit":"3\u00a0Minuten"},"schema":{"@context":"https:\/\/schema.org","@graph":[{"@type":"WebPage","@id":"https:\/\/sweet-horse.ch\/de\/unsere-geschichte\/","url":"https:\/\/sweet-horse.ch\/de\/unsere-geschichte\/","name":"Unsere Geschichte - Sweet Horse","isPartOf":{"@id":"https:\/\/sweet-horse.ch\/de\/#website"},"primaryImageOfPage":{"@id":"https:\/\/sweet-horse.ch\/de\/unsere-geschichte\/#primaryimage"},"image":{"@id":"https:\/\/sweet-horse.ch\/de\/unsere-geschichte\/#primaryimage"},"thumbnailUrl":"https:\/\/sweet-horse.ch\/wp-content\/uploads\/2024\/06\/4-Happy-300x300.png","datePublished":"2024-03-02T16:47:18+00:00","dateModified":"2025-11-22T15:27:20+00:00","description":"Entdecken Sie, wie unsere Leidenschaft f\u00fcr Pferde und ihr Wohlbefinden einen Online-Shop f\u00fcr Naturprodukte ins Leben rief.","breadcrumb":{"@id":"https:\/\/sweet-horse.ch\/de\/unsere-geschichte\/#breadcrumb"},"inLanguage":"de","potentialAction":[{"@type":"ReadAction","target":["https:\/\/sweet-horse.ch\/de\/unsere-geschichte\/"]}]},{"@type":"ImageObject","inLanguage":"de","@id":"https:\/\/sweet-horse.ch\/de\/unsere-geschichte\/#primaryimage","url":"https:\/\/sweet-horse.ch\/wp-content\/uploads\/2024\/06\/4-Happy-300x300.png","contentUrl":"https:\/\/sweet-horse.ch\/wp-content\/uploads\/2024\/06\/4-Happy-300x300.png"},{"@type":"BreadcrumbList","@id":"https:\/\/sweet-horse.ch\/de\/unsere-geschichte\/#breadcrumb","itemListElement":[{"@type":"ListItem","position":1,"name":"Startseite","item":"https:\/\/sweet-horse.ch\/de\/startseite\/"},{"@type":"ListItem","position":2,"name":"Unsere Geschichte"}]},{"@type":"WebSite","@id":"https:\/\/sweet-horse.ch\/de\/#website","url":"https:\/\/sweet-horse.ch\/de\/","name":"Sweet Horse","description":"Naturellement \u00e0 l&#039;\u00e9coute de votre compagnon \u00e9quin","publisher":{"@id":"https:\/\/sweet-horse.ch\/de\/#organization"},"potentialAction":[{"@type":"SearchAction","target":{"@type":"EntryPoint","urlTemplate":"https:\/\/sweet-horse.ch\/de\/?s={search_term_string}"},"query-input":{"@type":"PropertyValueSpecification","valueRequired":true,"valueName":"search_term_string"}}],"inLanguage":"de"},{"@type":"Organization","@id":"https:\/\/sweet-horse.ch\/de\/#organization","name":"Sweet Horse","url":"https:\/\/sweet-horse.ch\/de\/","logo":{"@type":"ImageObject","inLanguage":"de","@id":"https:\/\/sweet-horse.ch\/de\/#\/schema\/logo\/image\/","url":"https:\/\/i0.wp.com\/sweet-horse.ch\/wp-content\/uploads\/2023\/12\/cropped-cropped-sweethorse_RVB-scaled-1.webp?fit=1763%2C1920&ssl=1","contentUrl":"https:\/\/i0.wp.com\/sweet-horse.ch\/wp-content\/uploads\/2023\/12\/cropped-cropped-sweethorse_RVB-scaled-1.webp?fit=1763%2C1920&ssl=1","width":1763,"height":1920,"caption":"Sweet Horse"},"image":{"@id":"https:\/\/sweet-horse.ch\/de\/#\/schema\/logo\/image\/"},"sameAs":["https:\/\/www.instagram.com\/sweet_horse.ch"]}]}},"_links":{"self":[{"href":"https:\/\/sweet-horse.ch\/de\/wp-json\/wp\/v2\/pages\/33644","targetHints":{"allow":["GET"]}}],"collection":[{"href":"https:\/\/sweet-horse.ch\/de\/wp-json\/wp\/v2\/pages"}],"about":[{"href":"https:\/\/sweet-horse.ch\/de\/wp-json\/wp\/v2\/types\/page"}],"author":[{"embeddable":true,"href":"https:\/\/sweet-horse.ch\/de\/wp-json\/wp\/v2\/users\/1"}],"replies":[{"embeddable":true,"href":"https:\/\/sweet-horse.ch\/de\/wp-json\/wp\/v2\/comments?post=33644"}],"version-history":[{"count":4,"href":"https:\/\/sweet-horse.ch\/de\/wp-json\/wp\/v2\/pages\/33644\/revisions"}],"predecessor-version":[{"id":33965,"href":"https:\/\/sweet-horse.ch\/de\/wp-json\/wp\/v2\/pages\/33644\/revisions\/33965"}],"wp:attachment":[{"href":"https:\/\/sweet-horse.ch\/de\/wp-json\/wp\/v2\/media?parent=33644"}],"curies":[{"name":"wp","href":"https:\/\/api.w.org\/{rel}","templated":true}]}}