{"id":33502,"date":"2023-11-26T08:15:38","date_gmt":"2023-11-26T07:15:38","guid":{"rendered":"https:\/\/sweet-horse.ch\/produit\/hilton-herbs-hufe-gesundheit-mit-biotin-angereichert-2-kg\/"},"modified":"2026-02-10T08:36:15","modified_gmt":"2026-02-10T07:36:15","slug":"hilton-herbs-hufe-gesundheit-mit-biotin-angereichert-2-kg","status":"publish","type":"product","link":"https:\/\/sweet-horse.ch\/de\/produit\/hilton-herbs-hufe-gesundheit-mit-biotin-angereichert-2-kg\/","title":{"rendered":"Hilton Herbs \u2013 Hufe &amp; Gesundheit mit Biotin angereichert 2 kg"},"content":{"rendered":"<p>HUFE UND GESUNDHEIT ist ein CMV, angereichert mit reinem Biotin (Vitamin- und Mineralstofferg\u00e4nzung), nat\u00fcrlich formuliert, um Folgendes zu erhalten:<\/p>\n<ul>\n<li>eine ausgewogene N\u00e4hrstoffzufuhr<\/li>\n<li>ein gesundes Hufwachstum<\/li>\n<li>die Farbe und Qualit\u00e4t von Fell und Haut<\/li>\n<li>die allgemeine Gesundheit<\/li>\n<li>und die Entwicklung der Pferde zu unterst\u00fctzen<\/li>\n<li>Die vollst\u00e4ndige Analyse von Vitaminen, Mineralien und Spurenelementen finden Sie in der Bildergalerie.<\/li>\n<\/ul>\n<p>Hufe und Gesundheit ist ein nat\u00fcrliches, mineralreiches Trockenerg\u00e4nzungsmittel: Jod, Schwefel, Eisen, Kalzium, Kupfer, Magnesium und Selen sowie Aminos\u00e4uren, Vitamine (B1, B2, B12, C und E) und Beta-Carotin.<\/p>\n<p>Forschung hat gezeigt, dass eine ausgewogene Ern\u00e4hrung zur Entwicklung gesunder Hufe und zum allgemeinen Wohlbefinden beitr\u00e4gt. Denken Sie daran, dass das Hufwachstum langsam ist; fragen Sie Ihren Hufschmied, ob er eine Verbesserung feststellt. Hufe und Gesundheit ist ein Mineral- und Vitaminpr\u00e4parat f\u00fcr Pferde auf Basis von Algen und Hagebutten.  <\/p>\n","protected":false},"excerpt":{"rendered":"<p>Nat\u00fcrliches, mineralreiches Trockenerg\u00e4nzungsmittel zur Unterst\u00fctzung eines gesunden Hufwachstums.<\/p>\n","protected":false},"featured_media":33503,"template":"","meta":{"site-sidebar-layout":"default","site-content-layout":"","ast-site-content-layout":"default","site-content-style":"default","site-sidebar-style":"default","ast-global-header-display":"","ast-banner-title-visibility":"","ast-main-header-display":"","ast-hfb-above-header-display":"","ast-hfb-below-header-display":"","ast-hfb-mobile-header-display":"","site-post-title":"","ast-breadcrumbs-content":"","ast-featured-img":"","footer-sml-layout":"","ast-disable-related-posts":"","theme-transparent-header-meta":"default","adv-header-id-meta":"","stick-header-meta":"default","header-above-stick-meta":"","header-main-stick-meta":"","header-below-stick-meta":"","astra-migrate-meta-layouts":"default","ast-page-background-enabled":"default","ast-page-background-meta":{"desktop":{"background-color":"var(--ast-global-color-4)","background-image":"","background-repeat":"repeat","background-position":"center center","background-size":"auto","background-attachment":"scroll","background-type":"","background-media":"","overlay-type":"","overlay-color":"","overlay-opacity":"","overlay-gradient":""},"tablet":{"background-color":"","background-image":"","background-repeat":"repeat","background-position":"center center","background-size":"auto","background-attachment":"scroll","background-type":"","background-media":"","overlay-type":"","overlay-color":"","overlay-opacity":"","overlay-gradient":""},"mobile":{"background-color":"","background-image":"","background-repeat":"repeat","background-position":"center center","background-size":"auto","background-attachment":"scroll","background-type":"","background-media":"","overlay-type":"","overlay-color":"","overlay-opacity":"","overlay-gradient":""}},"ast-content-background-meta":{"desktop":{"background-color":"var(--ast-global-color-5)","background-image":"","background-repeat":"repeat","background-position":"center center","background-size":"auto","background-attachment":"scroll","background-type":"","background-media":"","overlay-type":"","overlay-color":"","overlay-opacity":"","overlay-gradient":""},"tablet":{"background-color":"var(--ast-global-color-5)","background-image":"","background-repeat":"repeat","background-position":"center center","background-size":"auto","background-attachment":"scroll","background-type":"","background-media":"","overlay-type":"","overlay-color":"","overlay-opacity":"","overlay-gradient":""},"mobile":{"background-color":"var(--ast-global-color-5)","background-image":"","background-repeat":"repeat","background-position":"center center","background-size":"auto","background-attachment":"scroll","background-type":"","background-media":"","overlay-type":"","overlay-color":"","overlay-opacity":"","overlay-gradient":""}}},"product_brand":[85],"product_cat":[115,108,113,111],"product_tag":[],"class_list":{"0":"post-33502","1":"product","2":"type-product","3":"status-publish","4":"has-post-thumbnail","6":"product_brand-hilton-herbs","7":"product_cat-allgemeine-gesundheit","8":"product_cat-erganzungsmittel","9":"product_cat-haut-hufe","10":"product_cat-hilton-herbs","11":"desktop-align-left","12":"tablet-align-left","13":"mobile-align-left","14":"ast-product-gallery-layout-first-image-large","15":"ast-product-gallery-with-no-image","16":"ast-product-tabs-layout-horizontal","18":"first","19":"instock","20":"purchasable","21":"product-type-simple"},"yoast_head":"<!-- This site is optimized with the Yoast SEO plugin v27.3 - https:\/\/yoast.com\/product\/yoast-seo-wordpress\/ -->\n<title>Hilton Herbs - Hufe &amp; Gesundheit mit Biotin angereichert 2 kg - Sweet Horse<\/title>\n<meta name=\"description\" content=\"Nat\u00fcrliches, mineralreiches Trockenerg\u00e4nzungsmittel zur Unterst\u00fctzung eines gesunden Hufwachstums beim Pferd \u2013 100 % nat\u00fcrlich.\" \/>\n<meta name=\"robots\" content=\"index, follow, max-snippet:-1, max-image-preview:large, max-video-preview:-1\" \/>\n<link rel=\"canonical\" href=\"https:\/\/sweet-horse.ch\/de\/produit\/hilton-herbs-hufe-gesundheit-mit-biotin-angereichert-2-kg\/\" \/>\n<meta property=\"og:locale\" content=\"de_DE\" \/>\n<meta property=\"og:type\" content=\"article\" \/>\n<meta property=\"og:title\" content=\"Hilton Herbs - Hufe &amp; Gesundheit mit Biotin angereichert 2 kg - Sweet Horse\" \/>\n<meta property=\"og:description\" content=\"Nat\u00fcrliches, mineralreiches Trockenerg\u00e4nzungsmittel zur Unterst\u00fctzung eines gesunden Hufwachstums beim Pferd \u2013 100 % nat\u00fcrlich.\" \/>\n<meta property=\"og:url\" content=\"https:\/\/sweet-horse.ch\/de\/produit\/hilton-herbs-hufe-gesundheit-mit-biotin-angereichert-2-kg\/\" \/>\n<meta property=\"og:site_name\" content=\"Sweet Horse\" \/>\n<meta property=\"article:modified_time\" content=\"2026-02-10T07:36:15+00:00\" \/>\n<meta property=\"og:image\" content=\"https:\/\/i0.wp.com\/sweet-horse.ch\/wp-content\/uploads\/2023\/11\/Sabot-Sante-biotine-pure.webp?fit=600%2C600&ssl=1\" \/>\n\t<meta property=\"og:image:width\" content=\"600\" \/>\n\t<meta property=\"og:image:height\" content=\"600\" \/>\n\t<meta property=\"og:image:type\" content=\"image\/webp\" \/>\n<meta name=\"twitter:card\" content=\"summary_large_image\" \/>\n<meta name=\"twitter:label1\" content=\"Gesch\u00e4tzte Lesezeit\" \/>\n\t<meta name=\"twitter:data1\" content=\"1\u00a0Minute\" \/>\n<script type=\"application\/ld+json\" class=\"yoast-schema-graph\">{\"@context\":\"https:\\\/\\\/schema.org\",\"@graph\":[{\"@type\":\"WebPage\",\"@id\":\"https:\\\/\\\/sweet-horse.ch\\\/de\\\/produit\\\/hilton-herbs-hufe-gesundheit-mit-biotin-angereichert-2-kg\\\/\",\"url\":\"https:\\\/\\\/sweet-horse.ch\\\/de\\\/produit\\\/hilton-herbs-hufe-gesundheit-mit-biotin-angereichert-2-kg\\\/\",\"name\":\"Hilton Herbs - Hufe &amp; Gesundheit mit Biotin angereichert 2 kg - Sweet Horse\",\"isPartOf\":{\"@id\":\"https:\\\/\\\/sweet-horse.ch\\\/de\\\/#website\"},\"primaryImageOfPage\":{\"@id\":\"https:\\\/\\\/sweet-horse.ch\\\/de\\\/produit\\\/hilton-herbs-hufe-gesundheit-mit-biotin-angereichert-2-kg\\\/#primaryimage\"},\"image\":{\"@id\":\"https:\\\/\\\/sweet-horse.ch\\\/de\\\/produit\\\/hilton-herbs-hufe-gesundheit-mit-biotin-angereichert-2-kg\\\/#primaryimage\"},\"thumbnailUrl\":\"https:\\\/\\\/i0.wp.com\\\/sweet-horse.ch\\\/wp-content\\\/uploads\\\/2023\\\/11\\\/Sabot-Sante-biotine-pure.webp?fit=600%2C600&ssl=1\",\"datePublished\":\"2023-11-26T07:15:38+00:00\",\"dateModified\":\"2026-02-10T07:36:15+00:00\",\"description\":\"Nat\u00fcrliches, mineralreiches Trockenerg\u00e4nzungsmittel zur Unterst\u00fctzung eines gesunden Hufwachstums beim Pferd \u2013 100 % nat\u00fcrlich.\",\"breadcrumb\":{\"@id\":\"https:\\\/\\\/sweet-horse.ch\\\/de\\\/produit\\\/hilton-herbs-hufe-gesundheit-mit-biotin-angereichert-2-kg\\\/#breadcrumb\"},\"inLanguage\":\"de\",\"potentialAction\":[{\"@type\":\"ReadAction\",\"target\":[\"https:\\\/\\\/sweet-horse.ch\\\/de\\\/produit\\\/hilton-herbs-hufe-gesundheit-mit-biotin-angereichert-2-kg\\\/\"]}]},{\"@type\":\"ImageObject\",\"inLanguage\":\"de\",\"@id\":\"https:\\\/\\\/sweet-horse.ch\\\/de\\\/produit\\\/hilton-herbs-hufe-gesundheit-mit-biotin-angereichert-2-kg\\\/#primaryimage\",\"url\":\"https:\\\/\\\/i0.wp.com\\\/sweet-horse.ch\\\/wp-content\\\/uploads\\\/2023\\\/11\\\/Sabot-Sante-biotine-pure.webp?fit=600%2C600&ssl=1\",\"contentUrl\":\"https:\\\/\\\/i0.wp.com\\\/sweet-horse.ch\\\/wp-content\\\/uploads\\\/2023\\\/11\\\/Sabot-Sante-biotine-pure.webp?fit=600%2C600&ssl=1\",\"width\":600,\"height\":600,\"caption\":\"Hilton Herbs \u2013 Hufe &amp; Gesundheit mit Biotin angereichert 2 kg\"},{\"@type\":\"BreadcrumbList\",\"@id\":\"https:\\\/\\\/sweet-horse.ch\\\/de\\\/produit\\\/hilton-herbs-hufe-gesundheit-mit-biotin-angereichert-2-kg\\\/#breadcrumb\",\"itemListElement\":[{\"@type\":\"ListItem\",\"position\":1,\"name\":\"Startseite\",\"item\":\"https:\\\/\\\/sweet-horse.ch\\\/de\\\/startseite\\\/\"},{\"@type\":\"ListItem\",\"position\":2,\"name\":\"Shop\",\"item\":\"https:\\\/\\\/sweet-horse.ch\\\/de\\\/shop\\\/\"},{\"@type\":\"ListItem\",\"position\":3,\"name\":\"Hilton Herbs \u2013 Hufe &amp; Gesundheit mit Biotin angereichert 2 kg\"}]},{\"@type\":\"WebSite\",\"@id\":\"https:\\\/\\\/sweet-horse.ch\\\/de\\\/#website\",\"url\":\"https:\\\/\\\/sweet-horse.ch\\\/de\\\/\",\"name\":\"Sweet Horse\",\"description\":\"Naturellement \u00e0 l&#039;\u00e9coute de votre compagnon \u00e9quin\",\"publisher\":{\"@id\":\"https:\\\/\\\/sweet-horse.ch\\\/de\\\/#organization\"},\"potentialAction\":[{\"@type\":\"SearchAction\",\"target\":{\"@type\":\"EntryPoint\",\"urlTemplate\":\"https:\\\/\\\/sweet-horse.ch\\\/de\\\/?s={search_term_string}\"},\"query-input\":{\"@type\":\"PropertyValueSpecification\",\"valueRequired\":true,\"valueName\":\"search_term_string\"}}],\"inLanguage\":\"de\"},{\"@type\":\"Organization\",\"@id\":\"https:\\\/\\\/sweet-horse.ch\\\/de\\\/#organization\",\"name\":\"Sweet Horse\",\"url\":\"https:\\\/\\\/sweet-horse.ch\\\/de\\\/\",\"logo\":{\"@type\":\"ImageObject\",\"inLanguage\":\"de\",\"@id\":\"https:\\\/\\\/sweet-horse.ch\\\/de\\\/#\\\/schema\\\/logo\\\/image\\\/\",\"url\":\"https:\\\/\\\/i0.wp.com\\\/sweet-horse.ch\\\/wp-content\\\/uploads\\\/2023\\\/12\\\/cropped-cropped-sweethorse_RVB-scaled-1.webp?fit=1763%2C1920&ssl=1\",\"contentUrl\":\"https:\\\/\\\/i0.wp.com\\\/sweet-horse.ch\\\/wp-content\\\/uploads\\\/2023\\\/12\\\/cropped-cropped-sweethorse_RVB-scaled-1.webp?fit=1763%2C1920&ssl=1\",\"width\":1763,\"height\":1920,\"caption\":\"Sweet Horse\"},\"image\":{\"@id\":\"https:\\\/\\\/sweet-horse.ch\\\/de\\\/#\\\/schema\\\/logo\\\/image\\\/\"},\"sameAs\":[\"https:\\\/\\\/www.instagram.com\\\/sweet_horse.ch\"]}]}<\/script>\n<!-- \/ Yoast SEO plugin. -->","yoast_head_json":{"title":"Hilton Herbs - Hufe &amp; Gesundheit mit Biotin angereichert 2 kg - Sweet Horse","description":"Nat\u00fcrliches, mineralreiches Trockenerg\u00e4nzungsmittel zur Unterst\u00fctzung eines gesunden Hufwachstums beim Pferd \u2013 100 % nat\u00fcrlich.","robots":{"index":"index","follow":"follow","max-snippet":"max-snippet:-1","max-image-preview":"max-image-preview:large","max-video-preview":"max-video-preview:-1"},"canonical":"https:\/\/sweet-horse.ch\/de\/produit\/hilton-herbs-hufe-gesundheit-mit-biotin-angereichert-2-kg\/","og_locale":"de_DE","og_type":"article","og_title":"Hilton Herbs - Hufe &amp; Gesundheit mit Biotin angereichert 2 kg - Sweet Horse","og_description":"Nat\u00fcrliches, mineralreiches Trockenerg\u00e4nzungsmittel zur Unterst\u00fctzung eines gesunden Hufwachstums beim Pferd \u2013 100 % nat\u00fcrlich.","og_url":"https:\/\/sweet-horse.ch\/de\/produit\/hilton-herbs-hufe-gesundheit-mit-biotin-angereichert-2-kg\/","og_site_name":"Sweet Horse","article_modified_time":"2026-02-10T07:36:15+00:00","og_image":[{"width":600,"height":600,"url":"https:\/\/i0.wp.com\/sweet-horse.ch\/wp-content\/uploads\/2023\/11\/Sabot-Sante-biotine-pure.webp?fit=600%2C600&ssl=1","type":"image\/webp"}],"twitter_card":"summary_large_image","twitter_misc":{"Gesch\u00e4tzte Lesezeit":"1\u00a0Minute"},"schema":{"@context":"https:\/\/schema.org","@graph":[{"@type":"WebPage","@id":"https:\/\/sweet-horse.ch\/de\/produit\/hilton-herbs-hufe-gesundheit-mit-biotin-angereichert-2-kg\/","url":"https:\/\/sweet-horse.ch\/de\/produit\/hilton-herbs-hufe-gesundheit-mit-biotin-angereichert-2-kg\/","name":"Hilton Herbs - Hufe &amp; Gesundheit mit Biotin angereichert 2 kg - Sweet Horse","isPartOf":{"@id":"https:\/\/sweet-horse.ch\/de\/#website"},"primaryImageOfPage":{"@id":"https:\/\/sweet-horse.ch\/de\/produit\/hilton-herbs-hufe-gesundheit-mit-biotin-angereichert-2-kg\/#primaryimage"},"image":{"@id":"https:\/\/sweet-horse.ch\/de\/produit\/hilton-herbs-hufe-gesundheit-mit-biotin-angereichert-2-kg\/#primaryimage"},"thumbnailUrl":"https:\/\/i0.wp.com\/sweet-horse.ch\/wp-content\/uploads\/2023\/11\/Sabot-Sante-biotine-pure.webp?fit=600%2C600&ssl=1","datePublished":"2023-11-26T07:15:38+00:00","dateModified":"2026-02-10T07:36:15+00:00","description":"Nat\u00fcrliches, mineralreiches Trockenerg\u00e4nzungsmittel zur Unterst\u00fctzung eines gesunden Hufwachstums beim Pferd \u2013 100 % nat\u00fcrlich.","breadcrumb":{"@id":"https:\/\/sweet-horse.ch\/de\/produit\/hilton-herbs-hufe-gesundheit-mit-biotin-angereichert-2-kg\/#breadcrumb"},"inLanguage":"de","potentialAction":[{"@type":"ReadAction","target":["https:\/\/sweet-horse.ch\/de\/produit\/hilton-herbs-hufe-gesundheit-mit-biotin-angereichert-2-kg\/"]}]},{"@type":"ImageObject","inLanguage":"de","@id":"https:\/\/sweet-horse.ch\/de\/produit\/hilton-herbs-hufe-gesundheit-mit-biotin-angereichert-2-kg\/#primaryimage","url":"https:\/\/i0.wp.com\/sweet-horse.ch\/wp-content\/uploads\/2023\/11\/Sabot-Sante-biotine-pure.webp?fit=600%2C600&ssl=1","contentUrl":"https:\/\/i0.wp.com\/sweet-horse.ch\/wp-content\/uploads\/2023\/11\/Sabot-Sante-biotine-pure.webp?fit=600%2C600&ssl=1","width":600,"height":600,"caption":"Hilton Herbs \u2013 Hufe &amp; Gesundheit mit Biotin angereichert 2 kg"},{"@type":"BreadcrumbList","@id":"https:\/\/sweet-horse.ch\/de\/produit\/hilton-herbs-hufe-gesundheit-mit-biotin-angereichert-2-kg\/#breadcrumb","itemListElement":[{"@type":"ListItem","position":1,"name":"Startseite","item":"https:\/\/sweet-horse.ch\/de\/startseite\/"},{"@type":"ListItem","position":2,"name":"Shop","item":"https:\/\/sweet-horse.ch\/de\/shop\/"},{"@type":"ListItem","position":3,"name":"Hilton Herbs \u2013 Hufe &amp; Gesundheit mit Biotin angereichert 2 kg"}]},{"@type":"WebSite","@id":"https:\/\/sweet-horse.ch\/de\/#website","url":"https:\/\/sweet-horse.ch\/de\/","name":"Sweet Horse","description":"Naturellement \u00e0 l&#039;\u00e9coute de votre compagnon \u00e9quin","publisher":{"@id":"https:\/\/sweet-horse.ch\/de\/#organization"},"potentialAction":[{"@type":"SearchAction","target":{"@type":"EntryPoint","urlTemplate":"https:\/\/sweet-horse.ch\/de\/?s={search_term_string}"},"query-input":{"@type":"PropertyValueSpecification","valueRequired":true,"valueName":"search_term_string"}}],"inLanguage":"de"},{"@type":"Organization","@id":"https:\/\/sweet-horse.ch\/de\/#organization","name":"Sweet Horse","url":"https:\/\/sweet-horse.ch\/de\/","logo":{"@type":"ImageObject","inLanguage":"de","@id":"https:\/\/sweet-horse.ch\/de\/#\/schema\/logo\/image\/","url":"https:\/\/i0.wp.com\/sweet-horse.ch\/wp-content\/uploads\/2023\/12\/cropped-cropped-sweethorse_RVB-scaled-1.webp?fit=1763%2C1920&ssl=1","contentUrl":"https:\/\/i0.wp.com\/sweet-horse.ch\/wp-content\/uploads\/2023\/12\/cropped-cropped-sweethorse_RVB-scaled-1.webp?fit=1763%2C1920&ssl=1","width":1763,"height":1920,"caption":"Sweet Horse"},"image":{"@id":"https:\/\/sweet-horse.ch\/de\/#\/schema\/logo\/image\/"},"sameAs":["https:\/\/www.instagram.com\/sweet_horse.ch"]}]}},"_links":{"self":[{"href":"https:\/\/sweet-horse.ch\/de\/wp-json\/wp\/v2\/product\/33502","targetHints":{"allow":["GET"]}}],"collection":[{"href":"https:\/\/sweet-horse.ch\/de\/wp-json\/wp\/v2\/product"}],"about":[{"href":"https:\/\/sweet-horse.ch\/de\/wp-json\/wp\/v2\/types\/product"}],"version-history":[{"count":1,"href":"https:\/\/sweet-horse.ch\/de\/wp-json\/wp\/v2\/product\/33502\/revisions"}],"predecessor-version":[{"id":33504,"href":"https:\/\/sweet-horse.ch\/de\/wp-json\/wp\/v2\/product\/33502\/revisions\/33504"}],"wp:featuredmedia":[{"embeddable":true,"href":"https:\/\/sweet-horse.ch\/de\/wp-json\/wp\/v2\/media\/33503"}],"wp:attachment":[{"href":"https:\/\/sweet-horse.ch\/de\/wp-json\/wp\/v2\/media?parent=33502"}],"wp:term":[{"taxonomy":"product_brand","embeddable":true,"href":"https:\/\/sweet-horse.ch\/de\/wp-json\/wp\/v2\/product_brand?post=33502"},{"taxonomy":"product_cat","embeddable":true,"href":"https:\/\/sweet-horse.ch\/de\/wp-json\/wp\/v2\/product_cat?post=33502"},{"taxonomy":"product_tag","embeddable":true,"href":"https:\/\/sweet-horse.ch\/de\/wp-json\/wp\/v2\/product_tag?post=33502"}],"curies":[{"name":"wp","href":"https:\/\/api.w.org\/{rel}","templated":true}]}}