{"id":33533,"date":"2024-02-23T14:49:59","date_gmt":"2024-02-23T13:49:59","guid":{"rendered":"https:\/\/sweet-horse.ch\/produit\/hilton-herbs-digest-support-1kg\/"},"modified":"2025-11-22T12:13:23","modified_gmt":"2025-11-22T11:13:23","slug":"hilton-herbs-digest-support-1kg","status":"publish","type":"product","link":"https:\/\/sweet-horse.ch\/de\/produit\/hilton-herbs-digest-support-1kg\/","title":{"rendered":"Hilton Herbs \u2013 Digest support 1kg"},"content":{"rendered":"<p>DIGEST SUPPORT wurde entwickelt, um:<\/p>\n<ul>\n<li>die Effizienz des Verdauungssystems aufrechtzuerhalten<\/li>\n<li>den pH-Wert auszugleichen<\/li>\n<li>eine optimale N\u00e4hrstoffaufnahme zu unterst\u00fctzen<\/li>\n<li>eine gesunde Verdauung bei Pferden zu f\u00f6rdern, die auf der Weide sind oder sich in einer stressigen Umgebung befinden<\/li>\n<\/ul>\n<p>Digest Support ist eine Trockenerg\u00e4nzung auf Basis von Rotulme, M\u00e4des\u00fc\u00df und Schneeballrinde, die hilft, ein gesundes Verdauungssystem zu erhalten.<\/p>\n<p>Wir erwarten viel von unseren Pferden, und f\u00fcr einige Tiere sind die k\u00f6rperliche Verfassung, h\u00e4ufige Reisen und proteinreiche Rationen Stressfaktoren. Infolgedessen k\u00f6nnen diese Pferde an Kondition verlieren, niedergeschlagen sein oder es mangelt ihnen an Vitalit\u00e4t, und sie k\u00f6nnen Geschw\u00fcre entwickeln. <\/p>\n<p>Zus\u00e4tzlich zur Anwendung von Digest Support kann es sinnvoll sein, sich mit dem Lebensstil des Tieres zu befassen und diesen gegebenenfalls anzupassen. Idealerweise sollten Pferde mindestens einmal t\u00e4glich zum Entspannen nach drau\u00dfen kommen, damit sie sich erholen k\u00f6nnen. Unter Druck k\u00f6nnen Pferde Schwierigkeiten haben, ein gutes Verdauungsgleichgewicht aufrechtzuerhalten, und die Folgen k\u00f6nnen schwerwiegend sein.  <\/p>\n","protected":false},"excerpt":{"rendered":"<p>Trockenerg\u00e4nzung zur Unterst\u00fctzung bei Geschw\u00fcren und Koliken beim Pferd.<\/p>\n","protected":false},"featured_media":33534,"template":"","meta":{"site-sidebar-layout":"default","site-content-layout":"","ast-site-content-layout":"default","site-content-style":"default","site-sidebar-style":"default","ast-global-header-display":"","ast-banner-title-visibility":"","ast-main-header-display":"","ast-hfb-above-header-display":"","ast-hfb-below-header-display":"","ast-hfb-mobile-header-display":"","site-post-title":"","ast-breadcrumbs-content":"","ast-featured-img":"","footer-sml-layout":"","ast-disable-related-posts":"","theme-transparent-header-meta":"default","adv-header-id-meta":"","stick-header-meta":"default","header-above-stick-meta":"","header-main-stick-meta":"","header-below-stick-meta":"","astra-migrate-meta-layouts":"default","ast-page-background-enabled":"default","ast-page-background-meta":{"desktop":{"background-color":"var(--ast-global-color-4)","background-image":"","background-repeat":"repeat","background-position":"center center","background-size":"auto","background-attachment":"scroll","background-type":"","background-media":"","overlay-type":"","overlay-color":"","overlay-opacity":"","overlay-gradient":""},"tablet":{"background-color":"","background-image":"","background-repeat":"repeat","background-position":"center center","background-size":"auto","background-attachment":"scroll","background-type":"","background-media":"","overlay-type":"","overlay-color":"","overlay-opacity":"","overlay-gradient":""},"mobile":{"background-color":"","background-image":"","background-repeat":"repeat","background-position":"center center","background-size":"auto","background-attachment":"scroll","background-type":"","background-media":"","overlay-type":"","overlay-color":"","overlay-opacity":"","overlay-gradient":""}},"ast-content-background-meta":{"desktop":{"background-color":"var(--ast-global-color-5)","background-image":"","background-repeat":"repeat","background-position":"center center","background-size":"auto","background-attachment":"scroll","background-type":"","background-media":"","overlay-type":"","overlay-color":"","overlay-opacity":"","overlay-gradient":""},"tablet":{"background-color":"var(--ast-global-color-5)","background-image":"","background-repeat":"repeat","background-position":"center center","background-size":"auto","background-attachment":"scroll","background-type":"","background-media":"","overlay-type":"","overlay-color":"","overlay-opacity":"","overlay-gradient":""},"mobile":{"background-color":"var(--ast-global-color-5)","background-image":"","background-repeat":"repeat","background-position":"center center","background-size":"auto","background-attachment":"scroll","background-type":"","background-media":"","overlay-type":"","overlay-color":"","overlay-opacity":"","overlay-gradient":""}}},"product_brand":[],"product_cat":[108,111,114],"product_tag":[],"class_list":{"0":"post-33533","1":"product","2":"type-product","3":"status-publish","4":"has-post-thumbnail","6":"product_cat-erganzungsmittel","7":"product_cat-hilton-herbs","8":"product_cat-verdauung","9":"desktop-align-left","10":"tablet-align-left","11":"mobile-align-left","12":"ast-product-gallery-layout-first-image-large","13":"ast-product-gallery-with-no-image","14":"ast-product-tabs-layout-horizontal","16":"first","17":"instock","18":"purchasable","19":"product-type-simple"},"yoast_head":"<!-- This site is optimized with the Yoast SEO plugin v27.3 - https:\/\/yoast.com\/product\/yoast-seo-wordpress\/ -->\n<title>Hilton Herbs - Digest support 1kg - Sweet Horse<\/title>\n<meta name=\"description\" content=\"Trockenerg\u00e4nzung zur Unterst\u00fctzung bei Geschw\u00fcren und Koliken beim Pferd. Es gleicht den Verdauungs-pH-Wert aus und erh\u00e4lt eine gesunde und effiziente Verdauung.\" \/>\n<meta name=\"robots\" content=\"index, follow, max-snippet:-1, max-image-preview:large, max-video-preview:-1\" \/>\n<link rel=\"canonical\" href=\"https:\/\/sweet-horse.ch\/de\/produit\/hilton-herbs-digest-support-1kg\/\" \/>\n<meta property=\"og:locale\" content=\"de_DE\" \/>\n<meta property=\"og:type\" content=\"article\" \/>\n<meta property=\"og:title\" content=\"Hilton Herbs - Digest support 1kg - Sweet Horse\" \/>\n<meta property=\"og:description\" content=\"Trockenerg\u00e4nzung zur Unterst\u00fctzung bei Geschw\u00fcren und Koliken beim Pferd. Es gleicht den Verdauungs-pH-Wert aus und erh\u00e4lt eine gesunde und effiziente Verdauung.\" \/>\n<meta property=\"og:url\" content=\"https:\/\/sweet-horse.ch\/de\/produit\/hilton-herbs-digest-support-1kg\/\" \/>\n<meta property=\"og:site_name\" content=\"Sweet Horse\" \/>\n<meta property=\"article:modified_time\" content=\"2025-11-22T11:13:23+00:00\" \/>\n<meta property=\"og:image\" content=\"https:\/\/i0.wp.com\/sweet-horse.ch\/wp-content\/uploads\/2025\/05\/Digest-support.webp?fit=800%2C800&ssl=1\" \/>\n\t<meta property=\"og:image:width\" content=\"800\" \/>\n\t<meta property=\"og:image:height\" content=\"800\" \/>\n\t<meta property=\"og:image:type\" content=\"image\/webp\" \/>\n<meta name=\"twitter:card\" content=\"summary_large_image\" \/>\n<meta name=\"twitter:label1\" content=\"Gesch\u00e4tzte Lesezeit\" \/>\n\t<meta name=\"twitter:data1\" content=\"1\u00a0Minute\" \/>\n<script type=\"application\/ld+json\" class=\"yoast-schema-graph\">{\"@context\":\"https:\\\/\\\/schema.org\",\"@graph\":[{\"@type\":\"WebPage\",\"@id\":\"https:\\\/\\\/sweet-horse.ch\\\/de\\\/produit\\\/hilton-herbs-digest-support-1kg\\\/\",\"url\":\"https:\\\/\\\/sweet-horse.ch\\\/de\\\/produit\\\/hilton-herbs-digest-support-1kg\\\/\",\"name\":\"Hilton Herbs - Digest support 1kg - Sweet Horse\",\"isPartOf\":{\"@id\":\"https:\\\/\\\/sweet-horse.ch\\\/de\\\/#website\"},\"primaryImageOfPage\":{\"@id\":\"https:\\\/\\\/sweet-horse.ch\\\/de\\\/produit\\\/hilton-herbs-digest-support-1kg\\\/#primaryimage\"},\"image\":{\"@id\":\"https:\\\/\\\/sweet-horse.ch\\\/de\\\/produit\\\/hilton-herbs-digest-support-1kg\\\/#primaryimage\"},\"thumbnailUrl\":\"https:\\\/\\\/i0.wp.com\\\/sweet-horse.ch\\\/wp-content\\\/uploads\\\/2025\\\/05\\\/Digest-support.webp?fit=800%2C800&ssl=1\",\"datePublished\":\"2024-02-23T13:49:59+00:00\",\"dateModified\":\"2025-11-22T11:13:23+00:00\",\"description\":\"Trockenerg\u00e4nzung zur Unterst\u00fctzung bei Geschw\u00fcren und Koliken beim Pferd. Es gleicht den Verdauungs-pH-Wert aus und erh\u00e4lt eine gesunde und effiziente Verdauung.\",\"breadcrumb\":{\"@id\":\"https:\\\/\\\/sweet-horse.ch\\\/de\\\/produit\\\/hilton-herbs-digest-support-1kg\\\/#breadcrumb\"},\"inLanguage\":\"de\",\"potentialAction\":[{\"@type\":\"ReadAction\",\"target\":[\"https:\\\/\\\/sweet-horse.ch\\\/de\\\/produit\\\/hilton-herbs-digest-support-1kg\\\/\"]}]},{\"@type\":\"ImageObject\",\"inLanguage\":\"de\",\"@id\":\"https:\\\/\\\/sweet-horse.ch\\\/de\\\/produit\\\/hilton-herbs-digest-support-1kg\\\/#primaryimage\",\"url\":\"https:\\\/\\\/i0.wp.com\\\/sweet-horse.ch\\\/wp-content\\\/uploads\\\/2025\\\/05\\\/Digest-support.webp?fit=800%2C800&ssl=1\",\"contentUrl\":\"https:\\\/\\\/i0.wp.com\\\/sweet-horse.ch\\\/wp-content\\\/uploads\\\/2025\\\/05\\\/Digest-support.webp?fit=800%2C800&ssl=1\",\"width\":800,\"height\":800,\"caption\":\"Hilton Herbs \u2013 Digest support 1kg\"},{\"@type\":\"BreadcrumbList\",\"@id\":\"https:\\\/\\\/sweet-horse.ch\\\/de\\\/produit\\\/hilton-herbs-digest-support-1kg\\\/#breadcrumb\",\"itemListElement\":[{\"@type\":\"ListItem\",\"position\":1,\"name\":\"Startseite\",\"item\":\"https:\\\/\\\/sweet-horse.ch\\\/de\\\/startseite\\\/\"},{\"@type\":\"ListItem\",\"position\":2,\"name\":\"Shop\",\"item\":\"https:\\\/\\\/sweet-horse.ch\\\/de\\\/shop\\\/\"},{\"@type\":\"ListItem\",\"position\":3,\"name\":\"Hilton Herbs \u2013 Digest support 1kg\"}]},{\"@type\":\"WebSite\",\"@id\":\"https:\\\/\\\/sweet-horse.ch\\\/de\\\/#website\",\"url\":\"https:\\\/\\\/sweet-horse.ch\\\/de\\\/\",\"name\":\"Sweet Horse\",\"description\":\"Naturellement \u00e0 l&#039;\u00e9coute de votre compagnon \u00e9quin\",\"publisher\":{\"@id\":\"https:\\\/\\\/sweet-horse.ch\\\/de\\\/#organization\"},\"potentialAction\":[{\"@type\":\"SearchAction\",\"target\":{\"@type\":\"EntryPoint\",\"urlTemplate\":\"https:\\\/\\\/sweet-horse.ch\\\/de\\\/?s={search_term_string}\"},\"query-input\":{\"@type\":\"PropertyValueSpecification\",\"valueRequired\":true,\"valueName\":\"search_term_string\"}}],\"inLanguage\":\"de\"},{\"@type\":\"Organization\",\"@id\":\"https:\\\/\\\/sweet-horse.ch\\\/de\\\/#organization\",\"name\":\"Sweet Horse\",\"url\":\"https:\\\/\\\/sweet-horse.ch\\\/de\\\/\",\"logo\":{\"@type\":\"ImageObject\",\"inLanguage\":\"de\",\"@id\":\"https:\\\/\\\/sweet-horse.ch\\\/de\\\/#\\\/schema\\\/logo\\\/image\\\/\",\"url\":\"https:\\\/\\\/i0.wp.com\\\/sweet-horse.ch\\\/wp-content\\\/uploads\\\/2023\\\/12\\\/cropped-cropped-sweethorse_RVB-scaled-1.webp?fit=1763%2C1920&ssl=1\",\"contentUrl\":\"https:\\\/\\\/i0.wp.com\\\/sweet-horse.ch\\\/wp-content\\\/uploads\\\/2023\\\/12\\\/cropped-cropped-sweethorse_RVB-scaled-1.webp?fit=1763%2C1920&ssl=1\",\"width\":1763,\"height\":1920,\"caption\":\"Sweet Horse\"},\"image\":{\"@id\":\"https:\\\/\\\/sweet-horse.ch\\\/de\\\/#\\\/schema\\\/logo\\\/image\\\/\"},\"sameAs\":[\"https:\\\/\\\/www.instagram.com\\\/sweet_horse.ch\"]}]}<\/script>\n<!-- \/ Yoast SEO plugin. -->","yoast_head_json":{"title":"Hilton Herbs - Digest support 1kg - Sweet Horse","description":"Trockenerg\u00e4nzung zur Unterst\u00fctzung bei Geschw\u00fcren und Koliken beim Pferd. Es gleicht den Verdauungs-pH-Wert aus und erh\u00e4lt eine gesunde und effiziente Verdauung.","robots":{"index":"index","follow":"follow","max-snippet":"max-snippet:-1","max-image-preview":"max-image-preview:large","max-video-preview":"max-video-preview:-1"},"canonical":"https:\/\/sweet-horse.ch\/de\/produit\/hilton-herbs-digest-support-1kg\/","og_locale":"de_DE","og_type":"article","og_title":"Hilton Herbs - Digest support 1kg - Sweet Horse","og_description":"Trockenerg\u00e4nzung zur Unterst\u00fctzung bei Geschw\u00fcren und Koliken beim Pferd. Es gleicht den Verdauungs-pH-Wert aus und erh\u00e4lt eine gesunde und effiziente Verdauung.","og_url":"https:\/\/sweet-horse.ch\/de\/produit\/hilton-herbs-digest-support-1kg\/","og_site_name":"Sweet Horse","article_modified_time":"2025-11-22T11:13:23+00:00","og_image":[{"width":800,"height":800,"url":"https:\/\/i0.wp.com\/sweet-horse.ch\/wp-content\/uploads\/2025\/05\/Digest-support.webp?fit=800%2C800&ssl=1","type":"image\/webp"}],"twitter_card":"summary_large_image","twitter_misc":{"Gesch\u00e4tzte Lesezeit":"1\u00a0Minute"},"schema":{"@context":"https:\/\/schema.org","@graph":[{"@type":"WebPage","@id":"https:\/\/sweet-horse.ch\/de\/produit\/hilton-herbs-digest-support-1kg\/","url":"https:\/\/sweet-horse.ch\/de\/produit\/hilton-herbs-digest-support-1kg\/","name":"Hilton Herbs - Digest support 1kg - Sweet Horse","isPartOf":{"@id":"https:\/\/sweet-horse.ch\/de\/#website"},"primaryImageOfPage":{"@id":"https:\/\/sweet-horse.ch\/de\/produit\/hilton-herbs-digest-support-1kg\/#primaryimage"},"image":{"@id":"https:\/\/sweet-horse.ch\/de\/produit\/hilton-herbs-digest-support-1kg\/#primaryimage"},"thumbnailUrl":"https:\/\/i0.wp.com\/sweet-horse.ch\/wp-content\/uploads\/2025\/05\/Digest-support.webp?fit=800%2C800&ssl=1","datePublished":"2024-02-23T13:49:59+00:00","dateModified":"2025-11-22T11:13:23+00:00","description":"Trockenerg\u00e4nzung zur Unterst\u00fctzung bei Geschw\u00fcren und Koliken beim Pferd. Es gleicht den Verdauungs-pH-Wert aus und erh\u00e4lt eine gesunde und effiziente Verdauung.","breadcrumb":{"@id":"https:\/\/sweet-horse.ch\/de\/produit\/hilton-herbs-digest-support-1kg\/#breadcrumb"},"inLanguage":"de","potentialAction":[{"@type":"ReadAction","target":["https:\/\/sweet-horse.ch\/de\/produit\/hilton-herbs-digest-support-1kg\/"]}]},{"@type":"ImageObject","inLanguage":"de","@id":"https:\/\/sweet-horse.ch\/de\/produit\/hilton-herbs-digest-support-1kg\/#primaryimage","url":"https:\/\/i0.wp.com\/sweet-horse.ch\/wp-content\/uploads\/2025\/05\/Digest-support.webp?fit=800%2C800&ssl=1","contentUrl":"https:\/\/i0.wp.com\/sweet-horse.ch\/wp-content\/uploads\/2025\/05\/Digest-support.webp?fit=800%2C800&ssl=1","width":800,"height":800,"caption":"Hilton Herbs \u2013 Digest support 1kg"},{"@type":"BreadcrumbList","@id":"https:\/\/sweet-horse.ch\/de\/produit\/hilton-herbs-digest-support-1kg\/#breadcrumb","itemListElement":[{"@type":"ListItem","position":1,"name":"Startseite","item":"https:\/\/sweet-horse.ch\/de\/startseite\/"},{"@type":"ListItem","position":2,"name":"Shop","item":"https:\/\/sweet-horse.ch\/de\/shop\/"},{"@type":"ListItem","position":3,"name":"Hilton Herbs \u2013 Digest support 1kg"}]},{"@type":"WebSite","@id":"https:\/\/sweet-horse.ch\/de\/#website","url":"https:\/\/sweet-horse.ch\/de\/","name":"Sweet Horse","description":"Naturellement \u00e0 l&#039;\u00e9coute de votre compagnon \u00e9quin","publisher":{"@id":"https:\/\/sweet-horse.ch\/de\/#organization"},"potentialAction":[{"@type":"SearchAction","target":{"@type":"EntryPoint","urlTemplate":"https:\/\/sweet-horse.ch\/de\/?s={search_term_string}"},"query-input":{"@type":"PropertyValueSpecification","valueRequired":true,"valueName":"search_term_string"}}],"inLanguage":"de"},{"@type":"Organization","@id":"https:\/\/sweet-horse.ch\/de\/#organization","name":"Sweet Horse","url":"https:\/\/sweet-horse.ch\/de\/","logo":{"@type":"ImageObject","inLanguage":"de","@id":"https:\/\/sweet-horse.ch\/de\/#\/schema\/logo\/image\/","url":"https:\/\/i0.wp.com\/sweet-horse.ch\/wp-content\/uploads\/2023\/12\/cropped-cropped-sweethorse_RVB-scaled-1.webp?fit=1763%2C1920&ssl=1","contentUrl":"https:\/\/i0.wp.com\/sweet-horse.ch\/wp-content\/uploads\/2023\/12\/cropped-cropped-sweethorse_RVB-scaled-1.webp?fit=1763%2C1920&ssl=1","width":1763,"height":1920,"caption":"Sweet Horse"},"image":{"@id":"https:\/\/sweet-horse.ch\/de\/#\/schema\/logo\/image\/"},"sameAs":["https:\/\/www.instagram.com\/sweet_horse.ch"]}]}},"_links":{"self":[{"href":"https:\/\/sweet-horse.ch\/de\/wp-json\/wp\/v2\/product\/33533","targetHints":{"allow":["GET"]}}],"collection":[{"href":"https:\/\/sweet-horse.ch\/de\/wp-json\/wp\/v2\/product"}],"about":[{"href":"https:\/\/sweet-horse.ch\/de\/wp-json\/wp\/v2\/types\/product"}],"version-history":[{"count":1,"href":"https:\/\/sweet-horse.ch\/de\/wp-json\/wp\/v2\/product\/33533\/revisions"}],"predecessor-version":[{"id":33536,"href":"https:\/\/sweet-horse.ch\/de\/wp-json\/wp\/v2\/product\/33533\/revisions\/33536"}],"wp:featuredmedia":[{"embeddable":true,"href":"https:\/\/sweet-horse.ch\/de\/wp-json\/wp\/v2\/media\/33534"}],"wp:attachment":[{"href":"https:\/\/sweet-horse.ch\/de\/wp-json\/wp\/v2\/media?parent=33533"}],"wp:term":[{"taxonomy":"product_brand","embeddable":true,"href":"https:\/\/sweet-horse.ch\/de\/wp-json\/wp\/v2\/product_brand?post=33533"},{"taxonomy":"product_cat","embeddable":true,"href":"https:\/\/sweet-horse.ch\/de\/wp-json\/wp\/v2\/product_cat?post=33533"},{"taxonomy":"product_tag","embeddable":true,"href":"https:\/\/sweet-horse.ch\/de\/wp-json\/wp\/v2\/product_tag?post=33533"}],"curies":[{"name":"wp","href":"https:\/\/api.w.org\/{rel}","templated":true}]}}