{"id":33558,"date":"2023-12-19T17:58:08","date_gmt":"2023-12-19T16:58:08","guid":{"rendered":"https:\/\/sweet-horse.ch\/produit\/nellumbo-reparatur-kataplasma-200g\/"},"modified":"2025-11-22T09:40:34","modified_gmt":"2025-11-22T08:40:34","slug":"nellumbo-reparatur-kataplasma-200g","status":"publish","type":"product","link":"https:\/\/sweet-horse.ch\/de\/produit\/nellumbo-reparatur-kataplasma-200g\/","title":{"rendered":"Nellumbo \u2013 Reparatur-Kataplasma 200g"},"content":{"rendered":"<p>Das Reparatur-Kataplasma auf Basis von Tonerde und Meerwasser regeneriert schnell und auf gesunde Weise alle Arten von Wunden.<\/p>\n<p>Das von uns verwendete Meerwasser weist eine hohe Konzentration an marinen Mineralien und Spurenelementen auf:<\/p>\n<ul>\n<li>Entspannend und beruhigend<\/li>\n<li>Reduziert Hautentz\u00fcndungen<\/li>\n<li>Stellt ein normales Hautgleichgewicht wieder her<\/li>\n<\/ul>\n<p>Die gr\u00fcne Tonerde, speziell f\u00fcr Pferde entwickelt, bietet zahlreiche Vorteile:<\/p>\n<ul>\n<li>100 % nat\u00fcrlich und nicht faserig (ungef\u00e4hrlich f\u00fcr Ihre Gesundheit und die Ihres Tieres).<\/li>\n<li>Nat\u00fcrlich antiseptisch: starke heilende Wirkung.<\/li>\n<li>Lindert Entz\u00fcndungen durch seine absorbierende Wirkung<\/li>\n<li>F\u00f6rdert die Wundheilung und die Zellregeneration<\/li>\n<li>Beruhigt und reduziert \u00d6deme und Schwellungen<\/li>\n<\/ul>\n<p>Die \u00e4therischen \u00d6le, 100 % rein und nat\u00fcrlich, aus kontrolliert biologischem Anbau und zertifiziert, verleihen unserem Kataplasma folgende Eigenschaften:<\/p>\n<ul>\n<li>Wundheilend<\/li>\n<li>Hygienisierend<\/li>\n<li>Reinigend<\/li>\n<\/ul>\n<p>Ein t\u00e4glicher Verb\u00fcndeter, um die kleinen Verletzungen unserer Equiden effektiv zu behandeln!<\/p>\n<p>Es wird auch eine gro\u00dfe Hilfe bei Insektenstichen (Wespen, Bremsen, Zecken, Fliegen) sein und diese fernhalten.<\/p>\n<p>Sie k\u00f6nnen das Kataplasma belassen, bis es von selbst verschwindet.<\/p>\n<p>Das Reparatur-Kataplasma wurde von Nellumbo konzipiert und formuliert, mit der wertvollen Beratung von Aromatherapeuten und Tier\u00e4rzten sowie deren Forschungs- und Entwicklungsingenieur.<\/p>\n","protected":false},"excerpt":{"rendered":"<p>Nat\u00fcrliche Pflege auf Basis von Tonerde, Rizinus\u00f6l und Meerwasser, die alle Arten von Wunden schnell und auf gesunde Weise regeneriert.<\/p>\n","protected":false},"featured_media":30177,"template":"","meta":{"site-sidebar-layout":"default","site-content-layout":"","ast-site-content-layout":"default","site-content-style":"default","site-sidebar-style":"default","ast-global-header-display":"","ast-banner-title-visibility":"","ast-main-header-display":"","ast-hfb-above-header-display":"","ast-hfb-below-header-display":"","ast-hfb-mobile-header-display":"","site-post-title":"","ast-breadcrumbs-content":"","ast-featured-img":"","footer-sml-layout":"","ast-disable-related-posts":"","theme-transparent-header-meta":"default","adv-header-id-meta":"","stick-header-meta":"default","header-above-stick-meta":"","header-main-stick-meta":"","header-below-stick-meta":"","astra-migrate-meta-layouts":"default","ast-page-background-enabled":"default","ast-page-background-meta":{"desktop":{"background-color":"var(--ast-global-color-4)","background-image":"","background-repeat":"repeat","background-position":"center center","background-size":"auto","background-attachment":"scroll","background-type":"","background-media":"","overlay-type":"","overlay-color":"","overlay-opacity":"","overlay-gradient":""},"tablet":{"background-color":"","background-image":"","background-repeat":"repeat","background-position":"center center","background-size":"auto","background-attachment":"scroll","background-type":"","background-media":"","overlay-type":"","overlay-color":"","overlay-opacity":"","overlay-gradient":""},"mobile":{"background-color":"","background-image":"","background-repeat":"repeat","background-position":"center center","background-size":"auto","background-attachment":"scroll","background-type":"","background-media":"","overlay-type":"","overlay-color":"","overlay-opacity":"","overlay-gradient":""}},"ast-content-background-meta":{"desktop":{"background-color":"var(--ast-global-color-5)","background-image":"","background-repeat":"repeat","background-position":"center center","background-size":"auto","background-attachment":"scroll","background-type":"","background-media":"","overlay-type":"","overlay-color":"","overlay-opacity":"","overlay-gradient":""},"tablet":{"background-color":"var(--ast-global-color-5)","background-image":"","background-repeat":"repeat","background-position":"center center","background-size":"auto","background-attachment":"scroll","background-type":"","background-media":"","overlay-type":"","overlay-color":"","overlay-opacity":"","overlay-gradient":""},"mobile":{"background-color":"var(--ast-global-color-5)","background-image":"","background-repeat":"repeat","background-position":"center center","background-size":"auto","background-attachment":"scroll","background-type":"","background-media":"","overlay-type":"","overlay-color":"","overlay-opacity":"","overlay-gradient":""}}},"product_brand":[],"product_cat":[122,120,117],"product_tag":[],"class_list":{"0":"post-33558","1":"product","2":"type-product","3":"status-publish","4":"has-post-thumbnail","6":"product_cat-haut-haare","7":"product_cat-nellumbo","8":"product_cat-pflege","9":"desktop-align-left","10":"tablet-align-left","11":"mobile-align-left","12":"ast-product-gallery-layout-first-image-large","13":"ast-product-gallery-with-no-image","14":"ast-product-tabs-layout-horizontal","16":"first","17":"instock","18":"purchasable","19":"product-type-simple"},"yoast_head":"<!-- This site is optimized with the Yoast SEO plugin v27.3 - https:\/\/yoast.com\/product\/yoast-seo-wordpress\/ -->\n<title>Nellumbo \u2013 Reparatur-Kataplasma 200g - Sweet Horse<\/title>\n<meta name=\"description\" content=\"Das Reparatur-Kataplasma auf Basis von gr\u00fcner Tonerde und Meerwasser regeneriert schnell und auf gesunde Weise alle Arten von Wunden des Pferdes.\" \/>\n<meta name=\"robots\" content=\"index, follow, max-snippet:-1, max-image-preview:large, max-video-preview:-1\" \/>\n<link rel=\"canonical\" href=\"https:\/\/sweet-horse.ch\/de\/produit\/nellumbo-reparatur-kataplasma-200g\/\" \/>\n<meta property=\"og:locale\" content=\"de_DE\" \/>\n<meta property=\"og:type\" content=\"article\" \/>\n<meta property=\"og:title\" content=\"Nellumbo \u2013 Reparatur-Kataplasma 200g - Sweet Horse\" \/>\n<meta property=\"og:description\" content=\"Das Reparatur-Kataplasma auf Basis von gr\u00fcner Tonerde und Meerwasser regeneriert schnell und auf gesunde Weise alle Arten von Wunden des Pferdes.\" \/>\n<meta property=\"og:url\" content=\"https:\/\/sweet-horse.ch\/de\/produit\/nellumbo-reparatur-kataplasma-200g\/\" \/>\n<meta property=\"og:site_name\" content=\"Sweet Horse\" \/>\n<meta property=\"article:modified_time\" content=\"2025-11-22T08:40:34+00:00\" \/>\n<meta property=\"og:image\" content=\"https:\/\/i0.wp.com\/sweet-horse.ch\/wp-content\/uploads\/2024\/01\/Nellumbo-Cataplasme.webp?fit=600%2C600&ssl=1\" \/>\n\t<meta property=\"og:image:width\" content=\"600\" \/>\n\t<meta property=\"og:image:height\" content=\"600\" \/>\n\t<meta property=\"og:image:type\" content=\"image\/webp\" \/>\n<meta name=\"twitter:card\" content=\"summary_large_image\" \/>\n<meta name=\"twitter:label1\" content=\"Gesch\u00e4tzte Lesezeit\" \/>\n\t<meta name=\"twitter:data1\" content=\"1\u00a0Minute\" \/>\n<script type=\"application\/ld+json\" class=\"yoast-schema-graph\">{\"@context\":\"https:\\\/\\\/schema.org\",\"@graph\":[{\"@type\":\"WebPage\",\"@id\":\"https:\\\/\\\/sweet-horse.ch\\\/de\\\/produit\\\/nellumbo-reparatur-kataplasma-200g\\\/\",\"url\":\"https:\\\/\\\/sweet-horse.ch\\\/de\\\/produit\\\/nellumbo-reparatur-kataplasma-200g\\\/\",\"name\":\"Nellumbo \u2013 Reparatur-Kataplasma 200g - Sweet Horse\",\"isPartOf\":{\"@id\":\"https:\\\/\\\/sweet-horse.ch\\\/de\\\/#website\"},\"primaryImageOfPage\":{\"@id\":\"https:\\\/\\\/sweet-horse.ch\\\/de\\\/produit\\\/nellumbo-reparatur-kataplasma-200g\\\/#primaryimage\"},\"image\":{\"@id\":\"https:\\\/\\\/sweet-horse.ch\\\/de\\\/produit\\\/nellumbo-reparatur-kataplasma-200g\\\/#primaryimage\"},\"thumbnailUrl\":\"https:\\\/\\\/i0.wp.com\\\/sweet-horse.ch\\\/wp-content\\\/uploads\\\/2024\\\/01\\\/Nellumbo-Cataplasme.webp?fit=600%2C600&ssl=1\",\"datePublished\":\"2023-12-19T16:58:08+00:00\",\"dateModified\":\"2025-11-22T08:40:34+00:00\",\"description\":\"Das Reparatur-Kataplasma auf Basis von gr\u00fcner Tonerde und Meerwasser regeneriert schnell und auf gesunde Weise alle Arten von Wunden des Pferdes.\",\"breadcrumb\":{\"@id\":\"https:\\\/\\\/sweet-horse.ch\\\/de\\\/produit\\\/nellumbo-reparatur-kataplasma-200g\\\/#breadcrumb\"},\"inLanguage\":\"de\",\"potentialAction\":[{\"@type\":\"ReadAction\",\"target\":[\"https:\\\/\\\/sweet-horse.ch\\\/de\\\/produit\\\/nellumbo-reparatur-kataplasma-200g\\\/\"]}]},{\"@type\":\"ImageObject\",\"inLanguage\":\"de\",\"@id\":\"https:\\\/\\\/sweet-horse.ch\\\/de\\\/produit\\\/nellumbo-reparatur-kataplasma-200g\\\/#primaryimage\",\"url\":\"https:\\\/\\\/i0.wp.com\\\/sweet-horse.ch\\\/wp-content\\\/uploads\\\/2024\\\/01\\\/Nellumbo-Cataplasme.webp?fit=600%2C600&ssl=1\",\"contentUrl\":\"https:\\\/\\\/i0.wp.com\\\/sweet-horse.ch\\\/wp-content\\\/uploads\\\/2024\\\/01\\\/Nellumbo-Cataplasme.webp?fit=600%2C600&ssl=1\",\"width\":600,\"height\":600,\"caption\":\"Nellumbo \u2013 Reparatur-Kataplasma 200g\"},{\"@type\":\"BreadcrumbList\",\"@id\":\"https:\\\/\\\/sweet-horse.ch\\\/de\\\/produit\\\/nellumbo-reparatur-kataplasma-200g\\\/#breadcrumb\",\"itemListElement\":[{\"@type\":\"ListItem\",\"position\":1,\"name\":\"Startseite\",\"item\":\"https:\\\/\\\/sweet-horse.ch\\\/de\\\/startseite\\\/\"},{\"@type\":\"ListItem\",\"position\":2,\"name\":\"Shop\",\"item\":\"https:\\\/\\\/sweet-horse.ch\\\/de\\\/shop\\\/\"},{\"@type\":\"ListItem\",\"position\":3,\"name\":\"Nellumbo \u2013 Reparatur-Kataplasma 200g\"}]},{\"@type\":\"WebSite\",\"@id\":\"https:\\\/\\\/sweet-horse.ch\\\/de\\\/#website\",\"url\":\"https:\\\/\\\/sweet-horse.ch\\\/de\\\/\",\"name\":\"Sweet Horse\",\"description\":\"Naturellement \u00e0 l&#039;\u00e9coute de votre compagnon \u00e9quin\",\"publisher\":{\"@id\":\"https:\\\/\\\/sweet-horse.ch\\\/de\\\/#organization\"},\"potentialAction\":[{\"@type\":\"SearchAction\",\"target\":{\"@type\":\"EntryPoint\",\"urlTemplate\":\"https:\\\/\\\/sweet-horse.ch\\\/de\\\/?s={search_term_string}\"},\"query-input\":{\"@type\":\"PropertyValueSpecification\",\"valueRequired\":true,\"valueName\":\"search_term_string\"}}],\"inLanguage\":\"de\"},{\"@type\":\"Organization\",\"@id\":\"https:\\\/\\\/sweet-horse.ch\\\/de\\\/#organization\",\"name\":\"Sweet Horse\",\"url\":\"https:\\\/\\\/sweet-horse.ch\\\/de\\\/\",\"logo\":{\"@type\":\"ImageObject\",\"inLanguage\":\"de\",\"@id\":\"https:\\\/\\\/sweet-horse.ch\\\/de\\\/#\\\/schema\\\/logo\\\/image\\\/\",\"url\":\"https:\\\/\\\/i0.wp.com\\\/sweet-horse.ch\\\/wp-content\\\/uploads\\\/2023\\\/12\\\/cropped-cropped-sweethorse_RVB-scaled-1.webp?fit=1763%2C1920&ssl=1\",\"contentUrl\":\"https:\\\/\\\/i0.wp.com\\\/sweet-horse.ch\\\/wp-content\\\/uploads\\\/2023\\\/12\\\/cropped-cropped-sweethorse_RVB-scaled-1.webp?fit=1763%2C1920&ssl=1\",\"width\":1763,\"height\":1920,\"caption\":\"Sweet Horse\"},\"image\":{\"@id\":\"https:\\\/\\\/sweet-horse.ch\\\/de\\\/#\\\/schema\\\/logo\\\/image\\\/\"},\"sameAs\":[\"https:\\\/\\\/www.instagram.com\\\/sweet_horse.ch\"]}]}<\/script>\n<!-- \/ Yoast SEO plugin. -->","yoast_head_json":{"title":"Nellumbo \u2013 Reparatur-Kataplasma 200g - Sweet Horse","description":"Das Reparatur-Kataplasma auf Basis von gr\u00fcner Tonerde und Meerwasser regeneriert schnell und auf gesunde Weise alle Arten von Wunden des Pferdes.","robots":{"index":"index","follow":"follow","max-snippet":"max-snippet:-1","max-image-preview":"max-image-preview:large","max-video-preview":"max-video-preview:-1"},"canonical":"https:\/\/sweet-horse.ch\/de\/produit\/nellumbo-reparatur-kataplasma-200g\/","og_locale":"de_DE","og_type":"article","og_title":"Nellumbo \u2013 Reparatur-Kataplasma 200g - Sweet Horse","og_description":"Das Reparatur-Kataplasma auf Basis von gr\u00fcner Tonerde und Meerwasser regeneriert schnell und auf gesunde Weise alle Arten von Wunden des Pferdes.","og_url":"https:\/\/sweet-horse.ch\/de\/produit\/nellumbo-reparatur-kataplasma-200g\/","og_site_name":"Sweet Horse","article_modified_time":"2025-11-22T08:40:34+00:00","og_image":[{"width":600,"height":600,"url":"https:\/\/i0.wp.com\/sweet-horse.ch\/wp-content\/uploads\/2024\/01\/Nellumbo-Cataplasme.webp?fit=600%2C600&ssl=1","type":"image\/webp"}],"twitter_card":"summary_large_image","twitter_misc":{"Gesch\u00e4tzte Lesezeit":"1\u00a0Minute"},"schema":{"@context":"https:\/\/schema.org","@graph":[{"@type":"WebPage","@id":"https:\/\/sweet-horse.ch\/de\/produit\/nellumbo-reparatur-kataplasma-200g\/","url":"https:\/\/sweet-horse.ch\/de\/produit\/nellumbo-reparatur-kataplasma-200g\/","name":"Nellumbo \u2013 Reparatur-Kataplasma 200g - Sweet Horse","isPartOf":{"@id":"https:\/\/sweet-horse.ch\/de\/#website"},"primaryImageOfPage":{"@id":"https:\/\/sweet-horse.ch\/de\/produit\/nellumbo-reparatur-kataplasma-200g\/#primaryimage"},"image":{"@id":"https:\/\/sweet-horse.ch\/de\/produit\/nellumbo-reparatur-kataplasma-200g\/#primaryimage"},"thumbnailUrl":"https:\/\/i0.wp.com\/sweet-horse.ch\/wp-content\/uploads\/2024\/01\/Nellumbo-Cataplasme.webp?fit=600%2C600&ssl=1","datePublished":"2023-12-19T16:58:08+00:00","dateModified":"2025-11-22T08:40:34+00:00","description":"Das Reparatur-Kataplasma auf Basis von gr\u00fcner Tonerde und Meerwasser regeneriert schnell und auf gesunde Weise alle Arten von Wunden des Pferdes.","breadcrumb":{"@id":"https:\/\/sweet-horse.ch\/de\/produit\/nellumbo-reparatur-kataplasma-200g\/#breadcrumb"},"inLanguage":"de","potentialAction":[{"@type":"ReadAction","target":["https:\/\/sweet-horse.ch\/de\/produit\/nellumbo-reparatur-kataplasma-200g\/"]}]},{"@type":"ImageObject","inLanguage":"de","@id":"https:\/\/sweet-horse.ch\/de\/produit\/nellumbo-reparatur-kataplasma-200g\/#primaryimage","url":"https:\/\/i0.wp.com\/sweet-horse.ch\/wp-content\/uploads\/2024\/01\/Nellumbo-Cataplasme.webp?fit=600%2C600&ssl=1","contentUrl":"https:\/\/i0.wp.com\/sweet-horse.ch\/wp-content\/uploads\/2024\/01\/Nellumbo-Cataplasme.webp?fit=600%2C600&ssl=1","width":600,"height":600,"caption":"Nellumbo \u2013 Reparatur-Kataplasma 200g"},{"@type":"BreadcrumbList","@id":"https:\/\/sweet-horse.ch\/de\/produit\/nellumbo-reparatur-kataplasma-200g\/#breadcrumb","itemListElement":[{"@type":"ListItem","position":1,"name":"Startseite","item":"https:\/\/sweet-horse.ch\/de\/startseite\/"},{"@type":"ListItem","position":2,"name":"Shop","item":"https:\/\/sweet-horse.ch\/de\/shop\/"},{"@type":"ListItem","position":3,"name":"Nellumbo \u2013 Reparatur-Kataplasma 200g"}]},{"@type":"WebSite","@id":"https:\/\/sweet-horse.ch\/de\/#website","url":"https:\/\/sweet-horse.ch\/de\/","name":"Sweet Horse","description":"Naturellement \u00e0 l&#039;\u00e9coute de votre compagnon \u00e9quin","publisher":{"@id":"https:\/\/sweet-horse.ch\/de\/#organization"},"potentialAction":[{"@type":"SearchAction","target":{"@type":"EntryPoint","urlTemplate":"https:\/\/sweet-horse.ch\/de\/?s={search_term_string}"},"query-input":{"@type":"PropertyValueSpecification","valueRequired":true,"valueName":"search_term_string"}}],"inLanguage":"de"},{"@type":"Organization","@id":"https:\/\/sweet-horse.ch\/de\/#organization","name":"Sweet Horse","url":"https:\/\/sweet-horse.ch\/de\/","logo":{"@type":"ImageObject","inLanguage":"de","@id":"https:\/\/sweet-horse.ch\/de\/#\/schema\/logo\/image\/","url":"https:\/\/i0.wp.com\/sweet-horse.ch\/wp-content\/uploads\/2023\/12\/cropped-cropped-sweethorse_RVB-scaled-1.webp?fit=1763%2C1920&ssl=1","contentUrl":"https:\/\/i0.wp.com\/sweet-horse.ch\/wp-content\/uploads\/2023\/12\/cropped-cropped-sweethorse_RVB-scaled-1.webp?fit=1763%2C1920&ssl=1","width":1763,"height":1920,"caption":"Sweet Horse"},"image":{"@id":"https:\/\/sweet-horse.ch\/de\/#\/schema\/logo\/image\/"},"sameAs":["https:\/\/www.instagram.com\/sweet_horse.ch"]}]}},"_links":{"self":[{"href":"https:\/\/sweet-horse.ch\/de\/wp-json\/wp\/v2\/product\/33558","targetHints":{"allow":["GET"]}}],"collection":[{"href":"https:\/\/sweet-horse.ch\/de\/wp-json\/wp\/v2\/product"}],"about":[{"href":"https:\/\/sweet-horse.ch\/de\/wp-json\/wp\/v2\/types\/product"}],"version-history":[{"count":1,"href":"https:\/\/sweet-horse.ch\/de\/wp-json\/wp\/v2\/product\/33558\/revisions"}],"predecessor-version":[{"id":33561,"href":"https:\/\/sweet-horse.ch\/de\/wp-json\/wp\/v2\/product\/33558\/revisions\/33561"}],"wp:featuredmedia":[{"embeddable":true,"href":"https:\/\/sweet-horse.ch\/de\/wp-json\/wp\/v2\/media\/30177"}],"wp:attachment":[{"href":"https:\/\/sweet-horse.ch\/de\/wp-json\/wp\/v2\/media?parent=33558"}],"wp:term":[{"taxonomy":"product_brand","embeddable":true,"href":"https:\/\/sweet-horse.ch\/de\/wp-json\/wp\/v2\/product_brand?post=33558"},{"taxonomy":"product_cat","embeddable":true,"href":"https:\/\/sweet-horse.ch\/de\/wp-json\/wp\/v2\/product_cat?post=33558"},{"taxonomy":"product_tag","embeddable":true,"href":"https:\/\/sweet-horse.ch\/de\/wp-json\/wp\/v2\/product_tag?post=33558"}],"curies":[{"name":"wp","href":"https:\/\/api.w.org\/{rel}","templated":true}]}}