{"id":33564,"date":"2023-12-19T17:46:45","date_gmt":"2023-12-19T16:46:45","guid":{"rendered":"https:\/\/sweet-horse.ch\/produit\/nellumbo-schutz-und-feuchtigkeitsbalsam-150ml\/"},"modified":"2025-11-22T09:41:39","modified_gmt":"2025-11-22T08:41:39","slug":"nellumbo-schutz-und-feuchtigkeitsbalsam-150ml","status":"publish","type":"product","link":"https:\/\/sweet-horse.ch\/de\/produit\/nellumbo-schutz-und-feuchtigkeitsbalsam-150ml\/","title":{"rendered":"Nellumbo \u2013 Schutz- und Feuchtigkeitsbalsam 150ml"},"content":{"rendered":"<p>Der Schutz- und Feuchtigkeitsbalsam wird Sommer wie Winter Ihr t\u00e4glicher Verb\u00fcndeter sein, um die Haut Ihres Pferdes effektiv zu sch\u00fctzen und mit Feuchtigkeit zu versorgen, insbesondere vor UV-Strahlung.<\/p>\n<p>Die von uns verwendeten Rohstoffe, wie Sheabutter, Kokos\u00f6l oder Rizinus\u00f6l, bieten optimale Feuchtigkeit und Schutz vor \u00e4u\u00dferen Einfl\u00fcssen. Zinkoxid ist ein nat\u00fcrliches antibakterielles Mittel und wirkt zudem als sch\u00fctzender UV-Filter. <\/p>\n<p>Unser Schutz- und Feuchtigkeitsbalsam ist wirksam gegen Mauke, sch\u00fctzt die Maulwinkel, spendet der Haut nach einer verheilten Verletzung Feuchtigkeit und sch\u00fctzt auch Pferde mit empfindlicher Haut (rosafarbene Haut) vor UV-Strahlung.<\/p>\n<p>Der Schutz- und Feuchtigkeitsbalsam wurde von Nellumbo entwickelt und formuliert, mit der wertvollen Beratung von Aromatherapeuten und Tier\u00e4rzten sowie deren Forschungs- und Entwicklungsingenieur.<\/p>\n","protected":false},"excerpt":{"rendered":"<p>Nat\u00fcrlicher Balsam auf Basis von Rizinus\u00f6l, Kokos\u00f6l und Sheabutter, der die Epidermis sch\u00fctzt und desinfiziert, geschmeidig macht und n\u00e4hrt.<\/p>\n","protected":false},"featured_media":30176,"template":"","meta":{"site-sidebar-layout":"default","site-content-layout":"","ast-site-content-layout":"default","site-content-style":"default","site-sidebar-style":"default","ast-global-header-display":"","ast-banner-title-visibility":"","ast-main-header-display":"","ast-hfb-above-header-display":"","ast-hfb-below-header-display":"","ast-hfb-mobile-header-display":"","site-post-title":"","ast-breadcrumbs-content":"","ast-featured-img":"","footer-sml-layout":"","ast-disable-related-posts":"","theme-transparent-header-meta":"default","adv-header-id-meta":"","stick-header-meta":"default","header-above-stick-meta":"","header-main-stick-meta":"","header-below-stick-meta":"","astra-migrate-meta-layouts":"default","ast-page-background-enabled":"default","ast-page-background-meta":{"desktop":{"background-color":"var(--ast-global-color-4)","background-image":"","background-repeat":"repeat","background-position":"center center","background-size":"auto","background-attachment":"scroll","background-type":"","background-media":"","overlay-type":"","overlay-color":"","overlay-opacity":"","overlay-gradient":""},"tablet":{"background-color":"","background-image":"","background-repeat":"repeat","background-position":"center center","background-size":"auto","background-attachment":"scroll","background-type":"","background-media":"","overlay-type":"","overlay-color":"","overlay-opacity":"","overlay-gradient":""},"mobile":{"background-color":"","background-image":"","background-repeat":"repeat","background-position":"center center","background-size":"auto","background-attachment":"scroll","background-type":"","background-media":"","overlay-type":"","overlay-color":"","overlay-opacity":"","overlay-gradient":""}},"ast-content-background-meta":{"desktop":{"background-color":"var(--ast-global-color-5)","background-image":"","background-repeat":"repeat","background-position":"center center","background-size":"auto","background-attachment":"scroll","background-type":"","background-media":"","overlay-type":"","overlay-color":"","overlay-opacity":"","overlay-gradient":""},"tablet":{"background-color":"var(--ast-global-color-5)","background-image":"","background-repeat":"repeat","background-position":"center center","background-size":"auto","background-attachment":"scroll","background-type":"","background-media":"","overlay-type":"","overlay-color":"","overlay-opacity":"","overlay-gradient":""},"mobile":{"background-color":"var(--ast-global-color-5)","background-image":"","background-repeat":"repeat","background-position":"center center","background-size":"auto","background-attachment":"scroll","background-type":"","background-media":"","overlay-type":"","overlay-color":"","overlay-opacity":"","overlay-gradient":""}}},"product_brand":[81],"product_cat":[122,120,117],"product_tag":[],"class_list":{"0":"post-33564","1":"product","2":"type-product","3":"status-publish","4":"has-post-thumbnail","6":"product_brand-nellumbo","7":"product_cat-haut-haare","8":"product_cat-nellumbo","9":"product_cat-pflege","10":"desktop-align-left","11":"tablet-align-left","12":"mobile-align-left","13":"ast-product-gallery-layout-first-image-large","14":"ast-product-gallery-with-no-image","15":"ast-product-tabs-layout-horizontal","17":"first","18":"instock","19":"purchasable","20":"product-type-simple"},"yoast_head":"<!-- This site is optimized with the Yoast SEO plugin v27.3 - https:\/\/yoast.com\/product\/yoast-seo-wordpress\/ -->\n<title>Nellumbo - Schutz- und Feuchtigkeitsbalsam 150ml - Sweet Horse<\/title>\n<meta name=\"description\" content=\"Der Schutz- und Feuchtigkeitsbalsam wird Sommer wie Winter Ihr t\u00e4glicher Verb\u00fcndeter sein, um die Haut Ihres Pferdes zu sch\u00fctzen und mit Feuchtigkeit zu versorgen.\" \/>\n<meta name=\"robots\" content=\"index, follow, max-snippet:-1, max-image-preview:large, max-video-preview:-1\" \/>\n<link rel=\"canonical\" href=\"https:\/\/sweet-horse.ch\/de\/produit\/nellumbo-schutz-und-feuchtigkeitsbalsam-150ml\/\" \/>\n<meta property=\"og:locale\" content=\"de_DE\" \/>\n<meta property=\"og:type\" content=\"article\" \/>\n<meta property=\"og:title\" content=\"Nellumbo - Schutz- und Feuchtigkeitsbalsam 150ml - Sweet Horse\" \/>\n<meta property=\"og:description\" content=\"Der Schutz- und Feuchtigkeitsbalsam wird Sommer wie Winter Ihr t\u00e4glicher Verb\u00fcndeter sein, um die Haut Ihres Pferdes zu sch\u00fctzen und mit Feuchtigkeit zu versorgen.\" \/>\n<meta property=\"og:url\" content=\"https:\/\/sweet-horse.ch\/de\/produit\/nellumbo-schutz-und-feuchtigkeitsbalsam-150ml\/\" \/>\n<meta property=\"og:site_name\" content=\"Sweet Horse\" \/>\n<meta property=\"article:modified_time\" content=\"2025-11-22T08:41:39+00:00\" \/>\n<meta property=\"og:image\" content=\"https:\/\/i0.wp.com\/sweet-horse.ch\/wp-content\/uploads\/2024\/01\/Nellumbo-Baume-protecteur.webp?fit=600%2C600&ssl=1\" \/>\n\t<meta property=\"og:image:width\" content=\"600\" \/>\n\t<meta property=\"og:image:height\" content=\"600\" \/>\n\t<meta property=\"og:image:type\" content=\"image\/webp\" \/>\n<meta name=\"twitter:card\" content=\"summary_large_image\" \/>\n<meta name=\"twitter:label1\" content=\"Gesch\u00e4tzte Lesezeit\" \/>\n\t<meta name=\"twitter:data1\" content=\"1\u00a0Minute\" \/>\n<script type=\"application\/ld+json\" class=\"yoast-schema-graph\">{\"@context\":\"https:\\\/\\\/schema.org\",\"@graph\":[{\"@type\":\"WebPage\",\"@id\":\"https:\\\/\\\/sweet-horse.ch\\\/de\\\/produit\\\/nellumbo-schutz-und-feuchtigkeitsbalsam-150ml\\\/\",\"url\":\"https:\\\/\\\/sweet-horse.ch\\\/de\\\/produit\\\/nellumbo-schutz-und-feuchtigkeitsbalsam-150ml\\\/\",\"name\":\"Nellumbo - Schutz- und Feuchtigkeitsbalsam 150ml - Sweet Horse\",\"isPartOf\":{\"@id\":\"https:\\\/\\\/sweet-horse.ch\\\/de\\\/#website\"},\"primaryImageOfPage\":{\"@id\":\"https:\\\/\\\/sweet-horse.ch\\\/de\\\/produit\\\/nellumbo-schutz-und-feuchtigkeitsbalsam-150ml\\\/#primaryimage\"},\"image\":{\"@id\":\"https:\\\/\\\/sweet-horse.ch\\\/de\\\/produit\\\/nellumbo-schutz-und-feuchtigkeitsbalsam-150ml\\\/#primaryimage\"},\"thumbnailUrl\":\"https:\\\/\\\/i0.wp.com\\\/sweet-horse.ch\\\/wp-content\\\/uploads\\\/2024\\\/01\\\/Nellumbo-Baume-protecteur.webp?fit=600%2C600&ssl=1\",\"datePublished\":\"2023-12-19T16:46:45+00:00\",\"dateModified\":\"2025-11-22T08:41:39+00:00\",\"description\":\"Der Schutz- und Feuchtigkeitsbalsam wird Sommer wie Winter Ihr t\u00e4glicher Verb\u00fcndeter sein, um die Haut Ihres Pferdes zu sch\u00fctzen und mit Feuchtigkeit zu versorgen.\",\"breadcrumb\":{\"@id\":\"https:\\\/\\\/sweet-horse.ch\\\/de\\\/produit\\\/nellumbo-schutz-und-feuchtigkeitsbalsam-150ml\\\/#breadcrumb\"},\"inLanguage\":\"de\",\"potentialAction\":[{\"@type\":\"ReadAction\",\"target\":[\"https:\\\/\\\/sweet-horse.ch\\\/de\\\/produit\\\/nellumbo-schutz-und-feuchtigkeitsbalsam-150ml\\\/\"]}]},{\"@type\":\"ImageObject\",\"inLanguage\":\"de\",\"@id\":\"https:\\\/\\\/sweet-horse.ch\\\/de\\\/produit\\\/nellumbo-schutz-und-feuchtigkeitsbalsam-150ml\\\/#primaryimage\",\"url\":\"https:\\\/\\\/i0.wp.com\\\/sweet-horse.ch\\\/wp-content\\\/uploads\\\/2024\\\/01\\\/Nellumbo-Baume-protecteur.webp?fit=600%2C600&ssl=1\",\"contentUrl\":\"https:\\\/\\\/i0.wp.com\\\/sweet-horse.ch\\\/wp-content\\\/uploads\\\/2024\\\/01\\\/Nellumbo-Baume-protecteur.webp?fit=600%2C600&ssl=1\",\"width\":600,\"height\":600,\"caption\":\"Nellumbo \u2013 Schutz- und Feuchtigkeitsbalsam 150ml\"},{\"@type\":\"BreadcrumbList\",\"@id\":\"https:\\\/\\\/sweet-horse.ch\\\/de\\\/produit\\\/nellumbo-schutz-und-feuchtigkeitsbalsam-150ml\\\/#breadcrumb\",\"itemListElement\":[{\"@type\":\"ListItem\",\"position\":1,\"name\":\"Startseite\",\"item\":\"https:\\\/\\\/sweet-horse.ch\\\/de\\\/startseite\\\/\"},{\"@type\":\"ListItem\",\"position\":2,\"name\":\"Shop\",\"item\":\"https:\\\/\\\/sweet-horse.ch\\\/de\\\/shop\\\/\"},{\"@type\":\"ListItem\",\"position\":3,\"name\":\"Nellumbo \u2013 Schutz- und Feuchtigkeitsbalsam 150ml\"}]},{\"@type\":\"WebSite\",\"@id\":\"https:\\\/\\\/sweet-horse.ch\\\/de\\\/#website\",\"url\":\"https:\\\/\\\/sweet-horse.ch\\\/de\\\/\",\"name\":\"Sweet Horse\",\"description\":\"Naturellement \u00e0 l&#039;\u00e9coute de votre compagnon \u00e9quin\",\"publisher\":{\"@id\":\"https:\\\/\\\/sweet-horse.ch\\\/de\\\/#organization\"},\"potentialAction\":[{\"@type\":\"SearchAction\",\"target\":{\"@type\":\"EntryPoint\",\"urlTemplate\":\"https:\\\/\\\/sweet-horse.ch\\\/de\\\/?s={search_term_string}\"},\"query-input\":{\"@type\":\"PropertyValueSpecification\",\"valueRequired\":true,\"valueName\":\"search_term_string\"}}],\"inLanguage\":\"de\"},{\"@type\":\"Organization\",\"@id\":\"https:\\\/\\\/sweet-horse.ch\\\/de\\\/#organization\",\"name\":\"Sweet Horse\",\"url\":\"https:\\\/\\\/sweet-horse.ch\\\/de\\\/\",\"logo\":{\"@type\":\"ImageObject\",\"inLanguage\":\"de\",\"@id\":\"https:\\\/\\\/sweet-horse.ch\\\/de\\\/#\\\/schema\\\/logo\\\/image\\\/\",\"url\":\"https:\\\/\\\/i0.wp.com\\\/sweet-horse.ch\\\/wp-content\\\/uploads\\\/2023\\\/12\\\/cropped-cropped-sweethorse_RVB-scaled-1.webp?fit=1763%2C1920&ssl=1\",\"contentUrl\":\"https:\\\/\\\/i0.wp.com\\\/sweet-horse.ch\\\/wp-content\\\/uploads\\\/2023\\\/12\\\/cropped-cropped-sweethorse_RVB-scaled-1.webp?fit=1763%2C1920&ssl=1\",\"width\":1763,\"height\":1920,\"caption\":\"Sweet Horse\"},\"image\":{\"@id\":\"https:\\\/\\\/sweet-horse.ch\\\/de\\\/#\\\/schema\\\/logo\\\/image\\\/\"},\"sameAs\":[\"https:\\\/\\\/www.instagram.com\\\/sweet_horse.ch\"]}]}<\/script>\n<!-- \/ Yoast SEO plugin. -->","yoast_head_json":{"title":"Nellumbo - Schutz- und Feuchtigkeitsbalsam 150ml - Sweet Horse","description":"Der Schutz- und Feuchtigkeitsbalsam wird Sommer wie Winter Ihr t\u00e4glicher Verb\u00fcndeter sein, um die Haut Ihres Pferdes zu sch\u00fctzen und mit Feuchtigkeit zu versorgen.","robots":{"index":"index","follow":"follow","max-snippet":"max-snippet:-1","max-image-preview":"max-image-preview:large","max-video-preview":"max-video-preview:-1"},"canonical":"https:\/\/sweet-horse.ch\/de\/produit\/nellumbo-schutz-und-feuchtigkeitsbalsam-150ml\/","og_locale":"de_DE","og_type":"article","og_title":"Nellumbo - Schutz- und Feuchtigkeitsbalsam 150ml - Sweet Horse","og_description":"Der Schutz- und Feuchtigkeitsbalsam wird Sommer wie Winter Ihr t\u00e4glicher Verb\u00fcndeter sein, um die Haut Ihres Pferdes zu sch\u00fctzen und mit Feuchtigkeit zu versorgen.","og_url":"https:\/\/sweet-horse.ch\/de\/produit\/nellumbo-schutz-und-feuchtigkeitsbalsam-150ml\/","og_site_name":"Sweet Horse","article_modified_time":"2025-11-22T08:41:39+00:00","og_image":[{"width":600,"height":600,"url":"https:\/\/i0.wp.com\/sweet-horse.ch\/wp-content\/uploads\/2024\/01\/Nellumbo-Baume-protecteur.webp?fit=600%2C600&ssl=1","type":"image\/webp"}],"twitter_card":"summary_large_image","twitter_misc":{"Gesch\u00e4tzte Lesezeit":"1\u00a0Minute"},"schema":{"@context":"https:\/\/schema.org","@graph":[{"@type":"WebPage","@id":"https:\/\/sweet-horse.ch\/de\/produit\/nellumbo-schutz-und-feuchtigkeitsbalsam-150ml\/","url":"https:\/\/sweet-horse.ch\/de\/produit\/nellumbo-schutz-und-feuchtigkeitsbalsam-150ml\/","name":"Nellumbo - Schutz- und Feuchtigkeitsbalsam 150ml - Sweet Horse","isPartOf":{"@id":"https:\/\/sweet-horse.ch\/de\/#website"},"primaryImageOfPage":{"@id":"https:\/\/sweet-horse.ch\/de\/produit\/nellumbo-schutz-und-feuchtigkeitsbalsam-150ml\/#primaryimage"},"image":{"@id":"https:\/\/sweet-horse.ch\/de\/produit\/nellumbo-schutz-und-feuchtigkeitsbalsam-150ml\/#primaryimage"},"thumbnailUrl":"https:\/\/i0.wp.com\/sweet-horse.ch\/wp-content\/uploads\/2024\/01\/Nellumbo-Baume-protecteur.webp?fit=600%2C600&ssl=1","datePublished":"2023-12-19T16:46:45+00:00","dateModified":"2025-11-22T08:41:39+00:00","description":"Der Schutz- und Feuchtigkeitsbalsam wird Sommer wie Winter Ihr t\u00e4glicher Verb\u00fcndeter sein, um die Haut Ihres Pferdes zu sch\u00fctzen und mit Feuchtigkeit zu versorgen.","breadcrumb":{"@id":"https:\/\/sweet-horse.ch\/de\/produit\/nellumbo-schutz-und-feuchtigkeitsbalsam-150ml\/#breadcrumb"},"inLanguage":"de","potentialAction":[{"@type":"ReadAction","target":["https:\/\/sweet-horse.ch\/de\/produit\/nellumbo-schutz-und-feuchtigkeitsbalsam-150ml\/"]}]},{"@type":"ImageObject","inLanguage":"de","@id":"https:\/\/sweet-horse.ch\/de\/produit\/nellumbo-schutz-und-feuchtigkeitsbalsam-150ml\/#primaryimage","url":"https:\/\/i0.wp.com\/sweet-horse.ch\/wp-content\/uploads\/2024\/01\/Nellumbo-Baume-protecteur.webp?fit=600%2C600&ssl=1","contentUrl":"https:\/\/i0.wp.com\/sweet-horse.ch\/wp-content\/uploads\/2024\/01\/Nellumbo-Baume-protecteur.webp?fit=600%2C600&ssl=1","width":600,"height":600,"caption":"Nellumbo \u2013 Schutz- und Feuchtigkeitsbalsam 150ml"},{"@type":"BreadcrumbList","@id":"https:\/\/sweet-horse.ch\/de\/produit\/nellumbo-schutz-und-feuchtigkeitsbalsam-150ml\/#breadcrumb","itemListElement":[{"@type":"ListItem","position":1,"name":"Startseite","item":"https:\/\/sweet-horse.ch\/de\/startseite\/"},{"@type":"ListItem","position":2,"name":"Shop","item":"https:\/\/sweet-horse.ch\/de\/shop\/"},{"@type":"ListItem","position":3,"name":"Nellumbo \u2013 Schutz- und Feuchtigkeitsbalsam 150ml"}]},{"@type":"WebSite","@id":"https:\/\/sweet-horse.ch\/de\/#website","url":"https:\/\/sweet-horse.ch\/de\/","name":"Sweet Horse","description":"Naturellement \u00e0 l&#039;\u00e9coute de votre compagnon \u00e9quin","publisher":{"@id":"https:\/\/sweet-horse.ch\/de\/#organization"},"potentialAction":[{"@type":"SearchAction","target":{"@type":"EntryPoint","urlTemplate":"https:\/\/sweet-horse.ch\/de\/?s={search_term_string}"},"query-input":{"@type":"PropertyValueSpecification","valueRequired":true,"valueName":"search_term_string"}}],"inLanguage":"de"},{"@type":"Organization","@id":"https:\/\/sweet-horse.ch\/de\/#organization","name":"Sweet Horse","url":"https:\/\/sweet-horse.ch\/de\/","logo":{"@type":"ImageObject","inLanguage":"de","@id":"https:\/\/sweet-horse.ch\/de\/#\/schema\/logo\/image\/","url":"https:\/\/i0.wp.com\/sweet-horse.ch\/wp-content\/uploads\/2023\/12\/cropped-cropped-sweethorse_RVB-scaled-1.webp?fit=1763%2C1920&ssl=1","contentUrl":"https:\/\/i0.wp.com\/sweet-horse.ch\/wp-content\/uploads\/2023\/12\/cropped-cropped-sweethorse_RVB-scaled-1.webp?fit=1763%2C1920&ssl=1","width":1763,"height":1920,"caption":"Sweet Horse"},"image":{"@id":"https:\/\/sweet-horse.ch\/de\/#\/schema\/logo\/image\/"},"sameAs":["https:\/\/www.instagram.com\/sweet_horse.ch"]}]}},"_links":{"self":[{"href":"https:\/\/sweet-horse.ch\/de\/wp-json\/wp\/v2\/product\/33564","targetHints":{"allow":["GET"]}}],"collection":[{"href":"https:\/\/sweet-horse.ch\/de\/wp-json\/wp\/v2\/product"}],"about":[{"href":"https:\/\/sweet-horse.ch\/de\/wp-json\/wp\/v2\/types\/product"}],"version-history":[{"count":1,"href":"https:\/\/sweet-horse.ch\/de\/wp-json\/wp\/v2\/product\/33564\/revisions"}],"predecessor-version":[{"id":33567,"href":"https:\/\/sweet-horse.ch\/de\/wp-json\/wp\/v2\/product\/33564\/revisions\/33567"}],"wp:featuredmedia":[{"embeddable":true,"href":"https:\/\/sweet-horse.ch\/de\/wp-json\/wp\/v2\/media\/30176"}],"wp:attachment":[{"href":"https:\/\/sweet-horse.ch\/de\/wp-json\/wp\/v2\/media?parent=33564"}],"wp:term":[{"taxonomy":"product_brand","embeddable":true,"href":"https:\/\/sweet-horse.ch\/de\/wp-json\/wp\/v2\/product_brand?post=33564"},{"taxonomy":"product_cat","embeddable":true,"href":"https:\/\/sweet-horse.ch\/de\/wp-json\/wp\/v2\/product_cat?post=33564"},{"taxonomy":"product_tag","embeddable":true,"href":"https:\/\/sweet-horse.ch\/de\/wp-json\/wp\/v2\/product_tag?post=33564"}],"curies":[{"name":"wp","href":"https:\/\/api.w.org\/{rel}","templated":true}]}}