{"id":33587,"date":"2023-12-22T13:19:57","date_gmt":"2023-12-22T12:19:57","guid":{"rendered":"https:\/\/sweet-horse.ch\/produit\/esc-curcuma-digest-1l\/"},"modified":"2025-11-22T10:54:52","modified_gmt":"2025-11-22T09:54:52","slug":"esc-curcuma-digest-1l","status":"publish","type":"product","link":"https:\/\/sweet-horse.ch\/de\/produit\/esc-curcuma-digest-1l\/","title":{"rendered":"ESC \u2013 Curcuma Digest 1l"},"content":{"rendered":"<p>Die Curcuma Digest-Formel unterst\u00fctzt Pferde, die zu Verdauungsproblemen neigen, dank der Kombination von Pflanzen, die f\u00fcr ihre verdauungsf\u00f6rdernden Eigenschaften bekannt sind:<\/p>\n<ul>\n<li>Kurkuma: Das Curcumin, das Kurkuma seine gelbe Farbe verleiht, wurde vielfach untersucht. Diese Substanz besitzt anerkannte antioxidative und beruhigende Eigenschaften. Die Pflanze ist bekannt daf\u00fcr, die Verdauung zu unterst\u00fctzen und zu einer guten Darmfunktion beizutragen.  <\/li>\n<li>Aloe-Vera-Saft: Er besitzt beruhigende Eigenschaften bei Verdauungsbeschwerden und tr\u00e4gt zur Regulierung der Darmpassage bei.<\/li>\n<li>Salbei und Pfefferminze: Diese beiden Pflanzen unterst\u00fctzen die Verdauung und haben eine beruhigende Wirkung auf den Darm.<\/li>\n<\/ul>\n<p>Curcuma Digest wird aus Urtinkturen hergestellt, die einen hohen Gehalt an pflanzlichen Wirkstoffen aufweisen und eine gute Alternative zur reinen Pflanze darstellen.<\/p>\n<p>Die fl\u00fcssige Form dieses Erg\u00e4nzungsmittels bietet mehrere Vorteile, insbesondere die M\u00f6glichkeit der Verabreichung mittels einer Maulspritze, was sich als praktisch erweisen kann f\u00fcr Pferde, die in Gruppen leben oder solche, die ihre Futterration nur schwer aufnehmen.<\/p>\n","protected":false},"excerpt":{"rendered":"<p>Fl\u00fcssiges Erg\u00e4nzungsfuttermittel zur Linderung bei Magen-empfindlichen Pferden oder solchen mit Verdauungsbeschwerden.<\/p>\n","protected":false},"featured_media":33589,"template":"","meta":{"site-sidebar-layout":"default","site-content-layout":"","ast-site-content-layout":"default","site-content-style":"default","site-sidebar-style":"default","ast-global-header-display":"","ast-banner-title-visibility":"","ast-main-header-display":"","ast-hfb-above-header-display":"","ast-hfb-below-header-display":"","ast-hfb-mobile-header-display":"","site-post-title":"","ast-breadcrumbs-content":"","ast-featured-img":"","footer-sml-layout":"","ast-disable-related-posts":"","theme-transparent-header-meta":"default","adv-header-id-meta":"","stick-header-meta":"default","header-above-stick-meta":"","header-main-stick-meta":"","header-below-stick-meta":"","astra-migrate-meta-layouts":"default","ast-page-background-enabled":"default","ast-page-background-meta":{"desktop":{"background-color":"var(--ast-global-color-4)","background-image":"","background-repeat":"repeat","background-position":"center center","background-size":"auto","background-attachment":"scroll","background-type":"","background-media":"","overlay-type":"","overlay-color":"","overlay-opacity":"","overlay-gradient":""},"tablet":{"background-color":"","background-image":"","background-repeat":"repeat","background-position":"center center","background-size":"auto","background-attachment":"scroll","background-type":"","background-media":"","overlay-type":"","overlay-color":"","overlay-opacity":"","overlay-gradient":""},"mobile":{"background-color":"","background-image":"","background-repeat":"repeat","background-position":"center center","background-size":"auto","background-attachment":"scroll","background-type":"","background-media":"","overlay-type":"","overlay-color":"","overlay-opacity":"","overlay-gradient":""}},"ast-content-background-meta":{"desktop":{"background-color":"var(--ast-global-color-5)","background-image":"","background-repeat":"repeat","background-position":"center center","background-size":"auto","background-attachment":"scroll","background-type":"","background-media":"","overlay-type":"","overlay-color":"","overlay-opacity":"","overlay-gradient":""},"tablet":{"background-color":"var(--ast-global-color-5)","background-image":"","background-repeat":"repeat","background-position":"center center","background-size":"auto","background-attachment":"scroll","background-type":"","background-media":"","overlay-type":"","overlay-color":"","overlay-opacity":"","overlay-gradient":""},"mobile":{"background-color":"var(--ast-global-color-5)","background-image":"","background-repeat":"repeat","background-position":"center center","background-size":"auto","background-attachment":"scroll","background-type":"","background-media":"","overlay-type":"","overlay-color":"","overlay-opacity":"","overlay-gradient":""}}},"product_brand":[],"product_cat":[108,121,114],"product_tag":[],"class_list":{"0":"post-33587","1":"product","2":"type-product","3":"status-publish","4":"has-post-thumbnail","6":"product_cat-erganzungsmittel","7":"product_cat-esc-laboratoire","8":"product_cat-verdauung","9":"desktop-align-left","10":"tablet-align-left","11":"mobile-align-left","12":"ast-product-gallery-layout-first-image-large","13":"ast-product-gallery-with-no-image","14":"ast-product-tabs-layout-horizontal","16":"first","17":"instock","18":"purchasable","19":"product-type-simple"},"yoast_head":"<!-- This site is optimized with the Yoast SEO plugin v27.3 - https:\/\/yoast.com\/product\/yoast-seo-wordpress\/ -->\n<title>ESC - Curcuma Digest 1l - Sweet Horse<\/title>\n<meta name=\"description\" content=\"Fl\u00fcssiges Erg\u00e4nzungsfuttermittel zur Linderung bei Magen-empfindlichen Pferden oder solchen mit Verdauungsbeschwerden.\" \/>\n<meta name=\"robots\" content=\"index, follow, max-snippet:-1, max-image-preview:large, max-video-preview:-1\" \/>\n<link rel=\"canonical\" href=\"https:\/\/sweet-horse.ch\/de\/produit\/esc-curcuma-digest-1l\/\" \/>\n<meta property=\"og:locale\" content=\"de_DE\" \/>\n<meta property=\"og:type\" content=\"article\" \/>\n<meta property=\"og:title\" content=\"ESC - Curcuma Digest 1l - Sweet Horse\" \/>\n<meta property=\"og:description\" content=\"Fl\u00fcssiges Erg\u00e4nzungsfuttermittel zur Linderung bei Magen-empfindlichen Pferden oder solchen mit Verdauungsbeschwerden.\" \/>\n<meta property=\"og:url\" content=\"https:\/\/sweet-horse.ch\/de\/produit\/esc-curcuma-digest-1l\/\" \/>\n<meta property=\"og:site_name\" content=\"Sweet Horse\" \/>\n<meta property=\"article:modified_time\" content=\"2025-11-22T09:54:52+00:00\" \/>\n<meta property=\"og:image\" content=\"https:\/\/i0.wp.com\/sweet-horse.ch\/wp-content\/uploads\/2023\/12\/ESC-Curcuma-Digest.webp?fit=600%2C600&ssl=1\" \/>\n\t<meta property=\"og:image:width\" content=\"600\" \/>\n\t<meta property=\"og:image:height\" content=\"600\" \/>\n\t<meta property=\"og:image:type\" content=\"image\/webp\" \/>\n<meta name=\"twitter:card\" content=\"summary_large_image\" \/>\n<meta name=\"twitter:label1\" content=\"Gesch\u00e4tzte Lesezeit\" \/>\n\t<meta name=\"twitter:data1\" content=\"1\u00a0Minute\" \/>\n<script type=\"application\/ld+json\" class=\"yoast-schema-graph\">{\"@context\":\"https:\\\/\\\/schema.org\",\"@graph\":[{\"@type\":\"WebPage\",\"@id\":\"https:\\\/\\\/sweet-horse.ch\\\/de\\\/produit\\\/esc-curcuma-digest-1l\\\/\",\"url\":\"https:\\\/\\\/sweet-horse.ch\\\/de\\\/produit\\\/esc-curcuma-digest-1l\\\/\",\"name\":\"ESC - Curcuma Digest 1l - Sweet Horse\",\"isPartOf\":{\"@id\":\"https:\\\/\\\/sweet-horse.ch\\\/de\\\/#website\"},\"primaryImageOfPage\":{\"@id\":\"https:\\\/\\\/sweet-horse.ch\\\/de\\\/produit\\\/esc-curcuma-digest-1l\\\/#primaryimage\"},\"image\":{\"@id\":\"https:\\\/\\\/sweet-horse.ch\\\/de\\\/produit\\\/esc-curcuma-digest-1l\\\/#primaryimage\"},\"thumbnailUrl\":\"https:\\\/\\\/i0.wp.com\\\/sweet-horse.ch\\\/wp-content\\\/uploads\\\/2023\\\/12\\\/ESC-Curcuma-Digest.webp?fit=600%2C600&ssl=1\",\"datePublished\":\"2023-12-22T12:19:57+00:00\",\"dateModified\":\"2025-11-22T09:54:52+00:00\",\"description\":\"Fl\u00fcssiges Erg\u00e4nzungsfuttermittel zur Linderung bei Magen-empfindlichen Pferden oder solchen mit Verdauungsbeschwerden.\",\"breadcrumb\":{\"@id\":\"https:\\\/\\\/sweet-horse.ch\\\/de\\\/produit\\\/esc-curcuma-digest-1l\\\/#breadcrumb\"},\"inLanguage\":\"de\",\"potentialAction\":[{\"@type\":\"ReadAction\",\"target\":[\"https:\\\/\\\/sweet-horse.ch\\\/de\\\/produit\\\/esc-curcuma-digest-1l\\\/\"]}]},{\"@type\":\"ImageObject\",\"inLanguage\":\"de\",\"@id\":\"https:\\\/\\\/sweet-horse.ch\\\/de\\\/produit\\\/esc-curcuma-digest-1l\\\/#primaryimage\",\"url\":\"https:\\\/\\\/i0.wp.com\\\/sweet-horse.ch\\\/wp-content\\\/uploads\\\/2023\\\/12\\\/ESC-Curcuma-Digest.webp?fit=600%2C600&ssl=1\",\"contentUrl\":\"https:\\\/\\\/i0.wp.com\\\/sweet-horse.ch\\\/wp-content\\\/uploads\\\/2023\\\/12\\\/ESC-Curcuma-Digest.webp?fit=600%2C600&ssl=1\",\"width\":600,\"height\":600,\"caption\":\"ESC \u2013 Curcuma Digest 1l\"},{\"@type\":\"BreadcrumbList\",\"@id\":\"https:\\\/\\\/sweet-horse.ch\\\/de\\\/produit\\\/esc-curcuma-digest-1l\\\/#breadcrumb\",\"itemListElement\":[{\"@type\":\"ListItem\",\"position\":1,\"name\":\"Startseite\",\"item\":\"https:\\\/\\\/sweet-horse.ch\\\/de\\\/startseite\\\/\"},{\"@type\":\"ListItem\",\"position\":2,\"name\":\"Shop\",\"item\":\"https:\\\/\\\/sweet-horse.ch\\\/de\\\/shop\\\/\"},{\"@type\":\"ListItem\",\"position\":3,\"name\":\"ESC \u2013 Curcuma Digest 1l\"}]},{\"@type\":\"WebSite\",\"@id\":\"https:\\\/\\\/sweet-horse.ch\\\/de\\\/#website\",\"url\":\"https:\\\/\\\/sweet-horse.ch\\\/de\\\/\",\"name\":\"Sweet Horse\",\"description\":\"Naturellement \u00e0 l&#039;\u00e9coute de votre compagnon \u00e9quin\",\"publisher\":{\"@id\":\"https:\\\/\\\/sweet-horse.ch\\\/de\\\/#organization\"},\"potentialAction\":[{\"@type\":\"SearchAction\",\"target\":{\"@type\":\"EntryPoint\",\"urlTemplate\":\"https:\\\/\\\/sweet-horse.ch\\\/de\\\/?s={search_term_string}\"},\"query-input\":{\"@type\":\"PropertyValueSpecification\",\"valueRequired\":true,\"valueName\":\"search_term_string\"}}],\"inLanguage\":\"de\"},{\"@type\":\"Organization\",\"@id\":\"https:\\\/\\\/sweet-horse.ch\\\/de\\\/#organization\",\"name\":\"Sweet Horse\",\"url\":\"https:\\\/\\\/sweet-horse.ch\\\/de\\\/\",\"logo\":{\"@type\":\"ImageObject\",\"inLanguage\":\"de\",\"@id\":\"https:\\\/\\\/sweet-horse.ch\\\/de\\\/#\\\/schema\\\/logo\\\/image\\\/\",\"url\":\"https:\\\/\\\/i0.wp.com\\\/sweet-horse.ch\\\/wp-content\\\/uploads\\\/2023\\\/12\\\/cropped-cropped-sweethorse_RVB-scaled-1.webp?fit=1763%2C1920&ssl=1\",\"contentUrl\":\"https:\\\/\\\/i0.wp.com\\\/sweet-horse.ch\\\/wp-content\\\/uploads\\\/2023\\\/12\\\/cropped-cropped-sweethorse_RVB-scaled-1.webp?fit=1763%2C1920&ssl=1\",\"width\":1763,\"height\":1920,\"caption\":\"Sweet Horse\"},\"image\":{\"@id\":\"https:\\\/\\\/sweet-horse.ch\\\/de\\\/#\\\/schema\\\/logo\\\/image\\\/\"},\"sameAs\":[\"https:\\\/\\\/www.instagram.com\\\/sweet_horse.ch\"]}]}<\/script>\n<!-- \/ Yoast SEO plugin. -->","yoast_head_json":{"title":"ESC - Curcuma Digest 1l - Sweet Horse","description":"Fl\u00fcssiges Erg\u00e4nzungsfuttermittel zur Linderung bei Magen-empfindlichen Pferden oder solchen mit Verdauungsbeschwerden.","robots":{"index":"index","follow":"follow","max-snippet":"max-snippet:-1","max-image-preview":"max-image-preview:large","max-video-preview":"max-video-preview:-1"},"canonical":"https:\/\/sweet-horse.ch\/de\/produit\/esc-curcuma-digest-1l\/","og_locale":"de_DE","og_type":"article","og_title":"ESC - Curcuma Digest 1l - Sweet Horse","og_description":"Fl\u00fcssiges Erg\u00e4nzungsfuttermittel zur Linderung bei Magen-empfindlichen Pferden oder solchen mit Verdauungsbeschwerden.","og_url":"https:\/\/sweet-horse.ch\/de\/produit\/esc-curcuma-digest-1l\/","og_site_name":"Sweet Horse","article_modified_time":"2025-11-22T09:54:52+00:00","og_image":[{"width":600,"height":600,"url":"https:\/\/i0.wp.com\/sweet-horse.ch\/wp-content\/uploads\/2023\/12\/ESC-Curcuma-Digest.webp?fit=600%2C600&ssl=1","type":"image\/webp"}],"twitter_card":"summary_large_image","twitter_misc":{"Gesch\u00e4tzte Lesezeit":"1\u00a0Minute"},"schema":{"@context":"https:\/\/schema.org","@graph":[{"@type":"WebPage","@id":"https:\/\/sweet-horse.ch\/de\/produit\/esc-curcuma-digest-1l\/","url":"https:\/\/sweet-horse.ch\/de\/produit\/esc-curcuma-digest-1l\/","name":"ESC - Curcuma Digest 1l - Sweet Horse","isPartOf":{"@id":"https:\/\/sweet-horse.ch\/de\/#website"},"primaryImageOfPage":{"@id":"https:\/\/sweet-horse.ch\/de\/produit\/esc-curcuma-digest-1l\/#primaryimage"},"image":{"@id":"https:\/\/sweet-horse.ch\/de\/produit\/esc-curcuma-digest-1l\/#primaryimage"},"thumbnailUrl":"https:\/\/i0.wp.com\/sweet-horse.ch\/wp-content\/uploads\/2023\/12\/ESC-Curcuma-Digest.webp?fit=600%2C600&ssl=1","datePublished":"2023-12-22T12:19:57+00:00","dateModified":"2025-11-22T09:54:52+00:00","description":"Fl\u00fcssiges Erg\u00e4nzungsfuttermittel zur Linderung bei Magen-empfindlichen Pferden oder solchen mit Verdauungsbeschwerden.","breadcrumb":{"@id":"https:\/\/sweet-horse.ch\/de\/produit\/esc-curcuma-digest-1l\/#breadcrumb"},"inLanguage":"de","potentialAction":[{"@type":"ReadAction","target":["https:\/\/sweet-horse.ch\/de\/produit\/esc-curcuma-digest-1l\/"]}]},{"@type":"ImageObject","inLanguage":"de","@id":"https:\/\/sweet-horse.ch\/de\/produit\/esc-curcuma-digest-1l\/#primaryimage","url":"https:\/\/i0.wp.com\/sweet-horse.ch\/wp-content\/uploads\/2023\/12\/ESC-Curcuma-Digest.webp?fit=600%2C600&ssl=1","contentUrl":"https:\/\/i0.wp.com\/sweet-horse.ch\/wp-content\/uploads\/2023\/12\/ESC-Curcuma-Digest.webp?fit=600%2C600&ssl=1","width":600,"height":600,"caption":"ESC \u2013 Curcuma Digest 1l"},{"@type":"BreadcrumbList","@id":"https:\/\/sweet-horse.ch\/de\/produit\/esc-curcuma-digest-1l\/#breadcrumb","itemListElement":[{"@type":"ListItem","position":1,"name":"Startseite","item":"https:\/\/sweet-horse.ch\/de\/startseite\/"},{"@type":"ListItem","position":2,"name":"Shop","item":"https:\/\/sweet-horse.ch\/de\/shop\/"},{"@type":"ListItem","position":3,"name":"ESC \u2013 Curcuma Digest 1l"}]},{"@type":"WebSite","@id":"https:\/\/sweet-horse.ch\/de\/#website","url":"https:\/\/sweet-horse.ch\/de\/","name":"Sweet Horse","description":"Naturellement \u00e0 l&#039;\u00e9coute de votre compagnon \u00e9quin","publisher":{"@id":"https:\/\/sweet-horse.ch\/de\/#organization"},"potentialAction":[{"@type":"SearchAction","target":{"@type":"EntryPoint","urlTemplate":"https:\/\/sweet-horse.ch\/de\/?s={search_term_string}"},"query-input":{"@type":"PropertyValueSpecification","valueRequired":true,"valueName":"search_term_string"}}],"inLanguage":"de"},{"@type":"Organization","@id":"https:\/\/sweet-horse.ch\/de\/#organization","name":"Sweet Horse","url":"https:\/\/sweet-horse.ch\/de\/","logo":{"@type":"ImageObject","inLanguage":"de","@id":"https:\/\/sweet-horse.ch\/de\/#\/schema\/logo\/image\/","url":"https:\/\/i0.wp.com\/sweet-horse.ch\/wp-content\/uploads\/2023\/12\/cropped-cropped-sweethorse_RVB-scaled-1.webp?fit=1763%2C1920&ssl=1","contentUrl":"https:\/\/i0.wp.com\/sweet-horse.ch\/wp-content\/uploads\/2023\/12\/cropped-cropped-sweethorse_RVB-scaled-1.webp?fit=1763%2C1920&ssl=1","width":1763,"height":1920,"caption":"Sweet Horse"},"image":{"@id":"https:\/\/sweet-horse.ch\/de\/#\/schema\/logo\/image\/"},"sameAs":["https:\/\/www.instagram.com\/sweet_horse.ch"]}]}},"_links":{"self":[{"href":"https:\/\/sweet-horse.ch\/de\/wp-json\/wp\/v2\/product\/33587","targetHints":{"allow":["GET"]}}],"collection":[{"href":"https:\/\/sweet-horse.ch\/de\/wp-json\/wp\/v2\/product"}],"about":[{"href":"https:\/\/sweet-horse.ch\/de\/wp-json\/wp\/v2\/types\/product"}],"version-history":[{"count":1,"href":"https:\/\/sweet-horse.ch\/de\/wp-json\/wp\/v2\/product\/33587\/revisions"}],"predecessor-version":[{"id":33591,"href":"https:\/\/sweet-horse.ch\/de\/wp-json\/wp\/v2\/product\/33587\/revisions\/33591"}],"wp:featuredmedia":[{"embeddable":true,"href":"https:\/\/sweet-horse.ch\/de\/wp-json\/wp\/v2\/media\/33589"}],"wp:attachment":[{"href":"https:\/\/sweet-horse.ch\/de\/wp-json\/wp\/v2\/media?parent=33587"}],"wp:term":[{"taxonomy":"product_brand","embeddable":true,"href":"https:\/\/sweet-horse.ch\/de\/wp-json\/wp\/v2\/product_brand?post=33587"},{"taxonomy":"product_cat","embeddable":true,"href":"https:\/\/sweet-horse.ch\/de\/wp-json\/wp\/v2\/product_cat?post=33587"},{"taxonomy":"product_tag","embeddable":true,"href":"https:\/\/sweet-horse.ch\/de\/wp-json\/wp\/v2\/product_tag?post=33587"}],"curies":[{"name":"wp","href":"https:\/\/api.w.org\/{rel}","templated":true}]}}