{"id":33590,"date":"2023-12-21T17:05:19","date_gmt":"2023-12-21T16:05:19","guid":{"rendered":"https:\/\/sweet-horse.ch\/produit\/esc-hippercorne-500ml\/"},"modified":"2025-11-22T10:53:25","modified_gmt":"2025-11-22T09:53:25","slug":"esc-hippercorne-500ml","status":"publish","type":"product","link":"https:\/\/sweet-horse.ch\/de\/produit\/esc-hippercorne-500ml\/","title":{"rendered":"ESC \u2013 Hippercorne 500ml"},"content":{"rendered":"<p>Hippercorne ist eine regenerierende L\u00f6sung f\u00fcr Hufe in schlechtem Zustand. Die komplexe Formel von Hippercorne (auf Basis von Pflanzen\u00f6len, Lebertran, Oleoresin, Honig, Lanolin und einem antiseptischen Wirkstoff) macht es zu einer tiefenwirksamen Pflege f\u00fcr das Horn:<\/p>\n<ul>\n<li>Oleoresin: Ein Oleoresin ist ein nat\u00fcrliches Sekret, das aus einem \u00e4therischen \u00d6l und dem Harz besteht, das durch die Oxidation dieses \u00d6ls entsteht. Das \u00e4therische Terpentin\u00f6l, das aus der Destillation von Nadelbaumharz gewonnen wird, ist besonders f\u00fcr seine antiseptischen Eigenschaften bekannt.<\/li>\n<li>Lanolin: Lanolin, gewonnen aus Wollfett, das aus dem Waschwasser von Schafwolle extrahiert wird, ist von Natur aus sehr fettreich und pflegt das Horn, selbst stark gesch\u00e4digtes, tiefenwirksam. Es bildet zudem einen wasserdichten Film, der den Huf vor \u00e4u\u00dferen Einfl\u00fcssen sch\u00fctzt.<\/li>\n<li>Lebertran: Lebertran ist bekannt f\u00fcr seinen Gehalt an essenziellen Fetts\u00e4uren (Omega 3 und 6), aber sein Reichtum an Vitamin A ist f\u00fcr uns von Interesse, da es ihn zu einem herausragenden Inhaltsstoff f\u00fcr die Zellerneuerung der Haut macht.<\/li>\n<\/ul>\n","protected":false},"excerpt":{"rendered":"<p>Kraftvolles Huf-Regenerationsmittel auf Basis von Pflanzenharz.<\/p>\n","protected":false},"featured_media":33592,"template":"","meta":{"site-sidebar-layout":"default","site-content-layout":"","ast-site-content-layout":"default","site-content-style":"default","site-sidebar-style":"default","ast-global-header-display":"","ast-banner-title-visibility":"","ast-main-header-display":"","ast-hfb-above-header-display":"","ast-hfb-below-header-display":"","ast-hfb-mobile-header-display":"","site-post-title":"","ast-breadcrumbs-content":"","ast-featured-img":"","footer-sml-layout":"","ast-disable-related-posts":"","theme-transparent-header-meta":"default","adv-header-id-meta":"","stick-header-meta":"default","header-above-stick-meta":"","header-main-stick-meta":"","header-below-stick-meta":"","astra-migrate-meta-layouts":"default","ast-page-background-enabled":"default","ast-page-background-meta":{"desktop":{"background-color":"var(--ast-global-color-4)","background-image":"","background-repeat":"repeat","background-position":"center center","background-size":"auto","background-attachment":"scroll","background-type":"","background-media":"","overlay-type":"","overlay-color":"","overlay-opacity":"","overlay-gradient":""},"tablet":{"background-color":"","background-image":"","background-repeat":"repeat","background-position":"center center","background-size":"auto","background-attachment":"scroll","background-type":"","background-media":"","overlay-type":"","overlay-color":"","overlay-opacity":"","overlay-gradient":""},"mobile":{"background-color":"","background-image":"","background-repeat":"repeat","background-position":"center center","background-size":"auto","background-attachment":"scroll","background-type":"","background-media":"","overlay-type":"","overlay-color":"","overlay-opacity":"","overlay-gradient":""}},"ast-content-background-meta":{"desktop":{"background-color":"var(--ast-global-color-5)","background-image":"","background-repeat":"repeat","background-position":"center center","background-size":"auto","background-attachment":"scroll","background-type":"","background-media":"","overlay-type":"","overlay-color":"","overlay-opacity":"","overlay-gradient":""},"tablet":{"background-color":"var(--ast-global-color-5)","background-image":"","background-repeat":"repeat","background-position":"center center","background-size":"auto","background-attachment":"scroll","background-type":"","background-media":"","overlay-type":"","overlay-color":"","overlay-opacity":"","overlay-gradient":""},"mobile":{"background-color":"var(--ast-global-color-5)","background-image":"","background-repeat":"repeat","background-position":"center center","background-size":"auto","background-attachment":"scroll","background-type":"","background-media":"","overlay-type":"","overlay-color":"","overlay-opacity":"","overlay-gradient":""}}},"product_brand":[],"product_cat":[121,118,117],"product_tag":[],"class_list":{"0":"post-33590","1":"product","2":"type-product","3":"status-publish","4":"has-post-thumbnail","6":"product_cat-esc-laboratoire","7":"product_cat-hufe","8":"product_cat-pflege","9":"desktop-align-left","10":"tablet-align-left","11":"mobile-align-left","12":"ast-product-gallery-layout-first-image-large","13":"ast-product-gallery-with-no-image","14":"ast-product-tabs-layout-horizontal","16":"first","17":"instock","18":"featured","19":"purchasable","20":"product-type-simple"},"yoast_head":"<!-- This site is optimized with the Yoast SEO plugin v27.3 - https:\/\/yoast.com\/product\/yoast-seo-wordpress\/ -->\n<title>ESC \u2013 Hippercorne 500ml - Sweet Horse<\/title>\n<meta name=\"description\" content=\"Hippercorne ist eine regenerierende Hufpflege auf Basis von Pflanzen\u00f6len, Lebertran und Lanolin.\" \/>\n<meta name=\"robots\" content=\"index, follow, max-snippet:-1, max-image-preview:large, max-video-preview:-1\" \/>\n<link rel=\"canonical\" href=\"https:\/\/sweet-horse.ch\/de\/produit\/esc-hippercorne-500ml\/\" \/>\n<meta property=\"og:locale\" content=\"de_DE\" \/>\n<meta property=\"og:type\" content=\"article\" \/>\n<meta property=\"og:title\" content=\"ESC \u2013 Hippercorne 500ml - Sweet Horse\" \/>\n<meta property=\"og:description\" content=\"Hippercorne ist eine regenerierende Hufpflege auf Basis von Pflanzen\u00f6len, Lebertran und Lanolin.\" \/>\n<meta property=\"og:url\" content=\"https:\/\/sweet-horse.ch\/de\/produit\/esc-hippercorne-500ml\/\" \/>\n<meta property=\"og:site_name\" content=\"Sweet Horse\" \/>\n<meta property=\"article:modified_time\" content=\"2025-11-22T09:53:25+00:00\" \/>\n<meta property=\"og:image\" content=\"https:\/\/i0.wp.com\/sweet-horse.ch\/wp-content\/uploads\/2023\/12\/Hippercone.webp?fit=600%2C600&ssl=1\" \/>\n\t<meta property=\"og:image:width\" content=\"600\" \/>\n\t<meta property=\"og:image:height\" content=\"600\" \/>\n\t<meta property=\"og:image:type\" content=\"image\/webp\" \/>\n<meta name=\"twitter:card\" content=\"summary_large_image\" \/>\n<meta name=\"twitter:label1\" content=\"Gesch\u00e4tzte Lesezeit\" \/>\n\t<meta name=\"twitter:data1\" content=\"1\u00a0Minute\" \/>\n<script type=\"application\/ld+json\" class=\"yoast-schema-graph\">{\"@context\":\"https:\\\/\\\/schema.org\",\"@graph\":[{\"@type\":\"WebPage\",\"@id\":\"https:\\\/\\\/sweet-horse.ch\\\/de\\\/produit\\\/esc-hippercorne-500ml\\\/\",\"url\":\"https:\\\/\\\/sweet-horse.ch\\\/de\\\/produit\\\/esc-hippercorne-500ml\\\/\",\"name\":\"ESC \u2013 Hippercorne 500ml - Sweet Horse\",\"isPartOf\":{\"@id\":\"https:\\\/\\\/sweet-horse.ch\\\/de\\\/#website\"},\"primaryImageOfPage\":{\"@id\":\"https:\\\/\\\/sweet-horse.ch\\\/de\\\/produit\\\/esc-hippercorne-500ml\\\/#primaryimage\"},\"image\":{\"@id\":\"https:\\\/\\\/sweet-horse.ch\\\/de\\\/produit\\\/esc-hippercorne-500ml\\\/#primaryimage\"},\"thumbnailUrl\":\"https:\\\/\\\/i0.wp.com\\\/sweet-horse.ch\\\/wp-content\\\/uploads\\\/2023\\\/12\\\/Hippercone.webp?fit=600%2C600&ssl=1\",\"datePublished\":\"2023-12-21T16:05:19+00:00\",\"dateModified\":\"2025-11-22T09:53:25+00:00\",\"description\":\"Hippercorne ist eine regenerierende Hufpflege auf Basis von Pflanzen\u00f6len, Lebertran und Lanolin.\",\"breadcrumb\":{\"@id\":\"https:\\\/\\\/sweet-horse.ch\\\/de\\\/produit\\\/esc-hippercorne-500ml\\\/#breadcrumb\"},\"inLanguage\":\"de\",\"potentialAction\":[{\"@type\":\"ReadAction\",\"target\":[\"https:\\\/\\\/sweet-horse.ch\\\/de\\\/produit\\\/esc-hippercorne-500ml\\\/\"]}]},{\"@type\":\"ImageObject\",\"inLanguage\":\"de\",\"@id\":\"https:\\\/\\\/sweet-horse.ch\\\/de\\\/produit\\\/esc-hippercorne-500ml\\\/#primaryimage\",\"url\":\"https:\\\/\\\/i0.wp.com\\\/sweet-horse.ch\\\/wp-content\\\/uploads\\\/2023\\\/12\\\/Hippercone.webp?fit=600%2C600&ssl=1\",\"contentUrl\":\"https:\\\/\\\/i0.wp.com\\\/sweet-horse.ch\\\/wp-content\\\/uploads\\\/2023\\\/12\\\/Hippercone.webp?fit=600%2C600&ssl=1\",\"width\":600,\"height\":600,\"caption\":\"ESC \u2013 Hippercorne 500ml\"},{\"@type\":\"BreadcrumbList\",\"@id\":\"https:\\\/\\\/sweet-horse.ch\\\/de\\\/produit\\\/esc-hippercorne-500ml\\\/#breadcrumb\",\"itemListElement\":[{\"@type\":\"ListItem\",\"position\":1,\"name\":\"Startseite\",\"item\":\"https:\\\/\\\/sweet-horse.ch\\\/de\\\/startseite\\\/\"},{\"@type\":\"ListItem\",\"position\":2,\"name\":\"Shop\",\"item\":\"https:\\\/\\\/sweet-horse.ch\\\/de\\\/shop\\\/\"},{\"@type\":\"ListItem\",\"position\":3,\"name\":\"ESC \u2013 Hippercorne 500ml\"}]},{\"@type\":\"WebSite\",\"@id\":\"https:\\\/\\\/sweet-horse.ch\\\/de\\\/#website\",\"url\":\"https:\\\/\\\/sweet-horse.ch\\\/de\\\/\",\"name\":\"Sweet Horse\",\"description\":\"Naturellement \u00e0 l&#039;\u00e9coute de votre compagnon \u00e9quin\",\"publisher\":{\"@id\":\"https:\\\/\\\/sweet-horse.ch\\\/de\\\/#organization\"},\"potentialAction\":[{\"@type\":\"SearchAction\",\"target\":{\"@type\":\"EntryPoint\",\"urlTemplate\":\"https:\\\/\\\/sweet-horse.ch\\\/de\\\/?s={search_term_string}\"},\"query-input\":{\"@type\":\"PropertyValueSpecification\",\"valueRequired\":true,\"valueName\":\"search_term_string\"}}],\"inLanguage\":\"de\"},{\"@type\":\"Organization\",\"@id\":\"https:\\\/\\\/sweet-horse.ch\\\/de\\\/#organization\",\"name\":\"Sweet Horse\",\"url\":\"https:\\\/\\\/sweet-horse.ch\\\/de\\\/\",\"logo\":{\"@type\":\"ImageObject\",\"inLanguage\":\"de\",\"@id\":\"https:\\\/\\\/sweet-horse.ch\\\/de\\\/#\\\/schema\\\/logo\\\/image\\\/\",\"url\":\"https:\\\/\\\/i0.wp.com\\\/sweet-horse.ch\\\/wp-content\\\/uploads\\\/2023\\\/12\\\/cropped-cropped-sweethorse_RVB-scaled-1.webp?fit=1763%2C1920&ssl=1\",\"contentUrl\":\"https:\\\/\\\/i0.wp.com\\\/sweet-horse.ch\\\/wp-content\\\/uploads\\\/2023\\\/12\\\/cropped-cropped-sweethorse_RVB-scaled-1.webp?fit=1763%2C1920&ssl=1\",\"width\":1763,\"height\":1920,\"caption\":\"Sweet Horse\"},\"image\":{\"@id\":\"https:\\\/\\\/sweet-horse.ch\\\/de\\\/#\\\/schema\\\/logo\\\/image\\\/\"},\"sameAs\":[\"https:\\\/\\\/www.instagram.com\\\/sweet_horse.ch\"]}]}<\/script>\n<!-- \/ Yoast SEO plugin. -->","yoast_head_json":{"title":"ESC \u2013 Hippercorne 500ml - Sweet Horse","description":"Hippercorne ist eine regenerierende Hufpflege auf Basis von Pflanzen\u00f6len, Lebertran und Lanolin.","robots":{"index":"index","follow":"follow","max-snippet":"max-snippet:-1","max-image-preview":"max-image-preview:large","max-video-preview":"max-video-preview:-1"},"canonical":"https:\/\/sweet-horse.ch\/de\/produit\/esc-hippercorne-500ml\/","og_locale":"de_DE","og_type":"article","og_title":"ESC \u2013 Hippercorne 500ml - Sweet Horse","og_description":"Hippercorne ist eine regenerierende Hufpflege auf Basis von Pflanzen\u00f6len, Lebertran und Lanolin.","og_url":"https:\/\/sweet-horse.ch\/de\/produit\/esc-hippercorne-500ml\/","og_site_name":"Sweet Horse","article_modified_time":"2025-11-22T09:53:25+00:00","og_image":[{"width":600,"height":600,"url":"https:\/\/i0.wp.com\/sweet-horse.ch\/wp-content\/uploads\/2023\/12\/Hippercone.webp?fit=600%2C600&ssl=1","type":"image\/webp"}],"twitter_card":"summary_large_image","twitter_misc":{"Gesch\u00e4tzte Lesezeit":"1\u00a0Minute"},"schema":{"@context":"https:\/\/schema.org","@graph":[{"@type":"WebPage","@id":"https:\/\/sweet-horse.ch\/de\/produit\/esc-hippercorne-500ml\/","url":"https:\/\/sweet-horse.ch\/de\/produit\/esc-hippercorne-500ml\/","name":"ESC \u2013 Hippercorne 500ml - Sweet Horse","isPartOf":{"@id":"https:\/\/sweet-horse.ch\/de\/#website"},"primaryImageOfPage":{"@id":"https:\/\/sweet-horse.ch\/de\/produit\/esc-hippercorne-500ml\/#primaryimage"},"image":{"@id":"https:\/\/sweet-horse.ch\/de\/produit\/esc-hippercorne-500ml\/#primaryimage"},"thumbnailUrl":"https:\/\/i0.wp.com\/sweet-horse.ch\/wp-content\/uploads\/2023\/12\/Hippercone.webp?fit=600%2C600&ssl=1","datePublished":"2023-12-21T16:05:19+00:00","dateModified":"2025-11-22T09:53:25+00:00","description":"Hippercorne ist eine regenerierende Hufpflege auf Basis von Pflanzen\u00f6len, Lebertran und Lanolin.","breadcrumb":{"@id":"https:\/\/sweet-horse.ch\/de\/produit\/esc-hippercorne-500ml\/#breadcrumb"},"inLanguage":"de","potentialAction":[{"@type":"ReadAction","target":["https:\/\/sweet-horse.ch\/de\/produit\/esc-hippercorne-500ml\/"]}]},{"@type":"ImageObject","inLanguage":"de","@id":"https:\/\/sweet-horse.ch\/de\/produit\/esc-hippercorne-500ml\/#primaryimage","url":"https:\/\/i0.wp.com\/sweet-horse.ch\/wp-content\/uploads\/2023\/12\/Hippercone.webp?fit=600%2C600&ssl=1","contentUrl":"https:\/\/i0.wp.com\/sweet-horse.ch\/wp-content\/uploads\/2023\/12\/Hippercone.webp?fit=600%2C600&ssl=1","width":600,"height":600,"caption":"ESC \u2013 Hippercorne 500ml"},{"@type":"BreadcrumbList","@id":"https:\/\/sweet-horse.ch\/de\/produit\/esc-hippercorne-500ml\/#breadcrumb","itemListElement":[{"@type":"ListItem","position":1,"name":"Startseite","item":"https:\/\/sweet-horse.ch\/de\/startseite\/"},{"@type":"ListItem","position":2,"name":"Shop","item":"https:\/\/sweet-horse.ch\/de\/shop\/"},{"@type":"ListItem","position":3,"name":"ESC \u2013 Hippercorne 500ml"}]},{"@type":"WebSite","@id":"https:\/\/sweet-horse.ch\/de\/#website","url":"https:\/\/sweet-horse.ch\/de\/","name":"Sweet Horse","description":"Naturellement \u00e0 l&#039;\u00e9coute de votre compagnon \u00e9quin","publisher":{"@id":"https:\/\/sweet-horse.ch\/de\/#organization"},"potentialAction":[{"@type":"SearchAction","target":{"@type":"EntryPoint","urlTemplate":"https:\/\/sweet-horse.ch\/de\/?s={search_term_string}"},"query-input":{"@type":"PropertyValueSpecification","valueRequired":true,"valueName":"search_term_string"}}],"inLanguage":"de"},{"@type":"Organization","@id":"https:\/\/sweet-horse.ch\/de\/#organization","name":"Sweet Horse","url":"https:\/\/sweet-horse.ch\/de\/","logo":{"@type":"ImageObject","inLanguage":"de","@id":"https:\/\/sweet-horse.ch\/de\/#\/schema\/logo\/image\/","url":"https:\/\/i0.wp.com\/sweet-horse.ch\/wp-content\/uploads\/2023\/12\/cropped-cropped-sweethorse_RVB-scaled-1.webp?fit=1763%2C1920&ssl=1","contentUrl":"https:\/\/i0.wp.com\/sweet-horse.ch\/wp-content\/uploads\/2023\/12\/cropped-cropped-sweethorse_RVB-scaled-1.webp?fit=1763%2C1920&ssl=1","width":1763,"height":1920,"caption":"Sweet Horse"},"image":{"@id":"https:\/\/sweet-horse.ch\/de\/#\/schema\/logo\/image\/"},"sameAs":["https:\/\/www.instagram.com\/sweet_horse.ch"]}]}},"_links":{"self":[{"href":"https:\/\/sweet-horse.ch\/de\/wp-json\/wp\/v2\/product\/33590","targetHints":{"allow":["GET"]}}],"collection":[{"href":"https:\/\/sweet-horse.ch\/de\/wp-json\/wp\/v2\/product"}],"about":[{"href":"https:\/\/sweet-horse.ch\/de\/wp-json\/wp\/v2\/types\/product"}],"version-history":[{"count":1,"href":"https:\/\/sweet-horse.ch\/de\/wp-json\/wp\/v2\/product\/33590\/revisions"}],"predecessor-version":[{"id":33594,"href":"https:\/\/sweet-horse.ch\/de\/wp-json\/wp\/v2\/product\/33590\/revisions\/33594"}],"wp:featuredmedia":[{"embeddable":true,"href":"https:\/\/sweet-horse.ch\/de\/wp-json\/wp\/v2\/media\/33592"}],"wp:attachment":[{"href":"https:\/\/sweet-horse.ch\/de\/wp-json\/wp\/v2\/media?parent=33590"}],"wp:term":[{"taxonomy":"product_brand","embeddable":true,"href":"https:\/\/sweet-horse.ch\/de\/wp-json\/wp\/v2\/product_brand?post=33590"},{"taxonomy":"product_cat","embeddable":true,"href":"https:\/\/sweet-horse.ch\/de\/wp-json\/wp\/v2\/product_cat?post=33590"},{"taxonomy":"product_tag","embeddable":true,"href":"https:\/\/sweet-horse.ch\/de\/wp-json\/wp\/v2\/product_tag?post=33590"}],"curies":[{"name":"wp","href":"https:\/\/api.w.org\/{rel}","templated":true}]}}