{"id":33595,"date":"2023-12-19T17:14:23","date_gmt":"2023-12-19T16:14:23","guid":{"rendered":"https:\/\/sweet-horse.ch\/produit\/nellumbo-reinigungslotion-150ml\/"},"modified":"2026-04-11T11:35:33","modified_gmt":"2026-04-11T09:35:33","slug":"nellumbo-reinigungslotion-150ml","status":"publish","type":"product","link":"https:\/\/sweet-horse.ch\/de\/produit\/nellumbo-reinigungslotion-150ml\/","title":{"rendered":"Nellumbo \u2013 Reinigungslotion 150ml"},"content":{"rendered":"<div id=\"tab-content\" class=\"tab-content\">\n<div id=\"description\" class=\"tab-pane fade js-product-tab-active active in\" role=\"tabpanel\" aria-expanded=\"true\">\n<div class=\"product-description\">\n<p>Die Reinigungslotion, bestehend aus Lavendelhydrolaten (mit reinigender und revitalisierender Wirkung), Kamille (beruhigende und entz\u00fcndungshemmende Wirkung) und Meerwasser, bietet Ihrem Begleiter eine sanfte Reinigung f\u00fcr seine Augen, Ohren und N\u00fcstern. Sie h\u00e4lt auch Insekten fern (da Lavendel eine nat\u00fcrlich abweisende Wirkung hat). <\/p>\n<p>Die hohe Konzentration an Mineralien und Spurenelementen im Meerwasser erm\u00f6glicht auf nat\u00fcrliche Weise:<\/p>\n<ul>\n<li>Entz\u00fcndungen zu reduzieren<\/li>\n<li>zu entspannen und zu beruhigen<\/li>\n<li>ein normales Hautgleichgewicht wiederherzustellen.<\/li>\n<\/ul>\n<p>Eine innovative Formel, die die Vorz\u00fcge von Pflanzen und Meerwasser vereint \u2013 ein unverzichtbarer Bestandteil Ihrer Putzbox!<\/p>\n<p>Die Reinigungslotion wurde von Nellumbo entwickelt und formuliert, mit wertvollen Ratschl\u00e4gen von Aromatherapeuten und Tier\u00e4rzten sowie deren Forschungs- und Entwicklungsingenieur.<\/p>\n<\/div>\n<\/div>\n<\/div>\n","protected":false},"excerpt":{"rendered":"<p>Lotion auf Basis von Hydrolaten und Meerwasser zur Reinigung der Augen, N\u00fcstern und Ohren Ihres Pferdes.<\/p>\n","protected":false},"featured_media":33598,"template":"","meta":{"site-sidebar-layout":"default","site-content-layout":"","ast-site-content-layout":"default","site-content-style":"default","site-sidebar-style":"default","ast-global-header-display":"","ast-banner-title-visibility":"","ast-main-header-display":"","ast-hfb-above-header-display":"","ast-hfb-below-header-display":"","ast-hfb-mobile-header-display":"","site-post-title":"","ast-breadcrumbs-content":"","ast-featured-img":"","footer-sml-layout":"","ast-disable-related-posts":"","theme-transparent-header-meta":"default","adv-header-id-meta":"","stick-header-meta":"default","header-above-stick-meta":"","header-main-stick-meta":"","header-below-stick-meta":"","astra-migrate-meta-layouts":"default","ast-page-background-enabled":"default","ast-page-background-meta":{"desktop":{"background-color":"var(--ast-global-color-4)","background-image":"","background-repeat":"repeat","background-position":"center center","background-size":"auto","background-attachment":"scroll","background-type":"","background-media":"","overlay-type":"","overlay-color":"","overlay-opacity":"","overlay-gradient":""},"tablet":{"background-color":"","background-image":"","background-repeat":"repeat","background-position":"center center","background-size":"auto","background-attachment":"scroll","background-type":"","background-media":"","overlay-type":"","overlay-color":"","overlay-opacity":"","overlay-gradient":""},"mobile":{"background-color":"","background-image":"","background-repeat":"repeat","background-position":"center center","background-size":"auto","background-attachment":"scroll","background-type":"","background-media":"","overlay-type":"","overlay-color":"","overlay-opacity":"","overlay-gradient":""}},"ast-content-background-meta":{"desktop":{"background-color":"var(--ast-global-color-5)","background-image":"","background-repeat":"repeat","background-position":"center center","background-size":"auto","background-attachment":"scroll","background-type":"","background-media":"","overlay-type":"","overlay-color":"","overlay-opacity":"","overlay-gradient":""},"tablet":{"background-color":"var(--ast-global-color-5)","background-image":"","background-repeat":"repeat","background-position":"center center","background-size":"auto","background-attachment":"scroll","background-type":"","background-media":"","overlay-type":"","overlay-color":"","overlay-opacity":"","overlay-gradient":""},"mobile":{"background-color":"var(--ast-global-color-5)","background-image":"","background-repeat":"repeat","background-position":"center center","background-size":"auto","background-attachment":"scroll","background-type":"","background-media":"","overlay-type":"","overlay-color":"","overlay-opacity":"","overlay-gradient":""}}},"product_brand":[81],"product_cat":[124,120,117],"product_tag":[],"class_list":{"0":"post-33595","1":"product","2":"type-product","3":"status-publish","4":"has-post-thumbnail","6":"product_brand-nellumbo","7":"product_cat-augen-nustern","8":"product_cat-nellumbo","9":"product_cat-pflege","10":"desktop-align-left","11":"tablet-align-left","12":"mobile-align-left","13":"ast-product-gallery-layout-first-image-large","14":"ast-product-gallery-with-no-image","15":"ast-product-tabs-layout-horizontal","17":"first","18":"instock","19":"purchasable","20":"product-type-simple"},"yoast_head":"<!-- This site is optimized with the Yoast SEO plugin v27.3 - https:\/\/yoast.com\/product\/yoast-seo-wordpress\/ -->\n<title>Nellumbo - Reinigungslotion 150ml - Sweet Horse<\/title>\n<meta name=\"description\" content=\"Die Reinigungslotion, bestehend aus Lavendel- und Kamillenhydrolaten sowie Meerwasser, bietet eine sanfte Reinigung f\u00fcr seine Augen, Ohren und N\u00fcstern.\" \/>\n<meta name=\"robots\" content=\"index, follow, max-snippet:-1, max-image-preview:large, max-video-preview:-1\" \/>\n<link rel=\"canonical\" href=\"https:\/\/sweet-horse.ch\/de\/produit\/nellumbo-reinigungslotion-150ml\/\" \/>\n<meta property=\"og:locale\" content=\"de_DE\" \/>\n<meta property=\"og:type\" content=\"article\" \/>\n<meta property=\"og:title\" content=\"Nellumbo - Reinigungslotion 150ml - Sweet Horse\" \/>\n<meta property=\"og:description\" content=\"Die Reinigungslotion, bestehend aus Lavendel- und Kamillenhydrolaten sowie Meerwasser, bietet eine sanfte Reinigung f\u00fcr seine Augen, Ohren und N\u00fcstern.\" \/>\n<meta property=\"og:url\" content=\"https:\/\/sweet-horse.ch\/de\/produit\/nellumbo-reinigungslotion-150ml\/\" \/>\n<meta property=\"og:site_name\" content=\"Sweet Horse\" \/>\n<meta property=\"article:modified_time\" content=\"2026-04-11T09:35:33+00:00\" \/>\n<meta property=\"og:image\" content=\"https:\/\/i0.wp.com\/sweet-horse.ch\/wp-content\/uploads\/2024\/01\/Nellumbo-lotion-nettoyante.webp?fit=600%2C600&ssl=1\" \/>\n\t<meta property=\"og:image:width\" content=\"600\" \/>\n\t<meta property=\"og:image:height\" content=\"600\" \/>\n\t<meta property=\"og:image:type\" content=\"image\/webp\" \/>\n<meta name=\"twitter:card\" content=\"summary_large_image\" \/>\n<meta name=\"twitter:label1\" content=\"Gesch\u00e4tzte Lesezeit\" \/>\n\t<meta name=\"twitter:data1\" content=\"1\u00a0Minute\" \/>\n<script type=\"application\/ld+json\" class=\"yoast-schema-graph\">{\"@context\":\"https:\\\/\\\/schema.org\",\"@graph\":[{\"@type\":\"WebPage\",\"@id\":\"https:\\\/\\\/sweet-horse.ch\\\/de\\\/produit\\\/nellumbo-reinigungslotion-150ml\\\/\",\"url\":\"https:\\\/\\\/sweet-horse.ch\\\/de\\\/produit\\\/nellumbo-reinigungslotion-150ml\\\/\",\"name\":\"Nellumbo - Reinigungslotion 150ml - Sweet Horse\",\"isPartOf\":{\"@id\":\"https:\\\/\\\/sweet-horse.ch\\\/de\\\/#website\"},\"primaryImageOfPage\":{\"@id\":\"https:\\\/\\\/sweet-horse.ch\\\/de\\\/produit\\\/nellumbo-reinigungslotion-150ml\\\/#primaryimage\"},\"image\":{\"@id\":\"https:\\\/\\\/sweet-horse.ch\\\/de\\\/produit\\\/nellumbo-reinigungslotion-150ml\\\/#primaryimage\"},\"thumbnailUrl\":\"https:\\\/\\\/i0.wp.com\\\/sweet-horse.ch\\\/wp-content\\\/uploads\\\/2024\\\/01\\\/Nellumbo-lotion-nettoyante.webp?fit=600%2C600&ssl=1\",\"datePublished\":\"2023-12-19T16:14:23+00:00\",\"dateModified\":\"2026-04-11T09:35:33+00:00\",\"description\":\"Die Reinigungslotion, bestehend aus Lavendel- und Kamillenhydrolaten sowie Meerwasser, bietet eine sanfte Reinigung f\u00fcr seine Augen, Ohren und N\u00fcstern.\",\"breadcrumb\":{\"@id\":\"https:\\\/\\\/sweet-horse.ch\\\/de\\\/produit\\\/nellumbo-reinigungslotion-150ml\\\/#breadcrumb\"},\"inLanguage\":\"de\",\"potentialAction\":[{\"@type\":\"ReadAction\",\"target\":[\"https:\\\/\\\/sweet-horse.ch\\\/de\\\/produit\\\/nellumbo-reinigungslotion-150ml\\\/\"]}]},{\"@type\":\"ImageObject\",\"inLanguage\":\"de\",\"@id\":\"https:\\\/\\\/sweet-horse.ch\\\/de\\\/produit\\\/nellumbo-reinigungslotion-150ml\\\/#primaryimage\",\"url\":\"https:\\\/\\\/i0.wp.com\\\/sweet-horse.ch\\\/wp-content\\\/uploads\\\/2024\\\/01\\\/Nellumbo-lotion-nettoyante.webp?fit=600%2C600&ssl=1\",\"contentUrl\":\"https:\\\/\\\/i0.wp.com\\\/sweet-horse.ch\\\/wp-content\\\/uploads\\\/2024\\\/01\\\/Nellumbo-lotion-nettoyante.webp?fit=600%2C600&ssl=1\",\"width\":600,\"height\":600,\"caption\":\"Nellumbo \u2013 Reinigungslotion 150ml\"},{\"@type\":\"BreadcrumbList\",\"@id\":\"https:\\\/\\\/sweet-horse.ch\\\/de\\\/produit\\\/nellumbo-reinigungslotion-150ml\\\/#breadcrumb\",\"itemListElement\":[{\"@type\":\"ListItem\",\"position\":1,\"name\":\"Startseite\",\"item\":\"https:\\\/\\\/sweet-horse.ch\\\/de\\\/startseite\\\/\"},{\"@type\":\"ListItem\",\"position\":2,\"name\":\"Shop\",\"item\":\"https:\\\/\\\/sweet-horse.ch\\\/de\\\/shop\\\/\"},{\"@type\":\"ListItem\",\"position\":3,\"name\":\"Nellumbo \u2013 Reinigungslotion 150ml\"}]},{\"@type\":\"WebSite\",\"@id\":\"https:\\\/\\\/sweet-horse.ch\\\/de\\\/#website\",\"url\":\"https:\\\/\\\/sweet-horse.ch\\\/de\\\/\",\"name\":\"Sweet Horse\",\"description\":\"Naturellement \u00e0 l&#039;\u00e9coute de votre compagnon \u00e9quin\",\"publisher\":{\"@id\":\"https:\\\/\\\/sweet-horse.ch\\\/de\\\/#organization\"},\"potentialAction\":[{\"@type\":\"SearchAction\",\"target\":{\"@type\":\"EntryPoint\",\"urlTemplate\":\"https:\\\/\\\/sweet-horse.ch\\\/de\\\/?s={search_term_string}\"},\"query-input\":{\"@type\":\"PropertyValueSpecification\",\"valueRequired\":true,\"valueName\":\"search_term_string\"}}],\"inLanguage\":\"de\"},{\"@type\":\"Organization\",\"@id\":\"https:\\\/\\\/sweet-horse.ch\\\/de\\\/#organization\",\"name\":\"Sweet Horse\",\"url\":\"https:\\\/\\\/sweet-horse.ch\\\/de\\\/\",\"logo\":{\"@type\":\"ImageObject\",\"inLanguage\":\"de\",\"@id\":\"https:\\\/\\\/sweet-horse.ch\\\/de\\\/#\\\/schema\\\/logo\\\/image\\\/\",\"url\":\"https:\\\/\\\/i0.wp.com\\\/sweet-horse.ch\\\/wp-content\\\/uploads\\\/2023\\\/12\\\/cropped-cropped-sweethorse_RVB-scaled-1.webp?fit=1763%2C1920&ssl=1\",\"contentUrl\":\"https:\\\/\\\/i0.wp.com\\\/sweet-horse.ch\\\/wp-content\\\/uploads\\\/2023\\\/12\\\/cropped-cropped-sweethorse_RVB-scaled-1.webp?fit=1763%2C1920&ssl=1\",\"width\":1763,\"height\":1920,\"caption\":\"Sweet Horse\"},\"image\":{\"@id\":\"https:\\\/\\\/sweet-horse.ch\\\/de\\\/#\\\/schema\\\/logo\\\/image\\\/\"},\"sameAs\":[\"https:\\\/\\\/www.instagram.com\\\/sweet_horse.ch\"]}]}<\/script>\n<!-- \/ Yoast SEO plugin. -->","yoast_head_json":{"title":"Nellumbo - Reinigungslotion 150ml - Sweet Horse","description":"Die Reinigungslotion, bestehend aus Lavendel- und Kamillenhydrolaten sowie Meerwasser, bietet eine sanfte Reinigung f\u00fcr seine Augen, Ohren und N\u00fcstern.","robots":{"index":"index","follow":"follow","max-snippet":"max-snippet:-1","max-image-preview":"max-image-preview:large","max-video-preview":"max-video-preview:-1"},"canonical":"https:\/\/sweet-horse.ch\/de\/produit\/nellumbo-reinigungslotion-150ml\/","og_locale":"de_DE","og_type":"article","og_title":"Nellumbo - Reinigungslotion 150ml - Sweet Horse","og_description":"Die Reinigungslotion, bestehend aus Lavendel- und Kamillenhydrolaten sowie Meerwasser, bietet eine sanfte Reinigung f\u00fcr seine Augen, Ohren und N\u00fcstern.","og_url":"https:\/\/sweet-horse.ch\/de\/produit\/nellumbo-reinigungslotion-150ml\/","og_site_name":"Sweet Horse","article_modified_time":"2026-04-11T09:35:33+00:00","og_image":[{"width":600,"height":600,"url":"https:\/\/i0.wp.com\/sweet-horse.ch\/wp-content\/uploads\/2024\/01\/Nellumbo-lotion-nettoyante.webp?fit=600%2C600&ssl=1","type":"image\/webp"}],"twitter_card":"summary_large_image","twitter_misc":{"Gesch\u00e4tzte Lesezeit":"1\u00a0Minute"},"schema":{"@context":"https:\/\/schema.org","@graph":[{"@type":"WebPage","@id":"https:\/\/sweet-horse.ch\/de\/produit\/nellumbo-reinigungslotion-150ml\/","url":"https:\/\/sweet-horse.ch\/de\/produit\/nellumbo-reinigungslotion-150ml\/","name":"Nellumbo - Reinigungslotion 150ml - Sweet Horse","isPartOf":{"@id":"https:\/\/sweet-horse.ch\/de\/#website"},"primaryImageOfPage":{"@id":"https:\/\/sweet-horse.ch\/de\/produit\/nellumbo-reinigungslotion-150ml\/#primaryimage"},"image":{"@id":"https:\/\/sweet-horse.ch\/de\/produit\/nellumbo-reinigungslotion-150ml\/#primaryimage"},"thumbnailUrl":"https:\/\/i0.wp.com\/sweet-horse.ch\/wp-content\/uploads\/2024\/01\/Nellumbo-lotion-nettoyante.webp?fit=600%2C600&ssl=1","datePublished":"2023-12-19T16:14:23+00:00","dateModified":"2026-04-11T09:35:33+00:00","description":"Die Reinigungslotion, bestehend aus Lavendel- und Kamillenhydrolaten sowie Meerwasser, bietet eine sanfte Reinigung f\u00fcr seine Augen, Ohren und N\u00fcstern.","breadcrumb":{"@id":"https:\/\/sweet-horse.ch\/de\/produit\/nellumbo-reinigungslotion-150ml\/#breadcrumb"},"inLanguage":"de","potentialAction":[{"@type":"ReadAction","target":["https:\/\/sweet-horse.ch\/de\/produit\/nellumbo-reinigungslotion-150ml\/"]}]},{"@type":"ImageObject","inLanguage":"de","@id":"https:\/\/sweet-horse.ch\/de\/produit\/nellumbo-reinigungslotion-150ml\/#primaryimage","url":"https:\/\/i0.wp.com\/sweet-horse.ch\/wp-content\/uploads\/2024\/01\/Nellumbo-lotion-nettoyante.webp?fit=600%2C600&ssl=1","contentUrl":"https:\/\/i0.wp.com\/sweet-horse.ch\/wp-content\/uploads\/2024\/01\/Nellumbo-lotion-nettoyante.webp?fit=600%2C600&ssl=1","width":600,"height":600,"caption":"Nellumbo \u2013 Reinigungslotion 150ml"},{"@type":"BreadcrumbList","@id":"https:\/\/sweet-horse.ch\/de\/produit\/nellumbo-reinigungslotion-150ml\/#breadcrumb","itemListElement":[{"@type":"ListItem","position":1,"name":"Startseite","item":"https:\/\/sweet-horse.ch\/de\/startseite\/"},{"@type":"ListItem","position":2,"name":"Shop","item":"https:\/\/sweet-horse.ch\/de\/shop\/"},{"@type":"ListItem","position":3,"name":"Nellumbo \u2013 Reinigungslotion 150ml"}]},{"@type":"WebSite","@id":"https:\/\/sweet-horse.ch\/de\/#website","url":"https:\/\/sweet-horse.ch\/de\/","name":"Sweet Horse","description":"Naturellement \u00e0 l&#039;\u00e9coute de votre compagnon \u00e9quin","publisher":{"@id":"https:\/\/sweet-horse.ch\/de\/#organization"},"potentialAction":[{"@type":"SearchAction","target":{"@type":"EntryPoint","urlTemplate":"https:\/\/sweet-horse.ch\/de\/?s={search_term_string}"},"query-input":{"@type":"PropertyValueSpecification","valueRequired":true,"valueName":"search_term_string"}}],"inLanguage":"de"},{"@type":"Organization","@id":"https:\/\/sweet-horse.ch\/de\/#organization","name":"Sweet Horse","url":"https:\/\/sweet-horse.ch\/de\/","logo":{"@type":"ImageObject","inLanguage":"de","@id":"https:\/\/sweet-horse.ch\/de\/#\/schema\/logo\/image\/","url":"https:\/\/i0.wp.com\/sweet-horse.ch\/wp-content\/uploads\/2023\/12\/cropped-cropped-sweethorse_RVB-scaled-1.webp?fit=1763%2C1920&ssl=1","contentUrl":"https:\/\/i0.wp.com\/sweet-horse.ch\/wp-content\/uploads\/2023\/12\/cropped-cropped-sweethorse_RVB-scaled-1.webp?fit=1763%2C1920&ssl=1","width":1763,"height":1920,"caption":"Sweet Horse"},"image":{"@id":"https:\/\/sweet-horse.ch\/de\/#\/schema\/logo\/image\/"},"sameAs":["https:\/\/www.instagram.com\/sweet_horse.ch"]}]}},"_links":{"self":[{"href":"https:\/\/sweet-horse.ch\/de\/wp-json\/wp\/v2\/product\/33595","targetHints":{"allow":["GET"]}}],"collection":[{"href":"https:\/\/sweet-horse.ch\/de\/wp-json\/wp\/v2\/product"}],"about":[{"href":"https:\/\/sweet-horse.ch\/de\/wp-json\/wp\/v2\/types\/product"}],"version-history":[{"count":1,"href":"https:\/\/sweet-horse.ch\/de\/wp-json\/wp\/v2\/product\/33595\/revisions"}],"predecessor-version":[{"id":33600,"href":"https:\/\/sweet-horse.ch\/de\/wp-json\/wp\/v2\/product\/33595\/revisions\/33600"}],"wp:featuredmedia":[{"embeddable":true,"href":"https:\/\/sweet-horse.ch\/de\/wp-json\/wp\/v2\/media\/33598"}],"wp:attachment":[{"href":"https:\/\/sweet-horse.ch\/de\/wp-json\/wp\/v2\/media?parent=33595"}],"wp:term":[{"taxonomy":"product_brand","embeddable":true,"href":"https:\/\/sweet-horse.ch\/de\/wp-json\/wp\/v2\/product_brand?post=33595"},{"taxonomy":"product_cat","embeddable":true,"href":"https:\/\/sweet-horse.ch\/de\/wp-json\/wp\/v2\/product_cat?post=33595"},{"taxonomy":"product_tag","embeddable":true,"href":"https:\/\/sweet-horse.ch\/de\/wp-json\/wp\/v2\/product_tag?post=33595"}],"curies":[{"name":"wp","href":"https:\/\/api.w.org\/{rel}","templated":true}]}}