{"id":33602,"date":"2023-12-19T17:01:02","date_gmt":"2023-12-19T16:01:02","guid":{"rendered":"https:\/\/sweet-horse.ch\/produit\/nellumbo-hufbalsam-winter-500ml\/"},"modified":"2025-12-23T16:16:00","modified_gmt":"2025-12-23T15:16:00","slug":"nellumbo-hufbalsam-winter-500ml","status":"publish","type":"product","link":"https:\/\/sweet-horse.ch\/de\/produit\/nellumbo-hufbalsam-winter-500ml\/","title":{"rendered":"Nellumbo \u2013 Hufbalsam 500 ml"},"content":{"rendered":"<p>Der Hufpflegebalsam f\u00fcr Pferde sorgt f\u00fcr eine langanhaltende Feuchtigkeitsversorgung, w\u00e4hrend der Huf weiterhin atmen kann. Dank seiner Textur ist er einfach in der Anwendung und l\u00e4sst sich sowohl im Sommer als auch im Winter problemlos auftragen. Neem\u00f6l ist bekannt f\u00fcr seine starken antibakteriellen und antifungalen Eigenschaften. Sheabutter und pflanzliches Wachs spenden langanhaltende Feuchtigkeit und sch\u00fctzen die Hufe.  <\/p>\n<p>Wichtige Vorteile:<\/p>\n<ul>\n<li>Wirksam gegen faulige und \u00fcbelriechende Strahlf\u00e4ule<\/li>\n<li>Spendet intensive Feuchtigkeit und pflegt tiefenwirksam<\/li>\n<li>Antibakterielle und antifungale Wirkung<\/li>\n<li>L\u00e4sst den Huf atmen<\/li>\n<\/ul>\n","protected":false},"excerpt":{"rendered":"<p>Balsam auf Basis von Pflanzen\u00f6len und \u00e4therischen \u00d6len, der Horn und Strahl reinigt, desinfiziert, sch\u00fctzt und n\u00e4hrt.<\/p>\n","protected":false},"featured_media":34048,"template":"","meta":{"site-sidebar-layout":"default","site-content-layout":"","ast-site-content-layout":"default","site-content-style":"default","site-sidebar-style":"default","ast-global-header-display":"","ast-banner-title-visibility":"","ast-main-header-display":"","ast-hfb-above-header-display":"","ast-hfb-below-header-display":"","ast-hfb-mobile-header-display":"","site-post-title":"","ast-breadcrumbs-content":"","ast-featured-img":"","footer-sml-layout":"","ast-disable-related-posts":"","theme-transparent-header-meta":"default","adv-header-id-meta":"","stick-header-meta":"default","header-above-stick-meta":"","header-main-stick-meta":"","header-below-stick-meta":"","astra-migrate-meta-layouts":"default","ast-page-background-enabled":"default","ast-page-background-meta":{"desktop":{"background-color":"var(--ast-global-color-4)","background-image":"","background-repeat":"repeat","background-position":"center center","background-size":"auto","background-attachment":"scroll","background-type":"","background-media":"","overlay-type":"","overlay-color":"","overlay-opacity":"","overlay-gradient":""},"tablet":{"background-color":"","background-image":"","background-repeat":"repeat","background-position":"center center","background-size":"auto","background-attachment":"scroll","background-type":"","background-media":"","overlay-type":"","overlay-color":"","overlay-opacity":"","overlay-gradient":""},"mobile":{"background-color":"","background-image":"","background-repeat":"repeat","background-position":"center center","background-size":"auto","background-attachment":"scroll","background-type":"","background-media":"","overlay-type":"","overlay-color":"","overlay-opacity":"","overlay-gradient":""}},"ast-content-background-meta":{"desktop":{"background-color":"var(--ast-global-color-5)","background-image":"","background-repeat":"repeat","background-position":"center center","background-size":"auto","background-attachment":"scroll","background-type":"","background-media":"","overlay-type":"","overlay-color":"","overlay-opacity":"","overlay-gradient":""},"tablet":{"background-color":"var(--ast-global-color-5)","background-image":"","background-repeat":"repeat","background-position":"center center","background-size":"auto","background-attachment":"scroll","background-type":"","background-media":"","overlay-type":"","overlay-color":"","overlay-opacity":"","overlay-gradient":""},"mobile":{"background-color":"var(--ast-global-color-5)","background-image":"","background-repeat":"repeat","background-position":"center center","background-size":"auto","background-attachment":"scroll","background-type":"","background-media":"","overlay-type":"","overlay-color":"","overlay-opacity":"","overlay-gradient":""}}},"product_brand":[81],"product_cat":[118,120,117],"product_tag":[],"class_list":{"0":"post-33602","1":"product","2":"type-product","3":"status-publish","4":"has-post-thumbnail","6":"product_brand-nellumbo","7":"product_cat-hufe","8":"product_cat-nellumbo","9":"product_cat-pflege","10":"desktop-align-left","11":"tablet-align-left","12":"mobile-align-left","13":"ast-product-gallery-layout-first-image-large","14":"ast-product-gallery-with-no-image","15":"ast-product-tabs-layout-horizontal","17":"first","18":"instock","19":"purchasable","20":"product-type-simple"},"yoast_head":"<!-- This site is optimized with the Yoast SEO plugin v27.3 - https:\/\/yoast.com\/product\/yoast-seo-wordpress\/ -->\n<title>Nellumbo \u2013 Hufbalsam 500 ml - Sweet Horse<\/title>\n<meta name=\"description\" content=\"Der nat\u00fcrliche Hufbalsam sorgt f\u00fcr eine langanhaltende Feuchtigkeitsversorgung und l\u00e4sst den Huf gleichzeitig atmen\" \/>\n<meta name=\"robots\" content=\"index, follow, max-snippet:-1, max-image-preview:large, max-video-preview:-1\" \/>\n<link rel=\"canonical\" href=\"https:\/\/sweet-horse.ch\/de\/produit\/nellumbo-hufbalsam-winter-500ml\/\" \/>\n<meta property=\"og:locale\" content=\"de_DE\" \/>\n<meta property=\"og:type\" content=\"article\" \/>\n<meta property=\"og:title\" content=\"Nellumbo \u2013 Hufbalsam 500 ml - Sweet Horse\" \/>\n<meta property=\"og:description\" content=\"Der nat\u00fcrliche Hufbalsam sorgt f\u00fcr eine langanhaltende Feuchtigkeitsversorgung und l\u00e4sst den Huf gleichzeitig atmen\" \/>\n<meta property=\"og:url\" content=\"https:\/\/sweet-horse.ch\/de\/produit\/nellumbo-hufbalsam-winter-500ml\/\" \/>\n<meta property=\"og:site_name\" content=\"Sweet Horse\" \/>\n<meta property=\"article:modified_time\" content=\"2025-12-23T15:16:00+00:00\" \/>\n<meta property=\"og:image\" content=\"https:\/\/i0.wp.com\/sweet-horse.ch\/wp-content\/uploads\/2025\/12\/Nellumbo-Baume-soin-pour-sabots.png?fit=600%2C600&ssl=1\" \/>\n\t<meta property=\"og:image:width\" content=\"600\" \/>\n\t<meta property=\"og:image:height\" content=\"600\" \/>\n\t<meta property=\"og:image:type\" content=\"image\/png\" \/>\n<meta name=\"twitter:card\" content=\"summary_large_image\" \/>\n<script type=\"application\/ld+json\" class=\"yoast-schema-graph\">{\"@context\":\"https:\\\/\\\/schema.org\",\"@graph\":[{\"@type\":\"WebPage\",\"@id\":\"https:\\\/\\\/sweet-horse.ch\\\/de\\\/produit\\\/nellumbo-hufbalsam-winter-500ml\\\/\",\"url\":\"https:\\\/\\\/sweet-horse.ch\\\/de\\\/produit\\\/nellumbo-hufbalsam-winter-500ml\\\/\",\"name\":\"Nellumbo \u2013 Hufbalsam 500 ml - Sweet Horse\",\"isPartOf\":{\"@id\":\"https:\\\/\\\/sweet-horse.ch\\\/de\\\/#website\"},\"primaryImageOfPage\":{\"@id\":\"https:\\\/\\\/sweet-horse.ch\\\/de\\\/produit\\\/nellumbo-hufbalsam-winter-500ml\\\/#primaryimage\"},\"image\":{\"@id\":\"https:\\\/\\\/sweet-horse.ch\\\/de\\\/produit\\\/nellumbo-hufbalsam-winter-500ml\\\/#primaryimage\"},\"thumbnailUrl\":\"https:\\\/\\\/i0.wp.com\\\/sweet-horse.ch\\\/wp-content\\\/uploads\\\/2025\\\/12\\\/Nellumbo-Baume-soin-pour-sabots.png?fit=600%2C600&ssl=1\",\"datePublished\":\"2023-12-19T16:01:02+00:00\",\"dateModified\":\"2025-12-23T15:16:00+00:00\",\"description\":\"Der nat\u00fcrliche Hufbalsam sorgt f\u00fcr eine langanhaltende Feuchtigkeitsversorgung und l\u00e4sst den Huf gleichzeitig atmen\",\"breadcrumb\":{\"@id\":\"https:\\\/\\\/sweet-horse.ch\\\/de\\\/produit\\\/nellumbo-hufbalsam-winter-500ml\\\/#breadcrumb\"},\"inLanguage\":\"de\",\"potentialAction\":[{\"@type\":\"ReadAction\",\"target\":[\"https:\\\/\\\/sweet-horse.ch\\\/de\\\/produit\\\/nellumbo-hufbalsam-winter-500ml\\\/\"]}]},{\"@type\":\"ImageObject\",\"inLanguage\":\"de\",\"@id\":\"https:\\\/\\\/sweet-horse.ch\\\/de\\\/produit\\\/nellumbo-hufbalsam-winter-500ml\\\/#primaryimage\",\"url\":\"https:\\\/\\\/i0.wp.com\\\/sweet-horse.ch\\\/wp-content\\\/uploads\\\/2025\\\/12\\\/Nellumbo-Baume-soin-pour-sabots.png?fit=600%2C600&ssl=1\",\"contentUrl\":\"https:\\\/\\\/i0.wp.com\\\/sweet-horse.ch\\\/wp-content\\\/uploads\\\/2025\\\/12\\\/Nellumbo-Baume-soin-pour-sabots.png?fit=600%2C600&ssl=1\",\"width\":600,\"height\":600,\"caption\":\"Nellumbo \u2013 Hufbalsam 500 ml\"},{\"@type\":\"BreadcrumbList\",\"@id\":\"https:\\\/\\\/sweet-horse.ch\\\/de\\\/produit\\\/nellumbo-hufbalsam-winter-500ml\\\/#breadcrumb\",\"itemListElement\":[{\"@type\":\"ListItem\",\"position\":1,\"name\":\"Startseite\",\"item\":\"https:\\\/\\\/sweet-horse.ch\\\/de\\\/startseite\\\/\"},{\"@type\":\"ListItem\",\"position\":2,\"name\":\"Shop\",\"item\":\"https:\\\/\\\/sweet-horse.ch\\\/de\\\/shop\\\/\"},{\"@type\":\"ListItem\",\"position\":3,\"name\":\"Nellumbo \u2013 Hufbalsam 500 ml\"}]},{\"@type\":\"WebSite\",\"@id\":\"https:\\\/\\\/sweet-horse.ch\\\/de\\\/#website\",\"url\":\"https:\\\/\\\/sweet-horse.ch\\\/de\\\/\",\"name\":\"Sweet Horse\",\"description\":\"Naturellement \u00e0 l&#039;\u00e9coute de votre compagnon \u00e9quin\",\"publisher\":{\"@id\":\"https:\\\/\\\/sweet-horse.ch\\\/de\\\/#organization\"},\"potentialAction\":[{\"@type\":\"SearchAction\",\"target\":{\"@type\":\"EntryPoint\",\"urlTemplate\":\"https:\\\/\\\/sweet-horse.ch\\\/de\\\/?s={search_term_string}\"},\"query-input\":{\"@type\":\"PropertyValueSpecification\",\"valueRequired\":true,\"valueName\":\"search_term_string\"}}],\"inLanguage\":\"de\"},{\"@type\":\"Organization\",\"@id\":\"https:\\\/\\\/sweet-horse.ch\\\/de\\\/#organization\",\"name\":\"Sweet Horse\",\"url\":\"https:\\\/\\\/sweet-horse.ch\\\/de\\\/\",\"logo\":{\"@type\":\"ImageObject\",\"inLanguage\":\"de\",\"@id\":\"https:\\\/\\\/sweet-horse.ch\\\/de\\\/#\\\/schema\\\/logo\\\/image\\\/\",\"url\":\"https:\\\/\\\/i0.wp.com\\\/sweet-horse.ch\\\/wp-content\\\/uploads\\\/2023\\\/12\\\/cropped-cropped-sweethorse_RVB-scaled-1.webp?fit=1763%2C1920&ssl=1\",\"contentUrl\":\"https:\\\/\\\/i0.wp.com\\\/sweet-horse.ch\\\/wp-content\\\/uploads\\\/2023\\\/12\\\/cropped-cropped-sweethorse_RVB-scaled-1.webp?fit=1763%2C1920&ssl=1\",\"width\":1763,\"height\":1920,\"caption\":\"Sweet Horse\"},\"image\":{\"@id\":\"https:\\\/\\\/sweet-horse.ch\\\/de\\\/#\\\/schema\\\/logo\\\/image\\\/\"},\"sameAs\":[\"https:\\\/\\\/www.instagram.com\\\/sweet_horse.ch\"]}]}<\/script>\n<!-- \/ Yoast SEO plugin. -->","yoast_head_json":{"title":"Nellumbo \u2013 Hufbalsam 500 ml - Sweet Horse","description":"Der nat\u00fcrliche Hufbalsam sorgt f\u00fcr eine langanhaltende Feuchtigkeitsversorgung und l\u00e4sst den Huf gleichzeitig atmen","robots":{"index":"index","follow":"follow","max-snippet":"max-snippet:-1","max-image-preview":"max-image-preview:large","max-video-preview":"max-video-preview:-1"},"canonical":"https:\/\/sweet-horse.ch\/de\/produit\/nellumbo-hufbalsam-winter-500ml\/","og_locale":"de_DE","og_type":"article","og_title":"Nellumbo \u2013 Hufbalsam 500 ml - Sweet Horse","og_description":"Der nat\u00fcrliche Hufbalsam sorgt f\u00fcr eine langanhaltende Feuchtigkeitsversorgung und l\u00e4sst den Huf gleichzeitig atmen","og_url":"https:\/\/sweet-horse.ch\/de\/produit\/nellumbo-hufbalsam-winter-500ml\/","og_site_name":"Sweet Horse","article_modified_time":"2025-12-23T15:16:00+00:00","og_image":[{"width":600,"height":600,"url":"https:\/\/i0.wp.com\/sweet-horse.ch\/wp-content\/uploads\/2025\/12\/Nellumbo-Baume-soin-pour-sabots.png?fit=600%2C600&ssl=1","type":"image\/png"}],"twitter_card":"summary_large_image","schema":{"@context":"https:\/\/schema.org","@graph":[{"@type":"WebPage","@id":"https:\/\/sweet-horse.ch\/de\/produit\/nellumbo-hufbalsam-winter-500ml\/","url":"https:\/\/sweet-horse.ch\/de\/produit\/nellumbo-hufbalsam-winter-500ml\/","name":"Nellumbo \u2013 Hufbalsam 500 ml - Sweet Horse","isPartOf":{"@id":"https:\/\/sweet-horse.ch\/de\/#website"},"primaryImageOfPage":{"@id":"https:\/\/sweet-horse.ch\/de\/produit\/nellumbo-hufbalsam-winter-500ml\/#primaryimage"},"image":{"@id":"https:\/\/sweet-horse.ch\/de\/produit\/nellumbo-hufbalsam-winter-500ml\/#primaryimage"},"thumbnailUrl":"https:\/\/i0.wp.com\/sweet-horse.ch\/wp-content\/uploads\/2025\/12\/Nellumbo-Baume-soin-pour-sabots.png?fit=600%2C600&ssl=1","datePublished":"2023-12-19T16:01:02+00:00","dateModified":"2025-12-23T15:16:00+00:00","description":"Der nat\u00fcrliche Hufbalsam sorgt f\u00fcr eine langanhaltende Feuchtigkeitsversorgung und l\u00e4sst den Huf gleichzeitig atmen","breadcrumb":{"@id":"https:\/\/sweet-horse.ch\/de\/produit\/nellumbo-hufbalsam-winter-500ml\/#breadcrumb"},"inLanguage":"de","potentialAction":[{"@type":"ReadAction","target":["https:\/\/sweet-horse.ch\/de\/produit\/nellumbo-hufbalsam-winter-500ml\/"]}]},{"@type":"ImageObject","inLanguage":"de","@id":"https:\/\/sweet-horse.ch\/de\/produit\/nellumbo-hufbalsam-winter-500ml\/#primaryimage","url":"https:\/\/i0.wp.com\/sweet-horse.ch\/wp-content\/uploads\/2025\/12\/Nellumbo-Baume-soin-pour-sabots.png?fit=600%2C600&ssl=1","contentUrl":"https:\/\/i0.wp.com\/sweet-horse.ch\/wp-content\/uploads\/2025\/12\/Nellumbo-Baume-soin-pour-sabots.png?fit=600%2C600&ssl=1","width":600,"height":600,"caption":"Nellumbo \u2013 Hufbalsam 500 ml"},{"@type":"BreadcrumbList","@id":"https:\/\/sweet-horse.ch\/de\/produit\/nellumbo-hufbalsam-winter-500ml\/#breadcrumb","itemListElement":[{"@type":"ListItem","position":1,"name":"Startseite","item":"https:\/\/sweet-horse.ch\/de\/startseite\/"},{"@type":"ListItem","position":2,"name":"Shop","item":"https:\/\/sweet-horse.ch\/de\/shop\/"},{"@type":"ListItem","position":3,"name":"Nellumbo \u2013 Hufbalsam 500 ml"}]},{"@type":"WebSite","@id":"https:\/\/sweet-horse.ch\/de\/#website","url":"https:\/\/sweet-horse.ch\/de\/","name":"Sweet Horse","description":"Naturellement \u00e0 l&#039;\u00e9coute de votre compagnon \u00e9quin","publisher":{"@id":"https:\/\/sweet-horse.ch\/de\/#organization"},"potentialAction":[{"@type":"SearchAction","target":{"@type":"EntryPoint","urlTemplate":"https:\/\/sweet-horse.ch\/de\/?s={search_term_string}"},"query-input":{"@type":"PropertyValueSpecification","valueRequired":true,"valueName":"search_term_string"}}],"inLanguage":"de"},{"@type":"Organization","@id":"https:\/\/sweet-horse.ch\/de\/#organization","name":"Sweet Horse","url":"https:\/\/sweet-horse.ch\/de\/","logo":{"@type":"ImageObject","inLanguage":"de","@id":"https:\/\/sweet-horse.ch\/de\/#\/schema\/logo\/image\/","url":"https:\/\/i0.wp.com\/sweet-horse.ch\/wp-content\/uploads\/2023\/12\/cropped-cropped-sweethorse_RVB-scaled-1.webp?fit=1763%2C1920&ssl=1","contentUrl":"https:\/\/i0.wp.com\/sweet-horse.ch\/wp-content\/uploads\/2023\/12\/cropped-cropped-sweethorse_RVB-scaled-1.webp?fit=1763%2C1920&ssl=1","width":1763,"height":1920,"caption":"Sweet Horse"},"image":{"@id":"https:\/\/sweet-horse.ch\/de\/#\/schema\/logo\/image\/"},"sameAs":["https:\/\/www.instagram.com\/sweet_horse.ch"]}]}},"_links":{"self":[{"href":"https:\/\/sweet-horse.ch\/de\/wp-json\/wp\/v2\/product\/33602","targetHints":{"allow":["GET"]}}],"collection":[{"href":"https:\/\/sweet-horse.ch\/de\/wp-json\/wp\/v2\/product"}],"about":[{"href":"https:\/\/sweet-horse.ch\/de\/wp-json\/wp\/v2\/types\/product"}],"version-history":[{"count":2,"href":"https:\/\/sweet-horse.ch\/de\/wp-json\/wp\/v2\/product\/33602\/revisions"}],"predecessor-version":[{"id":34046,"href":"https:\/\/sweet-horse.ch\/de\/wp-json\/wp\/v2\/product\/33602\/revisions\/34046"}],"wp:featuredmedia":[{"embeddable":true,"href":"https:\/\/sweet-horse.ch\/de\/wp-json\/wp\/v2\/media\/34048"}],"wp:attachment":[{"href":"https:\/\/sweet-horse.ch\/de\/wp-json\/wp\/v2\/media?parent=33602"}],"wp:term":[{"taxonomy":"product_brand","embeddable":true,"href":"https:\/\/sweet-horse.ch\/de\/wp-json\/wp\/v2\/product_brand?post=33602"},{"taxonomy":"product_cat","embeddable":true,"href":"https:\/\/sweet-horse.ch\/de\/wp-json\/wp\/v2\/product_cat?post=33602"},{"taxonomy":"product_tag","embeddable":true,"href":"https:\/\/sweet-horse.ch\/de\/wp-json\/wp\/v2\/product_tag?post=33602"}],"curies":[{"name":"wp","href":"https:\/\/api.w.org\/{rel}","templated":true}]}}