{"id":33612,"date":"2023-12-12T19:32:56","date_gmt":"2023-12-12T18:32:56","guid":{"rendered":"https:\/\/sweet-horse.ch\/produit\/hilton-herbs-herb-power-1kg\/"},"modified":"2025-11-22T12:13:22","modified_gmt":"2025-11-22T11:13:22","slug":"hilton-herbs-herb-power-1kg","status":"publish","type":"product","link":"https:\/\/sweet-horse.ch\/de\/produit\/hilton-herbs-herb-power-1kg\/","title":{"rendered":"Hilton Herbs \u2013 Herb Power 1kg"},"content":{"rendered":"<p>HERB POWER wurde entwickelt, um Folgendes zu unterst\u00fctzen:<\/p>\n<ul>\n<li>die Versorgung mit essentiellen N\u00e4hrstoffen f\u00fcr Pferde und Ponys jeden Alters, auf nat\u00fcrliche Weise<\/li>\n<li>die Zufuhr von Vitaminen und Mineralien f\u00fcr Tiere, deren Zugang zu Gras begrenzt oder wenig abwechslungsreich ist<\/li>\n<li>und die Entwicklung junger Pferde zu f\u00f6rdern.<\/li>\n<\/ul>\n<p>Herb Power ist ein nat\u00fcrliches Trockenerg\u00e4nzungsmittel auf Basis von Brennnessel, Kletten-Labkraut und Knotentang, reich an Vitaminen und Mineralien. Die Natur bietet im Laufe der Jahreszeiten eine ganze Reihe von Pflanzen: Kletten-Labkraut im Fr\u00fchling, Hagebutten im Herbst, und Pferde profitieren davon. Die meisten Pferde haben jedoch nur begrenzten Zugang zu den Pflanzen, die sie ben\u00f6tigen. Herb Power ist ein nat\u00fcrliches Erg\u00e4nzungsmittel, um Ihrem Tier die ben\u00f6tigten N\u00e4hrstoffe zu bieten.   <\/p>\n<p>Herb Power ist ein Erg\u00e4nzungsfuttermittel f\u00fcr Pferde auf der Weide, in der Box, im Offenstall oder im Paddock.<\/p>\n","protected":false},"excerpt":{"rendered":"<p>Trockenerg\u00e4nzungsmittel aus einer Mischung von 11 dehydrierten Pflanzen, Vitamin- und Mineralstoffquellen f\u00fcr das Wohlbefinden des Pferdes.<\/p>\n","protected":false},"featured_media":33614,"template":"","meta":{"site-sidebar-layout":"default","site-content-layout":"","ast-site-content-layout":"default","site-content-style":"default","site-sidebar-style":"default","ast-global-header-display":"","ast-banner-title-visibility":"","ast-main-header-display":"","ast-hfb-above-header-display":"","ast-hfb-below-header-display":"","ast-hfb-mobile-header-display":"","site-post-title":"","ast-breadcrumbs-content":"","ast-featured-img":"","footer-sml-layout":"","ast-disable-related-posts":"","theme-transparent-header-meta":"default","adv-header-id-meta":"","stick-header-meta":"default","header-above-stick-meta":"","header-main-stick-meta":"","header-below-stick-meta":"","astra-migrate-meta-layouts":"default","ast-page-background-enabled":"default","ast-page-background-meta":{"desktop":{"background-color":"var(--ast-global-color-4)","background-image":"","background-repeat":"repeat","background-position":"center center","background-size":"auto","background-attachment":"scroll","background-type":"","background-media":"","overlay-type":"","overlay-color":"","overlay-opacity":"","overlay-gradient":""},"tablet":{"background-color":"","background-image":"","background-repeat":"repeat","background-position":"center center","background-size":"auto","background-attachment":"scroll","background-type":"","background-media":"","overlay-type":"","overlay-color":"","overlay-opacity":"","overlay-gradient":""},"mobile":{"background-color":"","background-image":"","background-repeat":"repeat","background-position":"center center","background-size":"auto","background-attachment":"scroll","background-type":"","background-media":"","overlay-type":"","overlay-color":"","overlay-opacity":"","overlay-gradient":""}},"ast-content-background-meta":{"desktop":{"background-color":"var(--ast-global-color-5)","background-image":"","background-repeat":"repeat","background-position":"center center","background-size":"auto","background-attachment":"scroll","background-type":"","background-media":"","overlay-type":"","overlay-color":"","overlay-opacity":"","overlay-gradient":""},"tablet":{"background-color":"var(--ast-global-color-5)","background-image":"","background-repeat":"repeat","background-position":"center center","background-size":"auto","background-attachment":"scroll","background-type":"","background-media":"","overlay-type":"","overlay-color":"","overlay-opacity":"","overlay-gradient":""},"mobile":{"background-color":"var(--ast-global-color-5)","background-image":"","background-repeat":"repeat","background-position":"center center","background-size":"auto","background-attachment":"scroll","background-type":"","background-media":"","overlay-type":"","overlay-color":"","overlay-opacity":"","overlay-gradient":""}}},"product_brand":[],"product_cat":[115,108,111],"product_tag":[],"class_list":{"0":"post-33612","1":"product","2":"type-product","3":"status-publish","4":"has-post-thumbnail","6":"product_cat-allgemeine-gesundheit","7":"product_cat-erganzungsmittel","8":"product_cat-hilton-herbs","9":"desktop-align-left","10":"tablet-align-left","11":"mobile-align-left","12":"ast-product-gallery-layout-first-image-large","13":"ast-product-gallery-with-no-image","14":"ast-product-tabs-layout-horizontal","16":"first","17":"instock","18":"purchasable","19":"product-type-simple"},"yoast_head":"<!-- This site is optimized with the Yoast SEO plugin v27.3 - https:\/\/yoast.com\/product\/yoast-seo-wordpress\/ -->\n<title>Hilton Herbs - Herb Power 1kg - Sweet Horse<\/title>\n<meta name=\"description\" content=\"Herb Power ist ein nat\u00fcrliches Trockenerg\u00e4nzungsmittel auf Basis von Brennnessel, Kletten-Labkraut und Knotentang, reich an Vitaminen und Mineralien.\" \/>\n<meta name=\"robots\" content=\"index, follow, max-snippet:-1, max-image-preview:large, max-video-preview:-1\" \/>\n<link rel=\"canonical\" href=\"https:\/\/sweet-horse.ch\/de\/produit\/hilton-herbs-herb-power-1kg\/\" \/>\n<meta property=\"og:locale\" content=\"de_DE\" \/>\n<meta property=\"og:type\" content=\"article\" \/>\n<meta property=\"og:title\" content=\"Hilton Herbs - Herb Power 1kg - Sweet Horse\" \/>\n<meta property=\"og:description\" content=\"Herb Power ist ein nat\u00fcrliches Trockenerg\u00e4nzungsmittel auf Basis von Brennnessel, Kletten-Labkraut und Knotentang, reich an Vitaminen und Mineralien.\" \/>\n<meta property=\"og:url\" content=\"https:\/\/sweet-horse.ch\/de\/produit\/hilton-herbs-herb-power-1kg\/\" \/>\n<meta property=\"og:site_name\" content=\"Sweet Horse\" \/>\n<meta property=\"article:modified_time\" content=\"2025-11-22T11:13:22+00:00\" \/>\n<meta property=\"og:image\" content=\"https:\/\/i0.wp.com\/sweet-horse.ch\/wp-content\/uploads\/2025\/05\/Herb-Power.webp?fit=800%2C800&ssl=1\" \/>\n\t<meta property=\"og:image:width\" content=\"800\" \/>\n\t<meta property=\"og:image:height\" content=\"800\" \/>\n\t<meta property=\"og:image:type\" content=\"image\/webp\" \/>\n<meta name=\"twitter:card\" content=\"summary_large_image\" \/>\n<meta name=\"twitter:label1\" content=\"Gesch\u00e4tzte Lesezeit\" \/>\n\t<meta name=\"twitter:data1\" content=\"1\u00a0Minute\" \/>\n<script type=\"application\/ld+json\" class=\"yoast-schema-graph\">{\"@context\":\"https:\\\/\\\/schema.org\",\"@graph\":[{\"@type\":\"WebPage\",\"@id\":\"https:\\\/\\\/sweet-horse.ch\\\/de\\\/produit\\\/hilton-herbs-herb-power-1kg\\\/\",\"url\":\"https:\\\/\\\/sweet-horse.ch\\\/de\\\/produit\\\/hilton-herbs-herb-power-1kg\\\/\",\"name\":\"Hilton Herbs - Herb Power 1kg - Sweet Horse\",\"isPartOf\":{\"@id\":\"https:\\\/\\\/sweet-horse.ch\\\/de\\\/#website\"},\"primaryImageOfPage\":{\"@id\":\"https:\\\/\\\/sweet-horse.ch\\\/de\\\/produit\\\/hilton-herbs-herb-power-1kg\\\/#primaryimage\"},\"image\":{\"@id\":\"https:\\\/\\\/sweet-horse.ch\\\/de\\\/produit\\\/hilton-herbs-herb-power-1kg\\\/#primaryimage\"},\"thumbnailUrl\":\"https:\\\/\\\/i0.wp.com\\\/sweet-horse.ch\\\/wp-content\\\/uploads\\\/2025\\\/05\\\/Herb-Power.webp?fit=800%2C800&ssl=1\",\"datePublished\":\"2023-12-12T18:32:56+00:00\",\"dateModified\":\"2025-11-22T11:13:22+00:00\",\"description\":\"Herb Power ist ein nat\u00fcrliches Trockenerg\u00e4nzungsmittel auf Basis von Brennnessel, Kletten-Labkraut und Knotentang, reich an Vitaminen und Mineralien.\",\"breadcrumb\":{\"@id\":\"https:\\\/\\\/sweet-horse.ch\\\/de\\\/produit\\\/hilton-herbs-herb-power-1kg\\\/#breadcrumb\"},\"inLanguage\":\"de\",\"potentialAction\":[{\"@type\":\"ReadAction\",\"target\":[\"https:\\\/\\\/sweet-horse.ch\\\/de\\\/produit\\\/hilton-herbs-herb-power-1kg\\\/\"]}]},{\"@type\":\"ImageObject\",\"inLanguage\":\"de\",\"@id\":\"https:\\\/\\\/sweet-horse.ch\\\/de\\\/produit\\\/hilton-herbs-herb-power-1kg\\\/#primaryimage\",\"url\":\"https:\\\/\\\/i0.wp.com\\\/sweet-horse.ch\\\/wp-content\\\/uploads\\\/2025\\\/05\\\/Herb-Power.webp?fit=800%2C800&ssl=1\",\"contentUrl\":\"https:\\\/\\\/i0.wp.com\\\/sweet-horse.ch\\\/wp-content\\\/uploads\\\/2025\\\/05\\\/Herb-Power.webp?fit=800%2C800&ssl=1\",\"width\":800,\"height\":800,\"caption\":\"Hilton Herbs \u2013 Herb Power 1kg\"},{\"@type\":\"BreadcrumbList\",\"@id\":\"https:\\\/\\\/sweet-horse.ch\\\/de\\\/produit\\\/hilton-herbs-herb-power-1kg\\\/#breadcrumb\",\"itemListElement\":[{\"@type\":\"ListItem\",\"position\":1,\"name\":\"Startseite\",\"item\":\"https:\\\/\\\/sweet-horse.ch\\\/de\\\/startseite\\\/\"},{\"@type\":\"ListItem\",\"position\":2,\"name\":\"Shop\",\"item\":\"https:\\\/\\\/sweet-horse.ch\\\/de\\\/shop\\\/\"},{\"@type\":\"ListItem\",\"position\":3,\"name\":\"Hilton Herbs \u2013 Herb Power 1kg\"}]},{\"@type\":\"WebSite\",\"@id\":\"https:\\\/\\\/sweet-horse.ch\\\/de\\\/#website\",\"url\":\"https:\\\/\\\/sweet-horse.ch\\\/de\\\/\",\"name\":\"Sweet Horse\",\"description\":\"Naturellement \u00e0 l&#039;\u00e9coute de votre compagnon \u00e9quin\",\"publisher\":{\"@id\":\"https:\\\/\\\/sweet-horse.ch\\\/de\\\/#organization\"},\"potentialAction\":[{\"@type\":\"SearchAction\",\"target\":{\"@type\":\"EntryPoint\",\"urlTemplate\":\"https:\\\/\\\/sweet-horse.ch\\\/de\\\/?s={search_term_string}\"},\"query-input\":{\"@type\":\"PropertyValueSpecification\",\"valueRequired\":true,\"valueName\":\"search_term_string\"}}],\"inLanguage\":\"de\"},{\"@type\":\"Organization\",\"@id\":\"https:\\\/\\\/sweet-horse.ch\\\/de\\\/#organization\",\"name\":\"Sweet Horse\",\"url\":\"https:\\\/\\\/sweet-horse.ch\\\/de\\\/\",\"logo\":{\"@type\":\"ImageObject\",\"inLanguage\":\"de\",\"@id\":\"https:\\\/\\\/sweet-horse.ch\\\/de\\\/#\\\/schema\\\/logo\\\/image\\\/\",\"url\":\"https:\\\/\\\/i0.wp.com\\\/sweet-horse.ch\\\/wp-content\\\/uploads\\\/2023\\\/12\\\/cropped-cropped-sweethorse_RVB-scaled-1.webp?fit=1763%2C1920&ssl=1\",\"contentUrl\":\"https:\\\/\\\/i0.wp.com\\\/sweet-horse.ch\\\/wp-content\\\/uploads\\\/2023\\\/12\\\/cropped-cropped-sweethorse_RVB-scaled-1.webp?fit=1763%2C1920&ssl=1\",\"width\":1763,\"height\":1920,\"caption\":\"Sweet Horse\"},\"image\":{\"@id\":\"https:\\\/\\\/sweet-horse.ch\\\/de\\\/#\\\/schema\\\/logo\\\/image\\\/\"},\"sameAs\":[\"https:\\\/\\\/www.instagram.com\\\/sweet_horse.ch\"]}]}<\/script>\n<!-- \/ Yoast SEO plugin. -->","yoast_head_json":{"title":"Hilton Herbs - Herb Power 1kg - Sweet Horse","description":"Herb Power ist ein nat\u00fcrliches Trockenerg\u00e4nzungsmittel auf Basis von Brennnessel, Kletten-Labkraut und Knotentang, reich an Vitaminen und Mineralien.","robots":{"index":"index","follow":"follow","max-snippet":"max-snippet:-1","max-image-preview":"max-image-preview:large","max-video-preview":"max-video-preview:-1"},"canonical":"https:\/\/sweet-horse.ch\/de\/produit\/hilton-herbs-herb-power-1kg\/","og_locale":"de_DE","og_type":"article","og_title":"Hilton Herbs - Herb Power 1kg - Sweet Horse","og_description":"Herb Power ist ein nat\u00fcrliches Trockenerg\u00e4nzungsmittel auf Basis von Brennnessel, Kletten-Labkraut und Knotentang, reich an Vitaminen und Mineralien.","og_url":"https:\/\/sweet-horse.ch\/de\/produit\/hilton-herbs-herb-power-1kg\/","og_site_name":"Sweet Horse","article_modified_time":"2025-11-22T11:13:22+00:00","og_image":[{"width":800,"height":800,"url":"https:\/\/i0.wp.com\/sweet-horse.ch\/wp-content\/uploads\/2025\/05\/Herb-Power.webp?fit=800%2C800&ssl=1","type":"image\/webp"}],"twitter_card":"summary_large_image","twitter_misc":{"Gesch\u00e4tzte Lesezeit":"1\u00a0Minute"},"schema":{"@context":"https:\/\/schema.org","@graph":[{"@type":"WebPage","@id":"https:\/\/sweet-horse.ch\/de\/produit\/hilton-herbs-herb-power-1kg\/","url":"https:\/\/sweet-horse.ch\/de\/produit\/hilton-herbs-herb-power-1kg\/","name":"Hilton Herbs - Herb Power 1kg - Sweet Horse","isPartOf":{"@id":"https:\/\/sweet-horse.ch\/de\/#website"},"primaryImageOfPage":{"@id":"https:\/\/sweet-horse.ch\/de\/produit\/hilton-herbs-herb-power-1kg\/#primaryimage"},"image":{"@id":"https:\/\/sweet-horse.ch\/de\/produit\/hilton-herbs-herb-power-1kg\/#primaryimage"},"thumbnailUrl":"https:\/\/i0.wp.com\/sweet-horse.ch\/wp-content\/uploads\/2025\/05\/Herb-Power.webp?fit=800%2C800&ssl=1","datePublished":"2023-12-12T18:32:56+00:00","dateModified":"2025-11-22T11:13:22+00:00","description":"Herb Power ist ein nat\u00fcrliches Trockenerg\u00e4nzungsmittel auf Basis von Brennnessel, Kletten-Labkraut und Knotentang, reich an Vitaminen und Mineralien.","breadcrumb":{"@id":"https:\/\/sweet-horse.ch\/de\/produit\/hilton-herbs-herb-power-1kg\/#breadcrumb"},"inLanguage":"de","potentialAction":[{"@type":"ReadAction","target":["https:\/\/sweet-horse.ch\/de\/produit\/hilton-herbs-herb-power-1kg\/"]}]},{"@type":"ImageObject","inLanguage":"de","@id":"https:\/\/sweet-horse.ch\/de\/produit\/hilton-herbs-herb-power-1kg\/#primaryimage","url":"https:\/\/i0.wp.com\/sweet-horse.ch\/wp-content\/uploads\/2025\/05\/Herb-Power.webp?fit=800%2C800&ssl=1","contentUrl":"https:\/\/i0.wp.com\/sweet-horse.ch\/wp-content\/uploads\/2025\/05\/Herb-Power.webp?fit=800%2C800&ssl=1","width":800,"height":800,"caption":"Hilton Herbs \u2013 Herb Power 1kg"},{"@type":"BreadcrumbList","@id":"https:\/\/sweet-horse.ch\/de\/produit\/hilton-herbs-herb-power-1kg\/#breadcrumb","itemListElement":[{"@type":"ListItem","position":1,"name":"Startseite","item":"https:\/\/sweet-horse.ch\/de\/startseite\/"},{"@type":"ListItem","position":2,"name":"Shop","item":"https:\/\/sweet-horse.ch\/de\/shop\/"},{"@type":"ListItem","position":3,"name":"Hilton Herbs \u2013 Herb Power 1kg"}]},{"@type":"WebSite","@id":"https:\/\/sweet-horse.ch\/de\/#website","url":"https:\/\/sweet-horse.ch\/de\/","name":"Sweet Horse","description":"Naturellement \u00e0 l&#039;\u00e9coute de votre compagnon \u00e9quin","publisher":{"@id":"https:\/\/sweet-horse.ch\/de\/#organization"},"potentialAction":[{"@type":"SearchAction","target":{"@type":"EntryPoint","urlTemplate":"https:\/\/sweet-horse.ch\/de\/?s={search_term_string}"},"query-input":{"@type":"PropertyValueSpecification","valueRequired":true,"valueName":"search_term_string"}}],"inLanguage":"de"},{"@type":"Organization","@id":"https:\/\/sweet-horse.ch\/de\/#organization","name":"Sweet Horse","url":"https:\/\/sweet-horse.ch\/de\/","logo":{"@type":"ImageObject","inLanguage":"de","@id":"https:\/\/sweet-horse.ch\/de\/#\/schema\/logo\/image\/","url":"https:\/\/i0.wp.com\/sweet-horse.ch\/wp-content\/uploads\/2023\/12\/cropped-cropped-sweethorse_RVB-scaled-1.webp?fit=1763%2C1920&ssl=1","contentUrl":"https:\/\/i0.wp.com\/sweet-horse.ch\/wp-content\/uploads\/2023\/12\/cropped-cropped-sweethorse_RVB-scaled-1.webp?fit=1763%2C1920&ssl=1","width":1763,"height":1920,"caption":"Sweet Horse"},"image":{"@id":"https:\/\/sweet-horse.ch\/de\/#\/schema\/logo\/image\/"},"sameAs":["https:\/\/www.instagram.com\/sweet_horse.ch"]}]}},"_links":{"self":[{"href":"https:\/\/sweet-horse.ch\/de\/wp-json\/wp\/v2\/product\/33612","targetHints":{"allow":["GET"]}}],"collection":[{"href":"https:\/\/sweet-horse.ch\/de\/wp-json\/wp\/v2\/product"}],"about":[{"href":"https:\/\/sweet-horse.ch\/de\/wp-json\/wp\/v2\/types\/product"}],"version-history":[{"count":1,"href":"https:\/\/sweet-horse.ch\/de\/wp-json\/wp\/v2\/product\/33612\/revisions"}],"predecessor-version":[{"id":33617,"href":"https:\/\/sweet-horse.ch\/de\/wp-json\/wp\/v2\/product\/33612\/revisions\/33617"}],"wp:featuredmedia":[{"embeddable":true,"href":"https:\/\/sweet-horse.ch\/de\/wp-json\/wp\/v2\/media\/33614"}],"wp:attachment":[{"href":"https:\/\/sweet-horse.ch\/de\/wp-json\/wp\/v2\/media?parent=33612"}],"wp:term":[{"taxonomy":"product_brand","embeddable":true,"href":"https:\/\/sweet-horse.ch\/de\/wp-json\/wp\/v2\/product_brand?post=33612"},{"taxonomy":"product_cat","embeddable":true,"href":"https:\/\/sweet-horse.ch\/de\/wp-json\/wp\/v2\/product_cat?post=33612"},{"taxonomy":"product_tag","embeddable":true,"href":"https:\/\/sweet-horse.ch\/de\/wp-json\/wp\/v2\/product_tag?post=33612"}],"curies":[{"name":"wp","href":"https:\/\/api.w.org\/{rel}","templated":true}]}}