{"id":33726,"date":"2024-09-14T10:15:49","date_gmt":"2024-09-14T08:15:49","guid":{"rendered":"https:\/\/sweet-horse.ch\/produit\/red-horse-field-paste-750g\/"},"modified":"2026-03-11T12:12:05","modified_gmt":"2026-03-11T11:12:05","slug":"red-horse-field-paste-750g","status":"publish","type":"product","link":"https:\/\/sweet-horse.ch\/de\/produit\/red-horse-field-paste-750g\/","title":{"rendered":"Red Horse \u2013 Field Paste 750g"},"content":{"rendered":"<p>Diese Paste, bestehend aus Tonerde, Zink und \u00e4therischen \u00d6len, ist speziell formuliert, um die Hufsohle und den Strahl der Pferde zu st\u00e4rken.<\/p>\n<p>Ihre starke reinigende Wirkung macht sie zu einer idealen L\u00f6sung f\u00fcr eine weniger h\u00e4ufige Anwendung, wenn besondere Aufmerksamkeit erforderlich ist. Indem sie das nat\u00fcrliche Wachstum von gesundem Gewebe f\u00f6rdert, wirkt sie tief auf die Oberfl\u00e4che des Strahls ein und tr\u00e4gt zur allgemeinen Hufgesundheit bei. <\/p>\n<p>Ihre dicke und past\u00f6se Konsistenz gew\u00e4hrleistet eine verl\u00e4ngerte Haftung, selbst in tiefen Hufspalten, wodurch die Paste l\u00e4nger an Ort und Stelle bleibt und einen wirksamen Schutz bietet.<\/p>\n<p>Dank ihrer aktiven Inhaltsstoffe tr\u00e4gt diese Paste zur Geweberegeneration und zur Vorbeugung von Infektionen bei und bietet eine optimale Unterst\u00fctzung f\u00fcr Hufsohle und Strahl.<\/p>\n","protected":false},"excerpt":{"rendered":"<p>Paste auf Basis von Tonerde, Zink und \u00e4therischen \u00d6len, st\u00e4rkt Hufsohle und Strahl der Pferde, f\u00f6rdert gesundes Gewebe und reinigt tiefenwirksam.<\/p>\n","protected":false},"featured_media":33046,"template":"","meta":{"site-sidebar-layout":"default","site-content-layout":"","ast-site-content-layout":"default","site-content-style":"default","site-sidebar-style":"default","ast-global-header-display":"","ast-banner-title-visibility":"","ast-main-header-display":"","ast-hfb-above-header-display":"","ast-hfb-below-header-display":"","ast-hfb-mobile-header-display":"","site-post-title":"","ast-breadcrumbs-content":"","ast-featured-img":"","footer-sml-layout":"","ast-disable-related-posts":"","theme-transparent-header-meta":"default","adv-header-id-meta":"","stick-header-meta":"default","header-above-stick-meta":"","header-main-stick-meta":"","header-below-stick-meta":"","astra-migrate-meta-layouts":"default","ast-page-background-enabled":"default","ast-page-background-meta":{"desktop":{"background-color":"var(--ast-global-color-4)","background-image":"","background-repeat":"repeat","background-position":"center center","background-size":"auto","background-attachment":"scroll","background-type":"","background-media":"","overlay-type":"","overlay-color":"","overlay-opacity":"","overlay-gradient":""},"tablet":{"background-color":"","background-image":"","background-repeat":"repeat","background-position":"center center","background-size":"auto","background-attachment":"scroll","background-type":"","background-media":"","overlay-type":"","overlay-color":"","overlay-opacity":"","overlay-gradient":""},"mobile":{"background-color":"","background-image":"","background-repeat":"repeat","background-position":"center center","background-size":"auto","background-attachment":"scroll","background-type":"","background-media":"","overlay-type":"","overlay-color":"","overlay-opacity":"","overlay-gradient":""}},"ast-content-background-meta":{"desktop":{"background-color":"var(--ast-global-color-5)","background-image":"","background-repeat":"repeat","background-position":"center center","background-size":"auto","background-attachment":"scroll","background-type":"","background-media":"","overlay-type":"","overlay-color":"","overlay-opacity":"","overlay-gradient":""},"tablet":{"background-color":"var(--ast-global-color-5)","background-image":"","background-repeat":"repeat","background-position":"center center","background-size":"auto","background-attachment":"scroll","background-type":"","background-media":"","overlay-type":"","overlay-color":"","overlay-opacity":"","overlay-gradient":""},"mobile":{"background-color":"var(--ast-global-color-5)","background-image":"","background-repeat":"repeat","background-position":"center center","background-size":"auto","background-attachment":"scroll","background-type":"","background-media":"","overlay-type":"","overlay-color":"","overlay-opacity":"","overlay-gradient":""}}},"product_brand":[82],"product_cat":[118,117,128],"product_tag":[],"class_list":{"0":"post-33726","1":"product","2":"type-product","3":"status-publish","4":"has-post-thumbnail","6":"product_brand-red-horse","7":"product_cat-hufe","8":"product_cat-pflege","9":"product_cat-red-horse","10":"desktop-align-left","11":"tablet-align-left","12":"mobile-align-left","13":"ast-product-gallery-layout-first-image-large","14":"ast-product-gallery-with-no-image","15":"ast-product-tabs-layout-horizontal","17":"first","18":"instock","19":"purchasable","20":"product-type-simple"},"yoast_head":"<!-- This site is optimized with the Yoast SEO plugin v27.3 - https:\/\/yoast.com\/product\/yoast-seo-wordpress\/ -->\n<title>Red Horse - Field Paste 750g - Sweet Horse<\/title>\n<meta name=\"description\" content=\"Paste auf Basis von Tonerde, Zink und \u00e4therischen \u00d6len, st\u00e4rkt Hufsohle und Strahl der Pferde, f\u00f6rdert gesundes Gewebe und reinigt tiefenwirksam.\" \/>\n<meta name=\"robots\" content=\"index, follow, max-snippet:-1, max-image-preview:large, max-video-preview:-1\" \/>\n<link rel=\"canonical\" href=\"https:\/\/sweet-horse.ch\/de\/produit\/red-horse-field-paste-750g\/\" \/>\n<meta property=\"og:locale\" content=\"de_DE\" \/>\n<meta property=\"og:type\" content=\"article\" \/>\n<meta property=\"og:title\" content=\"Red Horse - Field Paste 750g - Sweet Horse\" \/>\n<meta property=\"og:description\" content=\"Paste auf Basis von Tonerde, Zink und \u00e4therischen \u00d6len, st\u00e4rkt Hufsohle und Strahl der Pferde, f\u00f6rdert gesundes Gewebe und reinigt tiefenwirksam.\" \/>\n<meta property=\"og:url\" content=\"https:\/\/sweet-horse.ch\/de\/produit\/red-horse-field-paste-750g\/\" \/>\n<meta property=\"og:site_name\" content=\"Sweet Horse\" \/>\n<meta property=\"article:modified_time\" content=\"2026-03-11T11:12:05+00:00\" \/>\n<meta property=\"og:image\" content=\"https:\/\/i0.wp.com\/sweet-horse.ch\/wp-content\/uploads\/2025\/09\/FieldPaste.jpeg?fit=800%2C800&ssl=1\" \/>\n\t<meta property=\"og:image:width\" content=\"800\" \/>\n\t<meta property=\"og:image:height\" content=\"800\" \/>\n\t<meta property=\"og:image:type\" content=\"image\/jpeg\" \/>\n<meta name=\"twitter:card\" content=\"summary_large_image\" \/>\n<meta name=\"twitter:label1\" content=\"Gesch\u00e4tzte Lesezeit\" \/>\n\t<meta name=\"twitter:data1\" content=\"1\u00a0Minute\" \/>\n<script type=\"application\/ld+json\" class=\"yoast-schema-graph\">{\"@context\":\"https:\\\/\\\/schema.org\",\"@graph\":[{\"@type\":\"WebPage\",\"@id\":\"https:\\\/\\\/sweet-horse.ch\\\/de\\\/produit\\\/red-horse-field-paste-750g\\\/\",\"url\":\"https:\\\/\\\/sweet-horse.ch\\\/de\\\/produit\\\/red-horse-field-paste-750g\\\/\",\"name\":\"Red Horse - Field Paste 750g - Sweet Horse\",\"isPartOf\":{\"@id\":\"https:\\\/\\\/sweet-horse.ch\\\/de\\\/#website\"},\"primaryImageOfPage\":{\"@id\":\"https:\\\/\\\/sweet-horse.ch\\\/de\\\/produit\\\/red-horse-field-paste-750g\\\/#primaryimage\"},\"image\":{\"@id\":\"https:\\\/\\\/sweet-horse.ch\\\/de\\\/produit\\\/red-horse-field-paste-750g\\\/#primaryimage\"},\"thumbnailUrl\":\"https:\\\/\\\/i0.wp.com\\\/sweet-horse.ch\\\/wp-content\\\/uploads\\\/2025\\\/09\\\/FieldPaste.jpeg?fit=800%2C800&ssl=1\",\"datePublished\":\"2024-09-14T08:15:49+00:00\",\"dateModified\":\"2026-03-11T11:12:05+00:00\",\"description\":\"Paste auf Basis von Tonerde, Zink und \u00e4therischen \u00d6len, st\u00e4rkt Hufsohle und Strahl der Pferde, f\u00f6rdert gesundes Gewebe und reinigt tiefenwirksam.\",\"breadcrumb\":{\"@id\":\"https:\\\/\\\/sweet-horse.ch\\\/de\\\/produit\\\/red-horse-field-paste-750g\\\/#breadcrumb\"},\"inLanguage\":\"de\",\"potentialAction\":[{\"@type\":\"ReadAction\",\"target\":[\"https:\\\/\\\/sweet-horse.ch\\\/de\\\/produit\\\/red-horse-field-paste-750g\\\/\"]}]},{\"@type\":\"ImageObject\",\"inLanguage\":\"de\",\"@id\":\"https:\\\/\\\/sweet-horse.ch\\\/de\\\/produit\\\/red-horse-field-paste-750g\\\/#primaryimage\",\"url\":\"https:\\\/\\\/i0.wp.com\\\/sweet-horse.ch\\\/wp-content\\\/uploads\\\/2025\\\/09\\\/FieldPaste.jpeg?fit=800%2C800&ssl=1\",\"contentUrl\":\"https:\\\/\\\/i0.wp.com\\\/sweet-horse.ch\\\/wp-content\\\/uploads\\\/2025\\\/09\\\/FieldPaste.jpeg?fit=800%2C800&ssl=1\",\"width\":800,\"height\":800,\"caption\":\"Red Horse \u2013 Field Paste 750g\"},{\"@type\":\"BreadcrumbList\",\"@id\":\"https:\\\/\\\/sweet-horse.ch\\\/de\\\/produit\\\/red-horse-field-paste-750g\\\/#breadcrumb\",\"itemListElement\":[{\"@type\":\"ListItem\",\"position\":1,\"name\":\"Startseite\",\"item\":\"https:\\\/\\\/sweet-horse.ch\\\/de\\\/startseite\\\/\"},{\"@type\":\"ListItem\",\"position\":2,\"name\":\"Shop\",\"item\":\"https:\\\/\\\/sweet-horse.ch\\\/de\\\/shop\\\/\"},{\"@type\":\"ListItem\",\"position\":3,\"name\":\"Red Horse \u2013 Field Paste 750g\"}]},{\"@type\":\"WebSite\",\"@id\":\"https:\\\/\\\/sweet-horse.ch\\\/de\\\/#website\",\"url\":\"https:\\\/\\\/sweet-horse.ch\\\/de\\\/\",\"name\":\"Sweet Horse\",\"description\":\"Naturellement \u00e0 l&#039;\u00e9coute de votre compagnon \u00e9quin\",\"publisher\":{\"@id\":\"https:\\\/\\\/sweet-horse.ch\\\/de\\\/#organization\"},\"potentialAction\":[{\"@type\":\"SearchAction\",\"target\":{\"@type\":\"EntryPoint\",\"urlTemplate\":\"https:\\\/\\\/sweet-horse.ch\\\/de\\\/?s={search_term_string}\"},\"query-input\":{\"@type\":\"PropertyValueSpecification\",\"valueRequired\":true,\"valueName\":\"search_term_string\"}}],\"inLanguage\":\"de\"},{\"@type\":\"Organization\",\"@id\":\"https:\\\/\\\/sweet-horse.ch\\\/de\\\/#organization\",\"name\":\"Sweet Horse\",\"url\":\"https:\\\/\\\/sweet-horse.ch\\\/de\\\/\",\"logo\":{\"@type\":\"ImageObject\",\"inLanguage\":\"de\",\"@id\":\"https:\\\/\\\/sweet-horse.ch\\\/de\\\/#\\\/schema\\\/logo\\\/image\\\/\",\"url\":\"https:\\\/\\\/i0.wp.com\\\/sweet-horse.ch\\\/wp-content\\\/uploads\\\/2023\\\/12\\\/cropped-cropped-sweethorse_RVB-scaled-1.webp?fit=1763%2C1920&ssl=1\",\"contentUrl\":\"https:\\\/\\\/i0.wp.com\\\/sweet-horse.ch\\\/wp-content\\\/uploads\\\/2023\\\/12\\\/cropped-cropped-sweethorse_RVB-scaled-1.webp?fit=1763%2C1920&ssl=1\",\"width\":1763,\"height\":1920,\"caption\":\"Sweet Horse\"},\"image\":{\"@id\":\"https:\\\/\\\/sweet-horse.ch\\\/de\\\/#\\\/schema\\\/logo\\\/image\\\/\"},\"sameAs\":[\"https:\\\/\\\/www.instagram.com\\\/sweet_horse.ch\"]}]}<\/script>\n<!-- \/ Yoast SEO plugin. -->","yoast_head_json":{"title":"Red Horse - Field Paste 750g - Sweet Horse","description":"Paste auf Basis von Tonerde, Zink und \u00e4therischen \u00d6len, st\u00e4rkt Hufsohle und Strahl der Pferde, f\u00f6rdert gesundes Gewebe und reinigt tiefenwirksam.","robots":{"index":"index","follow":"follow","max-snippet":"max-snippet:-1","max-image-preview":"max-image-preview:large","max-video-preview":"max-video-preview:-1"},"canonical":"https:\/\/sweet-horse.ch\/de\/produit\/red-horse-field-paste-750g\/","og_locale":"de_DE","og_type":"article","og_title":"Red Horse - Field Paste 750g - Sweet Horse","og_description":"Paste auf Basis von Tonerde, Zink und \u00e4therischen \u00d6len, st\u00e4rkt Hufsohle und Strahl der Pferde, f\u00f6rdert gesundes Gewebe und reinigt tiefenwirksam.","og_url":"https:\/\/sweet-horse.ch\/de\/produit\/red-horse-field-paste-750g\/","og_site_name":"Sweet Horse","article_modified_time":"2026-03-11T11:12:05+00:00","og_image":[{"width":800,"height":800,"url":"https:\/\/i0.wp.com\/sweet-horse.ch\/wp-content\/uploads\/2025\/09\/FieldPaste.jpeg?fit=800%2C800&ssl=1","type":"image\/jpeg"}],"twitter_card":"summary_large_image","twitter_misc":{"Gesch\u00e4tzte Lesezeit":"1\u00a0Minute"},"schema":{"@context":"https:\/\/schema.org","@graph":[{"@type":"WebPage","@id":"https:\/\/sweet-horse.ch\/de\/produit\/red-horse-field-paste-750g\/","url":"https:\/\/sweet-horse.ch\/de\/produit\/red-horse-field-paste-750g\/","name":"Red Horse - Field Paste 750g - Sweet Horse","isPartOf":{"@id":"https:\/\/sweet-horse.ch\/de\/#website"},"primaryImageOfPage":{"@id":"https:\/\/sweet-horse.ch\/de\/produit\/red-horse-field-paste-750g\/#primaryimage"},"image":{"@id":"https:\/\/sweet-horse.ch\/de\/produit\/red-horse-field-paste-750g\/#primaryimage"},"thumbnailUrl":"https:\/\/i0.wp.com\/sweet-horse.ch\/wp-content\/uploads\/2025\/09\/FieldPaste.jpeg?fit=800%2C800&ssl=1","datePublished":"2024-09-14T08:15:49+00:00","dateModified":"2026-03-11T11:12:05+00:00","description":"Paste auf Basis von Tonerde, Zink und \u00e4therischen \u00d6len, st\u00e4rkt Hufsohle und Strahl der Pferde, f\u00f6rdert gesundes Gewebe und reinigt tiefenwirksam.","breadcrumb":{"@id":"https:\/\/sweet-horse.ch\/de\/produit\/red-horse-field-paste-750g\/#breadcrumb"},"inLanguage":"de","potentialAction":[{"@type":"ReadAction","target":["https:\/\/sweet-horse.ch\/de\/produit\/red-horse-field-paste-750g\/"]}]},{"@type":"ImageObject","inLanguage":"de","@id":"https:\/\/sweet-horse.ch\/de\/produit\/red-horse-field-paste-750g\/#primaryimage","url":"https:\/\/i0.wp.com\/sweet-horse.ch\/wp-content\/uploads\/2025\/09\/FieldPaste.jpeg?fit=800%2C800&ssl=1","contentUrl":"https:\/\/i0.wp.com\/sweet-horse.ch\/wp-content\/uploads\/2025\/09\/FieldPaste.jpeg?fit=800%2C800&ssl=1","width":800,"height":800,"caption":"Red Horse \u2013 Field Paste 750g"},{"@type":"BreadcrumbList","@id":"https:\/\/sweet-horse.ch\/de\/produit\/red-horse-field-paste-750g\/#breadcrumb","itemListElement":[{"@type":"ListItem","position":1,"name":"Startseite","item":"https:\/\/sweet-horse.ch\/de\/startseite\/"},{"@type":"ListItem","position":2,"name":"Shop","item":"https:\/\/sweet-horse.ch\/de\/shop\/"},{"@type":"ListItem","position":3,"name":"Red Horse \u2013 Field Paste 750g"}]},{"@type":"WebSite","@id":"https:\/\/sweet-horse.ch\/de\/#website","url":"https:\/\/sweet-horse.ch\/de\/","name":"Sweet Horse","description":"Naturellement \u00e0 l&#039;\u00e9coute de votre compagnon \u00e9quin","publisher":{"@id":"https:\/\/sweet-horse.ch\/de\/#organization"},"potentialAction":[{"@type":"SearchAction","target":{"@type":"EntryPoint","urlTemplate":"https:\/\/sweet-horse.ch\/de\/?s={search_term_string}"},"query-input":{"@type":"PropertyValueSpecification","valueRequired":true,"valueName":"search_term_string"}}],"inLanguage":"de"},{"@type":"Organization","@id":"https:\/\/sweet-horse.ch\/de\/#organization","name":"Sweet Horse","url":"https:\/\/sweet-horse.ch\/de\/","logo":{"@type":"ImageObject","inLanguage":"de","@id":"https:\/\/sweet-horse.ch\/de\/#\/schema\/logo\/image\/","url":"https:\/\/i0.wp.com\/sweet-horse.ch\/wp-content\/uploads\/2023\/12\/cropped-cropped-sweethorse_RVB-scaled-1.webp?fit=1763%2C1920&ssl=1","contentUrl":"https:\/\/i0.wp.com\/sweet-horse.ch\/wp-content\/uploads\/2023\/12\/cropped-cropped-sweethorse_RVB-scaled-1.webp?fit=1763%2C1920&ssl=1","width":1763,"height":1920,"caption":"Sweet Horse"},"image":{"@id":"https:\/\/sweet-horse.ch\/de\/#\/schema\/logo\/image\/"},"sameAs":["https:\/\/www.instagram.com\/sweet_horse.ch"]}]}},"_links":{"self":[{"href":"https:\/\/sweet-horse.ch\/de\/wp-json\/wp\/v2\/product\/33726","targetHints":{"allow":["GET"]}}],"collection":[{"href":"https:\/\/sweet-horse.ch\/de\/wp-json\/wp\/v2\/product"}],"about":[{"href":"https:\/\/sweet-horse.ch\/de\/wp-json\/wp\/v2\/types\/product"}],"version-history":[{"count":1,"href":"https:\/\/sweet-horse.ch\/de\/wp-json\/wp\/v2\/product\/33726\/revisions"}],"predecessor-version":[{"id":33847,"href":"https:\/\/sweet-horse.ch\/de\/wp-json\/wp\/v2\/product\/33726\/revisions\/33847"}],"wp:featuredmedia":[{"embeddable":true,"href":"https:\/\/sweet-horse.ch\/de\/wp-json\/wp\/v2\/media\/33046"}],"wp:attachment":[{"href":"https:\/\/sweet-horse.ch\/de\/wp-json\/wp\/v2\/media?parent=33726"}],"wp:term":[{"taxonomy":"product_brand","embeddable":true,"href":"https:\/\/sweet-horse.ch\/de\/wp-json\/wp\/v2\/product_brand?post=33726"},{"taxonomy":"product_cat","embeddable":true,"href":"https:\/\/sweet-horse.ch\/de\/wp-json\/wp\/v2\/product_cat?post=33726"},{"taxonomy":"product_tag","embeddable":true,"href":"https:\/\/sweet-horse.ch\/de\/wp-json\/wp\/v2\/product_tag?post=33726"}],"curies":[{"name":"wp","href":"https:\/\/api.w.org\/{rel}","templated":true}]}}