{"id":33739,"date":"2024-10-08T18:12:03","date_gmt":"2024-10-08T16:12:03","guid":{"rendered":"https:\/\/sweet-horse.ch\/produit\/nellumbo-tonerde-umschlag-15-kg-drainage-und-entgiftung\/"},"modified":"2025-11-22T09:32:43","modified_gmt":"2025-11-22T08:32:43","slug":"nellumbo-tonerde-umschlag-15-kg-drainage-und-entgiftung","status":"publish","type":"product","link":"https:\/\/sweet-horse.ch\/de\/produit\/nellumbo-tonerde-umschlag-15-kg-drainage-und-entgiftung\/","title":{"rendered":"Nellumbo \u2013 Tonerde-Umschlag 1,5 kg: Drainage und Entgiftung"},"content":{"rendered":"<p>Gr\u00fcner Tonerde-Umschlag f\u00fcr Pferde \u2013 Drainage &amp; Entgiftung<\/p>\n<p>Entdecken Sie den gebrauchsfertigen gr\u00fcnen Tonerde-Umschlag f\u00fcr Pferde, speziell entwickelt, um Gewebe zu drainieren, die Blut- und Lymphzirkulation zu aktivieren, ideal nach Anstrengung und auch f\u00fcr Pferde in der Rekonvaleszenz, lindert Verletzungen.<\/p>\n<p>Seine Vorteile:<\/p>\n<ul>\n<li>Aktivierung der Blut- und Lymphzirkulation.<\/li>\n<li>Reduzierung von Gallen und Schwellungen.<\/li>\n<li>Hohe Konzentration an Mineralien und Meeresn\u00e4hrstoffen zur Beschleunigung der Gewebe- und Gelenkregeneration.<\/li>\n<li>Linderung von Sehnenentz\u00fcndungen und Verstauchungen.<\/li>\n<li>F\u00f6rderung der Regeneration nach intensiver Anstrengung.<\/li>\n<li>Leichte Textur, einfach anzuwenden, l\u00e4sst sich sehr leicht mit einer B\u00fcrste oder Wasser entfernen.<\/li>\n<\/ul>\n","protected":false},"excerpt":{"rendered":"<p>Reduziert Sehnenstauungen, lindert Verletzungen und f\u00f6rdert die Regeneration.<\/p>\n","protected":false},"featured_media":31973,"template":"","meta":{"site-sidebar-layout":"default","site-content-layout":"","ast-site-content-layout":"default","site-content-style":"default","site-sidebar-style":"default","ast-global-header-display":"","ast-banner-title-visibility":"","ast-main-header-display":"","ast-hfb-above-header-display":"","ast-hfb-below-header-display":"","ast-hfb-mobile-header-display":"","site-post-title":"","ast-breadcrumbs-content":"","ast-featured-img":"","footer-sml-layout":"","ast-disable-related-posts":"","theme-transparent-header-meta":"default","adv-header-id-meta":"","stick-header-meta":"default","header-above-stick-meta":"","header-main-stick-meta":"","header-below-stick-meta":"","astra-migrate-meta-layouts":"default","ast-page-background-enabled":"default","ast-page-background-meta":{"desktop":{"background-color":"var(--ast-global-color-4)","background-image":"","background-repeat":"repeat","background-position":"center center","background-size":"auto","background-attachment":"scroll","background-type":"","background-media":"","overlay-type":"","overlay-color":"","overlay-opacity":"","overlay-gradient":""},"tablet":{"background-color":"","background-image":"","background-repeat":"repeat","background-position":"center center","background-size":"auto","background-attachment":"scroll","background-type":"","background-media":"","overlay-type":"","overlay-color":"","overlay-opacity":"","overlay-gradient":""},"mobile":{"background-color":"","background-image":"","background-repeat":"repeat","background-position":"center center","background-size":"auto","background-attachment":"scroll","background-type":"","background-media":"","overlay-type":"","overlay-color":"","overlay-opacity":"","overlay-gradient":""}},"ast-content-background-meta":{"desktop":{"background-color":"var(--ast-global-color-5)","background-image":"","background-repeat":"repeat","background-position":"center center","background-size":"auto","background-attachment":"scroll","background-type":"","background-media":"","overlay-type":"","overlay-color":"","overlay-opacity":"","overlay-gradient":""},"tablet":{"background-color":"var(--ast-global-color-5)","background-image":"","background-repeat":"repeat","background-position":"center center","background-size":"auto","background-attachment":"scroll","background-type":"","background-media":"","overlay-type":"","overlay-color":"","overlay-opacity":"","overlay-gradient":""},"mobile":{"background-color":"var(--ast-global-color-5)","background-image":"","background-repeat":"repeat","background-position":"center center","background-size":"auto","background-attachment":"scroll","background-type":"","background-media":"","overlay-type":"","overlay-color":"","overlay-opacity":"","overlay-gradient":""}}},"product_brand":[81],"product_cat":[119,120,117],"product_tag":[],"class_list":{"0":"post-33739","1":"product","2":"type-product","3":"status-publish","4":"has-post-thumbnail","6":"product_brand-nellumbo","7":"product_cat-muskeln-sehnen","8":"product_cat-nellumbo","9":"product_cat-pflege","10":"desktop-align-left","11":"tablet-align-left","12":"mobile-align-left","13":"ast-product-gallery-layout-first-image-large","14":"ast-product-gallery-with-no-image","15":"ast-product-tabs-layout-horizontal","17":"first","18":"outofstock","19":"purchasable","20":"product-type-simple"},"yoast_head":"<!-- This site is optimized with the Yoast SEO plugin v27.3 - https:\/\/yoast.com\/product\/yoast-seo-wordpress\/ -->\n<title>Nellumbo \u2013 Tonerde-Umschlag 1,5 kg: Drainage und Entgiftung - Sweet Horse<\/title>\n<meta name=\"description\" content=\"Drainierender und entgiftender Tonerde-Umschlag: reduziert Sehnenstauungen, lindert Verletzungen, f\u00f6rdert die Regeneration.\" \/>\n<meta name=\"robots\" content=\"index, follow, max-snippet:-1, max-image-preview:large, max-video-preview:-1\" \/>\n<link rel=\"canonical\" href=\"https:\/\/sweet-horse.ch\/de\/produit\/nellumbo-tonerde-umschlag-15-kg-drainage-und-entgiftung\/\" \/>\n<meta property=\"og:locale\" content=\"de_DE\" \/>\n<meta property=\"og:type\" content=\"article\" \/>\n<meta property=\"og:title\" content=\"Nellumbo \u2013 Tonerde-Umschlag 1,5 kg: Drainage und Entgiftung - Sweet Horse\" \/>\n<meta property=\"og:description\" content=\"Drainierender und entgiftender Tonerde-Umschlag: reduziert Sehnenstauungen, lindert Verletzungen, f\u00f6rdert die Regeneration.\" \/>\n<meta property=\"og:url\" content=\"https:\/\/sweet-horse.ch\/de\/produit\/nellumbo-tonerde-umschlag-15-kg-drainage-und-entgiftung\/\" \/>\n<meta property=\"og:site_name\" content=\"Sweet Horse\" \/>\n<meta property=\"article:modified_time\" content=\"2025-11-22T08:32:43+00:00\" \/>\n<meta property=\"og:image\" content=\"https:\/\/i0.wp.com\/sweet-horse.ch\/wp-content\/uploads\/2024\/10\/Cataplasme_argile_drainant.png?fit=600%2C600&ssl=1\" \/>\n\t<meta property=\"og:image:width\" content=\"600\" \/>\n\t<meta property=\"og:image:height\" content=\"600\" \/>\n\t<meta property=\"og:image:type\" content=\"image\/png\" \/>\n<meta name=\"twitter:card\" content=\"summary_large_image\" \/>\n<script type=\"application\/ld+json\" class=\"yoast-schema-graph\">{\"@context\":\"https:\\\/\\\/schema.org\",\"@graph\":[{\"@type\":\"WebPage\",\"@id\":\"https:\\\/\\\/sweet-horse.ch\\\/de\\\/produit\\\/nellumbo-tonerde-umschlag-15-kg-drainage-und-entgiftung\\\/\",\"url\":\"https:\\\/\\\/sweet-horse.ch\\\/de\\\/produit\\\/nellumbo-tonerde-umschlag-15-kg-drainage-und-entgiftung\\\/\",\"name\":\"Nellumbo \u2013 Tonerde-Umschlag 1,5 kg: Drainage und Entgiftung - Sweet Horse\",\"isPartOf\":{\"@id\":\"https:\\\/\\\/sweet-horse.ch\\\/de\\\/#website\"},\"primaryImageOfPage\":{\"@id\":\"https:\\\/\\\/sweet-horse.ch\\\/de\\\/produit\\\/nellumbo-tonerde-umschlag-15-kg-drainage-und-entgiftung\\\/#primaryimage\"},\"image\":{\"@id\":\"https:\\\/\\\/sweet-horse.ch\\\/de\\\/produit\\\/nellumbo-tonerde-umschlag-15-kg-drainage-und-entgiftung\\\/#primaryimage\"},\"thumbnailUrl\":\"https:\\\/\\\/i0.wp.com\\\/sweet-horse.ch\\\/wp-content\\\/uploads\\\/2024\\\/10\\\/Cataplasme_argile_drainant.png?fit=600%2C600&ssl=1\",\"datePublished\":\"2024-10-08T16:12:03+00:00\",\"dateModified\":\"2025-11-22T08:32:43+00:00\",\"description\":\"Drainierender und entgiftender Tonerde-Umschlag: reduziert Sehnenstauungen, lindert Verletzungen, f\u00f6rdert die Regeneration.\",\"breadcrumb\":{\"@id\":\"https:\\\/\\\/sweet-horse.ch\\\/de\\\/produit\\\/nellumbo-tonerde-umschlag-15-kg-drainage-und-entgiftung\\\/#breadcrumb\"},\"inLanguage\":\"de\",\"potentialAction\":[{\"@type\":\"ReadAction\",\"target\":[\"https:\\\/\\\/sweet-horse.ch\\\/de\\\/produit\\\/nellumbo-tonerde-umschlag-15-kg-drainage-und-entgiftung\\\/\"]}]},{\"@type\":\"ImageObject\",\"inLanguage\":\"de\",\"@id\":\"https:\\\/\\\/sweet-horse.ch\\\/de\\\/produit\\\/nellumbo-tonerde-umschlag-15-kg-drainage-und-entgiftung\\\/#primaryimage\",\"url\":\"https:\\\/\\\/i0.wp.com\\\/sweet-horse.ch\\\/wp-content\\\/uploads\\\/2024\\\/10\\\/Cataplasme_argile_drainant.png?fit=600%2C600&ssl=1\",\"contentUrl\":\"https:\\\/\\\/i0.wp.com\\\/sweet-horse.ch\\\/wp-content\\\/uploads\\\/2024\\\/10\\\/Cataplasme_argile_drainant.png?fit=600%2C600&ssl=1\",\"width\":600,\"height\":600,\"caption\":\"Nellumbo \u2013 Tonerde-Umschlag 1,5 kg: Drainage und Entgiftung\"},{\"@type\":\"BreadcrumbList\",\"@id\":\"https:\\\/\\\/sweet-horse.ch\\\/de\\\/produit\\\/nellumbo-tonerde-umschlag-15-kg-drainage-und-entgiftung\\\/#breadcrumb\",\"itemListElement\":[{\"@type\":\"ListItem\",\"position\":1,\"name\":\"Startseite\",\"item\":\"https:\\\/\\\/sweet-horse.ch\\\/de\\\/startseite\\\/\"},{\"@type\":\"ListItem\",\"position\":2,\"name\":\"Shop\",\"item\":\"https:\\\/\\\/sweet-horse.ch\\\/de\\\/shop\\\/\"},{\"@type\":\"ListItem\",\"position\":3,\"name\":\"Nellumbo \u2013 Tonerde-Umschlag 1,5 kg: Drainage und Entgiftung\"}]},{\"@type\":\"WebSite\",\"@id\":\"https:\\\/\\\/sweet-horse.ch\\\/de\\\/#website\",\"url\":\"https:\\\/\\\/sweet-horse.ch\\\/de\\\/\",\"name\":\"Sweet Horse\",\"description\":\"Naturellement \u00e0 l&#039;\u00e9coute de votre compagnon \u00e9quin\",\"publisher\":{\"@id\":\"https:\\\/\\\/sweet-horse.ch\\\/de\\\/#organization\"},\"potentialAction\":[{\"@type\":\"SearchAction\",\"target\":{\"@type\":\"EntryPoint\",\"urlTemplate\":\"https:\\\/\\\/sweet-horse.ch\\\/de\\\/?s={search_term_string}\"},\"query-input\":{\"@type\":\"PropertyValueSpecification\",\"valueRequired\":true,\"valueName\":\"search_term_string\"}}],\"inLanguage\":\"de\"},{\"@type\":\"Organization\",\"@id\":\"https:\\\/\\\/sweet-horse.ch\\\/de\\\/#organization\",\"name\":\"Sweet Horse\",\"url\":\"https:\\\/\\\/sweet-horse.ch\\\/de\\\/\",\"logo\":{\"@type\":\"ImageObject\",\"inLanguage\":\"de\",\"@id\":\"https:\\\/\\\/sweet-horse.ch\\\/de\\\/#\\\/schema\\\/logo\\\/image\\\/\",\"url\":\"https:\\\/\\\/i0.wp.com\\\/sweet-horse.ch\\\/wp-content\\\/uploads\\\/2023\\\/12\\\/cropped-cropped-sweethorse_RVB-scaled-1.webp?fit=1763%2C1920&ssl=1\",\"contentUrl\":\"https:\\\/\\\/i0.wp.com\\\/sweet-horse.ch\\\/wp-content\\\/uploads\\\/2023\\\/12\\\/cropped-cropped-sweethorse_RVB-scaled-1.webp?fit=1763%2C1920&ssl=1\",\"width\":1763,\"height\":1920,\"caption\":\"Sweet Horse\"},\"image\":{\"@id\":\"https:\\\/\\\/sweet-horse.ch\\\/de\\\/#\\\/schema\\\/logo\\\/image\\\/\"},\"sameAs\":[\"https:\\\/\\\/www.instagram.com\\\/sweet_horse.ch\"]}]}<\/script>\n<!-- \/ Yoast SEO plugin. -->","yoast_head_json":{"title":"Nellumbo \u2013 Tonerde-Umschlag 1,5 kg: Drainage und Entgiftung - Sweet Horse","description":"Drainierender und entgiftender Tonerde-Umschlag: reduziert Sehnenstauungen, lindert Verletzungen, f\u00f6rdert die Regeneration.","robots":{"index":"index","follow":"follow","max-snippet":"max-snippet:-1","max-image-preview":"max-image-preview:large","max-video-preview":"max-video-preview:-1"},"canonical":"https:\/\/sweet-horse.ch\/de\/produit\/nellumbo-tonerde-umschlag-15-kg-drainage-und-entgiftung\/","og_locale":"de_DE","og_type":"article","og_title":"Nellumbo \u2013 Tonerde-Umschlag 1,5 kg: Drainage und Entgiftung - Sweet Horse","og_description":"Drainierender und entgiftender Tonerde-Umschlag: reduziert Sehnenstauungen, lindert Verletzungen, f\u00f6rdert die Regeneration.","og_url":"https:\/\/sweet-horse.ch\/de\/produit\/nellumbo-tonerde-umschlag-15-kg-drainage-und-entgiftung\/","og_site_name":"Sweet Horse","article_modified_time":"2025-11-22T08:32:43+00:00","og_image":[{"width":600,"height":600,"url":"https:\/\/i0.wp.com\/sweet-horse.ch\/wp-content\/uploads\/2024\/10\/Cataplasme_argile_drainant.png?fit=600%2C600&ssl=1","type":"image\/png"}],"twitter_card":"summary_large_image","schema":{"@context":"https:\/\/schema.org","@graph":[{"@type":"WebPage","@id":"https:\/\/sweet-horse.ch\/de\/produit\/nellumbo-tonerde-umschlag-15-kg-drainage-und-entgiftung\/","url":"https:\/\/sweet-horse.ch\/de\/produit\/nellumbo-tonerde-umschlag-15-kg-drainage-und-entgiftung\/","name":"Nellumbo \u2013 Tonerde-Umschlag 1,5 kg: Drainage und Entgiftung - Sweet Horse","isPartOf":{"@id":"https:\/\/sweet-horse.ch\/de\/#website"},"primaryImageOfPage":{"@id":"https:\/\/sweet-horse.ch\/de\/produit\/nellumbo-tonerde-umschlag-15-kg-drainage-und-entgiftung\/#primaryimage"},"image":{"@id":"https:\/\/sweet-horse.ch\/de\/produit\/nellumbo-tonerde-umschlag-15-kg-drainage-und-entgiftung\/#primaryimage"},"thumbnailUrl":"https:\/\/i0.wp.com\/sweet-horse.ch\/wp-content\/uploads\/2024\/10\/Cataplasme_argile_drainant.png?fit=600%2C600&ssl=1","datePublished":"2024-10-08T16:12:03+00:00","dateModified":"2025-11-22T08:32:43+00:00","description":"Drainierender und entgiftender Tonerde-Umschlag: reduziert Sehnenstauungen, lindert Verletzungen, f\u00f6rdert die Regeneration.","breadcrumb":{"@id":"https:\/\/sweet-horse.ch\/de\/produit\/nellumbo-tonerde-umschlag-15-kg-drainage-und-entgiftung\/#breadcrumb"},"inLanguage":"de","potentialAction":[{"@type":"ReadAction","target":["https:\/\/sweet-horse.ch\/de\/produit\/nellumbo-tonerde-umschlag-15-kg-drainage-und-entgiftung\/"]}]},{"@type":"ImageObject","inLanguage":"de","@id":"https:\/\/sweet-horse.ch\/de\/produit\/nellumbo-tonerde-umschlag-15-kg-drainage-und-entgiftung\/#primaryimage","url":"https:\/\/i0.wp.com\/sweet-horse.ch\/wp-content\/uploads\/2024\/10\/Cataplasme_argile_drainant.png?fit=600%2C600&ssl=1","contentUrl":"https:\/\/i0.wp.com\/sweet-horse.ch\/wp-content\/uploads\/2024\/10\/Cataplasme_argile_drainant.png?fit=600%2C600&ssl=1","width":600,"height":600,"caption":"Nellumbo \u2013 Tonerde-Umschlag 1,5 kg: Drainage und Entgiftung"},{"@type":"BreadcrumbList","@id":"https:\/\/sweet-horse.ch\/de\/produit\/nellumbo-tonerde-umschlag-15-kg-drainage-und-entgiftung\/#breadcrumb","itemListElement":[{"@type":"ListItem","position":1,"name":"Startseite","item":"https:\/\/sweet-horse.ch\/de\/startseite\/"},{"@type":"ListItem","position":2,"name":"Shop","item":"https:\/\/sweet-horse.ch\/de\/shop\/"},{"@type":"ListItem","position":3,"name":"Nellumbo \u2013 Tonerde-Umschlag 1,5 kg: Drainage und Entgiftung"}]},{"@type":"WebSite","@id":"https:\/\/sweet-horse.ch\/de\/#website","url":"https:\/\/sweet-horse.ch\/de\/","name":"Sweet Horse","description":"Naturellement \u00e0 l&#039;\u00e9coute de votre compagnon \u00e9quin","publisher":{"@id":"https:\/\/sweet-horse.ch\/de\/#organization"},"potentialAction":[{"@type":"SearchAction","target":{"@type":"EntryPoint","urlTemplate":"https:\/\/sweet-horse.ch\/de\/?s={search_term_string}"},"query-input":{"@type":"PropertyValueSpecification","valueRequired":true,"valueName":"search_term_string"}}],"inLanguage":"de"},{"@type":"Organization","@id":"https:\/\/sweet-horse.ch\/de\/#organization","name":"Sweet Horse","url":"https:\/\/sweet-horse.ch\/de\/","logo":{"@type":"ImageObject","inLanguage":"de","@id":"https:\/\/sweet-horse.ch\/de\/#\/schema\/logo\/image\/","url":"https:\/\/i0.wp.com\/sweet-horse.ch\/wp-content\/uploads\/2023\/12\/cropped-cropped-sweethorse_RVB-scaled-1.webp?fit=1763%2C1920&ssl=1","contentUrl":"https:\/\/i0.wp.com\/sweet-horse.ch\/wp-content\/uploads\/2023\/12\/cropped-cropped-sweethorse_RVB-scaled-1.webp?fit=1763%2C1920&ssl=1","width":1763,"height":1920,"caption":"Sweet Horse"},"image":{"@id":"https:\/\/sweet-horse.ch\/de\/#\/schema\/logo\/image\/"},"sameAs":["https:\/\/www.instagram.com\/sweet_horse.ch"]}]}},"_links":{"self":[{"href":"https:\/\/sweet-horse.ch\/de\/wp-json\/wp\/v2\/product\/33739","targetHints":{"allow":["GET"]}}],"collection":[{"href":"https:\/\/sweet-horse.ch\/de\/wp-json\/wp\/v2\/product"}],"about":[{"href":"https:\/\/sweet-horse.ch\/de\/wp-json\/wp\/v2\/types\/product"}],"version-history":[{"count":1,"href":"https:\/\/sweet-horse.ch\/de\/wp-json\/wp\/v2\/product\/33739\/revisions"}],"predecessor-version":[{"id":33851,"href":"https:\/\/sweet-horse.ch\/de\/wp-json\/wp\/v2\/product\/33739\/revisions\/33851"}],"wp:featuredmedia":[{"embeddable":true,"href":"https:\/\/sweet-horse.ch\/de\/wp-json\/wp\/v2\/media\/31973"}],"wp:attachment":[{"href":"https:\/\/sweet-horse.ch\/de\/wp-json\/wp\/v2\/media?parent=33739"}],"wp:term":[{"taxonomy":"product_brand","embeddable":true,"href":"https:\/\/sweet-horse.ch\/de\/wp-json\/wp\/v2\/product_brand?post=33739"},{"taxonomy":"product_cat","embeddable":true,"href":"https:\/\/sweet-horse.ch\/de\/wp-json\/wp\/v2\/product_cat?post=33739"},{"taxonomy":"product_tag","embeddable":true,"href":"https:\/\/sweet-horse.ch\/de\/wp-json\/wp\/v2\/product_tag?post=33739"}],"curies":[{"name":"wp","href":"https:\/\/api.w.org\/{rel}","templated":true}]}}