{"id":33740,"date":"2024-10-08T17:36:15","date_gmt":"2024-10-08T15:36:15","guid":{"rendered":"https:\/\/sweet-horse.ch\/produit\/nellumbo-tonerde-umschlag-15-kg-muskel-und-gelenkschmerzen\/"},"modified":"2025-11-22T09:33:39","modified_gmt":"2025-11-22T08:33:39","slug":"nellumbo-tonerde-umschlag-15-kg-muskel-und-gelenkschmerzen","status":"publish","type":"product","link":"https:\/\/sweet-horse.ch\/de\/produit\/nellumbo-tonerde-umschlag-15-kg-muskel-und-gelenkschmerzen\/","title":{"rendered":"Nellumbo \u2013 Tonerde-Umschlag 1,5 kg: Muskel- und Gelenkschmerzen"},"content":{"rendered":"<p>Umschlag aus gr\u00fcner Tonerde f\u00fcr Pferde \u2013 Muskel- und Gelenkschmerzen<\/p>\n<p>Entdecken Sie den gebrauchsfertigen Umschlag aus gr\u00fcner Tonerde f\u00fcr Pferde, speziell entwickelt, um Muskelverspannungen und -schmerzen zu lindern, vorbeugend oder um die Regeneration nach einer Muskel-, Sehnen- oder Gelenkprellung zu verbessern.<\/p>\n<p>Seine Vorteile:<\/p>\n<ul>\n<li>Lindert Schmerzen dank der entz\u00fcndungshemmenden und schmerzlindernden Eigenschaften der gr\u00fcnen Tonerde.<\/li>\n<li>Arthrose lindern<\/li>\n<li>Muskelverspannungen und -kontrakturen vorbeugen und\/oder lindern.<\/li>\n<li>Hohe Konzentration an Mineralien und Meeresn\u00e4hrstoffen zur Beschleunigung der Gewebe- und Gelenkregeneration.<\/li>\n<li>F\u00f6rdert die Regeneration nach intensiver Anstrengung.<\/li>\n<li>Leichte Textur, einfach anzuwenden, l\u00e4sst sich sehr leicht mit einer B\u00fcrste oder Wasser entfernen.<\/li>\n<\/ul>\n","protected":false},"excerpt":{"rendered":"<p>Lindert Schmerzen, reduziert Kontrakturen und f\u00f6rdert eine bessere Regeneration nach Anstrengung.<\/p>\n","protected":false},"featured_media":31974,"template":"","meta":{"site-sidebar-layout":"default","site-content-layout":"","ast-site-content-layout":"default","site-content-style":"default","site-sidebar-style":"default","ast-global-header-display":"","ast-banner-title-visibility":"","ast-main-header-display":"","ast-hfb-above-header-display":"","ast-hfb-below-header-display":"","ast-hfb-mobile-header-display":"","site-post-title":"","ast-breadcrumbs-content":"","ast-featured-img":"","footer-sml-layout":"","ast-disable-related-posts":"","theme-transparent-header-meta":"default","adv-header-id-meta":"","stick-header-meta":"default","header-above-stick-meta":"","header-main-stick-meta":"","header-below-stick-meta":"","astra-migrate-meta-layouts":"default","ast-page-background-enabled":"default","ast-page-background-meta":{"desktop":{"background-color":"var(--ast-global-color-4)","background-image":"","background-repeat":"repeat","background-position":"center center","background-size":"auto","background-attachment":"scroll","background-type":"","background-media":"","overlay-type":"","overlay-color":"","overlay-opacity":"","overlay-gradient":""},"tablet":{"background-color":"","background-image":"","background-repeat":"repeat","background-position":"center center","background-size":"auto","background-attachment":"scroll","background-type":"","background-media":"","overlay-type":"","overlay-color":"","overlay-opacity":"","overlay-gradient":""},"mobile":{"background-color":"","background-image":"","background-repeat":"repeat","background-position":"center center","background-size":"auto","background-attachment":"scroll","background-type":"","background-media":"","overlay-type":"","overlay-color":"","overlay-opacity":"","overlay-gradient":""}},"ast-content-background-meta":{"desktop":{"background-color":"var(--ast-global-color-5)","background-image":"","background-repeat":"repeat","background-position":"center center","background-size":"auto","background-attachment":"scroll","background-type":"","background-media":"","overlay-type":"","overlay-color":"","overlay-opacity":"","overlay-gradient":""},"tablet":{"background-color":"var(--ast-global-color-5)","background-image":"","background-repeat":"repeat","background-position":"center center","background-size":"auto","background-attachment":"scroll","background-type":"","background-media":"","overlay-type":"","overlay-color":"","overlay-opacity":"","overlay-gradient":""},"mobile":{"background-color":"var(--ast-global-color-5)","background-image":"","background-repeat":"repeat","background-position":"center center","background-size":"auto","background-attachment":"scroll","background-type":"","background-media":"","overlay-type":"","overlay-color":"","overlay-opacity":"","overlay-gradient":""}}},"product_brand":[81],"product_cat":[119,120,117],"product_tag":[],"class_list":{"0":"post-33740","1":"product","2":"type-product","3":"status-publish","4":"has-post-thumbnail","6":"product_brand-nellumbo","7":"product_cat-muskeln-sehnen","8":"product_cat-nellumbo","9":"product_cat-pflege","10":"desktop-align-left","11":"tablet-align-left","12":"mobile-align-left","13":"ast-product-gallery-layout-first-image-large","14":"ast-product-gallery-with-no-image","15":"ast-product-tabs-layout-horizontal","17":"first","18":"instock","19":"purchasable","20":"product-type-simple"},"yoast_head":"<!-- This site is optimized with the Yoast SEO plugin v27.3 - https:\/\/yoast.com\/product\/yoast-seo-wordpress\/ -->\n<title>Nellumbo \u2013 Tonerde-Umschlag 1,5 kg: Muskel- und Gelenkschmerzen - Sweet Horse<\/title>\n<meta name=\"description\" content=\"Entdecken Sie den idealen Tonerde-Umschlag, um Verspannungen und Kontrakturen zu reduzieren, Schmerzen zu lindern und die Regeneration auf nat\u00fcrliche Weise zu verbessern. Eine wirksame L\u00f6sung f\u00fcr Ihr Wohlbefinden.\" \/>\n<meta name=\"robots\" content=\"index, follow, max-snippet:-1, max-image-preview:large, max-video-preview:-1\" \/>\n<link rel=\"canonical\" href=\"https:\/\/sweet-horse.ch\/de\/produit\/nellumbo-tonerde-umschlag-15-kg-muskel-und-gelenkschmerzen\/\" \/>\n<meta property=\"og:locale\" content=\"de_DE\" \/>\n<meta property=\"og:type\" content=\"article\" \/>\n<meta property=\"og:title\" content=\"Nellumbo \u2013 Tonerde-Umschlag 1,5 kg: Muskel- und Gelenkschmerzen - Sweet Horse\" \/>\n<meta property=\"og:description\" content=\"Entdecken Sie den idealen Tonerde-Umschlag, um Verspannungen und Kontrakturen zu reduzieren, Schmerzen zu lindern und die Regeneration auf nat\u00fcrliche Weise zu verbessern. Eine wirksame L\u00f6sung f\u00fcr Ihr Wohlbefinden.\" \/>\n<meta property=\"og:url\" content=\"https:\/\/sweet-horse.ch\/de\/produit\/nellumbo-tonerde-umschlag-15-kg-muskel-und-gelenkschmerzen\/\" \/>\n<meta property=\"og:site_name\" content=\"Sweet Horse\" \/>\n<meta property=\"article:modified_time\" content=\"2025-11-22T08:33:39+00:00\" \/>\n<meta property=\"og:image\" content=\"https:\/\/i0.wp.com\/sweet-horse.ch\/wp-content\/uploads\/2024\/10\/Cataplasme_argile_douleurs.png?fit=600%2C600&ssl=1\" \/>\n\t<meta property=\"og:image:width\" content=\"600\" \/>\n\t<meta property=\"og:image:height\" content=\"600\" \/>\n\t<meta property=\"og:image:type\" content=\"image\/png\" \/>\n<meta name=\"twitter:card\" content=\"summary_large_image\" \/>\n<meta name=\"twitter:label1\" content=\"Gesch\u00e4tzte Lesezeit\" \/>\n\t<meta name=\"twitter:data1\" content=\"1\u00a0Minute\" \/>\n<script type=\"application\/ld+json\" class=\"yoast-schema-graph\">{\"@context\":\"https:\\\/\\\/schema.org\",\"@graph\":[{\"@type\":\"WebPage\",\"@id\":\"https:\\\/\\\/sweet-horse.ch\\\/de\\\/produit\\\/nellumbo-tonerde-umschlag-15-kg-muskel-und-gelenkschmerzen\\\/\",\"url\":\"https:\\\/\\\/sweet-horse.ch\\\/de\\\/produit\\\/nellumbo-tonerde-umschlag-15-kg-muskel-und-gelenkschmerzen\\\/\",\"name\":\"Nellumbo \u2013 Tonerde-Umschlag 1,5 kg: Muskel- und Gelenkschmerzen - Sweet Horse\",\"isPartOf\":{\"@id\":\"https:\\\/\\\/sweet-horse.ch\\\/de\\\/#website\"},\"primaryImageOfPage\":{\"@id\":\"https:\\\/\\\/sweet-horse.ch\\\/de\\\/produit\\\/nellumbo-tonerde-umschlag-15-kg-muskel-und-gelenkschmerzen\\\/#primaryimage\"},\"image\":{\"@id\":\"https:\\\/\\\/sweet-horse.ch\\\/de\\\/produit\\\/nellumbo-tonerde-umschlag-15-kg-muskel-und-gelenkschmerzen\\\/#primaryimage\"},\"thumbnailUrl\":\"https:\\\/\\\/i0.wp.com\\\/sweet-horse.ch\\\/wp-content\\\/uploads\\\/2024\\\/10\\\/Cataplasme_argile_douleurs.png?fit=600%2C600&ssl=1\",\"datePublished\":\"2024-10-08T15:36:15+00:00\",\"dateModified\":\"2025-11-22T08:33:39+00:00\",\"description\":\"Entdecken Sie den idealen Tonerde-Umschlag, um Verspannungen und Kontrakturen zu reduzieren, Schmerzen zu lindern und die Regeneration auf nat\u00fcrliche Weise zu verbessern. Eine wirksame L\u00f6sung f\u00fcr Ihr Wohlbefinden.\",\"breadcrumb\":{\"@id\":\"https:\\\/\\\/sweet-horse.ch\\\/de\\\/produit\\\/nellumbo-tonerde-umschlag-15-kg-muskel-und-gelenkschmerzen\\\/#breadcrumb\"},\"inLanguage\":\"de\",\"potentialAction\":[{\"@type\":\"ReadAction\",\"target\":[\"https:\\\/\\\/sweet-horse.ch\\\/de\\\/produit\\\/nellumbo-tonerde-umschlag-15-kg-muskel-und-gelenkschmerzen\\\/\"]}]},{\"@type\":\"ImageObject\",\"inLanguage\":\"de\",\"@id\":\"https:\\\/\\\/sweet-horse.ch\\\/de\\\/produit\\\/nellumbo-tonerde-umschlag-15-kg-muskel-und-gelenkschmerzen\\\/#primaryimage\",\"url\":\"https:\\\/\\\/i0.wp.com\\\/sweet-horse.ch\\\/wp-content\\\/uploads\\\/2024\\\/10\\\/Cataplasme_argile_douleurs.png?fit=600%2C600&ssl=1\",\"contentUrl\":\"https:\\\/\\\/i0.wp.com\\\/sweet-horse.ch\\\/wp-content\\\/uploads\\\/2024\\\/10\\\/Cataplasme_argile_douleurs.png?fit=600%2C600&ssl=1\",\"width\":600,\"height\":600,\"caption\":\"Nellumbo \u2013 Tonerde-Umschlag 1,5 kg: Muskel- und Gelenkschmerzen\"},{\"@type\":\"BreadcrumbList\",\"@id\":\"https:\\\/\\\/sweet-horse.ch\\\/de\\\/produit\\\/nellumbo-tonerde-umschlag-15-kg-muskel-und-gelenkschmerzen\\\/#breadcrumb\",\"itemListElement\":[{\"@type\":\"ListItem\",\"position\":1,\"name\":\"Startseite\",\"item\":\"https:\\\/\\\/sweet-horse.ch\\\/de\\\/startseite\\\/\"},{\"@type\":\"ListItem\",\"position\":2,\"name\":\"Shop\",\"item\":\"https:\\\/\\\/sweet-horse.ch\\\/de\\\/shop\\\/\"},{\"@type\":\"ListItem\",\"position\":3,\"name\":\"Nellumbo \u2013 Tonerde-Umschlag 1,5 kg: Muskel- und Gelenkschmerzen\"}]},{\"@type\":\"WebSite\",\"@id\":\"https:\\\/\\\/sweet-horse.ch\\\/de\\\/#website\",\"url\":\"https:\\\/\\\/sweet-horse.ch\\\/de\\\/\",\"name\":\"Sweet Horse\",\"description\":\"Naturellement \u00e0 l&#039;\u00e9coute de votre compagnon \u00e9quin\",\"publisher\":{\"@id\":\"https:\\\/\\\/sweet-horse.ch\\\/de\\\/#organization\"},\"potentialAction\":[{\"@type\":\"SearchAction\",\"target\":{\"@type\":\"EntryPoint\",\"urlTemplate\":\"https:\\\/\\\/sweet-horse.ch\\\/de\\\/?s={search_term_string}\"},\"query-input\":{\"@type\":\"PropertyValueSpecification\",\"valueRequired\":true,\"valueName\":\"search_term_string\"}}],\"inLanguage\":\"de\"},{\"@type\":\"Organization\",\"@id\":\"https:\\\/\\\/sweet-horse.ch\\\/de\\\/#organization\",\"name\":\"Sweet Horse\",\"url\":\"https:\\\/\\\/sweet-horse.ch\\\/de\\\/\",\"logo\":{\"@type\":\"ImageObject\",\"inLanguage\":\"de\",\"@id\":\"https:\\\/\\\/sweet-horse.ch\\\/de\\\/#\\\/schema\\\/logo\\\/image\\\/\",\"url\":\"https:\\\/\\\/i0.wp.com\\\/sweet-horse.ch\\\/wp-content\\\/uploads\\\/2023\\\/12\\\/cropped-cropped-sweethorse_RVB-scaled-1.webp?fit=1763%2C1920&ssl=1\",\"contentUrl\":\"https:\\\/\\\/i0.wp.com\\\/sweet-horse.ch\\\/wp-content\\\/uploads\\\/2023\\\/12\\\/cropped-cropped-sweethorse_RVB-scaled-1.webp?fit=1763%2C1920&ssl=1\",\"width\":1763,\"height\":1920,\"caption\":\"Sweet Horse\"},\"image\":{\"@id\":\"https:\\\/\\\/sweet-horse.ch\\\/de\\\/#\\\/schema\\\/logo\\\/image\\\/\"},\"sameAs\":[\"https:\\\/\\\/www.instagram.com\\\/sweet_horse.ch\"]}]}<\/script>\n<!-- \/ Yoast SEO plugin. -->","yoast_head_json":{"title":"Nellumbo \u2013 Tonerde-Umschlag 1,5 kg: Muskel- und Gelenkschmerzen - Sweet Horse","description":"Entdecken Sie den idealen Tonerde-Umschlag, um Verspannungen und Kontrakturen zu reduzieren, Schmerzen zu lindern und die Regeneration auf nat\u00fcrliche Weise zu verbessern. Eine wirksame L\u00f6sung f\u00fcr Ihr Wohlbefinden.","robots":{"index":"index","follow":"follow","max-snippet":"max-snippet:-1","max-image-preview":"max-image-preview:large","max-video-preview":"max-video-preview:-1"},"canonical":"https:\/\/sweet-horse.ch\/de\/produit\/nellumbo-tonerde-umschlag-15-kg-muskel-und-gelenkschmerzen\/","og_locale":"de_DE","og_type":"article","og_title":"Nellumbo \u2013 Tonerde-Umschlag 1,5 kg: Muskel- und Gelenkschmerzen - Sweet Horse","og_description":"Entdecken Sie den idealen Tonerde-Umschlag, um Verspannungen und Kontrakturen zu reduzieren, Schmerzen zu lindern und die Regeneration auf nat\u00fcrliche Weise zu verbessern. Eine wirksame L\u00f6sung f\u00fcr Ihr Wohlbefinden.","og_url":"https:\/\/sweet-horse.ch\/de\/produit\/nellumbo-tonerde-umschlag-15-kg-muskel-und-gelenkschmerzen\/","og_site_name":"Sweet Horse","article_modified_time":"2025-11-22T08:33:39+00:00","og_image":[{"width":600,"height":600,"url":"https:\/\/i0.wp.com\/sweet-horse.ch\/wp-content\/uploads\/2024\/10\/Cataplasme_argile_douleurs.png?fit=600%2C600&ssl=1","type":"image\/png"}],"twitter_card":"summary_large_image","twitter_misc":{"Gesch\u00e4tzte Lesezeit":"1\u00a0Minute"},"schema":{"@context":"https:\/\/schema.org","@graph":[{"@type":"WebPage","@id":"https:\/\/sweet-horse.ch\/de\/produit\/nellumbo-tonerde-umschlag-15-kg-muskel-und-gelenkschmerzen\/","url":"https:\/\/sweet-horse.ch\/de\/produit\/nellumbo-tonerde-umschlag-15-kg-muskel-und-gelenkschmerzen\/","name":"Nellumbo \u2013 Tonerde-Umschlag 1,5 kg: Muskel- und Gelenkschmerzen - Sweet Horse","isPartOf":{"@id":"https:\/\/sweet-horse.ch\/de\/#website"},"primaryImageOfPage":{"@id":"https:\/\/sweet-horse.ch\/de\/produit\/nellumbo-tonerde-umschlag-15-kg-muskel-und-gelenkschmerzen\/#primaryimage"},"image":{"@id":"https:\/\/sweet-horse.ch\/de\/produit\/nellumbo-tonerde-umschlag-15-kg-muskel-und-gelenkschmerzen\/#primaryimage"},"thumbnailUrl":"https:\/\/i0.wp.com\/sweet-horse.ch\/wp-content\/uploads\/2024\/10\/Cataplasme_argile_douleurs.png?fit=600%2C600&ssl=1","datePublished":"2024-10-08T15:36:15+00:00","dateModified":"2025-11-22T08:33:39+00:00","description":"Entdecken Sie den idealen Tonerde-Umschlag, um Verspannungen und Kontrakturen zu reduzieren, Schmerzen zu lindern und die Regeneration auf nat\u00fcrliche Weise zu verbessern. Eine wirksame L\u00f6sung f\u00fcr Ihr Wohlbefinden.","breadcrumb":{"@id":"https:\/\/sweet-horse.ch\/de\/produit\/nellumbo-tonerde-umschlag-15-kg-muskel-und-gelenkschmerzen\/#breadcrumb"},"inLanguage":"de","potentialAction":[{"@type":"ReadAction","target":["https:\/\/sweet-horse.ch\/de\/produit\/nellumbo-tonerde-umschlag-15-kg-muskel-und-gelenkschmerzen\/"]}]},{"@type":"ImageObject","inLanguage":"de","@id":"https:\/\/sweet-horse.ch\/de\/produit\/nellumbo-tonerde-umschlag-15-kg-muskel-und-gelenkschmerzen\/#primaryimage","url":"https:\/\/i0.wp.com\/sweet-horse.ch\/wp-content\/uploads\/2024\/10\/Cataplasme_argile_douleurs.png?fit=600%2C600&ssl=1","contentUrl":"https:\/\/i0.wp.com\/sweet-horse.ch\/wp-content\/uploads\/2024\/10\/Cataplasme_argile_douleurs.png?fit=600%2C600&ssl=1","width":600,"height":600,"caption":"Nellumbo \u2013 Tonerde-Umschlag 1,5 kg: Muskel- und Gelenkschmerzen"},{"@type":"BreadcrumbList","@id":"https:\/\/sweet-horse.ch\/de\/produit\/nellumbo-tonerde-umschlag-15-kg-muskel-und-gelenkschmerzen\/#breadcrumb","itemListElement":[{"@type":"ListItem","position":1,"name":"Startseite","item":"https:\/\/sweet-horse.ch\/de\/startseite\/"},{"@type":"ListItem","position":2,"name":"Shop","item":"https:\/\/sweet-horse.ch\/de\/shop\/"},{"@type":"ListItem","position":3,"name":"Nellumbo \u2013 Tonerde-Umschlag 1,5 kg: Muskel- und Gelenkschmerzen"}]},{"@type":"WebSite","@id":"https:\/\/sweet-horse.ch\/de\/#website","url":"https:\/\/sweet-horse.ch\/de\/","name":"Sweet Horse","description":"Naturellement \u00e0 l&#039;\u00e9coute de votre compagnon \u00e9quin","publisher":{"@id":"https:\/\/sweet-horse.ch\/de\/#organization"},"potentialAction":[{"@type":"SearchAction","target":{"@type":"EntryPoint","urlTemplate":"https:\/\/sweet-horse.ch\/de\/?s={search_term_string}"},"query-input":{"@type":"PropertyValueSpecification","valueRequired":true,"valueName":"search_term_string"}}],"inLanguage":"de"},{"@type":"Organization","@id":"https:\/\/sweet-horse.ch\/de\/#organization","name":"Sweet Horse","url":"https:\/\/sweet-horse.ch\/de\/","logo":{"@type":"ImageObject","inLanguage":"de","@id":"https:\/\/sweet-horse.ch\/de\/#\/schema\/logo\/image\/","url":"https:\/\/i0.wp.com\/sweet-horse.ch\/wp-content\/uploads\/2023\/12\/cropped-cropped-sweethorse_RVB-scaled-1.webp?fit=1763%2C1920&ssl=1","contentUrl":"https:\/\/i0.wp.com\/sweet-horse.ch\/wp-content\/uploads\/2023\/12\/cropped-cropped-sweethorse_RVB-scaled-1.webp?fit=1763%2C1920&ssl=1","width":1763,"height":1920,"caption":"Sweet Horse"},"image":{"@id":"https:\/\/sweet-horse.ch\/de\/#\/schema\/logo\/image\/"},"sameAs":["https:\/\/www.instagram.com\/sweet_horse.ch"]}]}},"_links":{"self":[{"href":"https:\/\/sweet-horse.ch\/de\/wp-json\/wp\/v2\/product\/33740","targetHints":{"allow":["GET"]}}],"collection":[{"href":"https:\/\/sweet-horse.ch\/de\/wp-json\/wp\/v2\/product"}],"about":[{"href":"https:\/\/sweet-horse.ch\/de\/wp-json\/wp\/v2\/types\/product"}],"version-history":[{"count":1,"href":"https:\/\/sweet-horse.ch\/de\/wp-json\/wp\/v2\/product\/33740\/revisions"}],"predecessor-version":[{"id":33852,"href":"https:\/\/sweet-horse.ch\/de\/wp-json\/wp\/v2\/product\/33740\/revisions\/33852"}],"wp:featuredmedia":[{"embeddable":true,"href":"https:\/\/sweet-horse.ch\/de\/wp-json\/wp\/v2\/media\/31974"}],"wp:attachment":[{"href":"https:\/\/sweet-horse.ch\/de\/wp-json\/wp\/v2\/media?parent=33740"}],"wp:term":[{"taxonomy":"product_brand","embeddable":true,"href":"https:\/\/sweet-horse.ch\/de\/wp-json\/wp\/v2\/product_brand?post=33740"},{"taxonomy":"product_cat","embeddable":true,"href":"https:\/\/sweet-horse.ch\/de\/wp-json\/wp\/v2\/product_cat?post=33740"},{"taxonomy":"product_tag","embeddable":true,"href":"https:\/\/sweet-horse.ch\/de\/wp-json\/wp\/v2\/product_tag?post=33740"}],"curies":[{"name":"wp","href":"https:\/\/api.w.org\/{rel}","templated":true}]}}