{"id":33761,"date":"2025-05-30T13:47:45","date_gmt":"2025-05-30T11:47:45","guid":{"rendered":"https:\/\/sweet-horse.ch\/produit\/naturalinnov-naturalwash-daily-100g-sisalbeutel\/"},"modified":"2025-11-22T09:58:17","modified_gmt":"2025-11-22T08:58:17","slug":"naturalinnov-naturalwash-daily-100g-sisalbeutel","status":"publish","type":"product","link":"https:\/\/sweet-horse.ch\/de\/produit\/naturalinnov-naturalwash-daily-100g-sisalbeutel\/","title":{"rendered":"Natural&#8217;Innov \u2013 Natural&#8217;Wash Daily 100g + Sisalbeutel"},"content":{"rendered":"<p><span class=\"relative -mx-px my-[-0.2rem] rounded px-px py-[0.2rem] transition-colors duration-100 ease-in-out\">Schenken Sie Ihrem Pferd eine nat\u00fcrliche und hautfreundliche Pflege mit dem festen Shampoo <strong data-start=\"89\" data-end=\"111\">Natural&#8217;Wash Daily<\/strong>.<\/span> <span class=\"relative -mx-px my-[-0.2rem] rounded px-px py-[0.2rem] transition-colors duration-100 ease-in-out\">Handwerklich in Frankreich aus biologisch angebauten Zutaten hergestellt, ist diese Seife ideal f\u00fcr den h\u00e4ufigen Gebrauch.<\/span><\/p>\n<p data-start=\"466\" data-end=\"481\"><strong data-start=\"466\" data-end=\"481\">Vorteile:<\/strong><\/p>\n<ul data-start=\"483\" data-end=\"645\">\n<li data-start=\"483\" data-end=\"522\">\n<p data-start=\"485\" data-end=\"522\"><span class=\"relative -mx-px my-[-0.2rem] rounded px-px py-[0.2rem] transition-colors duration-100 ease-in-out\">Reinigt sanft Fell und M\u00e4hne, ohne die Haut anzugreifen.<\/span><\/p>\n<\/li>\n<li data-start=\"523\" data-end=\"564\">\n<p data-start=\"525\" data-end=\"564\"><span class=\"relative -mx-px my-[-0.2rem] rounded px-px py-[0.2rem] transition-colors duration-100 ease-in-out\">Verleiht dem Fell Glanz und Geschmeidigkeit.<\/span><\/p>\n<\/li>\n<li data-start=\"565\" data-end=\"645\">\n<p data-start=\"567\" data-end=\"645\"><span class=\"relative -mx-px my-[-0.2rem] rounded px-px py-[0.2rem] transition-colors duration-100 ease-in-out\">Umweltfreundliche Formel, ohne Plastikverpackung.<\/span><\/p>\n<\/li>\n<\/ul>\n","protected":false},"excerpt":{"rendered":"<p>Festes Shampoo f\u00fcr den t\u00e4glichen Gebrauch.<\/p>\n","protected":false},"featured_media":32754,"template":"","meta":{"site-sidebar-layout":"default","site-content-layout":"","ast-site-content-layout":"default","site-content-style":"default","site-sidebar-style":"default","ast-global-header-display":"","ast-banner-title-visibility":"","ast-main-header-display":"","ast-hfb-above-header-display":"","ast-hfb-below-header-display":"","ast-hfb-mobile-header-display":"","site-post-title":"","ast-breadcrumbs-content":"","ast-featured-img":"","footer-sml-layout":"","ast-disable-related-posts":"","theme-transparent-header-meta":"default","adv-header-id-meta":"","stick-header-meta":"default","header-above-stick-meta":"","header-main-stick-meta":"","header-below-stick-meta":"","astra-migrate-meta-layouts":"default","ast-page-background-enabled":"default","ast-page-background-meta":{"desktop":{"background-color":"var(--ast-global-color-4)","background-image":"","background-repeat":"repeat","background-position":"center center","background-size":"auto","background-attachment":"scroll","background-type":"","background-media":"","overlay-type":"","overlay-color":"","overlay-opacity":"","overlay-gradient":""},"tablet":{"background-color":"","background-image":"","background-repeat":"repeat","background-position":"center center","background-size":"auto","background-attachment":"scroll","background-type":"","background-media":"","overlay-type":"","overlay-color":"","overlay-opacity":"","overlay-gradient":""},"mobile":{"background-color":"","background-image":"","background-repeat":"repeat","background-position":"center center","background-size":"auto","background-attachment":"scroll","background-type":"","background-media":"","overlay-type":"","overlay-color":"","overlay-opacity":"","overlay-gradient":""}},"ast-content-background-meta":{"desktop":{"background-color":"var(--ast-global-color-5)","background-image":"","background-repeat":"repeat","background-position":"center center","background-size":"auto","background-attachment":"scroll","background-type":"","background-media":"","overlay-type":"","overlay-color":"","overlay-opacity":"","overlay-gradient":""},"tablet":{"background-color":"var(--ast-global-color-5)","background-image":"","background-repeat":"repeat","background-position":"center center","background-size":"auto","background-attachment":"scroll","background-type":"","background-media":"","overlay-type":"","overlay-color":"","overlay-opacity":"","overlay-gradient":""},"mobile":{"background-color":"var(--ast-global-color-5)","background-image":"","background-repeat":"repeat","background-position":"center center","background-size":"auto","background-attachment":"scroll","background-type":"","background-media":"","overlay-type":"","overlay-color":"","overlay-opacity":"","overlay-gradient":""}}},"product_brand":[],"product_cat":[122,126,117],"product_tag":[],"class_list":{"0":"post-33761","1":"product","2":"type-product","3":"status-publish","4":"has-post-thumbnail","6":"product_cat-haut-haare","7":"product_cat-naturalinnov","8":"product_cat-pflege","9":"desktop-align-left","10":"tablet-align-left","11":"mobile-align-left","12":"ast-product-gallery-layout-first-image-large","13":"ast-product-gallery-with-no-image","14":"ast-product-tabs-layout-horizontal","16":"first","17":"instock","18":"featured","19":"purchasable","20":"product-type-simple"},"yoast_head":"<!-- This site is optimized with the Yoast SEO plugin v27.3 - https:\/\/yoast.com\/product\/yoast-seo-wordpress\/ -->\n<title>Natural&#039;Innov - Natural&#039;Wash Daily 100g + Sisalbeutel - Sweet Horse<\/title>\n<meta name=\"description\" content=\"Nat\u00fcrliches festes Shampoo f\u00fcr Pferde, ideal f\u00fcr den h\u00e4ufigen Gebrauch. Reinigt sanft, schont die Haut, verleiht dem Fell Glanz und Geschmeidigkeit.\" \/>\n<meta name=\"robots\" content=\"index, follow, max-snippet:-1, max-image-preview:large, max-video-preview:-1\" \/>\n<link rel=\"canonical\" href=\"https:\/\/sweet-horse.ch\/de\/produit\/naturalinnov-naturalwash-daily-100g-sisalbeutel\/\" \/>\n<meta property=\"og:locale\" content=\"de_DE\" \/>\n<meta property=\"og:type\" content=\"article\" \/>\n<meta property=\"og:title\" content=\"Natural&#039;Innov - Natural&#039;Wash Daily 100g + Sisalbeutel - Sweet Horse\" \/>\n<meta property=\"og:description\" content=\"Nat\u00fcrliches festes Shampoo f\u00fcr Pferde, ideal f\u00fcr den h\u00e4ufigen Gebrauch. Reinigt sanft, schont die Haut, verleiht dem Fell Glanz und Geschmeidigkeit.\" \/>\n<meta property=\"og:url\" content=\"https:\/\/sweet-horse.ch\/de\/produit\/naturalinnov-naturalwash-daily-100g-sisalbeutel\/\" \/>\n<meta property=\"og:site_name\" content=\"Sweet Horse\" \/>\n<meta property=\"article:modified_time\" content=\"2025-11-22T08:58:17+00:00\" \/>\n<meta property=\"og:image\" content=\"https:\/\/i0.wp.com\/sweet-horse.ch\/wp-content\/uploads\/2025\/05\/Naturalwash-daily.png?fit=600%2C600&ssl=1\" \/>\n\t<meta property=\"og:image:width\" content=\"600\" \/>\n\t<meta property=\"og:image:height\" content=\"600\" \/>\n\t<meta property=\"og:image:type\" content=\"image\/png\" \/>\n<meta name=\"twitter:card\" content=\"summary_large_image\" \/>\n<script type=\"application\/ld+json\" class=\"yoast-schema-graph\">{\"@context\":\"https:\\\/\\\/schema.org\",\"@graph\":[{\"@type\":\"WebPage\",\"@id\":\"https:\\\/\\\/sweet-horse.ch\\\/de\\\/produit\\\/naturalinnov-naturalwash-daily-100g-sisalbeutel\\\/\",\"url\":\"https:\\\/\\\/sweet-horse.ch\\\/de\\\/produit\\\/naturalinnov-naturalwash-daily-100g-sisalbeutel\\\/\",\"name\":\"Natural'Innov - Natural'Wash Daily 100g + Sisalbeutel - Sweet Horse\",\"isPartOf\":{\"@id\":\"https:\\\/\\\/sweet-horse.ch\\\/de\\\/#website\"},\"primaryImageOfPage\":{\"@id\":\"https:\\\/\\\/sweet-horse.ch\\\/de\\\/produit\\\/naturalinnov-naturalwash-daily-100g-sisalbeutel\\\/#primaryimage\"},\"image\":{\"@id\":\"https:\\\/\\\/sweet-horse.ch\\\/de\\\/produit\\\/naturalinnov-naturalwash-daily-100g-sisalbeutel\\\/#primaryimage\"},\"thumbnailUrl\":\"https:\\\/\\\/i0.wp.com\\\/sweet-horse.ch\\\/wp-content\\\/uploads\\\/2025\\\/05\\\/Naturalwash-daily.png?fit=600%2C600&ssl=1\",\"datePublished\":\"2025-05-30T11:47:45+00:00\",\"dateModified\":\"2025-11-22T08:58:17+00:00\",\"description\":\"Nat\u00fcrliches festes Shampoo f\u00fcr Pferde, ideal f\u00fcr den h\u00e4ufigen Gebrauch. Reinigt sanft, schont die Haut, verleiht dem Fell Glanz und Geschmeidigkeit.\",\"breadcrumb\":{\"@id\":\"https:\\\/\\\/sweet-horse.ch\\\/de\\\/produit\\\/naturalinnov-naturalwash-daily-100g-sisalbeutel\\\/#breadcrumb\"},\"inLanguage\":\"de\",\"potentialAction\":[{\"@type\":\"ReadAction\",\"target\":[\"https:\\\/\\\/sweet-horse.ch\\\/de\\\/produit\\\/naturalinnov-naturalwash-daily-100g-sisalbeutel\\\/\"]}]},{\"@type\":\"ImageObject\",\"inLanguage\":\"de\",\"@id\":\"https:\\\/\\\/sweet-horse.ch\\\/de\\\/produit\\\/naturalinnov-naturalwash-daily-100g-sisalbeutel\\\/#primaryimage\",\"url\":\"https:\\\/\\\/i0.wp.com\\\/sweet-horse.ch\\\/wp-content\\\/uploads\\\/2025\\\/05\\\/Naturalwash-daily.png?fit=600%2C600&ssl=1\",\"contentUrl\":\"https:\\\/\\\/i0.wp.com\\\/sweet-horse.ch\\\/wp-content\\\/uploads\\\/2025\\\/05\\\/Naturalwash-daily.png?fit=600%2C600&ssl=1\",\"width\":600,\"height\":600,\"caption\":\"Natural\u2019Innov \u2013 Natural\u2019Wash Daily\"},{\"@type\":\"BreadcrumbList\",\"@id\":\"https:\\\/\\\/sweet-horse.ch\\\/de\\\/produit\\\/naturalinnov-naturalwash-daily-100g-sisalbeutel\\\/#breadcrumb\",\"itemListElement\":[{\"@type\":\"ListItem\",\"position\":1,\"name\":\"Startseite\",\"item\":\"https:\\\/\\\/sweet-horse.ch\\\/de\\\/startseite\\\/\"},{\"@type\":\"ListItem\",\"position\":2,\"name\":\"Shop\",\"item\":\"https:\\\/\\\/sweet-horse.ch\\\/de\\\/shop\\\/\"},{\"@type\":\"ListItem\",\"position\":3,\"name\":\"Natural&#8217;Innov \u2013 Natural&#8217;Wash Daily 100g + Sisalbeutel\"}]},{\"@type\":\"WebSite\",\"@id\":\"https:\\\/\\\/sweet-horse.ch\\\/de\\\/#website\",\"url\":\"https:\\\/\\\/sweet-horse.ch\\\/de\\\/\",\"name\":\"Sweet Horse\",\"description\":\"Naturellement \u00e0 l&#039;\u00e9coute de votre compagnon \u00e9quin\",\"publisher\":{\"@id\":\"https:\\\/\\\/sweet-horse.ch\\\/de\\\/#organization\"},\"potentialAction\":[{\"@type\":\"SearchAction\",\"target\":{\"@type\":\"EntryPoint\",\"urlTemplate\":\"https:\\\/\\\/sweet-horse.ch\\\/de\\\/?s={search_term_string}\"},\"query-input\":{\"@type\":\"PropertyValueSpecification\",\"valueRequired\":true,\"valueName\":\"search_term_string\"}}],\"inLanguage\":\"de\"},{\"@type\":\"Organization\",\"@id\":\"https:\\\/\\\/sweet-horse.ch\\\/de\\\/#organization\",\"name\":\"Sweet Horse\",\"url\":\"https:\\\/\\\/sweet-horse.ch\\\/de\\\/\",\"logo\":{\"@type\":\"ImageObject\",\"inLanguage\":\"de\",\"@id\":\"https:\\\/\\\/sweet-horse.ch\\\/de\\\/#\\\/schema\\\/logo\\\/image\\\/\",\"url\":\"https:\\\/\\\/i0.wp.com\\\/sweet-horse.ch\\\/wp-content\\\/uploads\\\/2023\\\/12\\\/cropped-cropped-sweethorse_RVB-scaled-1.webp?fit=1763%2C1920&ssl=1\",\"contentUrl\":\"https:\\\/\\\/i0.wp.com\\\/sweet-horse.ch\\\/wp-content\\\/uploads\\\/2023\\\/12\\\/cropped-cropped-sweethorse_RVB-scaled-1.webp?fit=1763%2C1920&ssl=1\",\"width\":1763,\"height\":1920,\"caption\":\"Sweet Horse\"},\"image\":{\"@id\":\"https:\\\/\\\/sweet-horse.ch\\\/de\\\/#\\\/schema\\\/logo\\\/image\\\/\"},\"sameAs\":[\"https:\\\/\\\/www.instagram.com\\\/sweet_horse.ch\"]}]}<\/script>\n<!-- \/ Yoast SEO plugin. -->","yoast_head_json":{"title":"Natural'Innov - Natural'Wash Daily 100g + Sisalbeutel - Sweet Horse","description":"Nat\u00fcrliches festes Shampoo f\u00fcr Pferde, ideal f\u00fcr den h\u00e4ufigen Gebrauch. Reinigt sanft, schont die Haut, verleiht dem Fell Glanz und Geschmeidigkeit.","robots":{"index":"index","follow":"follow","max-snippet":"max-snippet:-1","max-image-preview":"max-image-preview:large","max-video-preview":"max-video-preview:-1"},"canonical":"https:\/\/sweet-horse.ch\/de\/produit\/naturalinnov-naturalwash-daily-100g-sisalbeutel\/","og_locale":"de_DE","og_type":"article","og_title":"Natural'Innov - Natural'Wash Daily 100g + Sisalbeutel - Sweet Horse","og_description":"Nat\u00fcrliches festes Shampoo f\u00fcr Pferde, ideal f\u00fcr den h\u00e4ufigen Gebrauch. Reinigt sanft, schont die Haut, verleiht dem Fell Glanz und Geschmeidigkeit.","og_url":"https:\/\/sweet-horse.ch\/de\/produit\/naturalinnov-naturalwash-daily-100g-sisalbeutel\/","og_site_name":"Sweet Horse","article_modified_time":"2025-11-22T08:58:17+00:00","og_image":[{"width":600,"height":600,"url":"https:\/\/i0.wp.com\/sweet-horse.ch\/wp-content\/uploads\/2025\/05\/Naturalwash-daily.png?fit=600%2C600&ssl=1","type":"image\/png"}],"twitter_card":"summary_large_image","schema":{"@context":"https:\/\/schema.org","@graph":[{"@type":"WebPage","@id":"https:\/\/sweet-horse.ch\/de\/produit\/naturalinnov-naturalwash-daily-100g-sisalbeutel\/","url":"https:\/\/sweet-horse.ch\/de\/produit\/naturalinnov-naturalwash-daily-100g-sisalbeutel\/","name":"Natural'Innov - Natural'Wash Daily 100g + Sisalbeutel - Sweet Horse","isPartOf":{"@id":"https:\/\/sweet-horse.ch\/de\/#website"},"primaryImageOfPage":{"@id":"https:\/\/sweet-horse.ch\/de\/produit\/naturalinnov-naturalwash-daily-100g-sisalbeutel\/#primaryimage"},"image":{"@id":"https:\/\/sweet-horse.ch\/de\/produit\/naturalinnov-naturalwash-daily-100g-sisalbeutel\/#primaryimage"},"thumbnailUrl":"https:\/\/i0.wp.com\/sweet-horse.ch\/wp-content\/uploads\/2025\/05\/Naturalwash-daily.png?fit=600%2C600&ssl=1","datePublished":"2025-05-30T11:47:45+00:00","dateModified":"2025-11-22T08:58:17+00:00","description":"Nat\u00fcrliches festes Shampoo f\u00fcr Pferde, ideal f\u00fcr den h\u00e4ufigen Gebrauch. Reinigt sanft, schont die Haut, verleiht dem Fell Glanz und Geschmeidigkeit.","breadcrumb":{"@id":"https:\/\/sweet-horse.ch\/de\/produit\/naturalinnov-naturalwash-daily-100g-sisalbeutel\/#breadcrumb"},"inLanguage":"de","potentialAction":[{"@type":"ReadAction","target":["https:\/\/sweet-horse.ch\/de\/produit\/naturalinnov-naturalwash-daily-100g-sisalbeutel\/"]}]},{"@type":"ImageObject","inLanguage":"de","@id":"https:\/\/sweet-horse.ch\/de\/produit\/naturalinnov-naturalwash-daily-100g-sisalbeutel\/#primaryimage","url":"https:\/\/i0.wp.com\/sweet-horse.ch\/wp-content\/uploads\/2025\/05\/Naturalwash-daily.png?fit=600%2C600&ssl=1","contentUrl":"https:\/\/i0.wp.com\/sweet-horse.ch\/wp-content\/uploads\/2025\/05\/Naturalwash-daily.png?fit=600%2C600&ssl=1","width":600,"height":600,"caption":"Natural\u2019Innov \u2013 Natural\u2019Wash Daily"},{"@type":"BreadcrumbList","@id":"https:\/\/sweet-horse.ch\/de\/produit\/naturalinnov-naturalwash-daily-100g-sisalbeutel\/#breadcrumb","itemListElement":[{"@type":"ListItem","position":1,"name":"Startseite","item":"https:\/\/sweet-horse.ch\/de\/startseite\/"},{"@type":"ListItem","position":2,"name":"Shop","item":"https:\/\/sweet-horse.ch\/de\/shop\/"},{"@type":"ListItem","position":3,"name":"Natural&#8217;Innov \u2013 Natural&#8217;Wash Daily 100g + Sisalbeutel"}]},{"@type":"WebSite","@id":"https:\/\/sweet-horse.ch\/de\/#website","url":"https:\/\/sweet-horse.ch\/de\/","name":"Sweet Horse","description":"Naturellement \u00e0 l&#039;\u00e9coute de votre compagnon \u00e9quin","publisher":{"@id":"https:\/\/sweet-horse.ch\/de\/#organization"},"potentialAction":[{"@type":"SearchAction","target":{"@type":"EntryPoint","urlTemplate":"https:\/\/sweet-horse.ch\/de\/?s={search_term_string}"},"query-input":{"@type":"PropertyValueSpecification","valueRequired":true,"valueName":"search_term_string"}}],"inLanguage":"de"},{"@type":"Organization","@id":"https:\/\/sweet-horse.ch\/de\/#organization","name":"Sweet Horse","url":"https:\/\/sweet-horse.ch\/de\/","logo":{"@type":"ImageObject","inLanguage":"de","@id":"https:\/\/sweet-horse.ch\/de\/#\/schema\/logo\/image\/","url":"https:\/\/i0.wp.com\/sweet-horse.ch\/wp-content\/uploads\/2023\/12\/cropped-cropped-sweethorse_RVB-scaled-1.webp?fit=1763%2C1920&ssl=1","contentUrl":"https:\/\/i0.wp.com\/sweet-horse.ch\/wp-content\/uploads\/2023\/12\/cropped-cropped-sweethorse_RVB-scaled-1.webp?fit=1763%2C1920&ssl=1","width":1763,"height":1920,"caption":"Sweet Horse"},"image":{"@id":"https:\/\/sweet-horse.ch\/de\/#\/schema\/logo\/image\/"},"sameAs":["https:\/\/www.instagram.com\/sweet_horse.ch"]}]}},"_links":{"self":[{"href":"https:\/\/sweet-horse.ch\/de\/wp-json\/wp\/v2\/product\/33761","targetHints":{"allow":["GET"]}}],"collection":[{"href":"https:\/\/sweet-horse.ch\/de\/wp-json\/wp\/v2\/product"}],"about":[{"href":"https:\/\/sweet-horse.ch\/de\/wp-json\/wp\/v2\/types\/product"}],"version-history":[{"count":1,"href":"https:\/\/sweet-horse.ch\/de\/wp-json\/wp\/v2\/product\/33761\/revisions"}],"predecessor-version":[{"id":33857,"href":"https:\/\/sweet-horse.ch\/de\/wp-json\/wp\/v2\/product\/33761\/revisions\/33857"}],"wp:featuredmedia":[{"embeddable":true,"href":"https:\/\/sweet-horse.ch\/de\/wp-json\/wp\/v2\/media\/32754"}],"wp:attachment":[{"href":"https:\/\/sweet-horse.ch\/de\/wp-json\/wp\/v2\/media?parent=33761"}],"wp:term":[{"taxonomy":"product_brand","embeddable":true,"href":"https:\/\/sweet-horse.ch\/de\/wp-json\/wp\/v2\/product_brand?post=33761"},{"taxonomy":"product_cat","embeddable":true,"href":"https:\/\/sweet-horse.ch\/de\/wp-json\/wp\/v2\/product_cat?post=33761"},{"taxonomy":"product_tag","embeddable":true,"href":"https:\/\/sweet-horse.ch\/de\/wp-json\/wp\/v2\/product_tag?post=33761"}],"curies":[{"name":"wp","href":"https:\/\/api.w.org\/{rel}","templated":true}]}}