{"id":33765,"date":"2025-09-17T17:03:44","date_gmt":"2025-09-17T15:03:44","guid":{"rendered":"https:\/\/sweet-horse.ch\/produit\/red-horse-stronghorn-500ml\/"},"modified":"2026-03-11T12:12:05","modified_gmt":"2026-03-11T11:12:05","slug":"red-horse-stronghorn-500ml","status":"publish","type":"product","link":"https:\/\/sweet-horse.ch\/de\/produit\/red-horse-stronghorn-500ml\/","title":{"rendered":"Red Horse \u2013 Stronghorn 500ml"},"content":{"rendered":"<p data-start=\"197\" data-end=\"455\">Stronghorn Spray ist eine innovative L\u00f6sung, die das Hufhorn pflegt, st\u00e4rkt und h\u00e4rtet und gleichzeitig eine starke Reinigungsleistung bietet. Es tr\u00e4gt dazu bei, gesunde und widerstandsf\u00e4hige Hufe zu erhalten, die f\u00fcr das Wohlbefinden und die Leistung des Pferdes unerl\u00e4sslich sind. <\/p>\n<p data-start=\"457\" data-end=\"685\">Seine Spr\u00fchformel erm\u00f6glicht eine schnelle, gleichm\u00e4\u00dfige und praktische Anwendung und vermeidet die Nachteile klassischer Hufh\u00e4rter, die in Pinselflaschen oder mit schmaler Basis angeboten werden und oft instabil und leicht umzukippen sind.<\/p>\n<p data-start=\"687\" data-end=\"704\"><strong data-start=\"687\" data-end=\"702\">Vorteile:<\/strong><\/p>\n<ul data-start=\"705\" data-end=\"978\">\n<li data-start=\"705\" data-end=\"745\">\n<p data-start=\"707\" data-end=\"745\">St\u00e4rkt und h\u00e4rtet das Hufhorn<\/p>\n<\/li>\n<li data-start=\"746\" data-end=\"786\">\n<p data-start=\"748\" data-end=\"786\">Pflegt das Hornmaterial tiefenwirksam<\/p>\n<\/li>\n<li data-start=\"787\" data-end=\"858\">\n<p data-start=\"789\" data-end=\"858\">Hilft, dank seiner reinigenden Wirkung eine optimale Hygiene aufrechtzuerhalten<\/p>\n<\/li>\n<li data-start=\"859\" data-end=\"913\">\n<p data-start=\"861\" data-end=\"913\">Einfache und schnelle Anwendung dank des Spr\u00fchformats<\/p>\n<\/li>\n<li data-start=\"914\" data-end=\"978\">\n<p data-start=\"916\" data-end=\"978\">Praktischer und sicherer als Produkte, die mit einem Pinsel aufgetragen werden<\/p>\n<\/li>\n<\/ul>\n<p data-start=\"980\" data-end=\"1169\">Stronghorn Spray ist somit ein idealer Verb\u00fcndeter f\u00fcr Pferde mit br\u00fcchigen, weichen oder zu Abnutzung neigenden Hufen und stellt eine praktische L\u00f6sung dar, die in die regelm\u00e4\u00dfige Hufpflege integriert werden kann.<\/p>\n","protected":false},"excerpt":{"rendered":"<p>St\u00e4rkendes Spray f\u00fcr die Hufe.<\/p>\n","protected":false},"featured_media":33767,"template":"","meta":{"site-sidebar-layout":"default","site-content-layout":"","ast-site-content-layout":"default","site-content-style":"default","site-sidebar-style":"default","ast-global-header-display":"","ast-banner-title-visibility":"","ast-main-header-display":"","ast-hfb-above-header-display":"","ast-hfb-below-header-display":"","ast-hfb-mobile-header-display":"","site-post-title":"","ast-breadcrumbs-content":"","ast-featured-img":"","footer-sml-layout":"","ast-disable-related-posts":"","theme-transparent-header-meta":"default","adv-header-id-meta":"","stick-header-meta":"default","header-above-stick-meta":"","header-main-stick-meta":"","header-below-stick-meta":"","astra-migrate-meta-layouts":"default","ast-page-background-enabled":"default","ast-page-background-meta":{"desktop":{"background-color":"var(--ast-global-color-4)","background-image":"","background-repeat":"repeat","background-position":"center center","background-size":"auto","background-attachment":"scroll","background-type":"","background-media":"","overlay-type":"","overlay-color":"","overlay-opacity":"","overlay-gradient":""},"tablet":{"background-color":"","background-image":"","background-repeat":"repeat","background-position":"center center","background-size":"auto","background-attachment":"scroll","background-type":"","background-media":"","overlay-type":"","overlay-color":"","overlay-opacity":"","overlay-gradient":""},"mobile":{"background-color":"","background-image":"","background-repeat":"repeat","background-position":"center center","background-size":"auto","background-attachment":"scroll","background-type":"","background-media":"","overlay-type":"","overlay-color":"","overlay-opacity":"","overlay-gradient":""}},"ast-content-background-meta":{"desktop":{"background-color":"var(--ast-global-color-5)","background-image":"","background-repeat":"repeat","background-position":"center center","background-size":"auto","background-attachment":"scroll","background-type":"","background-media":"","overlay-type":"","overlay-color":"","overlay-opacity":"","overlay-gradient":""},"tablet":{"background-color":"var(--ast-global-color-5)","background-image":"","background-repeat":"repeat","background-position":"center center","background-size":"auto","background-attachment":"scroll","background-type":"","background-media":"","overlay-type":"","overlay-color":"","overlay-opacity":"","overlay-gradient":""},"mobile":{"background-color":"var(--ast-global-color-5)","background-image":"","background-repeat":"repeat","background-position":"center center","background-size":"auto","background-attachment":"scroll","background-type":"","background-media":"","overlay-type":"","overlay-color":"","overlay-opacity":"","overlay-gradient":""}}},"product_brand":[],"product_cat":[118,128],"product_tag":[],"class_list":{"0":"post-33765","1":"product","2":"type-product","3":"status-publish","4":"has-post-thumbnail","6":"product_cat-hufe","7":"product_cat-red-horse","8":"desktop-align-left","9":"tablet-align-left","10":"mobile-align-left","11":"ast-product-gallery-layout-first-image-large","12":"ast-product-gallery-with-no-image","13":"ast-product-tabs-layout-horizontal","15":"first","16":"instock","17":"purchasable","18":"product-type-simple"},"yoast_head":"<!-- This site is optimized with the Yoast SEO plugin v27.3 - https:\/\/yoast.com\/product\/yoast-seo-wordpress\/ -->\n<title>Red Horse - Stronghorn 500ml - Sweet Horse<\/title>\n<meta name=\"description\" content=\"Stronghorn Spray st\u00e4rkt, pflegt und h\u00e4rtet das Hufhorn, w\u00e4hrend es effektiv reinigt. Praktische und schnelle Anwendung dank des Spr\u00fchformats.\" \/>\n<meta name=\"robots\" content=\"index, follow, max-snippet:-1, max-image-preview:large, max-video-preview:-1\" \/>\n<link rel=\"canonical\" href=\"https:\/\/sweet-horse.ch\/de\/produit\/red-horse-stronghorn-500ml\/\" \/>\n<meta property=\"og:locale\" content=\"de_DE\" \/>\n<meta property=\"og:type\" content=\"article\" \/>\n<meta property=\"og:title\" content=\"Red Horse - Stronghorn 500ml - Sweet Horse\" \/>\n<meta property=\"og:description\" content=\"Stronghorn Spray st\u00e4rkt, pflegt und h\u00e4rtet das Hufhorn, w\u00e4hrend es effektiv reinigt. Praktische und schnelle Anwendung dank des Spr\u00fchformats.\" \/>\n<meta property=\"og:url\" content=\"https:\/\/sweet-horse.ch\/de\/produit\/red-horse-stronghorn-500ml\/\" \/>\n<meta property=\"og:site_name\" content=\"Sweet Horse\" \/>\n<meta property=\"article:modified_time\" content=\"2026-03-11T11:12:05+00:00\" \/>\n<meta property=\"og:image\" content=\"https:\/\/i0.wp.com\/sweet-horse.ch\/wp-content\/uploads\/2025\/09\/Design-sans-titre.png?fit=600%2C600&ssl=1\" \/>\n\t<meta property=\"og:image:width\" content=\"600\" \/>\n\t<meta property=\"og:image:height\" content=\"600\" \/>\n\t<meta property=\"og:image:type\" content=\"image\/png\" \/>\n<meta name=\"twitter:card\" content=\"summary_large_image\" \/>\n<meta name=\"twitter:label1\" content=\"Gesch\u00e4tzte Lesezeit\" \/>\n\t<meta name=\"twitter:data1\" content=\"1\u00a0Minute\" \/>\n<script type=\"application\/ld+json\" class=\"yoast-schema-graph\">{\"@context\":\"https:\\\/\\\/schema.org\",\"@graph\":[{\"@type\":\"WebPage\",\"@id\":\"https:\\\/\\\/sweet-horse.ch\\\/de\\\/produit\\\/red-horse-stronghorn-500ml\\\/\",\"url\":\"https:\\\/\\\/sweet-horse.ch\\\/de\\\/produit\\\/red-horse-stronghorn-500ml\\\/\",\"name\":\"Red Horse - Stronghorn 500ml - Sweet Horse\",\"isPartOf\":{\"@id\":\"https:\\\/\\\/sweet-horse.ch\\\/de\\\/#website\"},\"primaryImageOfPage\":{\"@id\":\"https:\\\/\\\/sweet-horse.ch\\\/de\\\/produit\\\/red-horse-stronghorn-500ml\\\/#primaryimage\"},\"image\":{\"@id\":\"https:\\\/\\\/sweet-horse.ch\\\/de\\\/produit\\\/red-horse-stronghorn-500ml\\\/#primaryimage\"},\"thumbnailUrl\":\"https:\\\/\\\/i0.wp.com\\\/sweet-horse.ch\\\/wp-content\\\/uploads\\\/2025\\\/09\\\/Design-sans-titre.png?fit=600%2C600&ssl=1\",\"datePublished\":\"2025-09-17T15:03:44+00:00\",\"dateModified\":\"2026-03-11T11:12:05+00:00\",\"description\":\"Stronghorn Spray st\u00e4rkt, pflegt und h\u00e4rtet das Hufhorn, w\u00e4hrend es effektiv reinigt. Praktische und schnelle Anwendung dank des Spr\u00fchformats.\",\"breadcrumb\":{\"@id\":\"https:\\\/\\\/sweet-horse.ch\\\/de\\\/produit\\\/red-horse-stronghorn-500ml\\\/#breadcrumb\"},\"inLanguage\":\"de\",\"potentialAction\":[{\"@type\":\"ReadAction\",\"target\":[\"https:\\\/\\\/sweet-horse.ch\\\/de\\\/produit\\\/red-horse-stronghorn-500ml\\\/\"]}]},{\"@type\":\"ImageObject\",\"inLanguage\":\"de\",\"@id\":\"https:\\\/\\\/sweet-horse.ch\\\/de\\\/produit\\\/red-horse-stronghorn-500ml\\\/#primaryimage\",\"url\":\"https:\\\/\\\/i0.wp.com\\\/sweet-horse.ch\\\/wp-content\\\/uploads\\\/2025\\\/09\\\/Design-sans-titre.png?fit=600%2C600&ssl=1\",\"contentUrl\":\"https:\\\/\\\/i0.wp.com\\\/sweet-horse.ch\\\/wp-content\\\/uploads\\\/2025\\\/09\\\/Design-sans-titre.png?fit=600%2C600&ssl=1\",\"width\":600,\"height\":600,\"caption\":\"Red Horse \u2013 Stronghorn 500ml\"},{\"@type\":\"BreadcrumbList\",\"@id\":\"https:\\\/\\\/sweet-horse.ch\\\/de\\\/produit\\\/red-horse-stronghorn-500ml\\\/#breadcrumb\",\"itemListElement\":[{\"@type\":\"ListItem\",\"position\":1,\"name\":\"Startseite\",\"item\":\"https:\\\/\\\/sweet-horse.ch\\\/de\\\/startseite\\\/\"},{\"@type\":\"ListItem\",\"position\":2,\"name\":\"Shop\",\"item\":\"https:\\\/\\\/sweet-horse.ch\\\/de\\\/shop\\\/\"},{\"@type\":\"ListItem\",\"position\":3,\"name\":\"Red Horse \u2013 Stronghorn 500ml\"}]},{\"@type\":\"WebSite\",\"@id\":\"https:\\\/\\\/sweet-horse.ch\\\/de\\\/#website\",\"url\":\"https:\\\/\\\/sweet-horse.ch\\\/de\\\/\",\"name\":\"Sweet Horse\",\"description\":\"Naturellement \u00e0 l&#039;\u00e9coute de votre compagnon \u00e9quin\",\"publisher\":{\"@id\":\"https:\\\/\\\/sweet-horse.ch\\\/de\\\/#organization\"},\"potentialAction\":[{\"@type\":\"SearchAction\",\"target\":{\"@type\":\"EntryPoint\",\"urlTemplate\":\"https:\\\/\\\/sweet-horse.ch\\\/de\\\/?s={search_term_string}\"},\"query-input\":{\"@type\":\"PropertyValueSpecification\",\"valueRequired\":true,\"valueName\":\"search_term_string\"}}],\"inLanguage\":\"de\"},{\"@type\":\"Organization\",\"@id\":\"https:\\\/\\\/sweet-horse.ch\\\/de\\\/#organization\",\"name\":\"Sweet Horse\",\"url\":\"https:\\\/\\\/sweet-horse.ch\\\/de\\\/\",\"logo\":{\"@type\":\"ImageObject\",\"inLanguage\":\"de\",\"@id\":\"https:\\\/\\\/sweet-horse.ch\\\/de\\\/#\\\/schema\\\/logo\\\/image\\\/\",\"url\":\"https:\\\/\\\/i0.wp.com\\\/sweet-horse.ch\\\/wp-content\\\/uploads\\\/2023\\\/12\\\/cropped-cropped-sweethorse_RVB-scaled-1.webp?fit=1763%2C1920&ssl=1\",\"contentUrl\":\"https:\\\/\\\/i0.wp.com\\\/sweet-horse.ch\\\/wp-content\\\/uploads\\\/2023\\\/12\\\/cropped-cropped-sweethorse_RVB-scaled-1.webp?fit=1763%2C1920&ssl=1\",\"width\":1763,\"height\":1920,\"caption\":\"Sweet Horse\"},\"image\":{\"@id\":\"https:\\\/\\\/sweet-horse.ch\\\/de\\\/#\\\/schema\\\/logo\\\/image\\\/\"},\"sameAs\":[\"https:\\\/\\\/www.instagram.com\\\/sweet_horse.ch\"]}]}<\/script>\n<!-- \/ Yoast SEO plugin. -->","yoast_head_json":{"title":"Red Horse - Stronghorn 500ml - Sweet Horse","description":"Stronghorn Spray st\u00e4rkt, pflegt und h\u00e4rtet das Hufhorn, w\u00e4hrend es effektiv reinigt. Praktische und schnelle Anwendung dank des Spr\u00fchformats.","robots":{"index":"index","follow":"follow","max-snippet":"max-snippet:-1","max-image-preview":"max-image-preview:large","max-video-preview":"max-video-preview:-1"},"canonical":"https:\/\/sweet-horse.ch\/de\/produit\/red-horse-stronghorn-500ml\/","og_locale":"de_DE","og_type":"article","og_title":"Red Horse - Stronghorn 500ml - Sweet Horse","og_description":"Stronghorn Spray st\u00e4rkt, pflegt und h\u00e4rtet das Hufhorn, w\u00e4hrend es effektiv reinigt. Praktische und schnelle Anwendung dank des Spr\u00fchformats.","og_url":"https:\/\/sweet-horse.ch\/de\/produit\/red-horse-stronghorn-500ml\/","og_site_name":"Sweet Horse","article_modified_time":"2026-03-11T11:12:05+00:00","og_image":[{"width":600,"height":600,"url":"https:\/\/i0.wp.com\/sweet-horse.ch\/wp-content\/uploads\/2025\/09\/Design-sans-titre.png?fit=600%2C600&ssl=1","type":"image\/png"}],"twitter_card":"summary_large_image","twitter_misc":{"Gesch\u00e4tzte Lesezeit":"1\u00a0Minute"},"schema":{"@context":"https:\/\/schema.org","@graph":[{"@type":"WebPage","@id":"https:\/\/sweet-horse.ch\/de\/produit\/red-horse-stronghorn-500ml\/","url":"https:\/\/sweet-horse.ch\/de\/produit\/red-horse-stronghorn-500ml\/","name":"Red Horse - Stronghorn 500ml - Sweet Horse","isPartOf":{"@id":"https:\/\/sweet-horse.ch\/de\/#website"},"primaryImageOfPage":{"@id":"https:\/\/sweet-horse.ch\/de\/produit\/red-horse-stronghorn-500ml\/#primaryimage"},"image":{"@id":"https:\/\/sweet-horse.ch\/de\/produit\/red-horse-stronghorn-500ml\/#primaryimage"},"thumbnailUrl":"https:\/\/i0.wp.com\/sweet-horse.ch\/wp-content\/uploads\/2025\/09\/Design-sans-titre.png?fit=600%2C600&ssl=1","datePublished":"2025-09-17T15:03:44+00:00","dateModified":"2026-03-11T11:12:05+00:00","description":"Stronghorn Spray st\u00e4rkt, pflegt und h\u00e4rtet das Hufhorn, w\u00e4hrend es effektiv reinigt. Praktische und schnelle Anwendung dank des Spr\u00fchformats.","breadcrumb":{"@id":"https:\/\/sweet-horse.ch\/de\/produit\/red-horse-stronghorn-500ml\/#breadcrumb"},"inLanguage":"de","potentialAction":[{"@type":"ReadAction","target":["https:\/\/sweet-horse.ch\/de\/produit\/red-horse-stronghorn-500ml\/"]}]},{"@type":"ImageObject","inLanguage":"de","@id":"https:\/\/sweet-horse.ch\/de\/produit\/red-horse-stronghorn-500ml\/#primaryimage","url":"https:\/\/i0.wp.com\/sweet-horse.ch\/wp-content\/uploads\/2025\/09\/Design-sans-titre.png?fit=600%2C600&ssl=1","contentUrl":"https:\/\/i0.wp.com\/sweet-horse.ch\/wp-content\/uploads\/2025\/09\/Design-sans-titre.png?fit=600%2C600&ssl=1","width":600,"height":600,"caption":"Red Horse \u2013 Stronghorn 500ml"},{"@type":"BreadcrumbList","@id":"https:\/\/sweet-horse.ch\/de\/produit\/red-horse-stronghorn-500ml\/#breadcrumb","itemListElement":[{"@type":"ListItem","position":1,"name":"Startseite","item":"https:\/\/sweet-horse.ch\/de\/startseite\/"},{"@type":"ListItem","position":2,"name":"Shop","item":"https:\/\/sweet-horse.ch\/de\/shop\/"},{"@type":"ListItem","position":3,"name":"Red Horse \u2013 Stronghorn 500ml"}]},{"@type":"WebSite","@id":"https:\/\/sweet-horse.ch\/de\/#website","url":"https:\/\/sweet-horse.ch\/de\/","name":"Sweet Horse","description":"Naturellement \u00e0 l&#039;\u00e9coute de votre compagnon \u00e9quin","publisher":{"@id":"https:\/\/sweet-horse.ch\/de\/#organization"},"potentialAction":[{"@type":"SearchAction","target":{"@type":"EntryPoint","urlTemplate":"https:\/\/sweet-horse.ch\/de\/?s={search_term_string}"},"query-input":{"@type":"PropertyValueSpecification","valueRequired":true,"valueName":"search_term_string"}}],"inLanguage":"de"},{"@type":"Organization","@id":"https:\/\/sweet-horse.ch\/de\/#organization","name":"Sweet Horse","url":"https:\/\/sweet-horse.ch\/de\/","logo":{"@type":"ImageObject","inLanguage":"de","@id":"https:\/\/sweet-horse.ch\/de\/#\/schema\/logo\/image\/","url":"https:\/\/i0.wp.com\/sweet-horse.ch\/wp-content\/uploads\/2023\/12\/cropped-cropped-sweethorse_RVB-scaled-1.webp?fit=1763%2C1920&ssl=1","contentUrl":"https:\/\/i0.wp.com\/sweet-horse.ch\/wp-content\/uploads\/2023\/12\/cropped-cropped-sweethorse_RVB-scaled-1.webp?fit=1763%2C1920&ssl=1","width":1763,"height":1920,"caption":"Sweet Horse"},"image":{"@id":"https:\/\/sweet-horse.ch\/de\/#\/schema\/logo\/image\/"},"sameAs":["https:\/\/www.instagram.com\/sweet_horse.ch"]}]}},"_links":{"self":[{"href":"https:\/\/sweet-horse.ch\/de\/wp-json\/wp\/v2\/product\/33765","targetHints":{"allow":["GET"]}}],"collection":[{"href":"https:\/\/sweet-horse.ch\/de\/wp-json\/wp\/v2\/product"}],"about":[{"href":"https:\/\/sweet-horse.ch\/de\/wp-json\/wp\/v2\/types\/product"}],"version-history":[{"count":1,"href":"https:\/\/sweet-horse.ch\/de\/wp-json\/wp\/v2\/product\/33765\/revisions"}],"predecessor-version":[{"id":33844,"href":"https:\/\/sweet-horse.ch\/de\/wp-json\/wp\/v2\/product\/33765\/revisions\/33844"}],"wp:featuredmedia":[{"embeddable":true,"href":"https:\/\/sweet-horse.ch\/de\/wp-json\/wp\/v2\/media\/33767"}],"wp:attachment":[{"href":"https:\/\/sweet-horse.ch\/de\/wp-json\/wp\/v2\/media?parent=33765"}],"wp:term":[{"taxonomy":"product_brand","embeddable":true,"href":"https:\/\/sweet-horse.ch\/de\/wp-json\/wp\/v2\/product_brand?post=33765"},{"taxonomy":"product_cat","embeddable":true,"href":"https:\/\/sweet-horse.ch\/de\/wp-json\/wp\/v2\/product_cat?post=33765"},{"taxonomy":"product_tag","embeddable":true,"href":"https:\/\/sweet-horse.ch\/de\/wp-json\/wp\/v2\/product_tag?post=33765"}],"curies":[{"name":"wp","href":"https:\/\/api.w.org\/{rel}","templated":true}]}}