{"id":33766,"date":"2025-05-30T07:38:12","date_gmt":"2025-05-30T05:38:12","guid":{"rendered":"https:\/\/sweet-horse.ch\/produit\/naturalinnov-naturalwash-sensitive-100g-sisal-beutel\/"},"modified":"2025-11-22T13:17:27","modified_gmt":"2025-11-22T12:17:27","slug":"naturalinnov-naturalwash-sensitive-100g-sisal-beutel","status":"publish","type":"product","link":"https:\/\/sweet-horse.ch\/de\/produit\/naturalinnov-naturalwash-sensitive-100g-sisal-beutel\/","title":{"rendered":"Natural&#8217;Innov \u2013 Natural&#8217;Wash Sensitive 100g + Sisal-Beutel"},"content":{"rendered":"<p>Speziell entwickelt f\u00fcr Pferde mit empfindlicher Haut oder solche, die zu Reizungen wie Dermatitis oder Mauke neigen, ist das <strong data-start=\"128\" data-end=\"154\">Natural&#8217;Wash Sensitive<\/strong> ein 100% nat\u00fcrliches und beruhigendes festes Shampoo.<\/p>\n<p data-start=\"1177\" data-end=\"1192\"><strong data-start=\"1177\" data-end=\"1192\">Vorteile:<\/strong><\/p>\n<ul>\n<li data-start=\"1194\" data-end=\"1235\">\n<p data-start=\"1196\" data-end=\"1235\"><span class=\"relative -mx-px my-[-0.2rem] rounded px-px py-[0.2rem] transition-colors duration-100 ease-in-out\">Reinigt und kl\u00e4rt gereizte Haut.<\/span><\/p>\n<\/li>\n<li data-start=\"1236\" data-end=\"1277\">\n<p data-start=\"1238\" data-end=\"1277\"><span class=\"relative -mx-px my-[-0.2rem] rounded px-px py-[0.2rem] transition-colors duration-100 ease-in-out\">Beruhigt Juckreiz und Entz\u00fcndungen.<\/span><\/p>\n<\/li>\n<li data-start=\"1280\" data-end=\"1358\"><span class=\"relative -mx-px my-[-0.2rem] rounded px-px py-[0.2rem] transition-colors duration-100 ease-in-out\">Sch\u00fctzt die Haut vor \u00e4u\u00dferen Einfl\u00fcssen.<\/span><\/li>\n<\/ul>\n<p data-start=\"1360\" data-end=\"1382\"><strong data-start=\"1360\" data-end=\"1382\">Hauptinhaltsstoffe:<\/strong><\/p>\n<ul data-start=\"1384\" data-end=\"1548\">\n<li data-start=\"1384\" data-end=\"1425\">\n<p data-start=\"1386\" data-end=\"1425\"><span class=\"relative -mx-px my-[-0.2rem] rounded px-px py-[0.2rem] transition-colors duration-100 ease-in-out\">Sonnenblumen\u00f6l, Kokos\u00f6l, Sheabutter, Glycerin, Rizinus\u00f6l, Kakaobutter: spenden Feuchtigkeit und pflegen die Haut.<\/span><\/p>\n<\/li>\n<li data-start=\"1426\" data-end=\"1467\">\n<p data-start=\"1428\" data-end=\"1467\"><span class=\"relative -mx-px my-[-0.2rem] rounded px-px py-[0.2rem] transition-colors duration-100 ease-in-out\">Zinkoxid: antibakterielle und UV-sch\u00fctzende Eigenschaften.<\/span><\/p>\n<\/li>\n<li data-start=\"1468\" data-end=\"1548\">\n<p data-start=\"1470\" data-end=\"1548\"><span class=\"relative -mx-px my-[-0.2rem] rounded px-px py-[0.2rem] transition-colors duration-100 ease-in-out\">Neempulver: reinigt und kl\u00e4rt die Haut.<\/span><\/p>\n<\/li>\n<\/ul>\n","protected":false},"excerpt":{"rendered":"<p>Festes Shampoo f\u00fcr antibakterielle Anwendung und f\u00fcr Pferde mit empfindlicher Haut.<\/p>\n","protected":false},"featured_media":32755,"template":"","meta":{"site-sidebar-layout":"default","site-content-layout":"","ast-site-content-layout":"default","site-content-style":"default","site-sidebar-style":"default","ast-global-header-display":"","ast-banner-title-visibility":"","ast-main-header-display":"","ast-hfb-above-header-display":"","ast-hfb-below-header-display":"","ast-hfb-mobile-header-display":"","site-post-title":"","ast-breadcrumbs-content":"","ast-featured-img":"","footer-sml-layout":"","ast-disable-related-posts":"","theme-transparent-header-meta":"default","adv-header-id-meta":"","stick-header-meta":"default","header-above-stick-meta":"","header-main-stick-meta":"","header-below-stick-meta":"","astra-migrate-meta-layouts":"default","ast-page-background-enabled":"default","ast-page-background-meta":{"desktop":{"background-color":"var(--ast-global-color-4)","background-image":"","background-repeat":"repeat","background-position":"center center","background-size":"auto","background-attachment":"scroll","background-type":"","background-media":"","overlay-type":"","overlay-color":"","overlay-opacity":"","overlay-gradient":""},"tablet":{"background-color":"","background-image":"","background-repeat":"repeat","background-position":"center center","background-size":"auto","background-attachment":"scroll","background-type":"","background-media":"","overlay-type":"","overlay-color":"","overlay-opacity":"","overlay-gradient":""},"mobile":{"background-color":"","background-image":"","background-repeat":"repeat","background-position":"center center","background-size":"auto","background-attachment":"scroll","background-type":"","background-media":"","overlay-type":"","overlay-color":"","overlay-opacity":"","overlay-gradient":""}},"ast-content-background-meta":{"desktop":{"background-color":"var(--ast-global-color-5)","background-image":"","background-repeat":"repeat","background-position":"center center","background-size":"auto","background-attachment":"scroll","background-type":"","background-media":"","overlay-type":"","overlay-color":"","overlay-opacity":"","overlay-gradient":""},"tablet":{"background-color":"var(--ast-global-color-5)","background-image":"","background-repeat":"repeat","background-position":"center center","background-size":"auto","background-attachment":"scroll","background-type":"","background-media":"","overlay-type":"","overlay-color":"","overlay-opacity":"","overlay-gradient":""},"mobile":{"background-color":"var(--ast-global-color-5)","background-image":"","background-repeat":"repeat","background-position":"center center","background-size":"auto","background-attachment":"scroll","background-type":"","background-media":"","overlay-type":"","overlay-color":"","overlay-opacity":"","overlay-gradient":""}}},"product_brand":[91],"product_cat":[122,126,117],"product_tag":[],"class_list":{"0":"post-33766","1":"product","2":"type-product","3":"status-publish","4":"has-post-thumbnail","6":"product_brand-natural-innov","7":"product_cat-haut-haare","8":"product_cat-naturalinnov","9":"product_cat-pflege","10":"desktop-align-left","11":"tablet-align-left","12":"mobile-align-left","13":"ast-product-gallery-layout-first-image-large","14":"ast-product-gallery-with-no-image","15":"ast-product-tabs-layout-horizontal","17":"first","18":"outofstock","19":"purchasable","20":"product-type-simple"},"yoast_head":"<!-- This site is optimized with the Yoast SEO plugin v27.3 - https:\/\/yoast.com\/product\/yoast-seo-wordpress\/ -->\n<title>Natural&#039;Innov - Natural&#039;Wash Sensitive 100g + Sisal-Beutel - Sweet Horse<\/title>\n<meta name=\"description\" content=\"Speziell entwickelt f\u00fcr Pferde mit empfindlicher Haut oder solche, die zu Reizungen wie Dermatitis oder Mauke neigen.\" \/>\n<meta name=\"robots\" content=\"index, follow, max-snippet:-1, max-image-preview:large, max-video-preview:-1\" \/>\n<link rel=\"canonical\" href=\"https:\/\/sweet-horse.ch\/de\/produit\/naturalinnov-naturalwash-sensitive-100g-sisal-beutel\/\" \/>\n<meta property=\"og:locale\" content=\"de_DE\" \/>\n<meta property=\"og:type\" content=\"article\" \/>\n<meta property=\"og:title\" content=\"Natural&#039;Innov - Natural&#039;Wash Sensitive 100g + Sisal-Beutel - Sweet Horse\" \/>\n<meta property=\"og:description\" content=\"Speziell entwickelt f\u00fcr Pferde mit empfindlicher Haut oder solche, die zu Reizungen wie Dermatitis oder Mauke neigen.\" \/>\n<meta property=\"og:url\" content=\"https:\/\/sweet-horse.ch\/de\/produit\/naturalinnov-naturalwash-sensitive-100g-sisal-beutel\/\" \/>\n<meta property=\"og:site_name\" content=\"Sweet Horse\" \/>\n<meta property=\"article:modified_time\" content=\"2025-11-22T12:17:27+00:00\" \/>\n<meta property=\"og:image\" content=\"https:\/\/i0.wp.com\/sweet-horse.ch\/wp-content\/uploads\/2025\/05\/Naturalwash-sensitive.png?fit=600%2C600&ssl=1\" \/>\n\t<meta property=\"og:image:width\" content=\"600\" \/>\n\t<meta property=\"og:image:height\" content=\"600\" \/>\n\t<meta property=\"og:image:type\" content=\"image\/png\" \/>\n<meta name=\"twitter:card\" content=\"summary_large_image\" \/>\n<script type=\"application\/ld+json\" class=\"yoast-schema-graph\">{\"@context\":\"https:\\\/\\\/schema.org\",\"@graph\":[{\"@type\":\"WebPage\",\"@id\":\"https:\\\/\\\/sweet-horse.ch\\\/de\\\/produit\\\/naturalinnov-naturalwash-sensitive-100g-sisal-beutel\\\/\",\"url\":\"https:\\\/\\\/sweet-horse.ch\\\/de\\\/produit\\\/naturalinnov-naturalwash-sensitive-100g-sisal-beutel\\\/\",\"name\":\"Natural'Innov - Natural'Wash Sensitive 100g + Sisal-Beutel - Sweet Horse\",\"isPartOf\":{\"@id\":\"https:\\\/\\\/sweet-horse.ch\\\/de\\\/#website\"},\"primaryImageOfPage\":{\"@id\":\"https:\\\/\\\/sweet-horse.ch\\\/de\\\/produit\\\/naturalinnov-naturalwash-sensitive-100g-sisal-beutel\\\/#primaryimage\"},\"image\":{\"@id\":\"https:\\\/\\\/sweet-horse.ch\\\/de\\\/produit\\\/naturalinnov-naturalwash-sensitive-100g-sisal-beutel\\\/#primaryimage\"},\"thumbnailUrl\":\"https:\\\/\\\/i0.wp.com\\\/sweet-horse.ch\\\/wp-content\\\/uploads\\\/2025\\\/05\\\/Naturalwash-sensitive.png?fit=600%2C600&ssl=1\",\"datePublished\":\"2025-05-30T05:38:12+00:00\",\"dateModified\":\"2025-11-22T12:17:27+00:00\",\"description\":\"Speziell entwickelt f\u00fcr Pferde mit empfindlicher Haut oder solche, die zu Reizungen wie Dermatitis oder Mauke neigen.\",\"breadcrumb\":{\"@id\":\"https:\\\/\\\/sweet-horse.ch\\\/de\\\/produit\\\/naturalinnov-naturalwash-sensitive-100g-sisal-beutel\\\/#breadcrumb\"},\"inLanguage\":\"de\",\"potentialAction\":[{\"@type\":\"ReadAction\",\"target\":[\"https:\\\/\\\/sweet-horse.ch\\\/de\\\/produit\\\/naturalinnov-naturalwash-sensitive-100g-sisal-beutel\\\/\"]}]},{\"@type\":\"ImageObject\",\"inLanguage\":\"de\",\"@id\":\"https:\\\/\\\/sweet-horse.ch\\\/de\\\/produit\\\/naturalinnov-naturalwash-sensitive-100g-sisal-beutel\\\/#primaryimage\",\"url\":\"https:\\\/\\\/i0.wp.com\\\/sweet-horse.ch\\\/wp-content\\\/uploads\\\/2025\\\/05\\\/Naturalwash-sensitive.png?fit=600%2C600&ssl=1\",\"contentUrl\":\"https:\\\/\\\/i0.wp.com\\\/sweet-horse.ch\\\/wp-content\\\/uploads\\\/2025\\\/05\\\/Naturalwash-sensitive.png?fit=600%2C600&ssl=1\",\"width\":600,\"height\":600,\"caption\":\"Natural\u2019Innov \u2013 Natural\u2019Wash Sensitive\"},{\"@type\":\"BreadcrumbList\",\"@id\":\"https:\\\/\\\/sweet-horse.ch\\\/de\\\/produit\\\/naturalinnov-naturalwash-sensitive-100g-sisal-beutel\\\/#breadcrumb\",\"itemListElement\":[{\"@type\":\"ListItem\",\"position\":1,\"name\":\"Startseite\",\"item\":\"https:\\\/\\\/sweet-horse.ch\\\/de\\\/startseite\\\/\"},{\"@type\":\"ListItem\",\"position\":2,\"name\":\"Shop\",\"item\":\"https:\\\/\\\/sweet-horse.ch\\\/de\\\/shop\\\/\"},{\"@type\":\"ListItem\",\"position\":3,\"name\":\"Natural&#8217;Innov \u2013 Natural&#8217;Wash Sensitive 100g + Sisal-Beutel\"}]},{\"@type\":\"WebSite\",\"@id\":\"https:\\\/\\\/sweet-horse.ch\\\/de\\\/#website\",\"url\":\"https:\\\/\\\/sweet-horse.ch\\\/de\\\/\",\"name\":\"Sweet Horse\",\"description\":\"Naturellement \u00e0 l&#039;\u00e9coute de votre compagnon \u00e9quin\",\"publisher\":{\"@id\":\"https:\\\/\\\/sweet-horse.ch\\\/de\\\/#organization\"},\"potentialAction\":[{\"@type\":\"SearchAction\",\"target\":{\"@type\":\"EntryPoint\",\"urlTemplate\":\"https:\\\/\\\/sweet-horse.ch\\\/de\\\/?s={search_term_string}\"},\"query-input\":{\"@type\":\"PropertyValueSpecification\",\"valueRequired\":true,\"valueName\":\"search_term_string\"}}],\"inLanguage\":\"de\"},{\"@type\":\"Organization\",\"@id\":\"https:\\\/\\\/sweet-horse.ch\\\/de\\\/#organization\",\"name\":\"Sweet Horse\",\"url\":\"https:\\\/\\\/sweet-horse.ch\\\/de\\\/\",\"logo\":{\"@type\":\"ImageObject\",\"inLanguage\":\"de\",\"@id\":\"https:\\\/\\\/sweet-horse.ch\\\/de\\\/#\\\/schema\\\/logo\\\/image\\\/\",\"url\":\"https:\\\/\\\/i0.wp.com\\\/sweet-horse.ch\\\/wp-content\\\/uploads\\\/2023\\\/12\\\/cropped-cropped-sweethorse_RVB-scaled-1.webp?fit=1763%2C1920&ssl=1\",\"contentUrl\":\"https:\\\/\\\/i0.wp.com\\\/sweet-horse.ch\\\/wp-content\\\/uploads\\\/2023\\\/12\\\/cropped-cropped-sweethorse_RVB-scaled-1.webp?fit=1763%2C1920&ssl=1\",\"width\":1763,\"height\":1920,\"caption\":\"Sweet Horse\"},\"image\":{\"@id\":\"https:\\\/\\\/sweet-horse.ch\\\/de\\\/#\\\/schema\\\/logo\\\/image\\\/\"},\"sameAs\":[\"https:\\\/\\\/www.instagram.com\\\/sweet_horse.ch\"]}]}<\/script>\n<!-- \/ Yoast SEO plugin. -->","yoast_head_json":{"title":"Natural'Innov - Natural'Wash Sensitive 100g + Sisal-Beutel - Sweet Horse","description":"Speziell entwickelt f\u00fcr Pferde mit empfindlicher Haut oder solche, die zu Reizungen wie Dermatitis oder Mauke neigen.","robots":{"index":"index","follow":"follow","max-snippet":"max-snippet:-1","max-image-preview":"max-image-preview:large","max-video-preview":"max-video-preview:-1"},"canonical":"https:\/\/sweet-horse.ch\/de\/produit\/naturalinnov-naturalwash-sensitive-100g-sisal-beutel\/","og_locale":"de_DE","og_type":"article","og_title":"Natural'Innov - Natural'Wash Sensitive 100g + Sisal-Beutel - Sweet Horse","og_description":"Speziell entwickelt f\u00fcr Pferde mit empfindlicher Haut oder solche, die zu Reizungen wie Dermatitis oder Mauke neigen.","og_url":"https:\/\/sweet-horse.ch\/de\/produit\/naturalinnov-naturalwash-sensitive-100g-sisal-beutel\/","og_site_name":"Sweet Horse","article_modified_time":"2025-11-22T12:17:27+00:00","og_image":[{"width":600,"height":600,"url":"https:\/\/i0.wp.com\/sweet-horse.ch\/wp-content\/uploads\/2025\/05\/Naturalwash-sensitive.png?fit=600%2C600&ssl=1","type":"image\/png"}],"twitter_card":"summary_large_image","schema":{"@context":"https:\/\/schema.org","@graph":[{"@type":"WebPage","@id":"https:\/\/sweet-horse.ch\/de\/produit\/naturalinnov-naturalwash-sensitive-100g-sisal-beutel\/","url":"https:\/\/sweet-horse.ch\/de\/produit\/naturalinnov-naturalwash-sensitive-100g-sisal-beutel\/","name":"Natural'Innov - Natural'Wash Sensitive 100g + Sisal-Beutel - Sweet Horse","isPartOf":{"@id":"https:\/\/sweet-horse.ch\/de\/#website"},"primaryImageOfPage":{"@id":"https:\/\/sweet-horse.ch\/de\/produit\/naturalinnov-naturalwash-sensitive-100g-sisal-beutel\/#primaryimage"},"image":{"@id":"https:\/\/sweet-horse.ch\/de\/produit\/naturalinnov-naturalwash-sensitive-100g-sisal-beutel\/#primaryimage"},"thumbnailUrl":"https:\/\/i0.wp.com\/sweet-horse.ch\/wp-content\/uploads\/2025\/05\/Naturalwash-sensitive.png?fit=600%2C600&ssl=1","datePublished":"2025-05-30T05:38:12+00:00","dateModified":"2025-11-22T12:17:27+00:00","description":"Speziell entwickelt f\u00fcr Pferde mit empfindlicher Haut oder solche, die zu Reizungen wie Dermatitis oder Mauke neigen.","breadcrumb":{"@id":"https:\/\/sweet-horse.ch\/de\/produit\/naturalinnov-naturalwash-sensitive-100g-sisal-beutel\/#breadcrumb"},"inLanguage":"de","potentialAction":[{"@type":"ReadAction","target":["https:\/\/sweet-horse.ch\/de\/produit\/naturalinnov-naturalwash-sensitive-100g-sisal-beutel\/"]}]},{"@type":"ImageObject","inLanguage":"de","@id":"https:\/\/sweet-horse.ch\/de\/produit\/naturalinnov-naturalwash-sensitive-100g-sisal-beutel\/#primaryimage","url":"https:\/\/i0.wp.com\/sweet-horse.ch\/wp-content\/uploads\/2025\/05\/Naturalwash-sensitive.png?fit=600%2C600&ssl=1","contentUrl":"https:\/\/i0.wp.com\/sweet-horse.ch\/wp-content\/uploads\/2025\/05\/Naturalwash-sensitive.png?fit=600%2C600&ssl=1","width":600,"height":600,"caption":"Natural\u2019Innov \u2013 Natural\u2019Wash Sensitive"},{"@type":"BreadcrumbList","@id":"https:\/\/sweet-horse.ch\/de\/produit\/naturalinnov-naturalwash-sensitive-100g-sisal-beutel\/#breadcrumb","itemListElement":[{"@type":"ListItem","position":1,"name":"Startseite","item":"https:\/\/sweet-horse.ch\/de\/startseite\/"},{"@type":"ListItem","position":2,"name":"Shop","item":"https:\/\/sweet-horse.ch\/de\/shop\/"},{"@type":"ListItem","position":3,"name":"Natural&#8217;Innov \u2013 Natural&#8217;Wash Sensitive 100g + Sisal-Beutel"}]},{"@type":"WebSite","@id":"https:\/\/sweet-horse.ch\/de\/#website","url":"https:\/\/sweet-horse.ch\/de\/","name":"Sweet Horse","description":"Naturellement \u00e0 l&#039;\u00e9coute de votre compagnon \u00e9quin","publisher":{"@id":"https:\/\/sweet-horse.ch\/de\/#organization"},"potentialAction":[{"@type":"SearchAction","target":{"@type":"EntryPoint","urlTemplate":"https:\/\/sweet-horse.ch\/de\/?s={search_term_string}"},"query-input":{"@type":"PropertyValueSpecification","valueRequired":true,"valueName":"search_term_string"}}],"inLanguage":"de"},{"@type":"Organization","@id":"https:\/\/sweet-horse.ch\/de\/#organization","name":"Sweet Horse","url":"https:\/\/sweet-horse.ch\/de\/","logo":{"@type":"ImageObject","inLanguage":"de","@id":"https:\/\/sweet-horse.ch\/de\/#\/schema\/logo\/image\/","url":"https:\/\/i0.wp.com\/sweet-horse.ch\/wp-content\/uploads\/2023\/12\/cropped-cropped-sweethorse_RVB-scaled-1.webp?fit=1763%2C1920&ssl=1","contentUrl":"https:\/\/i0.wp.com\/sweet-horse.ch\/wp-content\/uploads\/2023\/12\/cropped-cropped-sweethorse_RVB-scaled-1.webp?fit=1763%2C1920&ssl=1","width":1763,"height":1920,"caption":"Sweet Horse"},"image":{"@id":"https:\/\/sweet-horse.ch\/de\/#\/schema\/logo\/image\/"},"sameAs":["https:\/\/www.instagram.com\/sweet_horse.ch"]}]}},"_links":{"self":[{"href":"https:\/\/sweet-horse.ch\/de\/wp-json\/wp\/v2\/product\/33766","targetHints":{"allow":["GET"]}}],"collection":[{"href":"https:\/\/sweet-horse.ch\/de\/wp-json\/wp\/v2\/product"}],"about":[{"href":"https:\/\/sweet-horse.ch\/de\/wp-json\/wp\/v2\/types\/product"}],"version-history":[{"count":1,"href":"https:\/\/sweet-horse.ch\/de\/wp-json\/wp\/v2\/product\/33766\/revisions"}],"predecessor-version":[{"id":33831,"href":"https:\/\/sweet-horse.ch\/de\/wp-json\/wp\/v2\/product\/33766\/revisions\/33831"}],"wp:featuredmedia":[{"embeddable":true,"href":"https:\/\/sweet-horse.ch\/de\/wp-json\/wp\/v2\/media\/32755"}],"wp:attachment":[{"href":"https:\/\/sweet-horse.ch\/de\/wp-json\/wp\/v2\/media?parent=33766"}],"wp:term":[{"taxonomy":"product_brand","embeddable":true,"href":"https:\/\/sweet-horse.ch\/de\/wp-json\/wp\/v2\/product_brand?post=33766"},{"taxonomy":"product_cat","embeddable":true,"href":"https:\/\/sweet-horse.ch\/de\/wp-json\/wp\/v2\/product_cat?post=33766"},{"taxonomy":"product_tag","embeddable":true,"href":"https:\/\/sweet-horse.ch\/de\/wp-json\/wp\/v2\/product_tag?post=33766"}],"curies":[{"name":"wp","href":"https:\/\/api.w.org\/{rel}","templated":true}]}}