{"id":33768,"date":"2025-09-17T16:31:10","date_gmt":"2025-09-17T14:31:10","guid":{"rendered":"https:\/\/sweet-horse.ch\/produit\/red-horse-honeyheel-100ml\/"},"modified":"2026-02-12T09:04:34","modified_gmt":"2026-02-12T08:04:34","slug":"red-horse-honeyheel-100ml","status":"publish","type":"product","link":"https:\/\/sweet-horse.ch\/de\/produit\/red-horse-honeyheel-100ml\/","title":{"rendered":"Red Horse \u2013 HoneyHeel 100ml"},"content":{"rendered":"<p data-start=\"164\" data-end=\"454\">HoneyHeel ist eine reichhaltige und beruhigende Creme, die speziell entwickelt wurde, um die Haut von Pferden bei kleinen Wunden, Sch\u00fcrfwunden, Irritationen oder Rissen zu unterst\u00fctzen. Dank ihrer geschmeidigen und sch\u00fctzenden Textur bildet sie eine nat\u00fcrliche Barriere, die den Hautregenerationsprozess f\u00f6rdert. <\/p>\n<p data-start=\"456\" data-end=\"781\">Formuliert auf Basis von reinem Honig und nat\u00fcrlichen Mineralien, hilft HoneyHeel, die Bildung von gesundem Gewebe zu stimulieren, w\u00e4hrend die Entwicklung unerw\u00fcnschter Bakterien begrenzt wird. Ihre leicht klebrige Konsistenz erm\u00f6glicht ein effektives Haften auf der Haut, wodurch ein l\u00e4ngerer Kontakt der Wirkstoffe mit dem betroffenen Bereich gew\u00e4hrleistet ist. <\/p>\n<p data-start=\"783\" data-end=\"937\">Angereichert mit Aloe Vera, bietet diese Creme auch eine beruhigende und feuchtigkeitsspendende Wirkung, lindert empfindliche Stellen und tr\u00e4gt zum Wohlbefinden des Pferdes bei.<\/p>\n<p data-start=\"939\" data-end=\"958\">Ideal f\u00fcr:<\/p>\n<ul data-start=\"959\" data-end=\"1167\">\n<li data-start=\"959\" data-end=\"1007\">\n<p data-start=\"961\" data-end=\"1007\">Kleine Schnitte, Sch\u00fcrfwunden und Absch\u00fcrfungen<\/p>\n<\/li>\n<li data-start=\"1008\" data-end=\"1052\">\n<p data-start=\"1010\" data-end=\"1052\">Trockene, rissige oder gereizte Stellen<\/p>\n<\/li>\n<li data-start=\"1053\" data-end=\"1119\">\n<p data-start=\"1055\" data-end=\"1119\">Oberfl\u00e4chliche Wunden, die einen nat\u00fcrlichen Schutz ben\u00f6tigen<\/p>\n<\/li>\n<li data-start=\"1120\" data-end=\"1167\">\n<p data-start=\"1122\" data-end=\"1167\">Eine gesunde und schnelle Heilung f\u00f6rdern<\/p>\n<\/li>\n<\/ul>\n<p data-start=\"1169\" data-end=\"1325\">HoneyHeel ist somit ein wertvoller Verb\u00fcndeter, den man in seiner Pflegetasche haben sollte, um die Gesundheit und das Wohlbefinden der Haut Ihres Pferdes t\u00e4glich zu unterst\u00fctzen.<\/p>\n","protected":false},"excerpt":{"rendered":"<p>Heilende Honigcreme<\/p>\n","protected":false},"featured_media":33770,"template":"","meta":{"site-sidebar-layout":"default","site-content-layout":"","ast-site-content-layout":"default","site-content-style":"default","site-sidebar-style":"default","ast-global-header-display":"","ast-banner-title-visibility":"","ast-main-header-display":"","ast-hfb-above-header-display":"","ast-hfb-below-header-display":"","ast-hfb-mobile-header-display":"","site-post-title":"","ast-breadcrumbs-content":"","ast-featured-img":"","footer-sml-layout":"","ast-disable-related-posts":"","theme-transparent-header-meta":"default","adv-header-id-meta":"","stick-header-meta":"default","header-above-stick-meta":"","header-main-stick-meta":"","header-below-stick-meta":"","astra-migrate-meta-layouts":"default","ast-page-background-enabled":"default","ast-page-background-meta":{"desktop":{"background-color":"var(--ast-global-color-4)","background-image":"","background-repeat":"repeat","background-position":"center center","background-size":"auto","background-attachment":"scroll","background-type":"","background-media":"","overlay-type":"","overlay-color":"","overlay-opacity":"","overlay-gradient":""},"tablet":{"background-color":"","background-image":"","background-repeat":"repeat","background-position":"center center","background-size":"auto","background-attachment":"scroll","background-type":"","background-media":"","overlay-type":"","overlay-color":"","overlay-opacity":"","overlay-gradient":""},"mobile":{"background-color":"","background-image":"","background-repeat":"repeat","background-position":"center center","background-size":"auto","background-attachment":"scroll","background-type":"","background-media":"","overlay-type":"","overlay-color":"","overlay-opacity":"","overlay-gradient":""}},"ast-content-background-meta":{"desktop":{"background-color":"var(--ast-global-color-5)","background-image":"","background-repeat":"repeat","background-position":"center center","background-size":"auto","background-attachment":"scroll","background-type":"","background-media":"","overlay-type":"","overlay-color":"","overlay-opacity":"","overlay-gradient":""},"tablet":{"background-color":"var(--ast-global-color-5)","background-image":"","background-repeat":"repeat","background-position":"center center","background-size":"auto","background-attachment":"scroll","background-type":"","background-media":"","overlay-type":"","overlay-color":"","overlay-opacity":"","overlay-gradient":""},"mobile":{"background-color":"var(--ast-global-color-5)","background-image":"","background-repeat":"repeat","background-position":"center center","background-size":"auto","background-attachment":"scroll","background-type":"","background-media":"","overlay-type":"","overlay-color":"","overlay-opacity":"","overlay-gradient":""}}},"product_brand":[],"product_cat":[122,128],"product_tag":[],"class_list":{"0":"post-33768","1":"product","2":"type-product","3":"status-publish","4":"has-post-thumbnail","6":"product_cat-haut-haare","7":"product_cat-red-horse","8":"desktop-align-left","9":"tablet-align-left","10":"mobile-align-left","11":"ast-product-gallery-layout-first-image-large","12":"ast-product-gallery-with-no-image","13":"ast-product-tabs-layout-horizontal","15":"first","16":"instock","17":"purchasable","18":"product-type-simple"},"yoast_head":"<!-- This site is optimized with the Yoast SEO plugin v27.3 - https:\/\/yoast.com\/product\/yoast-seo-wordpress\/ -->\n<title>Red Horse - HoneyHeel 100ml - Sweet Horse<\/title>\n<meta name=\"description\" content=\"HoneyHeel, heilende Honigcreme f\u00fcr Pferde: beruhigt, sch\u00fctzt und f\u00f6rdert die nat\u00fcrliche Regeneration kleiner Wunden und Hautirritationen.\" \/>\n<meta name=\"robots\" content=\"index, follow, max-snippet:-1, max-image-preview:large, max-video-preview:-1\" \/>\n<link rel=\"canonical\" href=\"https:\/\/sweet-horse.ch\/de\/produit\/red-horse-honeyheel-100ml\/\" \/>\n<meta property=\"og:locale\" content=\"de_DE\" \/>\n<meta property=\"og:type\" content=\"article\" \/>\n<meta property=\"og:title\" content=\"Red Horse - HoneyHeel 100ml - Sweet Horse\" \/>\n<meta property=\"og:description\" content=\"HoneyHeel, heilende Honigcreme f\u00fcr Pferde: beruhigt, sch\u00fctzt und f\u00f6rdert die nat\u00fcrliche Regeneration kleiner Wunden und Hautirritationen.\" \/>\n<meta property=\"og:url\" content=\"https:\/\/sweet-horse.ch\/de\/produit\/red-horse-honeyheel-100ml\/\" \/>\n<meta property=\"og:site_name\" content=\"Sweet Horse\" \/>\n<meta property=\"article:modified_time\" content=\"2026-02-12T08:04:34+00:00\" \/>\n<meta property=\"og:image\" content=\"https:\/\/i0.wp.com\/sweet-horse.ch\/wp-content\/uploads\/2025\/09\/HoneyHeel.png?fit=800%2C800&ssl=1\" \/>\n\t<meta property=\"og:image:width\" content=\"800\" \/>\n\t<meta property=\"og:image:height\" content=\"800\" \/>\n\t<meta property=\"og:image:type\" content=\"image\/png\" \/>\n<meta name=\"twitter:card\" content=\"summary_large_image\" \/>\n<meta name=\"twitter:label1\" content=\"Gesch\u00e4tzte Lesezeit\" \/>\n\t<meta name=\"twitter:data1\" content=\"1\u00a0Minute\" \/>\n<script type=\"application\/ld+json\" class=\"yoast-schema-graph\">{\"@context\":\"https:\\\/\\\/schema.org\",\"@graph\":[{\"@type\":\"WebPage\",\"@id\":\"https:\\\/\\\/sweet-horse.ch\\\/de\\\/produit\\\/red-horse-honeyheel-100ml\\\/\",\"url\":\"https:\\\/\\\/sweet-horse.ch\\\/de\\\/produit\\\/red-horse-honeyheel-100ml\\\/\",\"name\":\"Red Horse - HoneyHeel 100ml - Sweet Horse\",\"isPartOf\":{\"@id\":\"https:\\\/\\\/sweet-horse.ch\\\/de\\\/#website\"},\"primaryImageOfPage\":{\"@id\":\"https:\\\/\\\/sweet-horse.ch\\\/de\\\/produit\\\/red-horse-honeyheel-100ml\\\/#primaryimage\"},\"image\":{\"@id\":\"https:\\\/\\\/sweet-horse.ch\\\/de\\\/produit\\\/red-horse-honeyheel-100ml\\\/#primaryimage\"},\"thumbnailUrl\":\"https:\\\/\\\/i0.wp.com\\\/sweet-horse.ch\\\/wp-content\\\/uploads\\\/2025\\\/09\\\/HoneyHeel.png?fit=800%2C800&ssl=1\",\"datePublished\":\"2025-09-17T14:31:10+00:00\",\"dateModified\":\"2026-02-12T08:04:34+00:00\",\"description\":\"HoneyHeel, heilende Honigcreme f\u00fcr Pferde: beruhigt, sch\u00fctzt und f\u00f6rdert die nat\u00fcrliche Regeneration kleiner Wunden und Hautirritationen.\",\"breadcrumb\":{\"@id\":\"https:\\\/\\\/sweet-horse.ch\\\/de\\\/produit\\\/red-horse-honeyheel-100ml\\\/#breadcrumb\"},\"inLanguage\":\"de\",\"potentialAction\":[{\"@type\":\"ReadAction\",\"target\":[\"https:\\\/\\\/sweet-horse.ch\\\/de\\\/produit\\\/red-horse-honeyheel-100ml\\\/\"]}]},{\"@type\":\"ImageObject\",\"inLanguage\":\"de\",\"@id\":\"https:\\\/\\\/sweet-horse.ch\\\/de\\\/produit\\\/red-horse-honeyheel-100ml\\\/#primaryimage\",\"url\":\"https:\\\/\\\/i0.wp.com\\\/sweet-horse.ch\\\/wp-content\\\/uploads\\\/2025\\\/09\\\/HoneyHeel.png?fit=800%2C800&ssl=1\",\"contentUrl\":\"https:\\\/\\\/i0.wp.com\\\/sweet-horse.ch\\\/wp-content\\\/uploads\\\/2025\\\/09\\\/HoneyHeel.png?fit=800%2C800&ssl=1\",\"width\":800,\"height\":800,\"caption\":\"Red Horse \u2013 HoneyHeel 100ml\"},{\"@type\":\"BreadcrumbList\",\"@id\":\"https:\\\/\\\/sweet-horse.ch\\\/de\\\/produit\\\/red-horse-honeyheel-100ml\\\/#breadcrumb\",\"itemListElement\":[{\"@type\":\"ListItem\",\"position\":1,\"name\":\"Startseite\",\"item\":\"https:\\\/\\\/sweet-horse.ch\\\/de\\\/startseite\\\/\"},{\"@type\":\"ListItem\",\"position\":2,\"name\":\"Shop\",\"item\":\"https:\\\/\\\/sweet-horse.ch\\\/de\\\/shop\\\/\"},{\"@type\":\"ListItem\",\"position\":3,\"name\":\"Red Horse \u2013 HoneyHeel 100ml\"}]},{\"@type\":\"WebSite\",\"@id\":\"https:\\\/\\\/sweet-horse.ch\\\/de\\\/#website\",\"url\":\"https:\\\/\\\/sweet-horse.ch\\\/de\\\/\",\"name\":\"Sweet Horse\",\"description\":\"Naturellement \u00e0 l&#039;\u00e9coute de votre compagnon \u00e9quin\",\"publisher\":{\"@id\":\"https:\\\/\\\/sweet-horse.ch\\\/de\\\/#organization\"},\"potentialAction\":[{\"@type\":\"SearchAction\",\"target\":{\"@type\":\"EntryPoint\",\"urlTemplate\":\"https:\\\/\\\/sweet-horse.ch\\\/de\\\/?s={search_term_string}\"},\"query-input\":{\"@type\":\"PropertyValueSpecification\",\"valueRequired\":true,\"valueName\":\"search_term_string\"}}],\"inLanguage\":\"de\"},{\"@type\":\"Organization\",\"@id\":\"https:\\\/\\\/sweet-horse.ch\\\/de\\\/#organization\",\"name\":\"Sweet Horse\",\"url\":\"https:\\\/\\\/sweet-horse.ch\\\/de\\\/\",\"logo\":{\"@type\":\"ImageObject\",\"inLanguage\":\"de\",\"@id\":\"https:\\\/\\\/sweet-horse.ch\\\/de\\\/#\\\/schema\\\/logo\\\/image\\\/\",\"url\":\"https:\\\/\\\/i0.wp.com\\\/sweet-horse.ch\\\/wp-content\\\/uploads\\\/2023\\\/12\\\/cropped-cropped-sweethorse_RVB-scaled-1.webp?fit=1763%2C1920&ssl=1\",\"contentUrl\":\"https:\\\/\\\/i0.wp.com\\\/sweet-horse.ch\\\/wp-content\\\/uploads\\\/2023\\\/12\\\/cropped-cropped-sweethorse_RVB-scaled-1.webp?fit=1763%2C1920&ssl=1\",\"width\":1763,\"height\":1920,\"caption\":\"Sweet Horse\"},\"image\":{\"@id\":\"https:\\\/\\\/sweet-horse.ch\\\/de\\\/#\\\/schema\\\/logo\\\/image\\\/\"},\"sameAs\":[\"https:\\\/\\\/www.instagram.com\\\/sweet_horse.ch\"]}]}<\/script>\n<!-- \/ Yoast SEO plugin. -->","yoast_head_json":{"title":"Red Horse - HoneyHeel 100ml - Sweet Horse","description":"HoneyHeel, heilende Honigcreme f\u00fcr Pferde: beruhigt, sch\u00fctzt und f\u00f6rdert die nat\u00fcrliche Regeneration kleiner Wunden und Hautirritationen.","robots":{"index":"index","follow":"follow","max-snippet":"max-snippet:-1","max-image-preview":"max-image-preview:large","max-video-preview":"max-video-preview:-1"},"canonical":"https:\/\/sweet-horse.ch\/de\/produit\/red-horse-honeyheel-100ml\/","og_locale":"de_DE","og_type":"article","og_title":"Red Horse - HoneyHeel 100ml - Sweet Horse","og_description":"HoneyHeel, heilende Honigcreme f\u00fcr Pferde: beruhigt, sch\u00fctzt und f\u00f6rdert die nat\u00fcrliche Regeneration kleiner Wunden und Hautirritationen.","og_url":"https:\/\/sweet-horse.ch\/de\/produit\/red-horse-honeyheel-100ml\/","og_site_name":"Sweet Horse","article_modified_time":"2026-02-12T08:04:34+00:00","og_image":[{"width":800,"height":800,"url":"https:\/\/i0.wp.com\/sweet-horse.ch\/wp-content\/uploads\/2025\/09\/HoneyHeel.png?fit=800%2C800&ssl=1","type":"image\/png"}],"twitter_card":"summary_large_image","twitter_misc":{"Gesch\u00e4tzte Lesezeit":"1\u00a0Minute"},"schema":{"@context":"https:\/\/schema.org","@graph":[{"@type":"WebPage","@id":"https:\/\/sweet-horse.ch\/de\/produit\/red-horse-honeyheel-100ml\/","url":"https:\/\/sweet-horse.ch\/de\/produit\/red-horse-honeyheel-100ml\/","name":"Red Horse - HoneyHeel 100ml - Sweet Horse","isPartOf":{"@id":"https:\/\/sweet-horse.ch\/de\/#website"},"primaryImageOfPage":{"@id":"https:\/\/sweet-horse.ch\/de\/produit\/red-horse-honeyheel-100ml\/#primaryimage"},"image":{"@id":"https:\/\/sweet-horse.ch\/de\/produit\/red-horse-honeyheel-100ml\/#primaryimage"},"thumbnailUrl":"https:\/\/i0.wp.com\/sweet-horse.ch\/wp-content\/uploads\/2025\/09\/HoneyHeel.png?fit=800%2C800&ssl=1","datePublished":"2025-09-17T14:31:10+00:00","dateModified":"2026-02-12T08:04:34+00:00","description":"HoneyHeel, heilende Honigcreme f\u00fcr Pferde: beruhigt, sch\u00fctzt und f\u00f6rdert die nat\u00fcrliche Regeneration kleiner Wunden und Hautirritationen.","breadcrumb":{"@id":"https:\/\/sweet-horse.ch\/de\/produit\/red-horse-honeyheel-100ml\/#breadcrumb"},"inLanguage":"de","potentialAction":[{"@type":"ReadAction","target":["https:\/\/sweet-horse.ch\/de\/produit\/red-horse-honeyheel-100ml\/"]}]},{"@type":"ImageObject","inLanguage":"de","@id":"https:\/\/sweet-horse.ch\/de\/produit\/red-horse-honeyheel-100ml\/#primaryimage","url":"https:\/\/i0.wp.com\/sweet-horse.ch\/wp-content\/uploads\/2025\/09\/HoneyHeel.png?fit=800%2C800&ssl=1","contentUrl":"https:\/\/i0.wp.com\/sweet-horse.ch\/wp-content\/uploads\/2025\/09\/HoneyHeel.png?fit=800%2C800&ssl=1","width":800,"height":800,"caption":"Red Horse \u2013 HoneyHeel 100ml"},{"@type":"BreadcrumbList","@id":"https:\/\/sweet-horse.ch\/de\/produit\/red-horse-honeyheel-100ml\/#breadcrumb","itemListElement":[{"@type":"ListItem","position":1,"name":"Startseite","item":"https:\/\/sweet-horse.ch\/de\/startseite\/"},{"@type":"ListItem","position":2,"name":"Shop","item":"https:\/\/sweet-horse.ch\/de\/shop\/"},{"@type":"ListItem","position":3,"name":"Red Horse \u2013 HoneyHeel 100ml"}]},{"@type":"WebSite","@id":"https:\/\/sweet-horse.ch\/de\/#website","url":"https:\/\/sweet-horse.ch\/de\/","name":"Sweet Horse","description":"Naturellement \u00e0 l&#039;\u00e9coute de votre compagnon \u00e9quin","publisher":{"@id":"https:\/\/sweet-horse.ch\/de\/#organization"},"potentialAction":[{"@type":"SearchAction","target":{"@type":"EntryPoint","urlTemplate":"https:\/\/sweet-horse.ch\/de\/?s={search_term_string}"},"query-input":{"@type":"PropertyValueSpecification","valueRequired":true,"valueName":"search_term_string"}}],"inLanguage":"de"},{"@type":"Organization","@id":"https:\/\/sweet-horse.ch\/de\/#organization","name":"Sweet Horse","url":"https:\/\/sweet-horse.ch\/de\/","logo":{"@type":"ImageObject","inLanguage":"de","@id":"https:\/\/sweet-horse.ch\/de\/#\/schema\/logo\/image\/","url":"https:\/\/i0.wp.com\/sweet-horse.ch\/wp-content\/uploads\/2023\/12\/cropped-cropped-sweethorse_RVB-scaled-1.webp?fit=1763%2C1920&ssl=1","contentUrl":"https:\/\/i0.wp.com\/sweet-horse.ch\/wp-content\/uploads\/2023\/12\/cropped-cropped-sweethorse_RVB-scaled-1.webp?fit=1763%2C1920&ssl=1","width":1763,"height":1920,"caption":"Sweet Horse"},"image":{"@id":"https:\/\/sweet-horse.ch\/de\/#\/schema\/logo\/image\/"},"sameAs":["https:\/\/www.instagram.com\/sweet_horse.ch"]}]}},"_links":{"self":[{"href":"https:\/\/sweet-horse.ch\/de\/wp-json\/wp\/v2\/product\/33768","targetHints":{"allow":["GET"]}}],"collection":[{"href":"https:\/\/sweet-horse.ch\/de\/wp-json\/wp\/v2\/product"}],"about":[{"href":"https:\/\/sweet-horse.ch\/de\/wp-json\/wp\/v2\/types\/product"}],"version-history":[{"count":1,"href":"https:\/\/sweet-horse.ch\/de\/wp-json\/wp\/v2\/product\/33768\/revisions"}],"predecessor-version":[{"id":33846,"href":"https:\/\/sweet-horse.ch\/de\/wp-json\/wp\/v2\/product\/33768\/revisions\/33846"}],"wp:featuredmedia":[{"embeddable":true,"href":"https:\/\/sweet-horse.ch\/de\/wp-json\/wp\/v2\/media\/33770"}],"wp:attachment":[{"href":"https:\/\/sweet-horse.ch\/de\/wp-json\/wp\/v2\/media?parent=33768"}],"wp:term":[{"taxonomy":"product_brand","embeddable":true,"href":"https:\/\/sweet-horse.ch\/de\/wp-json\/wp\/v2\/product_brand?post=33768"},{"taxonomy":"product_cat","embeddable":true,"href":"https:\/\/sweet-horse.ch\/de\/wp-json\/wp\/v2\/product_cat?post=33768"},{"taxonomy":"product_tag","embeddable":true,"href":"https:\/\/sweet-horse.ch\/de\/wp-json\/wp\/v2\/product_tag?post=33768"}],"curies":[{"name":"wp","href":"https:\/\/api.w.org\/{rel}","templated":true}]}}