{"id":33772,"date":"2025-09-01T10:33:26","date_gmt":"2025-09-01T08:33:26","guid":{"rendered":"https:\/\/sweet-horse.ch\/produit\/hilton-herbs-rosa-himalaya-salzstein-1-kg\/"},"modified":"2026-01-18T22:05:39","modified_gmt":"2026-01-18T21:05:39","slug":"hilton-herbs-rosa-himalaya-salzstein-1-kg","status":"publish","type":"product","link":"https:\/\/sweet-horse.ch\/de\/produit\/hilton-herbs-rosa-himalaya-salzstein-1-kg\/","title":{"rendered":"Hilton Herbs \u2013 Rosa Himalaya-Salzstein 1 kg"},"content":{"rendered":"<p>\u00dcber 550 Millionen Jahre alte Mineralien und Spurenelemente f\u00fcr Ihr Pferd oder Pony.<\/p>\n<p>Die Besonderheit des Himalaya-Salzsteins zeichnet sich vor allem durch seine sch\u00f6ne rosa F\u00e4rbung aus, aber nicht nur. Im Gegensatz zu gepressten Salzsteinen wurde er keinerlei Verarbeitung unterzogen: Es wurde nichts hinzugef\u00fcgt oder entfernt. Er bietet somit Salz in seiner reinsten Form, haupts\u00e4chlich bestehend aus Natriumchlorid, nat\u00fcrlich angereichert mit essentiellen Spurenelementen wie Kalium und Magnesium, die zum Wohlbefinden Ihres Pferdes beitragen.  <\/p>\n<p data-start=\"661\" data-end=\"876\">Sehr hart, kann er nicht abgebissen werden, was einen zu schnellen Verbrauch verhindert, und ist wesentlich witterungsbest\u00e4ndiger. Er kann daher bedenkenlos auf der Weide zur freien Verf\u00fcgung von Pferden und Ponys gelassen werden. <\/p>\n<p data-start=\"661\" data-end=\"876\">Wie alle Produkte von Hilton Herbs werden ihre Himalaya-Salzsteine von akkreditierten Lieferanten bezogen, deren Produktionsst\u00e4tten die UFAS \u2013 SAI Global Standards f\u00fcr Tierfutter einhalten.<\/p>\n","protected":false},"excerpt":{"rendered":"<p>Die nat\u00fcrliche Salzquelle.<\/p>\n","protected":false},"featured_media":33774,"template":"","meta":{"site-sidebar-layout":"default","site-content-layout":"","ast-site-content-layout":"default","site-content-style":"default","site-sidebar-style":"default","ast-global-header-display":"","ast-banner-title-visibility":"","ast-main-header-display":"","ast-hfb-above-header-display":"","ast-hfb-below-header-display":"","ast-hfb-mobile-header-display":"","site-post-title":"","ast-breadcrumbs-content":"","ast-featured-img":"","footer-sml-layout":"","ast-disable-related-posts":"","theme-transparent-header-meta":"default","adv-header-id-meta":"","stick-header-meta":"default","header-above-stick-meta":"","header-main-stick-meta":"","header-below-stick-meta":"","astra-migrate-meta-layouts":"default","ast-page-background-enabled":"default","ast-page-background-meta":{"desktop":{"background-color":"var(--ast-global-color-4)","background-image":"","background-repeat":"repeat","background-position":"center center","background-size":"auto","background-attachment":"scroll","background-type":"","background-media":"","overlay-type":"","overlay-color":"","overlay-opacity":"","overlay-gradient":""},"tablet":{"background-color":"","background-image":"","background-repeat":"repeat","background-position":"center center","background-size":"auto","background-attachment":"scroll","background-type":"","background-media":"","overlay-type":"","overlay-color":"","overlay-opacity":"","overlay-gradient":""},"mobile":{"background-color":"","background-image":"","background-repeat":"repeat","background-position":"center center","background-size":"auto","background-attachment":"scroll","background-type":"","background-media":"","overlay-type":"","overlay-color":"","overlay-opacity":"","overlay-gradient":""}},"ast-content-background-meta":{"desktop":{"background-color":"var(--ast-global-color-5)","background-image":"","background-repeat":"repeat","background-position":"center center","background-size":"auto","background-attachment":"scroll","background-type":"","background-media":"","overlay-type":"","overlay-color":"","overlay-opacity":"","overlay-gradient":""},"tablet":{"background-color":"var(--ast-global-color-5)","background-image":"","background-repeat":"repeat","background-position":"center center","background-size":"auto","background-attachment":"scroll","background-type":"","background-media":"","overlay-type":"","overlay-color":"","overlay-opacity":"","overlay-gradient":""},"mobile":{"background-color":"var(--ast-global-color-5)","background-image":"","background-repeat":"repeat","background-position":"center center","background-size":"auto","background-attachment":"scroll","background-type":"","background-media":"","overlay-type":"","overlay-color":"","overlay-opacity":"","overlay-gradient":""}}},"product_brand":[],"product_cat":[115,111],"product_tag":[],"class_list":{"0":"post-33772","1":"product","2":"type-product","3":"status-publish","4":"has-post-thumbnail","6":"product_cat-allgemeine-gesundheit","7":"product_cat-hilton-herbs","8":"desktop-align-left","9":"tablet-align-left","10":"mobile-align-left","11":"ast-product-gallery-layout-first-image-large","12":"ast-product-gallery-with-no-image","13":"ast-product-tabs-layout-horizontal","15":"first","16":"instock","17":"purchasable","18":"product-type-simple"},"yoast_head":"<!-- This site is optimized with the Yoast SEO plugin v27.3 - https:\/\/yoast.com\/product\/yoast-seo-wordpress\/ -->\n<title>Hilton Herbs \u2013 Rosa Himalaya-Salzstein 1 kg - Sweet Horse<\/title>\n<meta name=\"description\" content=\"Hilton Herbs Himalaya-Salzstein, 100 % nat\u00fcrlich, mineralreich, ideal f\u00fcr Pferde und Ponys.\" \/>\n<meta name=\"robots\" content=\"index, follow, max-snippet:-1, max-image-preview:large, max-video-preview:-1\" \/>\n<link rel=\"canonical\" href=\"https:\/\/sweet-horse.ch\/de\/produit\/hilton-herbs-rosa-himalaya-salzstein-1-kg\/\" \/>\n<meta property=\"og:locale\" content=\"de_DE\" \/>\n<meta property=\"og:type\" content=\"article\" \/>\n<meta property=\"og:title\" content=\"Hilton Herbs \u2013 Rosa Himalaya-Salzstein 1 kg - Sweet Horse\" \/>\n<meta property=\"og:description\" content=\"Hilton Herbs Himalaya-Salzstein, 100 % nat\u00fcrlich, mineralreich, ideal f\u00fcr Pferde und Ponys.\" \/>\n<meta property=\"og:url\" content=\"https:\/\/sweet-horse.ch\/de\/produit\/hilton-herbs-rosa-himalaya-salzstein-1-kg\/\" \/>\n<meta property=\"og:site_name\" content=\"Sweet Horse\" \/>\n<meta property=\"article:modified_time\" content=\"2026-01-18T21:05:39+00:00\" \/>\n<meta property=\"og:image\" content=\"https:\/\/i0.wp.com\/sweet-horse.ch\/wp-content\/uploads\/2025\/09\/Pierre-a-sel-Himalay.jpg?fit=600%2C600&ssl=1\" \/>\n\t<meta property=\"og:image:width\" content=\"600\" \/>\n\t<meta property=\"og:image:height\" content=\"600\" \/>\n\t<meta property=\"og:image:type\" content=\"image\/jpeg\" \/>\n<meta name=\"twitter:card\" content=\"summary_large_image\" \/>\n<meta name=\"twitter:label1\" content=\"Gesch\u00e4tzte Lesezeit\" \/>\n\t<meta name=\"twitter:data1\" content=\"1\u00a0Minute\" \/>\n<script type=\"application\/ld+json\" class=\"yoast-schema-graph\">{\"@context\":\"https:\\\/\\\/schema.org\",\"@graph\":[{\"@type\":\"WebPage\",\"@id\":\"https:\\\/\\\/sweet-horse.ch\\\/de\\\/produit\\\/hilton-herbs-rosa-himalaya-salzstein-1-kg\\\/\",\"url\":\"https:\\\/\\\/sweet-horse.ch\\\/de\\\/produit\\\/hilton-herbs-rosa-himalaya-salzstein-1-kg\\\/\",\"name\":\"Hilton Herbs \u2013 Rosa Himalaya-Salzstein 1 kg - Sweet Horse\",\"isPartOf\":{\"@id\":\"https:\\\/\\\/sweet-horse.ch\\\/de\\\/#website\"},\"primaryImageOfPage\":{\"@id\":\"https:\\\/\\\/sweet-horse.ch\\\/de\\\/produit\\\/hilton-herbs-rosa-himalaya-salzstein-1-kg\\\/#primaryimage\"},\"image\":{\"@id\":\"https:\\\/\\\/sweet-horse.ch\\\/de\\\/produit\\\/hilton-herbs-rosa-himalaya-salzstein-1-kg\\\/#primaryimage\"},\"thumbnailUrl\":\"https:\\\/\\\/i0.wp.com\\\/sweet-horse.ch\\\/wp-content\\\/uploads\\\/2025\\\/09\\\/Pierre-a-sel-Himalay.jpg?fit=600%2C600&ssl=1\",\"datePublished\":\"2025-09-01T08:33:26+00:00\",\"dateModified\":\"2026-01-18T21:05:39+00:00\",\"description\":\"Hilton Herbs Himalaya-Salzstein, 100 % nat\u00fcrlich, mineralreich, ideal f\u00fcr Pferde und Ponys.\",\"breadcrumb\":{\"@id\":\"https:\\\/\\\/sweet-horse.ch\\\/de\\\/produit\\\/hilton-herbs-rosa-himalaya-salzstein-1-kg\\\/#breadcrumb\"},\"inLanguage\":\"de\",\"potentialAction\":[{\"@type\":\"ReadAction\",\"target\":[\"https:\\\/\\\/sweet-horse.ch\\\/de\\\/produit\\\/hilton-herbs-rosa-himalaya-salzstein-1-kg\\\/\"]}]},{\"@type\":\"ImageObject\",\"inLanguage\":\"de\",\"@id\":\"https:\\\/\\\/sweet-horse.ch\\\/de\\\/produit\\\/hilton-herbs-rosa-himalaya-salzstein-1-kg\\\/#primaryimage\",\"url\":\"https:\\\/\\\/i0.wp.com\\\/sweet-horse.ch\\\/wp-content\\\/uploads\\\/2025\\\/09\\\/Pierre-a-sel-Himalay.jpg?fit=600%2C600&ssl=1\",\"contentUrl\":\"https:\\\/\\\/i0.wp.com\\\/sweet-horse.ch\\\/wp-content\\\/uploads\\\/2025\\\/09\\\/Pierre-a-sel-Himalay.jpg?fit=600%2C600&ssl=1\",\"width\":600,\"height\":600,\"caption\":\"Hilton Herbs \u2013 Rosa Himalaya-Salzstein 1 kg\"},{\"@type\":\"BreadcrumbList\",\"@id\":\"https:\\\/\\\/sweet-horse.ch\\\/de\\\/produit\\\/hilton-herbs-rosa-himalaya-salzstein-1-kg\\\/#breadcrumb\",\"itemListElement\":[{\"@type\":\"ListItem\",\"position\":1,\"name\":\"Startseite\",\"item\":\"https:\\\/\\\/sweet-horse.ch\\\/de\\\/startseite\\\/\"},{\"@type\":\"ListItem\",\"position\":2,\"name\":\"Shop\",\"item\":\"https:\\\/\\\/sweet-horse.ch\\\/de\\\/shop\\\/\"},{\"@type\":\"ListItem\",\"position\":3,\"name\":\"Hilton Herbs \u2013 Rosa Himalaya-Salzstein 1 kg\"}]},{\"@type\":\"WebSite\",\"@id\":\"https:\\\/\\\/sweet-horse.ch\\\/de\\\/#website\",\"url\":\"https:\\\/\\\/sweet-horse.ch\\\/de\\\/\",\"name\":\"Sweet Horse\",\"description\":\"Naturellement \u00e0 l&#039;\u00e9coute de votre compagnon \u00e9quin\",\"publisher\":{\"@id\":\"https:\\\/\\\/sweet-horse.ch\\\/de\\\/#organization\"},\"potentialAction\":[{\"@type\":\"SearchAction\",\"target\":{\"@type\":\"EntryPoint\",\"urlTemplate\":\"https:\\\/\\\/sweet-horse.ch\\\/de\\\/?s={search_term_string}\"},\"query-input\":{\"@type\":\"PropertyValueSpecification\",\"valueRequired\":true,\"valueName\":\"search_term_string\"}}],\"inLanguage\":\"de\"},{\"@type\":\"Organization\",\"@id\":\"https:\\\/\\\/sweet-horse.ch\\\/de\\\/#organization\",\"name\":\"Sweet Horse\",\"url\":\"https:\\\/\\\/sweet-horse.ch\\\/de\\\/\",\"logo\":{\"@type\":\"ImageObject\",\"inLanguage\":\"de\",\"@id\":\"https:\\\/\\\/sweet-horse.ch\\\/de\\\/#\\\/schema\\\/logo\\\/image\\\/\",\"url\":\"https:\\\/\\\/i0.wp.com\\\/sweet-horse.ch\\\/wp-content\\\/uploads\\\/2023\\\/12\\\/cropped-cropped-sweethorse_RVB-scaled-1.webp?fit=1763%2C1920&ssl=1\",\"contentUrl\":\"https:\\\/\\\/i0.wp.com\\\/sweet-horse.ch\\\/wp-content\\\/uploads\\\/2023\\\/12\\\/cropped-cropped-sweethorse_RVB-scaled-1.webp?fit=1763%2C1920&ssl=1\",\"width\":1763,\"height\":1920,\"caption\":\"Sweet Horse\"},\"image\":{\"@id\":\"https:\\\/\\\/sweet-horse.ch\\\/de\\\/#\\\/schema\\\/logo\\\/image\\\/\"},\"sameAs\":[\"https:\\\/\\\/www.instagram.com\\\/sweet_horse.ch\"]}]}<\/script>\n<!-- \/ Yoast SEO plugin. -->","yoast_head_json":{"title":"Hilton Herbs \u2013 Rosa Himalaya-Salzstein 1 kg - Sweet Horse","description":"Hilton Herbs Himalaya-Salzstein, 100 % nat\u00fcrlich, mineralreich, ideal f\u00fcr Pferde und Ponys.","robots":{"index":"index","follow":"follow","max-snippet":"max-snippet:-1","max-image-preview":"max-image-preview:large","max-video-preview":"max-video-preview:-1"},"canonical":"https:\/\/sweet-horse.ch\/de\/produit\/hilton-herbs-rosa-himalaya-salzstein-1-kg\/","og_locale":"de_DE","og_type":"article","og_title":"Hilton Herbs \u2013 Rosa Himalaya-Salzstein 1 kg - Sweet Horse","og_description":"Hilton Herbs Himalaya-Salzstein, 100 % nat\u00fcrlich, mineralreich, ideal f\u00fcr Pferde und Ponys.","og_url":"https:\/\/sweet-horse.ch\/de\/produit\/hilton-herbs-rosa-himalaya-salzstein-1-kg\/","og_site_name":"Sweet Horse","article_modified_time":"2026-01-18T21:05:39+00:00","og_image":[{"width":600,"height":600,"url":"https:\/\/i0.wp.com\/sweet-horse.ch\/wp-content\/uploads\/2025\/09\/Pierre-a-sel-Himalay.jpg?fit=600%2C600&ssl=1","type":"image\/jpeg"}],"twitter_card":"summary_large_image","twitter_misc":{"Gesch\u00e4tzte Lesezeit":"1\u00a0Minute"},"schema":{"@context":"https:\/\/schema.org","@graph":[{"@type":"WebPage","@id":"https:\/\/sweet-horse.ch\/de\/produit\/hilton-herbs-rosa-himalaya-salzstein-1-kg\/","url":"https:\/\/sweet-horse.ch\/de\/produit\/hilton-herbs-rosa-himalaya-salzstein-1-kg\/","name":"Hilton Herbs \u2013 Rosa Himalaya-Salzstein 1 kg - Sweet Horse","isPartOf":{"@id":"https:\/\/sweet-horse.ch\/de\/#website"},"primaryImageOfPage":{"@id":"https:\/\/sweet-horse.ch\/de\/produit\/hilton-herbs-rosa-himalaya-salzstein-1-kg\/#primaryimage"},"image":{"@id":"https:\/\/sweet-horse.ch\/de\/produit\/hilton-herbs-rosa-himalaya-salzstein-1-kg\/#primaryimage"},"thumbnailUrl":"https:\/\/i0.wp.com\/sweet-horse.ch\/wp-content\/uploads\/2025\/09\/Pierre-a-sel-Himalay.jpg?fit=600%2C600&ssl=1","datePublished":"2025-09-01T08:33:26+00:00","dateModified":"2026-01-18T21:05:39+00:00","description":"Hilton Herbs Himalaya-Salzstein, 100 % nat\u00fcrlich, mineralreich, ideal f\u00fcr Pferde und Ponys.","breadcrumb":{"@id":"https:\/\/sweet-horse.ch\/de\/produit\/hilton-herbs-rosa-himalaya-salzstein-1-kg\/#breadcrumb"},"inLanguage":"de","potentialAction":[{"@type":"ReadAction","target":["https:\/\/sweet-horse.ch\/de\/produit\/hilton-herbs-rosa-himalaya-salzstein-1-kg\/"]}]},{"@type":"ImageObject","inLanguage":"de","@id":"https:\/\/sweet-horse.ch\/de\/produit\/hilton-herbs-rosa-himalaya-salzstein-1-kg\/#primaryimage","url":"https:\/\/i0.wp.com\/sweet-horse.ch\/wp-content\/uploads\/2025\/09\/Pierre-a-sel-Himalay.jpg?fit=600%2C600&ssl=1","contentUrl":"https:\/\/i0.wp.com\/sweet-horse.ch\/wp-content\/uploads\/2025\/09\/Pierre-a-sel-Himalay.jpg?fit=600%2C600&ssl=1","width":600,"height":600,"caption":"Hilton Herbs \u2013 Rosa Himalaya-Salzstein 1 kg"},{"@type":"BreadcrumbList","@id":"https:\/\/sweet-horse.ch\/de\/produit\/hilton-herbs-rosa-himalaya-salzstein-1-kg\/#breadcrumb","itemListElement":[{"@type":"ListItem","position":1,"name":"Startseite","item":"https:\/\/sweet-horse.ch\/de\/startseite\/"},{"@type":"ListItem","position":2,"name":"Shop","item":"https:\/\/sweet-horse.ch\/de\/shop\/"},{"@type":"ListItem","position":3,"name":"Hilton Herbs \u2013 Rosa Himalaya-Salzstein 1 kg"}]},{"@type":"WebSite","@id":"https:\/\/sweet-horse.ch\/de\/#website","url":"https:\/\/sweet-horse.ch\/de\/","name":"Sweet Horse","description":"Naturellement \u00e0 l&#039;\u00e9coute de votre compagnon \u00e9quin","publisher":{"@id":"https:\/\/sweet-horse.ch\/de\/#organization"},"potentialAction":[{"@type":"SearchAction","target":{"@type":"EntryPoint","urlTemplate":"https:\/\/sweet-horse.ch\/de\/?s={search_term_string}"},"query-input":{"@type":"PropertyValueSpecification","valueRequired":true,"valueName":"search_term_string"}}],"inLanguage":"de"},{"@type":"Organization","@id":"https:\/\/sweet-horse.ch\/de\/#organization","name":"Sweet Horse","url":"https:\/\/sweet-horse.ch\/de\/","logo":{"@type":"ImageObject","inLanguage":"de","@id":"https:\/\/sweet-horse.ch\/de\/#\/schema\/logo\/image\/","url":"https:\/\/i0.wp.com\/sweet-horse.ch\/wp-content\/uploads\/2023\/12\/cropped-cropped-sweethorse_RVB-scaled-1.webp?fit=1763%2C1920&ssl=1","contentUrl":"https:\/\/i0.wp.com\/sweet-horse.ch\/wp-content\/uploads\/2023\/12\/cropped-cropped-sweethorse_RVB-scaled-1.webp?fit=1763%2C1920&ssl=1","width":1763,"height":1920,"caption":"Sweet Horse"},"image":{"@id":"https:\/\/sweet-horse.ch\/de\/#\/schema\/logo\/image\/"},"sameAs":["https:\/\/www.instagram.com\/sweet_horse.ch"]}]}},"_links":{"self":[{"href":"https:\/\/sweet-horse.ch\/de\/wp-json\/wp\/v2\/product\/33772","targetHints":{"allow":["GET"]}}],"collection":[{"href":"https:\/\/sweet-horse.ch\/de\/wp-json\/wp\/v2\/product"}],"about":[{"href":"https:\/\/sweet-horse.ch\/de\/wp-json\/wp\/v2\/types\/product"}],"version-history":[{"count":1,"href":"https:\/\/sweet-horse.ch\/de\/wp-json\/wp\/v2\/product\/33772\/revisions"}],"predecessor-version":[{"id":33886,"href":"https:\/\/sweet-horse.ch\/de\/wp-json\/wp\/v2\/product\/33772\/revisions\/33886"}],"wp:featuredmedia":[{"embeddable":true,"href":"https:\/\/sweet-horse.ch\/de\/wp-json\/wp\/v2\/media\/33774"}],"wp:attachment":[{"href":"https:\/\/sweet-horse.ch\/de\/wp-json\/wp\/v2\/media?parent=33772"}],"wp:term":[{"taxonomy":"product_brand","embeddable":true,"href":"https:\/\/sweet-horse.ch\/de\/wp-json\/wp\/v2\/product_brand?post=33772"},{"taxonomy":"product_cat","embeddable":true,"href":"https:\/\/sweet-horse.ch\/de\/wp-json\/wp\/v2\/product_cat?post=33772"},{"taxonomy":"product_tag","embeddable":true,"href":"https:\/\/sweet-horse.ch\/de\/wp-json\/wp\/v2\/product_tag?post=33772"}],"curies":[{"name":"wp","href":"https:\/\/api.w.org\/{rel}","templated":true}]}}