{"id":34185,"date":"2026-01-25T17:28:33","date_gmt":"2026-01-25T16:28:33","guid":{"rendered":"https:\/\/sweet-horse.ch\/produit\/esc-aktive-hefe-500-g\/"},"modified":"2026-01-25T17:28:33","modified_gmt":"2026-01-25T16:28:33","slug":"esc-aktive-hefe-500-g","status":"publish","type":"product","link":"https:\/\/sweet-horse.ch\/de\/produit\/esc-aktive-hefe-500-g\/","title":{"rendered":"ESC \u2013 Aktive Hefe + 500 g"},"content":{"rendered":"<p>Aktive Hefe besitzt probiotische Eigenschaften, die das Gleichgewicht der Darmflora f\u00f6rdern. Beim Pferd liegt der Nutzen einer probiotischen Erg\u00e4nzung mit aktiver Hefe in der Verbesserung der Faserverdauung sowie in einer besseren N\u00e4hrstoffverwertung des Raufutters. <\/p>\n<p>W\u00e4hrend Phasen erh\u00f6hter Aktivit\u00e4t tr\u00e4gt die Einnahme aktiver Hefe dazu bei, die Belastbarkeit des Organismus zu st\u00e4rken, indem sie die Aufnahme von Proteinen im K\u00f6rper verbessert.<\/p>\n<p>Diese Hefe ist zudem sehr proteinreich.<\/p>\n<p><strong>Warum ein Probiotikum wie Hefe verwenden?<\/strong><\/p>\n<p>Probiotika sorgen f\u00fcr das reibungslose Funktionieren des Verdauungssystems Ihres Pferdes und f\u00fcr dessen Darmhygiene. Sie bieten ausschlie\u00dflich Vorteile! <\/p>\n","protected":false},"excerpt":{"rendered":"<p>Probiotikum f\u00fcr Pferde zur Unterst\u00fctzung der Darmflora und einer gesunden Verdauung, ideal in sensiblen Phasen.<\/p>\n","protected":false},"featured_media":34184,"template":"","meta":{"site-sidebar-layout":"default","site-content-layout":"","ast-site-content-layout":"default","site-content-style":"default","site-sidebar-style":"default","ast-global-header-display":"","ast-banner-title-visibility":"","ast-main-header-display":"","ast-hfb-above-header-display":"","ast-hfb-below-header-display":"","ast-hfb-mobile-header-display":"","site-post-title":"","ast-breadcrumbs-content":"","ast-featured-img":"","footer-sml-layout":"","ast-disable-related-posts":"","theme-transparent-header-meta":"default","adv-header-id-meta":"","stick-header-meta":"default","header-above-stick-meta":"","header-main-stick-meta":"","header-below-stick-meta":"","astra-migrate-meta-layouts":"default","ast-page-background-enabled":"default","ast-page-background-meta":{"desktop":{"background-color":"var(--ast-global-color-4)","background-image":"","background-repeat":"repeat","background-position":"center center","background-size":"auto","background-attachment":"scroll","background-type":"","background-media":"","overlay-type":"","overlay-color":"","overlay-opacity":"","overlay-gradient":""},"tablet":{"background-color":"","background-image":"","background-repeat":"repeat","background-position":"center center","background-size":"auto","background-attachment":"scroll","background-type":"","background-media":"","overlay-type":"","overlay-color":"","overlay-opacity":"","overlay-gradient":""},"mobile":{"background-color":"","background-image":"","background-repeat":"repeat","background-position":"center center","background-size":"auto","background-attachment":"scroll","background-type":"","background-media":"","overlay-type":"","overlay-color":"","overlay-opacity":"","overlay-gradient":""}},"ast-content-background-meta":{"desktop":{"background-color":"var(--ast-global-color-5)","background-image":"","background-repeat":"repeat","background-position":"center center","background-size":"auto","background-attachment":"scroll","background-type":"","background-media":"","overlay-type":"","overlay-color":"","overlay-opacity":"","overlay-gradient":""},"tablet":{"background-color":"var(--ast-global-color-5)","background-image":"","background-repeat":"repeat","background-position":"center center","background-size":"auto","background-attachment":"scroll","background-type":"","background-media":"","overlay-type":"","overlay-color":"","overlay-opacity":"","overlay-gradient":""},"mobile":{"background-color":"var(--ast-global-color-5)","background-image":"","background-repeat":"repeat","background-position":"center center","background-size":"auto","background-attachment":"scroll","background-type":"","background-media":"","overlay-type":"","overlay-color":"","overlay-opacity":"","overlay-gradient":""}}},"product_brand":[],"product_cat":[108,121,114],"product_tag":[],"class_list":{"0":"post-34185","1":"product","2":"type-product","3":"status-publish","4":"has-post-thumbnail","6":"product_cat-erganzungsmittel","7":"product_cat-esc-laboratoire","8":"product_cat-verdauung","9":"desktop-align-left","10":"tablet-align-left","11":"mobile-align-left","12":"ast-product-gallery-layout-first-image-large","13":"ast-product-gallery-with-no-image","14":"ast-product-tabs-layout-horizontal","16":"first","17":"instock","18":"featured","19":"purchasable","20":"product-type-simple"},"yoast_head":"<!-- This site is optimized with the Yoast SEO plugin v27.5 - https:\/\/yoast.com\/product\/yoast-seo-wordpress\/ -->\n<title>ESC \u2013 Aktive Hefe + 500 g - Sweet Horse<\/title>\n<meta name=\"description\" content=\"Aktive Hefe +: nat\u00fcrliches Erg\u00e4nzungsfuttermittel zur Unterst\u00fctzung der Darmflora, der Verdauung und des Verdauungskomforts beim Pferd. Ideal in sensiblen Phasen.\" \/>\n<meta name=\"robots\" content=\"index, follow, max-snippet:-1, max-image-preview:large, max-video-preview:-1\" \/>\n<link rel=\"canonical\" href=\"https:\/\/sweet-horse.ch\/de\/produit\/esc-aktive-hefe-500-g\/\" \/>\n<meta property=\"og:locale\" content=\"de_DE\" \/>\n<meta property=\"og:type\" content=\"article\" \/>\n<meta property=\"og:title\" content=\"ESC \u2013 Aktive Hefe + 500 g - Sweet Horse\" \/>\n<meta property=\"og:description\" content=\"Aktive Hefe +: nat\u00fcrliches Erg\u00e4nzungsfuttermittel zur Unterst\u00fctzung der Darmflora, der Verdauung und des Verdauungskomforts beim Pferd. Ideal in sensiblen Phasen.\" \/>\n<meta property=\"og:url\" content=\"https:\/\/sweet-horse.ch\/de\/produit\/esc-aktive-hefe-500-g\/\" \/>\n<meta property=\"og:site_name\" content=\"Sweet Horse\" \/>\n<meta property=\"og:image\" content=\"https:\/\/i0.wp.com\/sweet-horse.ch\/wp-content\/uploads\/2026\/01\/Levure-active.webp?fit=535%2C535&ssl=1\" \/>\n\t<meta property=\"og:image:width\" content=\"535\" \/>\n\t<meta property=\"og:image:height\" content=\"535\" \/>\n\t<meta property=\"og:image:type\" content=\"image\/webp\" \/>\n<meta name=\"twitter:card\" content=\"summary_large_image\" \/>\n<meta name=\"twitter:label1\" content=\"Gesch\u00e4tzte Lesezeit\" \/>\n\t<meta name=\"twitter:data1\" content=\"1\u00a0Minute\" \/>\n<script type=\"application\/ld+json\" class=\"yoast-schema-graph\">{\"@context\":\"https:\\\/\\\/schema.org\",\"@graph\":[{\"@type\":\"WebPage\",\"@id\":\"https:\\\/\\\/sweet-horse.ch\\\/de\\\/produit\\\/esc-aktive-hefe-500-g\\\/\",\"url\":\"https:\\\/\\\/sweet-horse.ch\\\/de\\\/produit\\\/esc-aktive-hefe-500-g\\\/\",\"name\":\"ESC \u2013 Aktive Hefe + 500 g - Sweet Horse\",\"isPartOf\":{\"@id\":\"https:\\\/\\\/sweet-horse.ch\\\/de\\\/#website\"},\"primaryImageOfPage\":{\"@id\":\"https:\\\/\\\/sweet-horse.ch\\\/de\\\/produit\\\/esc-aktive-hefe-500-g\\\/#primaryimage\"},\"image\":{\"@id\":\"https:\\\/\\\/sweet-horse.ch\\\/de\\\/produit\\\/esc-aktive-hefe-500-g\\\/#primaryimage\"},\"thumbnailUrl\":\"https:\\\/\\\/i0.wp.com\\\/sweet-horse.ch\\\/wp-content\\\/uploads\\\/2026\\\/01\\\/Levure-active.webp?fit=535%2C535&ssl=1\",\"datePublished\":\"2026-01-25T16:28:33+00:00\",\"description\":\"Aktive Hefe +: nat\u00fcrliches Erg\u00e4nzungsfuttermittel zur Unterst\u00fctzung der Darmflora, der Verdauung und des Verdauungskomforts beim Pferd. Ideal in sensiblen Phasen.\",\"breadcrumb\":{\"@id\":\"https:\\\/\\\/sweet-horse.ch\\\/de\\\/produit\\\/esc-aktive-hefe-500-g\\\/#breadcrumb\"},\"inLanguage\":\"de\",\"potentialAction\":[{\"@type\":\"ReadAction\",\"target\":[\"https:\\\/\\\/sweet-horse.ch\\\/de\\\/produit\\\/esc-aktive-hefe-500-g\\\/\"]}]},{\"@type\":\"ImageObject\",\"inLanguage\":\"de\",\"@id\":\"https:\\\/\\\/sweet-horse.ch\\\/de\\\/produit\\\/esc-aktive-hefe-500-g\\\/#primaryimage\",\"url\":\"https:\\\/\\\/i0.wp.com\\\/sweet-horse.ch\\\/wp-content\\\/uploads\\\/2026\\\/01\\\/Levure-active.webp?fit=535%2C535&ssl=1\",\"contentUrl\":\"https:\\\/\\\/i0.wp.com\\\/sweet-horse.ch\\\/wp-content\\\/uploads\\\/2026\\\/01\\\/Levure-active.webp?fit=535%2C535&ssl=1\",\"width\":535,\"height\":535,\"caption\":\"ESC \u2013 Aktive Hefe + 500 g\"},{\"@type\":\"BreadcrumbList\",\"@id\":\"https:\\\/\\\/sweet-horse.ch\\\/de\\\/produit\\\/esc-aktive-hefe-500-g\\\/#breadcrumb\",\"itemListElement\":[{\"@type\":\"ListItem\",\"position\":1,\"name\":\"Startseite\",\"item\":\"https:\\\/\\\/sweet-horse.ch\\\/de\\\/startseite\\\/\"},{\"@type\":\"ListItem\",\"position\":2,\"name\":\"Shop\",\"item\":\"https:\\\/\\\/sweet-horse.ch\\\/de\\\/shop\\\/\"},{\"@type\":\"ListItem\",\"position\":3,\"name\":\"Priv\u00e9\u00a0: ESC \u2013 Aktive Hefe + 500 g\"}]},{\"@type\":\"WebSite\",\"@id\":\"https:\\\/\\\/sweet-horse.ch\\\/de\\\/#website\",\"url\":\"https:\\\/\\\/sweet-horse.ch\\\/de\\\/\",\"name\":\"Sweet Horse\",\"description\":\"Naturellement \u00e0 l&#039;\u00e9coute de votre compagnon \u00e9quin\",\"publisher\":{\"@id\":\"https:\\\/\\\/sweet-horse.ch\\\/de\\\/#organization\"},\"potentialAction\":[{\"@type\":\"SearchAction\",\"target\":{\"@type\":\"EntryPoint\",\"urlTemplate\":\"https:\\\/\\\/sweet-horse.ch\\\/de\\\/?s={search_term_string}\"},\"query-input\":{\"@type\":\"PropertyValueSpecification\",\"valueRequired\":true,\"valueName\":\"search_term_string\"}}],\"inLanguage\":\"de\"},{\"@type\":\"Organization\",\"@id\":\"https:\\\/\\\/sweet-horse.ch\\\/de\\\/#organization\",\"name\":\"Sweet Horse\",\"url\":\"https:\\\/\\\/sweet-horse.ch\\\/de\\\/\",\"logo\":{\"@type\":\"ImageObject\",\"inLanguage\":\"de\",\"@id\":\"https:\\\/\\\/sweet-horse.ch\\\/de\\\/#\\\/schema\\\/logo\\\/image\\\/\",\"url\":\"https:\\\/\\\/i0.wp.com\\\/sweet-horse.ch\\\/wp-content\\\/uploads\\\/2023\\\/12\\\/cropped-cropped-sweethorse_RVB-scaled-1.webp?fit=1763%2C1920&ssl=1\",\"contentUrl\":\"https:\\\/\\\/i0.wp.com\\\/sweet-horse.ch\\\/wp-content\\\/uploads\\\/2023\\\/12\\\/cropped-cropped-sweethorse_RVB-scaled-1.webp?fit=1763%2C1920&ssl=1\",\"width\":1763,\"height\":1920,\"caption\":\"Sweet Horse\"},\"image\":{\"@id\":\"https:\\\/\\\/sweet-horse.ch\\\/de\\\/#\\\/schema\\\/logo\\\/image\\\/\"},\"sameAs\":[\"https:\\\/\\\/www.instagram.com\\\/sweet_horse.ch\"]}]}<\/script>\n<!-- \/ Yoast SEO plugin. -->","yoast_head_json":{"title":"ESC \u2013 Aktive Hefe + 500 g - Sweet Horse","description":"Aktive Hefe +: nat\u00fcrliches Erg\u00e4nzungsfuttermittel zur Unterst\u00fctzung der Darmflora, der Verdauung und des Verdauungskomforts beim Pferd. Ideal in sensiblen Phasen.","robots":{"index":"index","follow":"follow","max-snippet":"max-snippet:-1","max-image-preview":"max-image-preview:large","max-video-preview":"max-video-preview:-1"},"canonical":"https:\/\/sweet-horse.ch\/de\/produit\/esc-aktive-hefe-500-g\/","og_locale":"de_DE","og_type":"article","og_title":"ESC \u2013 Aktive Hefe + 500 g - Sweet Horse","og_description":"Aktive Hefe +: nat\u00fcrliches Erg\u00e4nzungsfuttermittel zur Unterst\u00fctzung der Darmflora, der Verdauung und des Verdauungskomforts beim Pferd. Ideal in sensiblen Phasen.","og_url":"https:\/\/sweet-horse.ch\/de\/produit\/esc-aktive-hefe-500-g\/","og_site_name":"Sweet Horse","og_image":[{"width":535,"height":535,"url":"https:\/\/i0.wp.com\/sweet-horse.ch\/wp-content\/uploads\/2026\/01\/Levure-active.webp?fit=535%2C535&ssl=1","type":"image\/webp"}],"twitter_card":"summary_large_image","twitter_misc":{"Gesch\u00e4tzte Lesezeit":"1\u00a0Minute"},"schema":{"@context":"https:\/\/schema.org","@graph":[{"@type":"WebPage","@id":"https:\/\/sweet-horse.ch\/de\/produit\/esc-aktive-hefe-500-g\/","url":"https:\/\/sweet-horse.ch\/de\/produit\/esc-aktive-hefe-500-g\/","name":"ESC \u2013 Aktive Hefe + 500 g - Sweet Horse","isPartOf":{"@id":"https:\/\/sweet-horse.ch\/de\/#website"},"primaryImageOfPage":{"@id":"https:\/\/sweet-horse.ch\/de\/produit\/esc-aktive-hefe-500-g\/#primaryimage"},"image":{"@id":"https:\/\/sweet-horse.ch\/de\/produit\/esc-aktive-hefe-500-g\/#primaryimage"},"thumbnailUrl":"https:\/\/i0.wp.com\/sweet-horse.ch\/wp-content\/uploads\/2026\/01\/Levure-active.webp?fit=535%2C535&ssl=1","datePublished":"2026-01-25T16:28:33+00:00","description":"Aktive Hefe +: nat\u00fcrliches Erg\u00e4nzungsfuttermittel zur Unterst\u00fctzung der Darmflora, der Verdauung und des Verdauungskomforts beim Pferd. Ideal in sensiblen Phasen.","breadcrumb":{"@id":"https:\/\/sweet-horse.ch\/de\/produit\/esc-aktive-hefe-500-g\/#breadcrumb"},"inLanguage":"de","potentialAction":[{"@type":"ReadAction","target":["https:\/\/sweet-horse.ch\/de\/produit\/esc-aktive-hefe-500-g\/"]}]},{"@type":"ImageObject","inLanguage":"de","@id":"https:\/\/sweet-horse.ch\/de\/produit\/esc-aktive-hefe-500-g\/#primaryimage","url":"https:\/\/i0.wp.com\/sweet-horse.ch\/wp-content\/uploads\/2026\/01\/Levure-active.webp?fit=535%2C535&ssl=1","contentUrl":"https:\/\/i0.wp.com\/sweet-horse.ch\/wp-content\/uploads\/2026\/01\/Levure-active.webp?fit=535%2C535&ssl=1","width":535,"height":535,"caption":"ESC \u2013 Aktive Hefe + 500 g"},{"@type":"BreadcrumbList","@id":"https:\/\/sweet-horse.ch\/de\/produit\/esc-aktive-hefe-500-g\/#breadcrumb","itemListElement":[{"@type":"ListItem","position":1,"name":"Startseite","item":"https:\/\/sweet-horse.ch\/de\/startseite\/"},{"@type":"ListItem","position":2,"name":"Shop","item":"https:\/\/sweet-horse.ch\/de\/shop\/"},{"@type":"ListItem","position":3,"name":"Priv\u00e9\u00a0: ESC \u2013 Aktive Hefe + 500 g"}]},{"@type":"WebSite","@id":"https:\/\/sweet-horse.ch\/de\/#website","url":"https:\/\/sweet-horse.ch\/de\/","name":"Sweet Horse","description":"Naturellement \u00e0 l&#039;\u00e9coute de votre compagnon \u00e9quin","publisher":{"@id":"https:\/\/sweet-horse.ch\/de\/#organization"},"potentialAction":[{"@type":"SearchAction","target":{"@type":"EntryPoint","urlTemplate":"https:\/\/sweet-horse.ch\/de\/?s={search_term_string}"},"query-input":{"@type":"PropertyValueSpecification","valueRequired":true,"valueName":"search_term_string"}}],"inLanguage":"de"},{"@type":"Organization","@id":"https:\/\/sweet-horse.ch\/de\/#organization","name":"Sweet Horse","url":"https:\/\/sweet-horse.ch\/de\/","logo":{"@type":"ImageObject","inLanguage":"de","@id":"https:\/\/sweet-horse.ch\/de\/#\/schema\/logo\/image\/","url":"https:\/\/i0.wp.com\/sweet-horse.ch\/wp-content\/uploads\/2023\/12\/cropped-cropped-sweethorse_RVB-scaled-1.webp?fit=1763%2C1920&ssl=1","contentUrl":"https:\/\/i0.wp.com\/sweet-horse.ch\/wp-content\/uploads\/2023\/12\/cropped-cropped-sweethorse_RVB-scaled-1.webp?fit=1763%2C1920&ssl=1","width":1763,"height":1920,"caption":"Sweet Horse"},"image":{"@id":"https:\/\/sweet-horse.ch\/de\/#\/schema\/logo\/image\/"},"sameAs":["https:\/\/www.instagram.com\/sweet_horse.ch"]}]}},"_links":{"self":[{"href":"https:\/\/sweet-horse.ch\/de\/wp-json\/wp\/v2\/product\/34185","targetHints":{"allow":["GET"]}}],"collection":[{"href":"https:\/\/sweet-horse.ch\/de\/wp-json\/wp\/v2\/product"}],"about":[{"href":"https:\/\/sweet-horse.ch\/de\/wp-json\/wp\/v2\/types\/product"}],"version-history":[{"count":0,"href":"https:\/\/sweet-horse.ch\/de\/wp-json\/wp\/v2\/product\/34185\/revisions"}],"wp:featuredmedia":[{"embeddable":true,"href":"https:\/\/sweet-horse.ch\/de\/wp-json\/wp\/v2\/media\/34184"}],"wp:attachment":[{"href":"https:\/\/sweet-horse.ch\/de\/wp-json\/wp\/v2\/media?parent=34185"}],"wp:term":[{"taxonomy":"product_brand","embeddable":true,"href":"https:\/\/sweet-horse.ch\/de\/wp-json\/wp\/v2\/product_brand?post=34185"},{"taxonomy":"product_cat","embeddable":true,"href":"https:\/\/sweet-horse.ch\/de\/wp-json\/wp\/v2\/product_cat?post=34185"},{"taxonomy":"product_tag","embeddable":true,"href":"https:\/\/sweet-horse.ch\/de\/wp-json\/wp\/v2\/product_tag?post=34185"}],"curies":[{"name":"wp","href":"https:\/\/api.w.org\/{rel}","templated":true}]}}