{"id":34195,"date":"2026-01-26T19:57:34","date_gmt":"2026-01-26T18:57:34","guid":{"rendered":"https:\/\/sweet-horse.ch\/produit\/hilton-herbs-ringelblume-klettenlabkraut-tinkturen-500-ml\/"},"modified":"2026-02-06T07:31:53","modified_gmt":"2026-02-06T06:31:53","slug":"hilton-herbs-ringelblume-klettenlabkraut-tinkturen-500-ml","status":"publish","type":"product","link":"https:\/\/sweet-horse.ch\/de\/produit\/hilton-herbs-ringelblume-klettenlabkraut-tinkturen-500-ml\/","title":{"rendered":"Hilton Herbs \u2013 Ringelblume &amp; Klettenlabkraut Gold 500ml"},"content":{"rendered":"<p>Ringelblume  Klettenlabkraut Tinkturen:<\/p>\n<ul>\n<li>Schwesterpflanzen, die insbesondere das Lymph- und Dr\u00fcsensystem unterst\u00fctzen.<\/li>\n<li>Unterst\u00fctzung f\u00fcr Pferde mit chronisch progressivem Lymph\u00f6dem (CPL, Saftbeine).<\/li>\n<\/ul>\n<p>Empfohlen f\u00fcr Boxenpferde oder Pferde mit eingeschr\u00e4nktem Auslauf, deren Gliedma\u00dfen zu Schwellungen neigen. Kann in Verbindung mit Ruhebandagen verwendet werden. <\/p>\n","protected":false},"excerpt":{"rendered":"<p>Lymphsystem, Stauungen beim Pferd.<\/p>\n","protected":false},"featured_media":34225,"template":"","meta":{"site-sidebar-layout":"default","site-content-layout":"","ast-site-content-layout":"default","site-content-style":"default","site-sidebar-style":"default","ast-global-header-display":"","ast-banner-title-visibility":"","ast-main-header-display":"","ast-hfb-above-header-display":"","ast-hfb-below-header-display":"","ast-hfb-mobile-header-display":"","site-post-title":"","ast-breadcrumbs-content":"","ast-featured-img":"","footer-sml-layout":"","ast-disable-related-posts":"","theme-transparent-header-meta":"default","adv-header-id-meta":"","stick-header-meta":"default","header-above-stick-meta":"","header-main-stick-meta":"","header-below-stick-meta":"","astra-migrate-meta-layouts":"default","ast-page-background-enabled":"default","ast-page-background-meta":{"desktop":{"background-color":"var(--ast-global-color-4)","background-image":"","background-repeat":"repeat","background-position":"center center","background-size":"auto","background-attachment":"scroll","background-type":"","background-media":"","overlay-type":"","overlay-color":"","overlay-opacity":"","overlay-gradient":""},"tablet":{"background-color":"","background-image":"","background-repeat":"repeat","background-position":"center center","background-size":"auto","background-attachment":"scroll","background-type":"","background-media":"","overlay-type":"","overlay-color":"","overlay-opacity":"","overlay-gradient":""},"mobile":{"background-color":"","background-image":"","background-repeat":"repeat","background-position":"center center","background-size":"auto","background-attachment":"scroll","background-type":"","background-media":"","overlay-type":"","overlay-color":"","overlay-opacity":"","overlay-gradient":""}},"ast-content-background-meta":{"desktop":{"background-color":"var(--ast-global-color-5)","background-image":"","background-repeat":"repeat","background-position":"center center","background-size":"auto","background-attachment":"scroll","background-type":"","background-media":"","overlay-type":"","overlay-color":"","overlay-opacity":"","overlay-gradient":""},"tablet":{"background-color":"var(--ast-global-color-5)","background-image":"","background-repeat":"repeat","background-position":"center center","background-size":"auto","background-attachment":"scroll","background-type":"","background-media":"","overlay-type":"","overlay-color":"","overlay-opacity":"","overlay-gradient":""},"mobile":{"background-color":"var(--ast-global-color-5)","background-image":"","background-repeat":"repeat","background-position":"center center","background-size":"auto","background-attachment":"scroll","background-type":"","background-media":"","overlay-type":"","overlay-color":"","overlay-opacity":"","overlay-gradient":""}}},"product_brand":[85],"product_cat":[111,110],"product_tag":[],"class_list":{"0":"post-34195","1":"product","2":"type-product","3":"status-publish","4":"has-post-thumbnail","6":"product_brand-hilton-herbs","7":"product_cat-hilton-herbs","8":"product_cat-immunitat-besondere-bedurfnisse","9":"desktop-align-left","10":"tablet-align-left","11":"mobile-align-left","12":"ast-product-gallery-layout-first-image-large","13":"ast-product-gallery-with-no-image","14":"ast-product-tabs-layout-horizontal","16":"first","17":"instock","18":"purchasable","19":"product-type-simple"},"yoast_head":"<!-- This site is optimized with the Yoast SEO plugin v27.3 - https:\/\/yoast.com\/product\/yoast-seo-wordpress\/ -->\n<title>Hilton Herbs - Ringelblume &amp; Klettenlabkraut Gold 500ml - Sweet Horse<\/title>\n<meta name=\"description\" content=\"Ringelblume &amp; Klettenlabkraut Tinkturen Hilton Herbs: Nat\u00fcrliche Unterst\u00fctzung f\u00fcr Drainage und Ausscheidung beim Pferd, zur F\u00f6rderung von Haut und Stoffwechsel.\" \/>\n<meta name=\"robots\" content=\"index, follow, max-snippet:-1, max-image-preview:large, max-video-preview:-1\" \/>\n<link rel=\"canonical\" href=\"https:\/\/sweet-horse.ch\/de\/produit\/hilton-herbs-ringelblume-klettenlabkraut-tinkturen-500-ml\/\" \/>\n<meta property=\"og:locale\" content=\"de_DE\" \/>\n<meta property=\"og:type\" content=\"article\" \/>\n<meta property=\"og:title\" content=\"Hilton Herbs - Ringelblume &amp; Klettenlabkraut Gold 500ml - Sweet Horse\" \/>\n<meta property=\"og:description\" content=\"Ringelblume &amp; Klettenlabkraut Tinkturen Hilton Herbs: Nat\u00fcrliche Unterst\u00fctzung f\u00fcr Drainage und Ausscheidung beim Pferd, zur F\u00f6rderung von Haut und Stoffwechsel.\" \/>\n<meta property=\"og:url\" content=\"https:\/\/sweet-horse.ch\/de\/produit\/hilton-herbs-ringelblume-klettenlabkraut-tinkturen-500-ml\/\" \/>\n<meta property=\"og:site_name\" content=\"Sweet Horse\" \/>\n<meta property=\"article:modified_time\" content=\"2026-02-06T06:31:53+00:00\" \/>\n<meta property=\"og:image\" content=\"https:\/\/i0.wp.com\/sweet-horse.ch\/wp-content\/uploads\/2026\/02\/Sans-titre-600-x-600-px.png?fit=600%2C600&ssl=1\" \/>\n\t<meta property=\"og:image:width\" content=\"600\" \/>\n\t<meta property=\"og:image:height\" content=\"600\" \/>\n\t<meta property=\"og:image:type\" content=\"image\/png\" \/>\n<meta name=\"twitter:card\" content=\"summary_large_image\" \/>\n<script type=\"application\/ld+json\" class=\"yoast-schema-graph\">{\"@context\":\"https:\\\/\\\/schema.org\",\"@graph\":[{\"@type\":\"WebPage\",\"@id\":\"https:\\\/\\\/sweet-horse.ch\\\/de\\\/produit\\\/hilton-herbs-ringelblume-klettenlabkraut-tinkturen-500-ml\\\/\",\"url\":\"https:\\\/\\\/sweet-horse.ch\\\/de\\\/produit\\\/hilton-herbs-ringelblume-klettenlabkraut-tinkturen-500-ml\\\/\",\"name\":\"Hilton Herbs - Ringelblume &amp; Klettenlabkraut Gold 500ml - Sweet Horse\",\"isPartOf\":{\"@id\":\"https:\\\/\\\/sweet-horse.ch\\\/de\\\/#website\"},\"primaryImageOfPage\":{\"@id\":\"https:\\\/\\\/sweet-horse.ch\\\/de\\\/produit\\\/hilton-herbs-ringelblume-klettenlabkraut-tinkturen-500-ml\\\/#primaryimage\"},\"image\":{\"@id\":\"https:\\\/\\\/sweet-horse.ch\\\/de\\\/produit\\\/hilton-herbs-ringelblume-klettenlabkraut-tinkturen-500-ml\\\/#primaryimage\"},\"thumbnailUrl\":\"https:\\\/\\\/i0.wp.com\\\/sweet-horse.ch\\\/wp-content\\\/uploads\\\/2026\\\/02\\\/Sans-titre-600-x-600-px.png?fit=600%2C600&ssl=1\",\"datePublished\":\"2026-01-26T18:57:34+00:00\",\"dateModified\":\"2026-02-06T06:31:53+00:00\",\"description\":\"Ringelblume & Klettenlabkraut Tinkturen Hilton Herbs: Nat\u00fcrliche Unterst\u00fctzung f\u00fcr Drainage und Ausscheidung beim Pferd, zur F\u00f6rderung von Haut und Stoffwechsel.\",\"breadcrumb\":{\"@id\":\"https:\\\/\\\/sweet-horse.ch\\\/de\\\/produit\\\/hilton-herbs-ringelblume-klettenlabkraut-tinkturen-500-ml\\\/#breadcrumb\"},\"inLanguage\":\"de\",\"potentialAction\":[{\"@type\":\"ReadAction\",\"target\":[\"https:\\\/\\\/sweet-horse.ch\\\/de\\\/produit\\\/hilton-herbs-ringelblume-klettenlabkraut-tinkturen-500-ml\\\/\"]}]},{\"@type\":\"ImageObject\",\"inLanguage\":\"de\",\"@id\":\"https:\\\/\\\/sweet-horse.ch\\\/de\\\/produit\\\/hilton-herbs-ringelblume-klettenlabkraut-tinkturen-500-ml\\\/#primaryimage\",\"url\":\"https:\\\/\\\/i0.wp.com\\\/sweet-horse.ch\\\/wp-content\\\/uploads\\\/2026\\\/02\\\/Sans-titre-600-x-600-px.png?fit=600%2C600&ssl=1\",\"contentUrl\":\"https:\\\/\\\/i0.wp.com\\\/sweet-horse.ch\\\/wp-content\\\/uploads\\\/2026\\\/02\\\/Sans-titre-600-x-600-px.png?fit=600%2C600&ssl=1\",\"width\":600,\"height\":600,\"caption\":\"Hilton Herbs - Ringelblume Klettenlabkraut 500ml\"},{\"@type\":\"BreadcrumbList\",\"@id\":\"https:\\\/\\\/sweet-horse.ch\\\/de\\\/produit\\\/hilton-herbs-ringelblume-klettenlabkraut-tinkturen-500-ml\\\/#breadcrumb\",\"itemListElement\":[{\"@type\":\"ListItem\",\"position\":1,\"name\":\"Startseite\",\"item\":\"https:\\\/\\\/sweet-horse.ch\\\/de\\\/startseite\\\/\"},{\"@type\":\"ListItem\",\"position\":2,\"name\":\"Shop\",\"item\":\"https:\\\/\\\/sweet-horse.ch\\\/de\\\/shop\\\/\"},{\"@type\":\"ListItem\",\"position\":3,\"name\":\"Hilton Herbs \u2013 Ringelblume &amp; Klettenlabkraut Gold 500ml\"}]},{\"@type\":\"WebSite\",\"@id\":\"https:\\\/\\\/sweet-horse.ch\\\/de\\\/#website\",\"url\":\"https:\\\/\\\/sweet-horse.ch\\\/de\\\/\",\"name\":\"Sweet Horse\",\"description\":\"Naturellement \u00e0 l&#039;\u00e9coute de votre compagnon \u00e9quin\",\"publisher\":{\"@id\":\"https:\\\/\\\/sweet-horse.ch\\\/de\\\/#organization\"},\"potentialAction\":[{\"@type\":\"SearchAction\",\"target\":{\"@type\":\"EntryPoint\",\"urlTemplate\":\"https:\\\/\\\/sweet-horse.ch\\\/de\\\/?s={search_term_string}\"},\"query-input\":{\"@type\":\"PropertyValueSpecification\",\"valueRequired\":true,\"valueName\":\"search_term_string\"}}],\"inLanguage\":\"de\"},{\"@type\":\"Organization\",\"@id\":\"https:\\\/\\\/sweet-horse.ch\\\/de\\\/#organization\",\"name\":\"Sweet Horse\",\"url\":\"https:\\\/\\\/sweet-horse.ch\\\/de\\\/\",\"logo\":{\"@type\":\"ImageObject\",\"inLanguage\":\"de\",\"@id\":\"https:\\\/\\\/sweet-horse.ch\\\/de\\\/#\\\/schema\\\/logo\\\/image\\\/\",\"url\":\"https:\\\/\\\/i0.wp.com\\\/sweet-horse.ch\\\/wp-content\\\/uploads\\\/2023\\\/12\\\/cropped-cropped-sweethorse_RVB-scaled-1.webp?fit=1763%2C1920&ssl=1\",\"contentUrl\":\"https:\\\/\\\/i0.wp.com\\\/sweet-horse.ch\\\/wp-content\\\/uploads\\\/2023\\\/12\\\/cropped-cropped-sweethorse_RVB-scaled-1.webp?fit=1763%2C1920&ssl=1\",\"width\":1763,\"height\":1920,\"caption\":\"Sweet Horse\"},\"image\":{\"@id\":\"https:\\\/\\\/sweet-horse.ch\\\/de\\\/#\\\/schema\\\/logo\\\/image\\\/\"},\"sameAs\":[\"https:\\\/\\\/www.instagram.com\\\/sweet_horse.ch\"]}]}<\/script>\n<!-- \/ Yoast SEO plugin. -->","yoast_head_json":{"title":"Hilton Herbs - Ringelblume &amp; Klettenlabkraut Gold 500ml - Sweet Horse","description":"Ringelblume & Klettenlabkraut Tinkturen Hilton Herbs: Nat\u00fcrliche Unterst\u00fctzung f\u00fcr Drainage und Ausscheidung beim Pferd, zur F\u00f6rderung von Haut und Stoffwechsel.","robots":{"index":"index","follow":"follow","max-snippet":"max-snippet:-1","max-image-preview":"max-image-preview:large","max-video-preview":"max-video-preview:-1"},"canonical":"https:\/\/sweet-horse.ch\/de\/produit\/hilton-herbs-ringelblume-klettenlabkraut-tinkturen-500-ml\/","og_locale":"de_DE","og_type":"article","og_title":"Hilton Herbs - Ringelblume &amp; Klettenlabkraut Gold 500ml - Sweet Horse","og_description":"Ringelblume & Klettenlabkraut Tinkturen Hilton Herbs: Nat\u00fcrliche Unterst\u00fctzung f\u00fcr Drainage und Ausscheidung beim Pferd, zur F\u00f6rderung von Haut und Stoffwechsel.","og_url":"https:\/\/sweet-horse.ch\/de\/produit\/hilton-herbs-ringelblume-klettenlabkraut-tinkturen-500-ml\/","og_site_name":"Sweet Horse","article_modified_time":"2026-02-06T06:31:53+00:00","og_image":[{"width":600,"height":600,"url":"https:\/\/i0.wp.com\/sweet-horse.ch\/wp-content\/uploads\/2026\/02\/Sans-titre-600-x-600-px.png?fit=600%2C600&ssl=1","type":"image\/png"}],"twitter_card":"summary_large_image","schema":{"@context":"https:\/\/schema.org","@graph":[{"@type":"WebPage","@id":"https:\/\/sweet-horse.ch\/de\/produit\/hilton-herbs-ringelblume-klettenlabkraut-tinkturen-500-ml\/","url":"https:\/\/sweet-horse.ch\/de\/produit\/hilton-herbs-ringelblume-klettenlabkraut-tinkturen-500-ml\/","name":"Hilton Herbs - Ringelblume &amp; Klettenlabkraut Gold 500ml - Sweet Horse","isPartOf":{"@id":"https:\/\/sweet-horse.ch\/de\/#website"},"primaryImageOfPage":{"@id":"https:\/\/sweet-horse.ch\/de\/produit\/hilton-herbs-ringelblume-klettenlabkraut-tinkturen-500-ml\/#primaryimage"},"image":{"@id":"https:\/\/sweet-horse.ch\/de\/produit\/hilton-herbs-ringelblume-klettenlabkraut-tinkturen-500-ml\/#primaryimage"},"thumbnailUrl":"https:\/\/i0.wp.com\/sweet-horse.ch\/wp-content\/uploads\/2026\/02\/Sans-titre-600-x-600-px.png?fit=600%2C600&ssl=1","datePublished":"2026-01-26T18:57:34+00:00","dateModified":"2026-02-06T06:31:53+00:00","description":"Ringelblume & Klettenlabkraut Tinkturen Hilton Herbs: Nat\u00fcrliche Unterst\u00fctzung f\u00fcr Drainage und Ausscheidung beim Pferd, zur F\u00f6rderung von Haut und Stoffwechsel.","breadcrumb":{"@id":"https:\/\/sweet-horse.ch\/de\/produit\/hilton-herbs-ringelblume-klettenlabkraut-tinkturen-500-ml\/#breadcrumb"},"inLanguage":"de","potentialAction":[{"@type":"ReadAction","target":["https:\/\/sweet-horse.ch\/de\/produit\/hilton-herbs-ringelblume-klettenlabkraut-tinkturen-500-ml\/"]}]},{"@type":"ImageObject","inLanguage":"de","@id":"https:\/\/sweet-horse.ch\/de\/produit\/hilton-herbs-ringelblume-klettenlabkraut-tinkturen-500-ml\/#primaryimage","url":"https:\/\/i0.wp.com\/sweet-horse.ch\/wp-content\/uploads\/2026\/02\/Sans-titre-600-x-600-px.png?fit=600%2C600&ssl=1","contentUrl":"https:\/\/i0.wp.com\/sweet-horse.ch\/wp-content\/uploads\/2026\/02\/Sans-titre-600-x-600-px.png?fit=600%2C600&ssl=1","width":600,"height":600,"caption":"Hilton Herbs - Ringelblume Klettenlabkraut 500ml"},{"@type":"BreadcrumbList","@id":"https:\/\/sweet-horse.ch\/de\/produit\/hilton-herbs-ringelblume-klettenlabkraut-tinkturen-500-ml\/#breadcrumb","itemListElement":[{"@type":"ListItem","position":1,"name":"Startseite","item":"https:\/\/sweet-horse.ch\/de\/startseite\/"},{"@type":"ListItem","position":2,"name":"Shop","item":"https:\/\/sweet-horse.ch\/de\/shop\/"},{"@type":"ListItem","position":3,"name":"Hilton Herbs \u2013 Ringelblume &amp; Klettenlabkraut Gold 500ml"}]},{"@type":"WebSite","@id":"https:\/\/sweet-horse.ch\/de\/#website","url":"https:\/\/sweet-horse.ch\/de\/","name":"Sweet Horse","description":"Naturellement \u00e0 l&#039;\u00e9coute de votre compagnon \u00e9quin","publisher":{"@id":"https:\/\/sweet-horse.ch\/de\/#organization"},"potentialAction":[{"@type":"SearchAction","target":{"@type":"EntryPoint","urlTemplate":"https:\/\/sweet-horse.ch\/de\/?s={search_term_string}"},"query-input":{"@type":"PropertyValueSpecification","valueRequired":true,"valueName":"search_term_string"}}],"inLanguage":"de"},{"@type":"Organization","@id":"https:\/\/sweet-horse.ch\/de\/#organization","name":"Sweet Horse","url":"https:\/\/sweet-horse.ch\/de\/","logo":{"@type":"ImageObject","inLanguage":"de","@id":"https:\/\/sweet-horse.ch\/de\/#\/schema\/logo\/image\/","url":"https:\/\/i0.wp.com\/sweet-horse.ch\/wp-content\/uploads\/2023\/12\/cropped-cropped-sweethorse_RVB-scaled-1.webp?fit=1763%2C1920&ssl=1","contentUrl":"https:\/\/i0.wp.com\/sweet-horse.ch\/wp-content\/uploads\/2023\/12\/cropped-cropped-sweethorse_RVB-scaled-1.webp?fit=1763%2C1920&ssl=1","width":1763,"height":1920,"caption":"Sweet Horse"},"image":{"@id":"https:\/\/sweet-horse.ch\/de\/#\/schema\/logo\/image\/"},"sameAs":["https:\/\/www.instagram.com\/sweet_horse.ch"]}]}},"_links":{"self":[{"href":"https:\/\/sweet-horse.ch\/de\/wp-json\/wp\/v2\/product\/34195","targetHints":{"allow":["GET"]}}],"collection":[{"href":"https:\/\/sweet-horse.ch\/de\/wp-json\/wp\/v2\/product"}],"about":[{"href":"https:\/\/sweet-horse.ch\/de\/wp-json\/wp\/v2\/types\/product"}],"version-history":[{"count":1,"href":"https:\/\/sweet-horse.ch\/de\/wp-json\/wp\/v2\/product\/34195\/revisions"}],"predecessor-version":[{"id":34237,"href":"https:\/\/sweet-horse.ch\/de\/wp-json\/wp\/v2\/product\/34195\/revisions\/34237"}],"wp:featuredmedia":[{"embeddable":true,"href":"https:\/\/sweet-horse.ch\/de\/wp-json\/wp\/v2\/media\/34225"}],"wp:attachment":[{"href":"https:\/\/sweet-horse.ch\/de\/wp-json\/wp\/v2\/media?parent=34195"}],"wp:term":[{"taxonomy":"product_brand","embeddable":true,"href":"https:\/\/sweet-horse.ch\/de\/wp-json\/wp\/v2\/product_brand?post=34195"},{"taxonomy":"product_cat","embeddable":true,"href":"https:\/\/sweet-horse.ch\/de\/wp-json\/wp\/v2\/product_cat?post=34195"},{"taxonomy":"product_tag","embeddable":true,"href":"https:\/\/sweet-horse.ch\/de\/wp-json\/wp\/v2\/product_tag?post=34195"}],"curies":[{"name":"wp","href":"https:\/\/api.w.org\/{rel}","templated":true}]}}