{"id":34196,"date":"2026-01-26T20:09:50","date_gmt":"2026-01-26T19:09:50","guid":{"rendered":"https:\/\/sweet-horse.ch\/produit\/hilton-herbs-aktivkohle-1kg\/"},"modified":"2026-01-26T20:09:50","modified_gmt":"2026-01-26T19:09:50","slug":"hilton-herbs-aktivkohle-1kg","status":"publish","type":"product","link":"https:\/\/sweet-horse.ch\/de\/produit\/hilton-herbs-aktivkohle-1kg\/","title":{"rendered":"Hilton Herbs \u2013 Aktivkohle 1kg"},"content":{"rendered":"<p>AKTIVKOHLE f\u00fcr Pferde und andere Tiere, traditionell eingesetzt bei:<\/p>\n<ul>\n<li>Zur Unterst\u00fctzung des Verdauungskomforts<\/li>\n<li>Bei Bl\u00e4hungen, Gasbildung und V\u00f6llegef\u00fchl<\/li>\n<li>Bei weichem \/ fl\u00fcssigem Kot<\/li>\n<li>Bei Futterumstellung oder \u00c4nderungen der Weidequalit\u00e4t<\/li>\n<li>Bei Stress<\/li>\n<\/ul>\n<p>Aktivkohle ist eine hochaktivierte granulierte Kohle, hergestellt aus Kokosnussschalen. Die Kokosnussschalen werden bei sehr hohen Temperaturen erhitzt. Durch diesen Prozess entsteht eine Struktur mit einer gro\u00dfen Oberfl\u00e4che, die eine maximale Adsorption erm\u00f6glicht (ein Prozess, bei dem Molek\u00fcle einer Fl\u00fcssigkeit oder eines Gases an der Oberfl\u00e4che eines festen Partikels haften).  <\/p>\n<p>Diese hochwertige Aktivkohle kann zur Linderung vor\u00fcbergehender Verdauungsst\u00f6rungen bei Pferden und Ponys jeden Alters eingesetzt werden. Aktivkohle wird traditionell eingesetzt, um Toxine und \u00fcbersch\u00fcssige S\u00e4ure aus dem Verdauungssystem zu binden. Aktivkohle wird vom Verdauungstrakt des Pferdes nicht verdaut. Daher werden alle von ihr gebundenen Toxine mit dem Kot ausgeschieden.   <\/p>\n<p>WICHTIG: Die Einnahme von Aktivkohle kann die Aufnahme bestimmter Medikamente wie Entz\u00fcndungshemmer, Pergolide usw. reduzieren. Konsultieren Sie vor der Anwendung einen Tierarzt. <\/p>\n","protected":false},"excerpt":{"rendered":"<p data-start=\"434\" data-end=\"531\">Unterst\u00fctzt die Verdauung und hilft, Darmtoxine zu binden.<\/p>\n<h3 data-start=\"533\" data-end=\"562\"><\/h3>\n","protected":false},"featured_media":34222,"template":"","meta":{"site-sidebar-layout":"default","site-content-layout":"","ast-site-content-layout":"default","site-content-style":"default","site-sidebar-style":"default","ast-global-header-display":"","ast-banner-title-visibility":"","ast-main-header-display":"","ast-hfb-above-header-display":"","ast-hfb-below-header-display":"","ast-hfb-mobile-header-display":"","site-post-title":"","ast-breadcrumbs-content":"","ast-featured-img":"","footer-sml-layout":"","ast-disable-related-posts":"","theme-transparent-header-meta":"default","adv-header-id-meta":"","stick-header-meta":"default","header-above-stick-meta":"","header-main-stick-meta":"","header-below-stick-meta":"","astra-migrate-meta-layouts":"default","ast-page-background-enabled":"default","ast-page-background-meta":{"desktop":{"background-color":"var(--ast-global-color-4)","background-image":"","background-repeat":"repeat","background-position":"center center","background-size":"auto","background-attachment":"scroll","background-type":"","background-media":"","overlay-type":"","overlay-color":"","overlay-opacity":"","overlay-gradient":""},"tablet":{"background-color":"","background-image":"","background-repeat":"repeat","background-position":"center center","background-size":"auto","background-attachment":"scroll","background-type":"","background-media":"","overlay-type":"","overlay-color":"","overlay-opacity":"","overlay-gradient":""},"mobile":{"background-color":"","background-image":"","background-repeat":"repeat","background-position":"center center","background-size":"auto","background-attachment":"scroll","background-type":"","background-media":"","overlay-type":"","overlay-color":"","overlay-opacity":"","overlay-gradient":""}},"ast-content-background-meta":{"desktop":{"background-color":"var(--ast-global-color-5)","background-image":"","background-repeat":"repeat","background-position":"center center","background-size":"auto","background-attachment":"scroll","background-type":"","background-media":"","overlay-type":"","overlay-color":"","overlay-opacity":"","overlay-gradient":""},"tablet":{"background-color":"var(--ast-global-color-5)","background-image":"","background-repeat":"repeat","background-position":"center center","background-size":"auto","background-attachment":"scroll","background-type":"","background-media":"","overlay-type":"","overlay-color":"","overlay-opacity":"","overlay-gradient":""},"mobile":{"background-color":"var(--ast-global-color-5)","background-image":"","background-repeat":"repeat","background-position":"center center","background-size":"auto","background-attachment":"scroll","background-type":"","background-media":"","overlay-type":"","overlay-color":"","overlay-opacity":"","overlay-gradient":""}}},"product_brand":[],"product_cat":[108,111,114],"product_tag":[],"class_list":{"0":"post-34196","1":"product","2":"type-product","3":"status-publish","4":"has-post-thumbnail","6":"product_cat-erganzungsmittel","7":"product_cat-hilton-herbs","8":"product_cat-verdauung","9":"desktop-align-left","10":"tablet-align-left","11":"mobile-align-left","12":"ast-product-gallery-layout-first-image-large","13":"ast-product-tabs-layout-horizontal","15":"first","16":"instock","17":"purchasable","18":"product-type-simple"},"yoast_head":"<!-- This site is optimized with the Yoast SEO plugin v27.3 - https:\/\/yoast.com\/product\/yoast-seo-wordpress\/ -->\n<title>Hilton Herbs - Aktivkohle 1kg - Sweet Horse<\/title>\n<meta name=\"description\" content=\"Hilton Herbs Aktivkohle: Nat\u00fcrliches Erg\u00e4nzungsfuttermittel zur Unterst\u00fctzung der Pferdeverdauung und zur Bindung von Toxinen bei Verdauungsbeschwerden.\" \/>\n<meta name=\"robots\" content=\"index, follow, max-snippet:-1, max-image-preview:large, max-video-preview:-1\" \/>\n<link rel=\"canonical\" href=\"https:\/\/sweet-horse.ch\/de\/produit\/hilton-herbs-aktivkohle-1kg\/\" \/>\n<meta property=\"og:locale\" content=\"de_DE\" \/>\n<meta property=\"og:type\" content=\"article\" \/>\n<meta property=\"og:title\" content=\"Hilton Herbs - Aktivkohle 1kg - Sweet Horse\" \/>\n<meta property=\"og:description\" content=\"Hilton Herbs Aktivkohle: Nat\u00fcrliches Erg\u00e4nzungsfuttermittel zur Unterst\u00fctzung der Pferdeverdauung und zur Bindung von Toxinen bei Verdauungsbeschwerden.\" \/>\n<meta property=\"og:url\" content=\"https:\/\/sweet-horse.ch\/de\/produit\/hilton-herbs-aktivkohle-1kg\/\" \/>\n<meta property=\"og:site_name\" content=\"Sweet Horse\" \/>\n<meta name=\"twitter:card\" content=\"summary_large_image\" \/>\n<meta name=\"twitter:label1\" content=\"Gesch\u00e4tzte Lesezeit\" \/>\n\t<meta name=\"twitter:data1\" content=\"1\u00a0Minute\" \/>\n<script type=\"application\/ld+json\" class=\"yoast-schema-graph\">{\"@context\":\"https:\\\/\\\/schema.org\",\"@graph\":[{\"@type\":\"WebPage\",\"@id\":\"https:\\\/\\\/sweet-horse.ch\\\/de\\\/produit\\\/hilton-herbs-aktivkohle-1kg\\\/\",\"url\":\"https:\\\/\\\/sweet-horse.ch\\\/de\\\/produit\\\/hilton-herbs-aktivkohle-1kg\\\/\",\"name\":\"Hilton Herbs - Aktivkohle 1kg - Sweet Horse\",\"isPartOf\":{\"@id\":\"https:\\\/\\\/sweet-horse.ch\\\/de\\\/#website\"},\"primaryImageOfPage\":{\"@id\":\"https:\\\/\\\/sweet-horse.ch\\\/de\\\/produit\\\/hilton-herbs-aktivkohle-1kg\\\/#primaryimage\"},\"image\":{\"@id\":\"https:\\\/\\\/sweet-horse.ch\\\/de\\\/produit\\\/hilton-herbs-aktivkohle-1kg\\\/#primaryimage\"},\"thumbnailUrl\":\"https:\\\/\\\/i0.wp.com\\\/sweet-horse.ch\\\/wp-content\\\/uploads\\\/2026\\\/02\\\/Hilton-Herbs-Charbon-actif.png?fit=600%2C600&ssl=1\",\"datePublished\":\"2026-01-26T19:09:50+00:00\",\"description\":\"Hilton Herbs Aktivkohle: Nat\u00fcrliches Erg\u00e4nzungsfuttermittel zur Unterst\u00fctzung der Pferdeverdauung und zur Bindung von Toxinen bei Verdauungsbeschwerden.\",\"breadcrumb\":{\"@id\":\"https:\\\/\\\/sweet-horse.ch\\\/de\\\/produit\\\/hilton-herbs-aktivkohle-1kg\\\/#breadcrumb\"},\"inLanguage\":\"de\",\"potentialAction\":[{\"@type\":\"ReadAction\",\"target\":[\"https:\\\/\\\/sweet-horse.ch\\\/de\\\/produit\\\/hilton-herbs-aktivkohle-1kg\\\/\"]}]},{\"@type\":\"ImageObject\",\"inLanguage\":\"de\",\"@id\":\"https:\\\/\\\/sweet-horse.ch\\\/de\\\/produit\\\/hilton-herbs-aktivkohle-1kg\\\/#primaryimage\",\"url\":\"https:\\\/\\\/i0.wp.com\\\/sweet-horse.ch\\\/wp-content\\\/uploads\\\/2026\\\/02\\\/Hilton-Herbs-Charbon-actif.png?fit=600%2C600&ssl=1\",\"contentUrl\":\"https:\\\/\\\/i0.wp.com\\\/sweet-horse.ch\\\/wp-content\\\/uploads\\\/2026\\\/02\\\/Hilton-Herbs-Charbon-actif.png?fit=600%2C600&ssl=1\",\"width\":600,\"height\":600,\"caption\":\"Hilton Herbs Charbon actif 1kg\"},{\"@type\":\"BreadcrumbList\",\"@id\":\"https:\\\/\\\/sweet-horse.ch\\\/de\\\/produit\\\/hilton-herbs-aktivkohle-1kg\\\/#breadcrumb\",\"itemListElement\":[{\"@type\":\"ListItem\",\"position\":1,\"name\":\"Startseite\",\"item\":\"https:\\\/\\\/sweet-horse.ch\\\/de\\\/startseite\\\/\"},{\"@type\":\"ListItem\",\"position\":2,\"name\":\"Shop\",\"item\":\"https:\\\/\\\/sweet-horse.ch\\\/de\\\/shop\\\/\"},{\"@type\":\"ListItem\",\"position\":3,\"name\":\"Priv\u00e9\u00a0: Hilton Herbs \u2013 Aktivkohle 1kg\"}]},{\"@type\":\"WebSite\",\"@id\":\"https:\\\/\\\/sweet-horse.ch\\\/de\\\/#website\",\"url\":\"https:\\\/\\\/sweet-horse.ch\\\/de\\\/\",\"name\":\"Sweet Horse\",\"description\":\"Naturellement \u00e0 l&#039;\u00e9coute de votre compagnon \u00e9quin\",\"publisher\":{\"@id\":\"https:\\\/\\\/sweet-horse.ch\\\/de\\\/#organization\"},\"potentialAction\":[{\"@type\":\"SearchAction\",\"target\":{\"@type\":\"EntryPoint\",\"urlTemplate\":\"https:\\\/\\\/sweet-horse.ch\\\/de\\\/?s={search_term_string}\"},\"query-input\":{\"@type\":\"PropertyValueSpecification\",\"valueRequired\":true,\"valueName\":\"search_term_string\"}}],\"inLanguage\":\"de\"},{\"@type\":\"Organization\",\"@id\":\"https:\\\/\\\/sweet-horse.ch\\\/de\\\/#organization\",\"name\":\"Sweet Horse\",\"url\":\"https:\\\/\\\/sweet-horse.ch\\\/de\\\/\",\"logo\":{\"@type\":\"ImageObject\",\"inLanguage\":\"de\",\"@id\":\"https:\\\/\\\/sweet-horse.ch\\\/de\\\/#\\\/schema\\\/logo\\\/image\\\/\",\"url\":\"https:\\\/\\\/i0.wp.com\\\/sweet-horse.ch\\\/wp-content\\\/uploads\\\/2023\\\/12\\\/cropped-cropped-sweethorse_RVB-scaled-1.webp?fit=1763%2C1920&ssl=1\",\"contentUrl\":\"https:\\\/\\\/i0.wp.com\\\/sweet-horse.ch\\\/wp-content\\\/uploads\\\/2023\\\/12\\\/cropped-cropped-sweethorse_RVB-scaled-1.webp?fit=1763%2C1920&ssl=1\",\"width\":1763,\"height\":1920,\"caption\":\"Sweet Horse\"},\"image\":{\"@id\":\"https:\\\/\\\/sweet-horse.ch\\\/de\\\/#\\\/schema\\\/logo\\\/image\\\/\"},\"sameAs\":[\"https:\\\/\\\/www.instagram.com\\\/sweet_horse.ch\"]}]}<\/script>\n<!-- \/ Yoast SEO plugin. -->","yoast_head_json":{"title":"Hilton Herbs - Aktivkohle 1kg - Sweet Horse","description":"Hilton Herbs Aktivkohle: Nat\u00fcrliches Erg\u00e4nzungsfuttermittel zur Unterst\u00fctzung der Pferdeverdauung und zur Bindung von Toxinen bei Verdauungsbeschwerden.","robots":{"index":"index","follow":"follow","max-snippet":"max-snippet:-1","max-image-preview":"max-image-preview:large","max-video-preview":"max-video-preview:-1"},"canonical":"https:\/\/sweet-horse.ch\/de\/produit\/hilton-herbs-aktivkohle-1kg\/","og_locale":"de_DE","og_type":"article","og_title":"Hilton Herbs - Aktivkohle 1kg - Sweet Horse","og_description":"Hilton Herbs Aktivkohle: Nat\u00fcrliches Erg\u00e4nzungsfuttermittel zur Unterst\u00fctzung der Pferdeverdauung und zur Bindung von Toxinen bei Verdauungsbeschwerden.","og_url":"https:\/\/sweet-horse.ch\/de\/produit\/hilton-herbs-aktivkohle-1kg\/","og_site_name":"Sweet Horse","twitter_card":"summary_large_image","twitter_misc":{"Gesch\u00e4tzte Lesezeit":"1\u00a0Minute"},"schema":{"@context":"https:\/\/schema.org","@graph":[{"@type":"WebPage","@id":"https:\/\/sweet-horse.ch\/de\/produit\/hilton-herbs-aktivkohle-1kg\/","url":"https:\/\/sweet-horse.ch\/de\/produit\/hilton-herbs-aktivkohle-1kg\/","name":"Hilton Herbs - Aktivkohle 1kg - Sweet Horse","isPartOf":{"@id":"https:\/\/sweet-horse.ch\/de\/#website"},"primaryImageOfPage":{"@id":"https:\/\/sweet-horse.ch\/de\/produit\/hilton-herbs-aktivkohle-1kg\/#primaryimage"},"image":{"@id":"https:\/\/sweet-horse.ch\/de\/produit\/hilton-herbs-aktivkohle-1kg\/#primaryimage"},"thumbnailUrl":"https:\/\/i0.wp.com\/sweet-horse.ch\/wp-content\/uploads\/2026\/02\/Hilton-Herbs-Charbon-actif.png?fit=600%2C600&ssl=1","datePublished":"2026-01-26T19:09:50+00:00","description":"Hilton Herbs Aktivkohle: Nat\u00fcrliches Erg\u00e4nzungsfuttermittel zur Unterst\u00fctzung der Pferdeverdauung und zur Bindung von Toxinen bei Verdauungsbeschwerden.","breadcrumb":{"@id":"https:\/\/sweet-horse.ch\/de\/produit\/hilton-herbs-aktivkohle-1kg\/#breadcrumb"},"inLanguage":"de","potentialAction":[{"@type":"ReadAction","target":["https:\/\/sweet-horse.ch\/de\/produit\/hilton-herbs-aktivkohle-1kg\/"]}]},{"@type":"ImageObject","inLanguage":"de","@id":"https:\/\/sweet-horse.ch\/de\/produit\/hilton-herbs-aktivkohle-1kg\/#primaryimage","url":"https:\/\/i0.wp.com\/sweet-horse.ch\/wp-content\/uploads\/2026\/02\/Hilton-Herbs-Charbon-actif.png?fit=600%2C600&ssl=1","contentUrl":"https:\/\/i0.wp.com\/sweet-horse.ch\/wp-content\/uploads\/2026\/02\/Hilton-Herbs-Charbon-actif.png?fit=600%2C600&ssl=1","width":600,"height":600,"caption":"Hilton Herbs Charbon actif 1kg"},{"@type":"BreadcrumbList","@id":"https:\/\/sweet-horse.ch\/de\/produit\/hilton-herbs-aktivkohle-1kg\/#breadcrumb","itemListElement":[{"@type":"ListItem","position":1,"name":"Startseite","item":"https:\/\/sweet-horse.ch\/de\/startseite\/"},{"@type":"ListItem","position":2,"name":"Shop","item":"https:\/\/sweet-horse.ch\/de\/shop\/"},{"@type":"ListItem","position":3,"name":"Priv\u00e9\u00a0: Hilton Herbs \u2013 Aktivkohle 1kg"}]},{"@type":"WebSite","@id":"https:\/\/sweet-horse.ch\/de\/#website","url":"https:\/\/sweet-horse.ch\/de\/","name":"Sweet Horse","description":"Naturellement \u00e0 l&#039;\u00e9coute de votre compagnon \u00e9quin","publisher":{"@id":"https:\/\/sweet-horse.ch\/de\/#organization"},"potentialAction":[{"@type":"SearchAction","target":{"@type":"EntryPoint","urlTemplate":"https:\/\/sweet-horse.ch\/de\/?s={search_term_string}"},"query-input":{"@type":"PropertyValueSpecification","valueRequired":true,"valueName":"search_term_string"}}],"inLanguage":"de"},{"@type":"Organization","@id":"https:\/\/sweet-horse.ch\/de\/#organization","name":"Sweet Horse","url":"https:\/\/sweet-horse.ch\/de\/","logo":{"@type":"ImageObject","inLanguage":"de","@id":"https:\/\/sweet-horse.ch\/de\/#\/schema\/logo\/image\/","url":"https:\/\/i0.wp.com\/sweet-horse.ch\/wp-content\/uploads\/2023\/12\/cropped-cropped-sweethorse_RVB-scaled-1.webp?fit=1763%2C1920&ssl=1","contentUrl":"https:\/\/i0.wp.com\/sweet-horse.ch\/wp-content\/uploads\/2023\/12\/cropped-cropped-sweethorse_RVB-scaled-1.webp?fit=1763%2C1920&ssl=1","width":1763,"height":1920,"caption":"Sweet Horse"},"image":{"@id":"https:\/\/sweet-horse.ch\/de\/#\/schema\/logo\/image\/"},"sameAs":["https:\/\/www.instagram.com\/sweet_horse.ch"]}]}},"_links":{"self":[{"href":"https:\/\/sweet-horse.ch\/de\/wp-json\/wp\/v2\/product\/34196","targetHints":{"allow":["GET"]}}],"collection":[{"href":"https:\/\/sweet-horse.ch\/de\/wp-json\/wp\/v2\/product"}],"about":[{"href":"https:\/\/sweet-horse.ch\/de\/wp-json\/wp\/v2\/types\/product"}],"version-history":[{"count":0,"href":"https:\/\/sweet-horse.ch\/de\/wp-json\/wp\/v2\/product\/34196\/revisions"}],"wp:featuredmedia":[{"embeddable":true,"href":"https:\/\/sweet-horse.ch\/de\/wp-json\/wp\/v2\/media\/34222"}],"wp:attachment":[{"href":"https:\/\/sweet-horse.ch\/de\/wp-json\/wp\/v2\/media?parent=34196"}],"wp:term":[{"taxonomy":"product_brand","embeddable":true,"href":"https:\/\/sweet-horse.ch\/de\/wp-json\/wp\/v2\/product_brand?post=34196"},{"taxonomy":"product_cat","embeddable":true,"href":"https:\/\/sweet-horse.ch\/de\/wp-json\/wp\/v2\/product_cat?post=34196"},{"taxonomy":"product_tag","embeddable":true,"href":"https:\/\/sweet-horse.ch\/de\/wp-json\/wp\/v2\/product_tag?post=34196"}],"curies":[{"name":"wp","href":"https:\/\/api.w.org\/{rel}","templated":true}]}}