{"id":34382,"date":"2026-03-18T17:06:20","date_gmt":"2026-03-18T16:06:20","guid":{"rendered":"https:\/\/sweet-horse.ch\/produit\/ekinat-fellwechsel-aktivator-spray-500ml\/"},"modified":"2026-03-18T17:06:20","modified_gmt":"2026-03-18T16:06:20","slug":"ekinat-fellwechsel-aktivator-spray-500ml","status":"publish","type":"product","link":"https:\/\/sweet-horse.ch\/de\/produit\/ekinat-fellwechsel-aktivator-spray-500ml\/","title":{"rendered":"Ekinat \u2013 Fellwechsel-Aktivator Spray 500ml"},"content":{"rendered":"<p data-start=\"114\" data-end=\"378\">Das Ekinat Fellwechsel-Aktivator Spray unterst\u00fctzt Ihr Pferd effektiv w\u00e4hrend der \u00dcbergangsphasen des Fells. Seine nat\u00fcrliche Formel auf Basis von M\u00e4usedorn und Maca hilft, die Haarerneuerung zu stimulieren, indem sie die Entfernung abgestorbener Haare erleichtert. <\/p>\n<p data-start=\"380\" data-end=\"640\">Dieses Spray unterst\u00fctzt den nat\u00fcrlichen Fellwechselprozess, indem es den Abwurf stumpfer Haare beschleunigt und das Nachwachsen eines gesunden, dichten und gl\u00e4nzenden Fells f\u00f6rdert. Es tr\u00e4gt somit dazu bei, diese oft unangenehme Zeit f\u00fcr das Pferd schneller und angenehmer zu gestalten. <\/p>\n<p data-start=\"642\" data-end=\"789\">Einfach anzuwenden, wird es direkt auf das Fell aufgetragen und f\u00fcgt sich perfekt in die Pflegeroutine ein, insbesondere im Fr\u00fchling und Herbst.<\/p>\n<p data-start=\"791\" data-end=\"808\">Funktionen:<\/p>\n<ul data-start=\"809\" data-end=\"987\">\n<li data-section-id=\"12aa3ma\" data-start=\"809\" data-end=\"848\">\n<p data-start=\"811\" data-end=\"848\">Beschleunigt die Entfernung abgestorbener Haare<\/p>\n<\/li>\n<li data-section-id=\"1yky63n\" data-start=\"849\" data-end=\"894\">\n<p data-start=\"851\" data-end=\"894\">F\u00f6rdert das Wachstum eines neuen, gesunden Fells<\/p>\n<\/li>\n<li data-section-id=\"7t460e\" data-start=\"895\" data-end=\"935\">\n<p data-start=\"897\" data-end=\"935\">Unterst\u00fctzt den nat\u00fcrlichen Fellwechselprozess<\/p>\n<\/li>\n<li data-section-id=\"183og3c\" data-start=\"936\" data-end=\"987\">\n<p data-start=\"938\" data-end=\"987\">Hilft, ein gl\u00e4nzendes und gleichm\u00e4\u00dfiges Fell wiederherzustellen<\/p>\n<\/li>\n<\/ul>\n","protected":false},"excerpt":{"rendered":"<p>Spray f\u00fcr Pferde, das den Fellwechsel beschleunigt, abgestorbene Haare entfernt und das Wachstum eines gesunden und gl\u00e4nzenden Fells f\u00f6rdert.<\/p>\n","protected":false},"featured_media":34381,"template":"","meta":{"site-sidebar-layout":"default","site-content-layout":"","ast-site-content-layout":"default","site-content-style":"default","site-sidebar-style":"default","ast-global-header-display":"","ast-banner-title-visibility":"","ast-main-header-display":"","ast-hfb-above-header-display":"","ast-hfb-below-header-display":"","ast-hfb-mobile-header-display":"","site-post-title":"","ast-breadcrumbs-content":"","ast-featured-img":"","footer-sml-layout":"","ast-disable-related-posts":"","theme-transparent-header-meta":"default","adv-header-id-meta":"","stick-header-meta":"default","header-above-stick-meta":"","header-main-stick-meta":"","header-below-stick-meta":"","astra-migrate-meta-layouts":"default","ast-page-background-enabled":"default","ast-page-background-meta":{"desktop":{"background-color":"var(--ast-global-color-4)","background-image":"","background-repeat":"repeat","background-position":"center center","background-size":"auto","background-attachment":"scroll","background-type":"","background-media":"","overlay-type":"","overlay-color":"","overlay-opacity":"","overlay-gradient":""},"tablet":{"background-color":"","background-image":"","background-repeat":"repeat","background-position":"center center","background-size":"auto","background-attachment":"scroll","background-type":"","background-media":"","overlay-type":"","overlay-color":"","overlay-opacity":"","overlay-gradient":""},"mobile":{"background-color":"","background-image":"","background-repeat":"repeat","background-position":"center center","background-size":"auto","background-attachment":"scroll","background-type":"","background-media":"","overlay-type":"","overlay-color":"","overlay-opacity":"","overlay-gradient":""}},"ast-content-background-meta":{"desktop":{"background-color":"var(--ast-global-color-5)","background-image":"","background-repeat":"repeat","background-position":"center center","background-size":"auto","background-attachment":"scroll","background-type":"","background-media":"","overlay-type":"","overlay-color":"","overlay-opacity":"","overlay-gradient":""},"tablet":{"background-color":"var(--ast-global-color-5)","background-image":"","background-repeat":"repeat","background-position":"center center","background-size":"auto","background-attachment":"scroll","background-type":"","background-media":"","overlay-type":"","overlay-color":"","overlay-opacity":"","overlay-gradient":""},"mobile":{"background-color":"var(--ast-global-color-5)","background-image":"","background-repeat":"repeat","background-position":"center center","background-size":"auto","background-attachment":"scroll","background-type":"","background-media":"","overlay-type":"","overlay-color":"","overlay-opacity":"","overlay-gradient":""}}},"product_brand":[],"product_cat":[139,122,117],"product_tag":[],"class_list":{"0":"post-34382","1":"product","2":"type-product","3":"status-publish","4":"has-post-thumbnail","6":"product_cat-ekinat","7":"product_cat-haut-haare","8":"product_cat-pflege","9":"desktop-align-left","10":"tablet-align-left","11":"mobile-align-left","12":"ast-product-gallery-layout-first-image-large","13":"ast-product-gallery-with-no-image","14":"ast-product-tabs-layout-horizontal","16":"first","17":"instock","18":"featured","19":"purchasable","20":"product-type-simple"},"yoast_head":"<!-- This site is optimized with the Yoast SEO plugin v27.3 - https:\/\/yoast.com\/product\/yoast-seo-wordpress\/ -->\n<title>Ekinat - Fellwechsel-Aktivator Spray 500ml - Sweet Horse<\/title>\n<meta name=\"description\" content=\"Ekinat Fellwechsel-Aktivator Spray f\u00fcr Pferde mit M\u00e4usedorn und Maca. Beschleunigt den Abwurf abgestorbener Haare und f\u00f6rdert das Wachstum eines gesunden Fells.\" \/>\n<meta name=\"robots\" content=\"index, follow, max-snippet:-1, max-image-preview:large, max-video-preview:-1\" \/>\n<link rel=\"canonical\" href=\"https:\/\/sweet-horse.ch\/de\/produit\/ekinat-fellwechsel-aktivator-spray-500ml\/\" \/>\n<meta property=\"og:locale\" content=\"de_DE\" \/>\n<meta property=\"og:type\" content=\"article\" \/>\n<meta property=\"og:title\" content=\"Ekinat - Fellwechsel-Aktivator Spray 500ml - Sweet Horse\" \/>\n<meta property=\"og:description\" content=\"Ekinat Fellwechsel-Aktivator Spray f\u00fcr Pferde mit M\u00e4usedorn und Maca. Beschleunigt den Abwurf abgestorbener Haare und f\u00f6rdert das Wachstum eines gesunden Fells.\" \/>\n<meta property=\"og:url\" content=\"https:\/\/sweet-horse.ch\/de\/produit\/ekinat-fellwechsel-aktivator-spray-500ml\/\" \/>\n<meta property=\"og:site_name\" content=\"Sweet Horse\" \/>\n<meta property=\"og:image\" content=\"https:\/\/i0.wp.com\/sweet-horse.ch\/wp-content\/uploads\/2026\/03\/Ekinat-Activateur-de-mue.png?fit=600%2C600&ssl=1\" \/>\n\t<meta property=\"og:image:width\" content=\"600\" \/>\n\t<meta property=\"og:image:height\" content=\"600\" \/>\n\t<meta property=\"og:image:type\" content=\"image\/png\" \/>\n<meta name=\"twitter:card\" content=\"summary_large_image\" \/>\n<meta name=\"twitter:label1\" content=\"Gesch\u00e4tzte Lesezeit\" \/>\n\t<meta name=\"twitter:data1\" content=\"1\u00a0Minute\" \/>\n<script type=\"application\/ld+json\" class=\"yoast-schema-graph\">{\"@context\":\"https:\\\/\\\/schema.org\",\"@graph\":[{\"@type\":\"WebPage\",\"@id\":\"https:\\\/\\\/sweet-horse.ch\\\/de\\\/produit\\\/ekinat-fellwechsel-aktivator-spray-500ml\\\/\",\"url\":\"https:\\\/\\\/sweet-horse.ch\\\/de\\\/produit\\\/ekinat-fellwechsel-aktivator-spray-500ml\\\/\",\"name\":\"Ekinat - Fellwechsel-Aktivator Spray 500ml - Sweet Horse\",\"isPartOf\":{\"@id\":\"https:\\\/\\\/sweet-horse.ch\\\/de\\\/#website\"},\"primaryImageOfPage\":{\"@id\":\"https:\\\/\\\/sweet-horse.ch\\\/de\\\/produit\\\/ekinat-fellwechsel-aktivator-spray-500ml\\\/#primaryimage\"},\"image\":{\"@id\":\"https:\\\/\\\/sweet-horse.ch\\\/de\\\/produit\\\/ekinat-fellwechsel-aktivator-spray-500ml\\\/#primaryimage\"},\"thumbnailUrl\":\"https:\\\/\\\/i0.wp.com\\\/sweet-horse.ch\\\/wp-content\\\/uploads\\\/2026\\\/03\\\/Ekinat-Activateur-de-mue.png?fit=600%2C600&ssl=1\",\"datePublished\":\"2026-03-18T16:06:20+00:00\",\"description\":\"Ekinat Fellwechsel-Aktivator Spray f\u00fcr Pferde mit M\u00e4usedorn und Maca. Beschleunigt den Abwurf abgestorbener Haare und f\u00f6rdert das Wachstum eines gesunden Fells.\",\"breadcrumb\":{\"@id\":\"https:\\\/\\\/sweet-horse.ch\\\/de\\\/produit\\\/ekinat-fellwechsel-aktivator-spray-500ml\\\/#breadcrumb\"},\"inLanguage\":\"de\",\"potentialAction\":[{\"@type\":\"ReadAction\",\"target\":[\"https:\\\/\\\/sweet-horse.ch\\\/de\\\/produit\\\/ekinat-fellwechsel-aktivator-spray-500ml\\\/\"]}]},{\"@type\":\"ImageObject\",\"inLanguage\":\"de\",\"@id\":\"https:\\\/\\\/sweet-horse.ch\\\/de\\\/produit\\\/ekinat-fellwechsel-aktivator-spray-500ml\\\/#primaryimage\",\"url\":\"https:\\\/\\\/i0.wp.com\\\/sweet-horse.ch\\\/wp-content\\\/uploads\\\/2026\\\/03\\\/Ekinat-Activateur-de-mue.png?fit=600%2C600&ssl=1\",\"contentUrl\":\"https:\\\/\\\/i0.wp.com\\\/sweet-horse.ch\\\/wp-content\\\/uploads\\\/2026\\\/03\\\/Ekinat-Activateur-de-mue.png?fit=600%2C600&ssl=1\",\"width\":600,\"height\":600,\"caption\":\"Ekinat - Fellwechsel-Aktivator 500ml\"},{\"@type\":\"BreadcrumbList\",\"@id\":\"https:\\\/\\\/sweet-horse.ch\\\/de\\\/produit\\\/ekinat-fellwechsel-aktivator-spray-500ml\\\/#breadcrumb\",\"itemListElement\":[{\"@type\":\"ListItem\",\"position\":1,\"name\":\"Startseite\",\"item\":\"https:\\\/\\\/sweet-horse.ch\\\/de\\\/startseite\\\/\"},{\"@type\":\"ListItem\",\"position\":2,\"name\":\"Shop\",\"item\":\"https:\\\/\\\/sweet-horse.ch\\\/de\\\/shop\\\/\"},{\"@type\":\"ListItem\",\"position\":3,\"name\":\"Priv\u00e9\u00a0: Ekinat \u2013 Fellwechsel-Aktivator Spray 500ml\"}]},{\"@type\":\"WebSite\",\"@id\":\"https:\\\/\\\/sweet-horse.ch\\\/de\\\/#website\",\"url\":\"https:\\\/\\\/sweet-horse.ch\\\/de\\\/\",\"name\":\"Sweet Horse\",\"description\":\"Naturellement \u00e0 l&#039;\u00e9coute de votre compagnon \u00e9quin\",\"publisher\":{\"@id\":\"https:\\\/\\\/sweet-horse.ch\\\/de\\\/#organization\"},\"potentialAction\":[{\"@type\":\"SearchAction\",\"target\":{\"@type\":\"EntryPoint\",\"urlTemplate\":\"https:\\\/\\\/sweet-horse.ch\\\/de\\\/?s={search_term_string}\"},\"query-input\":{\"@type\":\"PropertyValueSpecification\",\"valueRequired\":true,\"valueName\":\"search_term_string\"}}],\"inLanguage\":\"de\"},{\"@type\":\"Organization\",\"@id\":\"https:\\\/\\\/sweet-horse.ch\\\/de\\\/#organization\",\"name\":\"Sweet Horse\",\"url\":\"https:\\\/\\\/sweet-horse.ch\\\/de\\\/\",\"logo\":{\"@type\":\"ImageObject\",\"inLanguage\":\"de\",\"@id\":\"https:\\\/\\\/sweet-horse.ch\\\/de\\\/#\\\/schema\\\/logo\\\/image\\\/\",\"url\":\"https:\\\/\\\/i0.wp.com\\\/sweet-horse.ch\\\/wp-content\\\/uploads\\\/2023\\\/12\\\/cropped-cropped-sweethorse_RVB-scaled-1.webp?fit=1763%2C1920&ssl=1\",\"contentUrl\":\"https:\\\/\\\/i0.wp.com\\\/sweet-horse.ch\\\/wp-content\\\/uploads\\\/2023\\\/12\\\/cropped-cropped-sweethorse_RVB-scaled-1.webp?fit=1763%2C1920&ssl=1\",\"width\":1763,\"height\":1920,\"caption\":\"Sweet Horse\"},\"image\":{\"@id\":\"https:\\\/\\\/sweet-horse.ch\\\/de\\\/#\\\/schema\\\/logo\\\/image\\\/\"},\"sameAs\":[\"https:\\\/\\\/www.instagram.com\\\/sweet_horse.ch\"]}]}<\/script>\n<!-- \/ Yoast SEO plugin. -->","yoast_head_json":{"title":"Ekinat - Fellwechsel-Aktivator Spray 500ml - Sweet Horse","description":"Ekinat Fellwechsel-Aktivator Spray f\u00fcr Pferde mit M\u00e4usedorn und Maca. Beschleunigt den Abwurf abgestorbener Haare und f\u00f6rdert das Wachstum eines gesunden Fells.","robots":{"index":"index","follow":"follow","max-snippet":"max-snippet:-1","max-image-preview":"max-image-preview:large","max-video-preview":"max-video-preview:-1"},"canonical":"https:\/\/sweet-horse.ch\/de\/produit\/ekinat-fellwechsel-aktivator-spray-500ml\/","og_locale":"de_DE","og_type":"article","og_title":"Ekinat - Fellwechsel-Aktivator Spray 500ml - Sweet Horse","og_description":"Ekinat Fellwechsel-Aktivator Spray f\u00fcr Pferde mit M\u00e4usedorn und Maca. Beschleunigt den Abwurf abgestorbener Haare und f\u00f6rdert das Wachstum eines gesunden Fells.","og_url":"https:\/\/sweet-horse.ch\/de\/produit\/ekinat-fellwechsel-aktivator-spray-500ml\/","og_site_name":"Sweet Horse","og_image":[{"width":600,"height":600,"url":"https:\/\/i0.wp.com\/sweet-horse.ch\/wp-content\/uploads\/2026\/03\/Ekinat-Activateur-de-mue.png?fit=600%2C600&ssl=1","type":"image\/png"}],"twitter_card":"summary_large_image","twitter_misc":{"Gesch\u00e4tzte Lesezeit":"1\u00a0Minute"},"schema":{"@context":"https:\/\/schema.org","@graph":[{"@type":"WebPage","@id":"https:\/\/sweet-horse.ch\/de\/produit\/ekinat-fellwechsel-aktivator-spray-500ml\/","url":"https:\/\/sweet-horse.ch\/de\/produit\/ekinat-fellwechsel-aktivator-spray-500ml\/","name":"Ekinat - Fellwechsel-Aktivator Spray 500ml - Sweet Horse","isPartOf":{"@id":"https:\/\/sweet-horse.ch\/de\/#website"},"primaryImageOfPage":{"@id":"https:\/\/sweet-horse.ch\/de\/produit\/ekinat-fellwechsel-aktivator-spray-500ml\/#primaryimage"},"image":{"@id":"https:\/\/sweet-horse.ch\/de\/produit\/ekinat-fellwechsel-aktivator-spray-500ml\/#primaryimage"},"thumbnailUrl":"https:\/\/i0.wp.com\/sweet-horse.ch\/wp-content\/uploads\/2026\/03\/Ekinat-Activateur-de-mue.png?fit=600%2C600&ssl=1","datePublished":"2026-03-18T16:06:20+00:00","description":"Ekinat Fellwechsel-Aktivator Spray f\u00fcr Pferde mit M\u00e4usedorn und Maca. Beschleunigt den Abwurf abgestorbener Haare und f\u00f6rdert das Wachstum eines gesunden Fells.","breadcrumb":{"@id":"https:\/\/sweet-horse.ch\/de\/produit\/ekinat-fellwechsel-aktivator-spray-500ml\/#breadcrumb"},"inLanguage":"de","potentialAction":[{"@type":"ReadAction","target":["https:\/\/sweet-horse.ch\/de\/produit\/ekinat-fellwechsel-aktivator-spray-500ml\/"]}]},{"@type":"ImageObject","inLanguage":"de","@id":"https:\/\/sweet-horse.ch\/de\/produit\/ekinat-fellwechsel-aktivator-spray-500ml\/#primaryimage","url":"https:\/\/i0.wp.com\/sweet-horse.ch\/wp-content\/uploads\/2026\/03\/Ekinat-Activateur-de-mue.png?fit=600%2C600&ssl=1","contentUrl":"https:\/\/i0.wp.com\/sweet-horse.ch\/wp-content\/uploads\/2026\/03\/Ekinat-Activateur-de-mue.png?fit=600%2C600&ssl=1","width":600,"height":600,"caption":"Ekinat - Fellwechsel-Aktivator 500ml"},{"@type":"BreadcrumbList","@id":"https:\/\/sweet-horse.ch\/de\/produit\/ekinat-fellwechsel-aktivator-spray-500ml\/#breadcrumb","itemListElement":[{"@type":"ListItem","position":1,"name":"Startseite","item":"https:\/\/sweet-horse.ch\/de\/startseite\/"},{"@type":"ListItem","position":2,"name":"Shop","item":"https:\/\/sweet-horse.ch\/de\/shop\/"},{"@type":"ListItem","position":3,"name":"Priv\u00e9\u00a0: Ekinat \u2013 Fellwechsel-Aktivator Spray 500ml"}]},{"@type":"WebSite","@id":"https:\/\/sweet-horse.ch\/de\/#website","url":"https:\/\/sweet-horse.ch\/de\/","name":"Sweet Horse","description":"Naturellement \u00e0 l&#039;\u00e9coute de votre compagnon \u00e9quin","publisher":{"@id":"https:\/\/sweet-horse.ch\/de\/#organization"},"potentialAction":[{"@type":"SearchAction","target":{"@type":"EntryPoint","urlTemplate":"https:\/\/sweet-horse.ch\/de\/?s={search_term_string}"},"query-input":{"@type":"PropertyValueSpecification","valueRequired":true,"valueName":"search_term_string"}}],"inLanguage":"de"},{"@type":"Organization","@id":"https:\/\/sweet-horse.ch\/de\/#organization","name":"Sweet Horse","url":"https:\/\/sweet-horse.ch\/de\/","logo":{"@type":"ImageObject","inLanguage":"de","@id":"https:\/\/sweet-horse.ch\/de\/#\/schema\/logo\/image\/","url":"https:\/\/i0.wp.com\/sweet-horse.ch\/wp-content\/uploads\/2023\/12\/cropped-cropped-sweethorse_RVB-scaled-1.webp?fit=1763%2C1920&ssl=1","contentUrl":"https:\/\/i0.wp.com\/sweet-horse.ch\/wp-content\/uploads\/2023\/12\/cropped-cropped-sweethorse_RVB-scaled-1.webp?fit=1763%2C1920&ssl=1","width":1763,"height":1920,"caption":"Sweet Horse"},"image":{"@id":"https:\/\/sweet-horse.ch\/de\/#\/schema\/logo\/image\/"},"sameAs":["https:\/\/www.instagram.com\/sweet_horse.ch"]}]}},"_links":{"self":[{"href":"https:\/\/sweet-horse.ch\/de\/wp-json\/wp\/v2\/product\/34382","targetHints":{"allow":["GET"]}}],"collection":[{"href":"https:\/\/sweet-horse.ch\/de\/wp-json\/wp\/v2\/product"}],"about":[{"href":"https:\/\/sweet-horse.ch\/de\/wp-json\/wp\/v2\/types\/product"}],"version-history":[{"count":0,"href":"https:\/\/sweet-horse.ch\/de\/wp-json\/wp\/v2\/product\/34382\/revisions"}],"wp:featuredmedia":[{"embeddable":true,"href":"https:\/\/sweet-horse.ch\/de\/wp-json\/wp\/v2\/media\/34381"}],"wp:attachment":[{"href":"https:\/\/sweet-horse.ch\/de\/wp-json\/wp\/v2\/media?parent=34382"}],"wp:term":[{"taxonomy":"product_brand","embeddable":true,"href":"https:\/\/sweet-horse.ch\/de\/wp-json\/wp\/v2\/product_brand?post=34382"},{"taxonomy":"product_cat","embeddable":true,"href":"https:\/\/sweet-horse.ch\/de\/wp-json\/wp\/v2\/product_cat?post=34382"},{"taxonomy":"product_tag","embeddable":true,"href":"https:\/\/sweet-horse.ch\/de\/wp-json\/wp\/v2\/product_tag?post=34382"}],"curies":[{"name":"wp","href":"https:\/\/api.w.org\/{rel}","templated":true}]}}