{"id":34388,"date":"2026-03-18T17:11:23","date_gmt":"2026-03-18T16:11:23","guid":{"rendered":"https:\/\/sweet-horse.ch\/produit\/ekinat-antiparasiten-spray\/"},"modified":"2026-04-19T15:11:17","modified_gmt":"2026-04-19T13:11:17","slug":"ekinat-antiparasiten-spray","status":"publish","type":"product","link":"https:\/\/sweet-horse.ch\/de\/produit\/ekinat-antiparasiten-spray\/","title":{"rendered":"Ekinat \u2013 Antiparasitenspray 500 ml"},"content":{"rendered":"<div class=\"woocommerce-product-details__short-description\">\n<p data-start=\"112\" data-end=\"348\">Das Ekinat Antiparasiten-Spray ist eine nat\u00fcrliche L\u00f6sung, die Ihr Pferd wirksam vor l\u00e4stigen Insekten sch\u00fctzt. Mit Geraniol formuliert, wirkt es als Repellent und schont dabei die Haut des Pferdes. <\/p>\n<p data-start=\"350\" data-end=\"629\">Es bildet einen Schutzfilm auf der Hautoberfl\u00e4che und hilft, Fliegen, M\u00fccken, Zecken und Fl\u00f6he dauerhaft fernzuhalten. Seine Wirkung beschr\u00e4nkt sich nicht auf das Abwehren: Es tr\u00e4gt auch dazu bei, die Entwicklung von Parasiten zu st\u00f6ren, indem es auf Eier und Larven wirkt. <\/p>\n<p data-start=\"631\" data-end=\"840\">Ideal im Sommer oder in Umgebungen mit hoher Insektenbelastung: Dieses Spray l\u00e4sst sich leicht in die t\u00e4gliche Pflegeroutine integrieren, um den Komfort des Pferdes auf der Weide wie auch bei der Arbeit zu verbessern.<\/p>\n<p data-start=\"842\" data-end=\"859\">Funktionen:<\/p>\n<ul data-start=\"860\" data-end=\"1081\">\n<li data-section-id=\"1rwqprj\" data-start=\"860\" data-end=\"919\">\n<p data-start=\"862\" data-end=\"919\">Sch\u00fctzt vor Fliegen, M\u00fccken, Zecken und Fl\u00f6hen<\/p>\n<\/li>\n<li data-section-id=\"txl754\" data-start=\"920\" data-end=\"961\">\n<p data-start=\"922\" data-end=\"961\">Bildet einen Schutzfilm auf der Haut<\/p>\n<\/li>\n<li data-section-id=\"16ks6ac\" data-start=\"962\" data-end=\"1028\">\n<p data-start=\"964\" data-end=\"1028\">Hilft, die Entwicklung von Parasiten (Eier und Larven) zu begrenzen<\/p>\n<\/li>\n<li data-section-id=\"1bgjtkn\" data-start=\"1029\" data-end=\"1081\">\n<p data-start=\"1031\" data-end=\"1081\">Tr\u00e4gt zum Komfort des Pferdes gegen\u00fcber Insekten bei<\/p>\n<\/li>\n<\/ul>\n<\/div>\n","protected":false},"excerpt":{"rendered":"<p>Nat\u00fcrliches Antiparasiten-Spray f\u00fcr Pferde mit Geraniol. Sch\u00fctzt wirksam vor Insekten und verbessert den Komfort im Alltag. <\/p>\n","protected":false},"featured_media":34384,"template":"","meta":{"site-sidebar-layout":"default","site-content-layout":"","ast-site-content-layout":"default","site-content-style":"default","site-sidebar-style":"default","ast-global-header-display":"","ast-banner-title-visibility":"","ast-main-header-display":"","ast-hfb-above-header-display":"","ast-hfb-below-header-display":"","ast-hfb-mobile-header-display":"","site-post-title":"","ast-breadcrumbs-content":"","ast-featured-img":"","footer-sml-layout":"","ast-disable-related-posts":"","theme-transparent-header-meta":"default","adv-header-id-meta":"","stick-header-meta":"default","header-above-stick-meta":"","header-main-stick-meta":"","header-below-stick-meta":"","astra-migrate-meta-layouts":"default","ast-page-background-enabled":"default","ast-page-background-meta":{"desktop":{"background-color":"var(--ast-global-color-4)","background-image":"","background-repeat":"repeat","background-position":"center center","background-size":"auto","background-attachment":"scroll","background-type":"","background-media":"","overlay-type":"","overlay-color":"","overlay-opacity":"","overlay-gradient":""},"tablet":{"background-color":"","background-image":"","background-repeat":"repeat","background-position":"center center","background-size":"auto","background-attachment":"scroll","background-type":"","background-media":"","overlay-type":"","overlay-color":"","overlay-opacity":"","overlay-gradient":""},"mobile":{"background-color":"","background-image":"","background-repeat":"repeat","background-position":"center center","background-size":"auto","background-attachment":"scroll","background-type":"","background-media":"","overlay-type":"","overlay-color":"","overlay-opacity":"","overlay-gradient":""}},"ast-content-background-meta":{"desktop":{"background-color":"var(--ast-global-color-5)","background-image":"","background-repeat":"repeat","background-position":"center center","background-size":"auto","background-attachment":"scroll","background-type":"","background-media":"","overlay-type":"","overlay-color":"","overlay-opacity":"","overlay-gradient":""},"tablet":{"background-color":"var(--ast-global-color-5)","background-image":"","background-repeat":"repeat","background-position":"center center","background-size":"auto","background-attachment":"scroll","background-type":"","background-media":"","overlay-type":"","overlay-color":"","overlay-opacity":"","overlay-gradient":""},"mobile":{"background-color":"var(--ast-global-color-5)","background-image":"","background-repeat":"repeat","background-position":"center center","background-size":"auto","background-attachment":"scroll","background-type":"","background-media":"","overlay-type":"","overlay-color":"","overlay-opacity":"","overlay-gradient":""}}},"product_brand":[],"product_cat":[139,122,117],"product_tag":[],"class_list":{"0":"post-34388","1":"product","2":"type-product","3":"status-publish","4":"has-post-thumbnail","6":"product_cat-ekinat","7":"product_cat-haut-haare","8":"product_cat-pflege","9":"desktop-align-left","10":"tablet-align-left","11":"mobile-align-left","12":"ast-product-gallery-layout-first-image-large","13":"ast-product-gallery-with-no-image","14":"ast-product-tabs-layout-horizontal","16":"first","17":"instock","18":"purchasable","19":"product-type-simple"},"yoast_head":"<!-- This site is optimized with the Yoast SEO plugin v27.5 - https:\/\/yoast.com\/product\/yoast-seo-wordpress\/ -->\n<title>Ekinat \u2013 Antiparasitenspray 500 ml - Sweet Horse<\/title>\n<meta name=\"description\" content=\"Ekinat Antiparasiten-Spray f\u00fcr Pferde mit Geraniol. Sch\u00fctzt vor Fliegen, Zecken, Fl\u00f6hen und M\u00fccken und begrenzt die Entwicklung von Parasiten.\" \/>\n<meta name=\"robots\" content=\"index, follow, max-snippet:-1, max-image-preview:large, max-video-preview:-1\" \/>\n<link rel=\"canonical\" href=\"https:\/\/sweet-horse.ch\/de\/produit\/ekinat-antiparasiten-spray\/\" \/>\n<meta property=\"og:locale\" content=\"de_DE\" \/>\n<meta property=\"og:type\" content=\"article\" \/>\n<meta property=\"og:title\" content=\"Ekinat \u2013 Antiparasitenspray 500 ml - Sweet Horse\" \/>\n<meta property=\"og:description\" content=\"Ekinat Antiparasiten-Spray f\u00fcr Pferde mit Geraniol. Sch\u00fctzt vor Fliegen, Zecken, Fl\u00f6hen und M\u00fccken und begrenzt die Entwicklung von Parasiten.\" \/>\n<meta property=\"og:url\" content=\"https:\/\/sweet-horse.ch\/de\/produit\/ekinat-antiparasiten-spray\/\" \/>\n<meta property=\"og:site_name\" content=\"Sweet Horse\" \/>\n<meta property=\"article:modified_time\" content=\"2026-04-19T13:11:17+00:00\" \/>\n<meta property=\"og:image\" content=\"https:\/\/i0.wp.com\/sweet-horse.ch\/wp-content\/uploads\/2026\/03\/Ekinat-Antiparasitaire.png?fit=600%2C600&ssl=1\" \/>\n\t<meta property=\"og:image:width\" content=\"600\" \/>\n\t<meta property=\"og:image:height\" content=\"600\" \/>\n\t<meta property=\"og:image:type\" content=\"image\/png\" \/>\n<meta name=\"twitter:card\" content=\"summary_large_image\" \/>\n<meta name=\"twitter:label1\" content=\"Gesch\u00e4tzte Lesezeit\" \/>\n\t<meta name=\"twitter:data1\" content=\"1\u00a0Minute\" \/>\n<script type=\"application\/ld+json\" class=\"yoast-schema-graph\">{\"@context\":\"https:\\\/\\\/schema.org\",\"@graph\":[{\"@type\":\"WebPage\",\"@id\":\"https:\\\/\\\/sweet-horse.ch\\\/de\\\/produit\\\/ekinat-antiparasiten-spray\\\/\",\"url\":\"https:\\\/\\\/sweet-horse.ch\\\/de\\\/produit\\\/ekinat-antiparasiten-spray\\\/\",\"name\":\"Ekinat \u2013 Antiparasitenspray 500 ml - Sweet Horse\",\"isPartOf\":{\"@id\":\"https:\\\/\\\/sweet-horse.ch\\\/de\\\/#website\"},\"primaryImageOfPage\":{\"@id\":\"https:\\\/\\\/sweet-horse.ch\\\/de\\\/produit\\\/ekinat-antiparasiten-spray\\\/#primaryimage\"},\"image\":{\"@id\":\"https:\\\/\\\/sweet-horse.ch\\\/de\\\/produit\\\/ekinat-antiparasiten-spray\\\/#primaryimage\"},\"thumbnailUrl\":\"https:\\\/\\\/i0.wp.com\\\/sweet-horse.ch\\\/wp-content\\\/uploads\\\/2026\\\/03\\\/Ekinat-Antiparasitaire.png?fit=600%2C600&ssl=1\",\"datePublished\":\"2026-03-18T16:11:23+00:00\",\"dateModified\":\"2026-04-19T13:11:17+00:00\",\"description\":\"Ekinat Antiparasiten-Spray f\u00fcr Pferde mit Geraniol. Sch\u00fctzt vor Fliegen, Zecken, Fl\u00f6hen und M\u00fccken und begrenzt die Entwicklung von Parasiten.\",\"breadcrumb\":{\"@id\":\"https:\\\/\\\/sweet-horse.ch\\\/de\\\/produit\\\/ekinat-antiparasiten-spray\\\/#breadcrumb\"},\"inLanguage\":\"de\",\"potentialAction\":[{\"@type\":\"ReadAction\",\"target\":[\"https:\\\/\\\/sweet-horse.ch\\\/de\\\/produit\\\/ekinat-antiparasiten-spray\\\/\"]}]},{\"@type\":\"ImageObject\",\"inLanguage\":\"de\",\"@id\":\"https:\\\/\\\/sweet-horse.ch\\\/de\\\/produit\\\/ekinat-antiparasiten-spray\\\/#primaryimage\",\"url\":\"https:\\\/\\\/i0.wp.com\\\/sweet-horse.ch\\\/wp-content\\\/uploads\\\/2026\\\/03\\\/Ekinat-Antiparasitaire.png?fit=600%2C600&ssl=1\",\"contentUrl\":\"https:\\\/\\\/i0.wp.com\\\/sweet-horse.ch\\\/wp-content\\\/uploads\\\/2026\\\/03\\\/Ekinat-Antiparasitaire.png?fit=600%2C600&ssl=1\",\"width\":600,\"height\":600,\"caption\":\"Ekinat \u2013 Antiparasitikum 500 ml\"},{\"@type\":\"BreadcrumbList\",\"@id\":\"https:\\\/\\\/sweet-horse.ch\\\/de\\\/produit\\\/ekinat-antiparasiten-spray\\\/#breadcrumb\",\"itemListElement\":[{\"@type\":\"ListItem\",\"position\":1,\"name\":\"Startseite\",\"item\":\"https:\\\/\\\/sweet-horse.ch\\\/de\\\/startseite\\\/\"},{\"@type\":\"ListItem\",\"position\":2,\"name\":\"Shop\",\"item\":\"https:\\\/\\\/sweet-horse.ch\\\/de\\\/shop\\\/\"},{\"@type\":\"ListItem\",\"position\":3,\"name\":\"Ekinat \u2013 Antiparasitenspray 500 ml\"}]},{\"@type\":\"WebSite\",\"@id\":\"https:\\\/\\\/sweet-horse.ch\\\/de\\\/#website\",\"url\":\"https:\\\/\\\/sweet-horse.ch\\\/de\\\/\",\"name\":\"Sweet Horse\",\"description\":\"Naturellement \u00e0 l&#039;\u00e9coute de votre compagnon \u00e9quin\",\"publisher\":{\"@id\":\"https:\\\/\\\/sweet-horse.ch\\\/de\\\/#organization\"},\"potentialAction\":[{\"@type\":\"SearchAction\",\"target\":{\"@type\":\"EntryPoint\",\"urlTemplate\":\"https:\\\/\\\/sweet-horse.ch\\\/de\\\/?s={search_term_string}\"},\"query-input\":{\"@type\":\"PropertyValueSpecification\",\"valueRequired\":true,\"valueName\":\"search_term_string\"}}],\"inLanguage\":\"de\"},{\"@type\":\"Organization\",\"@id\":\"https:\\\/\\\/sweet-horse.ch\\\/de\\\/#organization\",\"name\":\"Sweet Horse\",\"url\":\"https:\\\/\\\/sweet-horse.ch\\\/de\\\/\",\"logo\":{\"@type\":\"ImageObject\",\"inLanguage\":\"de\",\"@id\":\"https:\\\/\\\/sweet-horse.ch\\\/de\\\/#\\\/schema\\\/logo\\\/image\\\/\",\"url\":\"https:\\\/\\\/i0.wp.com\\\/sweet-horse.ch\\\/wp-content\\\/uploads\\\/2023\\\/12\\\/cropped-cropped-sweethorse_RVB-scaled-1.webp?fit=1763%2C1920&ssl=1\",\"contentUrl\":\"https:\\\/\\\/i0.wp.com\\\/sweet-horse.ch\\\/wp-content\\\/uploads\\\/2023\\\/12\\\/cropped-cropped-sweethorse_RVB-scaled-1.webp?fit=1763%2C1920&ssl=1\",\"width\":1763,\"height\":1920,\"caption\":\"Sweet Horse\"},\"image\":{\"@id\":\"https:\\\/\\\/sweet-horse.ch\\\/de\\\/#\\\/schema\\\/logo\\\/image\\\/\"},\"sameAs\":[\"https:\\\/\\\/www.instagram.com\\\/sweet_horse.ch\"]}]}<\/script>\n<!-- \/ Yoast SEO plugin. -->","yoast_head_json":{"title":"Ekinat \u2013 Antiparasitenspray 500 ml - Sweet Horse","description":"Ekinat Antiparasiten-Spray f\u00fcr Pferde mit Geraniol. Sch\u00fctzt vor Fliegen, Zecken, Fl\u00f6hen und M\u00fccken und begrenzt die Entwicklung von Parasiten.","robots":{"index":"index","follow":"follow","max-snippet":"max-snippet:-1","max-image-preview":"max-image-preview:large","max-video-preview":"max-video-preview:-1"},"canonical":"https:\/\/sweet-horse.ch\/de\/produit\/ekinat-antiparasiten-spray\/","og_locale":"de_DE","og_type":"article","og_title":"Ekinat \u2013 Antiparasitenspray 500 ml - Sweet Horse","og_description":"Ekinat Antiparasiten-Spray f\u00fcr Pferde mit Geraniol. Sch\u00fctzt vor Fliegen, Zecken, Fl\u00f6hen und M\u00fccken und begrenzt die Entwicklung von Parasiten.","og_url":"https:\/\/sweet-horse.ch\/de\/produit\/ekinat-antiparasiten-spray\/","og_site_name":"Sweet Horse","article_modified_time":"2026-04-19T13:11:17+00:00","og_image":[{"width":600,"height":600,"url":"https:\/\/i0.wp.com\/sweet-horse.ch\/wp-content\/uploads\/2026\/03\/Ekinat-Antiparasitaire.png?fit=600%2C600&ssl=1","type":"image\/png"}],"twitter_card":"summary_large_image","twitter_misc":{"Gesch\u00e4tzte Lesezeit":"1\u00a0Minute"},"schema":{"@context":"https:\/\/schema.org","@graph":[{"@type":"WebPage","@id":"https:\/\/sweet-horse.ch\/de\/produit\/ekinat-antiparasiten-spray\/","url":"https:\/\/sweet-horse.ch\/de\/produit\/ekinat-antiparasiten-spray\/","name":"Ekinat \u2013 Antiparasitenspray 500 ml - Sweet Horse","isPartOf":{"@id":"https:\/\/sweet-horse.ch\/de\/#website"},"primaryImageOfPage":{"@id":"https:\/\/sweet-horse.ch\/de\/produit\/ekinat-antiparasiten-spray\/#primaryimage"},"image":{"@id":"https:\/\/sweet-horse.ch\/de\/produit\/ekinat-antiparasiten-spray\/#primaryimage"},"thumbnailUrl":"https:\/\/i0.wp.com\/sweet-horse.ch\/wp-content\/uploads\/2026\/03\/Ekinat-Antiparasitaire.png?fit=600%2C600&ssl=1","datePublished":"2026-03-18T16:11:23+00:00","dateModified":"2026-04-19T13:11:17+00:00","description":"Ekinat Antiparasiten-Spray f\u00fcr Pferde mit Geraniol. Sch\u00fctzt vor Fliegen, Zecken, Fl\u00f6hen und M\u00fccken und begrenzt die Entwicklung von Parasiten.","breadcrumb":{"@id":"https:\/\/sweet-horse.ch\/de\/produit\/ekinat-antiparasiten-spray\/#breadcrumb"},"inLanguage":"de","potentialAction":[{"@type":"ReadAction","target":["https:\/\/sweet-horse.ch\/de\/produit\/ekinat-antiparasiten-spray\/"]}]},{"@type":"ImageObject","inLanguage":"de","@id":"https:\/\/sweet-horse.ch\/de\/produit\/ekinat-antiparasiten-spray\/#primaryimage","url":"https:\/\/i0.wp.com\/sweet-horse.ch\/wp-content\/uploads\/2026\/03\/Ekinat-Antiparasitaire.png?fit=600%2C600&ssl=1","contentUrl":"https:\/\/i0.wp.com\/sweet-horse.ch\/wp-content\/uploads\/2026\/03\/Ekinat-Antiparasitaire.png?fit=600%2C600&ssl=1","width":600,"height":600,"caption":"Ekinat \u2013 Antiparasitikum 500 ml"},{"@type":"BreadcrumbList","@id":"https:\/\/sweet-horse.ch\/de\/produit\/ekinat-antiparasiten-spray\/#breadcrumb","itemListElement":[{"@type":"ListItem","position":1,"name":"Startseite","item":"https:\/\/sweet-horse.ch\/de\/startseite\/"},{"@type":"ListItem","position":2,"name":"Shop","item":"https:\/\/sweet-horse.ch\/de\/shop\/"},{"@type":"ListItem","position":3,"name":"Ekinat \u2013 Antiparasitenspray 500 ml"}]},{"@type":"WebSite","@id":"https:\/\/sweet-horse.ch\/de\/#website","url":"https:\/\/sweet-horse.ch\/de\/","name":"Sweet Horse","description":"Naturellement \u00e0 l&#039;\u00e9coute de votre compagnon \u00e9quin","publisher":{"@id":"https:\/\/sweet-horse.ch\/de\/#organization"},"potentialAction":[{"@type":"SearchAction","target":{"@type":"EntryPoint","urlTemplate":"https:\/\/sweet-horse.ch\/de\/?s={search_term_string}"},"query-input":{"@type":"PropertyValueSpecification","valueRequired":true,"valueName":"search_term_string"}}],"inLanguage":"de"},{"@type":"Organization","@id":"https:\/\/sweet-horse.ch\/de\/#organization","name":"Sweet Horse","url":"https:\/\/sweet-horse.ch\/de\/","logo":{"@type":"ImageObject","inLanguage":"de","@id":"https:\/\/sweet-horse.ch\/de\/#\/schema\/logo\/image\/","url":"https:\/\/i0.wp.com\/sweet-horse.ch\/wp-content\/uploads\/2023\/12\/cropped-cropped-sweethorse_RVB-scaled-1.webp?fit=1763%2C1920&ssl=1","contentUrl":"https:\/\/i0.wp.com\/sweet-horse.ch\/wp-content\/uploads\/2023\/12\/cropped-cropped-sweethorse_RVB-scaled-1.webp?fit=1763%2C1920&ssl=1","width":1763,"height":1920,"caption":"Sweet Horse"},"image":{"@id":"https:\/\/sweet-horse.ch\/de\/#\/schema\/logo\/image\/"},"sameAs":["https:\/\/www.instagram.com\/sweet_horse.ch"]}]}},"_links":{"self":[{"href":"https:\/\/sweet-horse.ch\/de\/wp-json\/wp\/v2\/product\/34388","targetHints":{"allow":["GET"]}}],"collection":[{"href":"https:\/\/sweet-horse.ch\/de\/wp-json\/wp\/v2\/product"}],"about":[{"href":"https:\/\/sweet-horse.ch\/de\/wp-json\/wp\/v2\/types\/product"}],"version-history":[{"count":1,"href":"https:\/\/sweet-horse.ch\/de\/wp-json\/wp\/v2\/product\/34388\/revisions"}],"predecessor-version":[{"id":34434,"href":"https:\/\/sweet-horse.ch\/de\/wp-json\/wp\/v2\/product\/34388\/revisions\/34434"}],"wp:featuredmedia":[{"embeddable":true,"href":"https:\/\/sweet-horse.ch\/de\/wp-json\/wp\/v2\/media\/34384"}],"wp:attachment":[{"href":"https:\/\/sweet-horse.ch\/de\/wp-json\/wp\/v2\/media?parent=34388"}],"wp:term":[{"taxonomy":"product_brand","embeddable":true,"href":"https:\/\/sweet-horse.ch\/de\/wp-json\/wp\/v2\/product_brand?post=34388"},{"taxonomy":"product_cat","embeddable":true,"href":"https:\/\/sweet-horse.ch\/de\/wp-json\/wp\/v2\/product_cat?post=34388"},{"taxonomy":"product_tag","embeddable":true,"href":"https:\/\/sweet-horse.ch\/de\/wp-json\/wp\/v2\/product_tag?post=34388"}],"curies":[{"name":"wp","href":"https:\/\/api.w.org\/{rel}","templated":true}]}}