{"id":34389,"date":"2026-03-18T17:19:41","date_gmt":"2026-03-18T16:19:41","guid":{"rendered":"https:\/\/sweet-horse.ch\/produit\/ekinat-haarwuchs-spray-250-ml\/"},"modified":"2026-03-18T17:19:41","modified_gmt":"2026-03-18T16:19:41","slug":"ekinat-haarwuchs-spray-250-ml","status":"publish","type":"product","link":"https:\/\/sweet-horse.ch\/de\/produit\/ekinat-haarwuchs-spray-250-ml\/","title":{"rendered":"Ekinat \u2013 Haarwuchs-Spray 250 ml"},"content":{"rendered":"<p data-start=\"115\" data-end=\"409\">Das Ekinat-Spezialspray f\u00fcr den Haarwuchs wurde entwickelt, um die Regeneration des Fells beim Pferd nach einer Verletzung oder einer bereits verheilten Hautreizung zu unterst\u00fctzen. Seine nat\u00fcrliche Formel auf Basis von Kresse und Knoblauchextrakt stimuliert den nat\u00fcrlichen Haarwuchsprozess. <\/p>\n<p data-start=\"411\" data-end=\"649\">Es hilft, ein gleichm\u00e4\u00dfigeres Nachwachsen zu f\u00f6rdern und ein \u00e4sthetisches Fell an kahlen Stellen wiederherzustellen. Ideal nach einer Wunde, einem Kratzer oder einer Scheuerstelle tr\u00e4gt dieses Spray dazu bei, das Erscheinungsbild des Haars beim Nachwachsen zu verbessern. <\/p>\n<p data-start=\"651\" data-end=\"768\">Einfach anzuwenden, f\u00fcgt es sich perfekt in eine gezielte Pflegeroutine ein, sobald die Haut vollst\u00e4ndig verheilt ist.<\/p>\n<p data-start=\"770\" data-end=\"787\">Funktionen:<\/p>\n<ul data-start=\"788\" data-end=\"985\">\n<li data-section-id=\"q4ohx3\" data-start=\"788\" data-end=\"841\">\n<p data-start=\"790\" data-end=\"841\">Aktiviert den nat\u00fcrlichen Haarwuchsprozess<\/p>\n<\/li>\n<li data-section-id=\"1psa9kn\" data-start=\"842\" data-end=\"886\">\n<p data-start=\"844\" data-end=\"886\">F\u00f6rdert ein gleichm\u00e4\u00dfiges Nachwachsen des Fells<\/p>\n<\/li>\n<li data-section-id=\"8t5sy\" data-start=\"887\" data-end=\"928\">\n<p data-start=\"889\" data-end=\"928\">Verbessert das Erscheinungsbild kahler Stellen<\/p>\n<\/li>\n<li data-section-id=\"7oosuh\" data-start=\"929\" data-end=\"985\">\n<p data-start=\"931\" data-end=\"985\">Unterst\u00fctzt die Haarregeneration nach der Wundheilung<\/p>\n<\/li>\n<\/ul>\n","protected":false},"excerpt":{"rendered":"<p data-start=\"1019\" data-end=\"1123\">Spray, das den Haarwuchs nach der Wundheilung stimuliert und ein gleichm\u00e4\u00dfiges Fell f\u00f6rdert.<\/p>\n","protected":false},"featured_media":34386,"template":"","meta":{"site-sidebar-layout":"default","site-content-layout":"","ast-site-content-layout":"default","site-content-style":"default","site-sidebar-style":"default","ast-global-header-display":"","ast-banner-title-visibility":"","ast-main-header-display":"","ast-hfb-above-header-display":"","ast-hfb-below-header-display":"","ast-hfb-mobile-header-display":"","site-post-title":"","ast-breadcrumbs-content":"","ast-featured-img":"","footer-sml-layout":"","ast-disable-related-posts":"","theme-transparent-header-meta":"default","adv-header-id-meta":"","stick-header-meta":"default","header-above-stick-meta":"","header-main-stick-meta":"","header-below-stick-meta":"","astra-migrate-meta-layouts":"default","ast-page-background-enabled":"default","ast-page-background-meta":{"desktop":{"background-color":"var(--ast-global-color-4)","background-image":"","background-repeat":"repeat","background-position":"center center","background-size":"auto","background-attachment":"scroll","background-type":"","background-media":"","overlay-type":"","overlay-color":"","overlay-opacity":"","overlay-gradient":""},"tablet":{"background-color":"","background-image":"","background-repeat":"repeat","background-position":"center center","background-size":"auto","background-attachment":"scroll","background-type":"","background-media":"","overlay-type":"","overlay-color":"","overlay-opacity":"","overlay-gradient":""},"mobile":{"background-color":"","background-image":"","background-repeat":"repeat","background-position":"center center","background-size":"auto","background-attachment":"scroll","background-type":"","background-media":"","overlay-type":"","overlay-color":"","overlay-opacity":"","overlay-gradient":""}},"ast-content-background-meta":{"desktop":{"background-color":"var(--ast-global-color-5)","background-image":"","background-repeat":"repeat","background-position":"center center","background-size":"auto","background-attachment":"scroll","background-type":"","background-media":"","overlay-type":"","overlay-color":"","overlay-opacity":"","overlay-gradient":""},"tablet":{"background-color":"var(--ast-global-color-5)","background-image":"","background-repeat":"repeat","background-position":"center center","background-size":"auto","background-attachment":"scroll","background-type":"","background-media":"","overlay-type":"","overlay-color":"","overlay-opacity":"","overlay-gradient":""},"mobile":{"background-color":"var(--ast-global-color-5)","background-image":"","background-repeat":"repeat","background-position":"center center","background-size":"auto","background-attachment":"scroll","background-type":"","background-media":"","overlay-type":"","overlay-color":"","overlay-opacity":"","overlay-gradient":""}}},"product_brand":[],"product_cat":[139,122,117],"product_tag":[],"class_list":{"0":"post-34389","1":"product","2":"type-product","3":"status-publish","4":"has-post-thumbnail","6":"product_cat-ekinat","7":"product_cat-haut-haare","8":"product_cat-pflege","9":"desktop-align-left","10":"tablet-align-left","11":"mobile-align-left","12":"ast-product-gallery-layout-first-image-large","13":"ast-product-gallery-with-no-image","14":"ast-product-tabs-layout-horizontal","16":"first","17":"instock","18":"purchasable","19":"product-type-simple"},"yoast_head":"<!-- This site is optimized with the Yoast SEO plugin v27.6 - https:\/\/yoast.com\/product\/yoast-seo-wordpress\/ -->\n<title>Ekinat - Haarwuchs-Spray 250 ml - Sweet Horse<\/title>\n<meta name=\"description\" content=\"Ekinat-Spray f\u00fcr den Haarwuchs beim Pferd mit Kresse und Knoblauchextrakt. F\u00f6rdert ein gleichm\u00e4\u00dfiges Nachwachsen nach der Wundheilung.\" \/>\n<meta name=\"robots\" content=\"index, follow, max-snippet:-1, max-image-preview:large, max-video-preview:-1\" \/>\n<link rel=\"canonical\" href=\"https:\/\/sweet-horse.ch\/de\/produit\/ekinat-haarwuchs-spray-250-ml\/\" \/>\n<meta property=\"og:locale\" content=\"de_DE\" \/>\n<meta property=\"og:type\" content=\"article\" \/>\n<meta property=\"og:title\" content=\"Ekinat - Haarwuchs-Spray 250 ml - Sweet Horse\" \/>\n<meta property=\"og:description\" content=\"Ekinat-Spray f\u00fcr den Haarwuchs beim Pferd mit Kresse und Knoblauchextrakt. F\u00f6rdert ein gleichm\u00e4\u00dfiges Nachwachsen nach der Wundheilung.\" \/>\n<meta property=\"og:url\" content=\"https:\/\/sweet-horse.ch\/de\/produit\/ekinat-haarwuchs-spray-250-ml\/\" \/>\n<meta property=\"og:site_name\" content=\"Sweet Horse\" \/>\n<meta property=\"og:image\" content=\"https:\/\/i0.wp.com\/sweet-horse.ch\/wp-content\/uploads\/2026\/03\/Ekinat-Repousse-poils.png?fit=600%2C600&ssl=1\" \/>\n\t<meta property=\"og:image:width\" content=\"600\" \/>\n\t<meta property=\"og:image:height\" content=\"600\" \/>\n\t<meta property=\"og:image:type\" content=\"image\/png\" \/>\n<meta name=\"twitter:card\" content=\"summary_large_image\" \/>\n<meta name=\"twitter:label1\" content=\"Gesch\u00e4tzte Lesezeit\" \/>\n\t<meta name=\"twitter:data1\" content=\"1\u00a0Minute\" \/>\n<script type=\"application\/ld+json\" class=\"yoast-schema-graph\">{\"@context\":\"https:\\\/\\\/schema.org\",\"@graph\":[{\"@type\":\"WebPage\",\"@id\":\"https:\\\/\\\/sweet-horse.ch\\\/de\\\/produit\\\/ekinat-haarwuchs-spray-250-ml\\\/\",\"url\":\"https:\\\/\\\/sweet-horse.ch\\\/de\\\/produit\\\/ekinat-haarwuchs-spray-250-ml\\\/\",\"name\":\"Ekinat - Haarwuchs-Spray 250 ml - Sweet Horse\",\"isPartOf\":{\"@id\":\"https:\\\/\\\/sweet-horse.ch\\\/de\\\/#website\"},\"primaryImageOfPage\":{\"@id\":\"https:\\\/\\\/sweet-horse.ch\\\/de\\\/produit\\\/ekinat-haarwuchs-spray-250-ml\\\/#primaryimage\"},\"image\":{\"@id\":\"https:\\\/\\\/sweet-horse.ch\\\/de\\\/produit\\\/ekinat-haarwuchs-spray-250-ml\\\/#primaryimage\"},\"thumbnailUrl\":\"https:\\\/\\\/i0.wp.com\\\/sweet-horse.ch\\\/wp-content\\\/uploads\\\/2026\\\/03\\\/Ekinat-Repousse-poils.png?fit=600%2C600&ssl=1\",\"datePublished\":\"2026-03-18T16:19:41+00:00\",\"description\":\"Ekinat-Spray f\u00fcr den Haarwuchs beim Pferd mit Kresse und Knoblauchextrakt. F\u00f6rdert ein gleichm\u00e4\u00dfiges Nachwachsen nach der Wundheilung.\",\"breadcrumb\":{\"@id\":\"https:\\\/\\\/sweet-horse.ch\\\/de\\\/produit\\\/ekinat-haarwuchs-spray-250-ml\\\/#breadcrumb\"},\"inLanguage\":\"de\",\"potentialAction\":[{\"@type\":\"ReadAction\",\"target\":[\"https:\\\/\\\/sweet-horse.ch\\\/de\\\/produit\\\/ekinat-haarwuchs-spray-250-ml\\\/\"]}]},{\"@type\":\"ImageObject\",\"inLanguage\":\"de\",\"@id\":\"https:\\\/\\\/sweet-horse.ch\\\/de\\\/produit\\\/ekinat-haarwuchs-spray-250-ml\\\/#primaryimage\",\"url\":\"https:\\\/\\\/i0.wp.com\\\/sweet-horse.ch\\\/wp-content\\\/uploads\\\/2026\\\/03\\\/Ekinat-Repousse-poils.png?fit=600%2C600&ssl=1\",\"contentUrl\":\"https:\\\/\\\/i0.wp.com\\\/sweet-horse.ch\\\/wp-content\\\/uploads\\\/2026\\\/03\\\/Ekinat-Repousse-poils.png?fit=600%2C600&ssl=1\",\"width\":600,\"height\":600,\"caption\":\"Ekinat - Haarwuchs 250 ml\"},{\"@type\":\"BreadcrumbList\",\"@id\":\"https:\\\/\\\/sweet-horse.ch\\\/de\\\/produit\\\/ekinat-haarwuchs-spray-250-ml\\\/#breadcrumb\",\"itemListElement\":[{\"@type\":\"ListItem\",\"position\":1,\"name\":\"Startseite\",\"item\":\"https:\\\/\\\/sweet-horse.ch\\\/de\\\/startseite\\\/\"},{\"@type\":\"ListItem\",\"position\":2,\"name\":\"Shop\",\"item\":\"https:\\\/\\\/sweet-horse.ch\\\/de\\\/shop\\\/\"},{\"@type\":\"ListItem\",\"position\":3,\"name\":\"Priv\u00e9\u00a0: Ekinat \u2013 Haarwuchs-Spray 250 ml\"}]},{\"@type\":\"WebSite\",\"@id\":\"https:\\\/\\\/sweet-horse.ch\\\/de\\\/#website\",\"url\":\"https:\\\/\\\/sweet-horse.ch\\\/de\\\/\",\"name\":\"Sweet Horse\",\"description\":\"Naturellement \u00e0 l&#039;\u00e9coute de votre compagnon \u00e9quin\",\"publisher\":{\"@id\":\"https:\\\/\\\/sweet-horse.ch\\\/de\\\/#organization\"},\"potentialAction\":[{\"@type\":\"SearchAction\",\"target\":{\"@type\":\"EntryPoint\",\"urlTemplate\":\"https:\\\/\\\/sweet-horse.ch\\\/de\\\/?s={search_term_string}\"},\"query-input\":{\"@type\":\"PropertyValueSpecification\",\"valueRequired\":true,\"valueName\":\"search_term_string\"}}],\"inLanguage\":\"de\"},{\"@type\":\"Organization\",\"@id\":\"https:\\\/\\\/sweet-horse.ch\\\/de\\\/#organization\",\"name\":\"Sweet Horse\",\"url\":\"https:\\\/\\\/sweet-horse.ch\\\/de\\\/\",\"logo\":{\"@type\":\"ImageObject\",\"inLanguage\":\"de\",\"@id\":\"https:\\\/\\\/sweet-horse.ch\\\/de\\\/#\\\/schema\\\/logo\\\/image\\\/\",\"url\":\"https:\\\/\\\/i0.wp.com\\\/sweet-horse.ch\\\/wp-content\\\/uploads\\\/2023\\\/12\\\/cropped-cropped-sweethorse_RVB-scaled-1.webp?fit=1763%2C1920&ssl=1\",\"contentUrl\":\"https:\\\/\\\/i0.wp.com\\\/sweet-horse.ch\\\/wp-content\\\/uploads\\\/2023\\\/12\\\/cropped-cropped-sweethorse_RVB-scaled-1.webp?fit=1763%2C1920&ssl=1\",\"width\":1763,\"height\":1920,\"caption\":\"Sweet Horse\"},\"image\":{\"@id\":\"https:\\\/\\\/sweet-horse.ch\\\/de\\\/#\\\/schema\\\/logo\\\/image\\\/\"},\"sameAs\":[\"https:\\\/\\\/www.instagram.com\\\/sweet_horse.ch\"]}]}<\/script>\n<!-- \/ Yoast SEO plugin. -->","yoast_head_json":{"title":"Ekinat - Haarwuchs-Spray 250 ml - Sweet Horse","description":"Ekinat-Spray f\u00fcr den Haarwuchs beim Pferd mit Kresse und Knoblauchextrakt. F\u00f6rdert ein gleichm\u00e4\u00dfiges Nachwachsen nach der Wundheilung.","robots":{"index":"index","follow":"follow","max-snippet":"max-snippet:-1","max-image-preview":"max-image-preview:large","max-video-preview":"max-video-preview:-1"},"canonical":"https:\/\/sweet-horse.ch\/de\/produit\/ekinat-haarwuchs-spray-250-ml\/","og_locale":"de_DE","og_type":"article","og_title":"Ekinat - Haarwuchs-Spray 250 ml - Sweet Horse","og_description":"Ekinat-Spray f\u00fcr den Haarwuchs beim Pferd mit Kresse und Knoblauchextrakt. F\u00f6rdert ein gleichm\u00e4\u00dfiges Nachwachsen nach der Wundheilung.","og_url":"https:\/\/sweet-horse.ch\/de\/produit\/ekinat-haarwuchs-spray-250-ml\/","og_site_name":"Sweet Horse","og_image":[{"width":600,"height":600,"url":"https:\/\/i0.wp.com\/sweet-horse.ch\/wp-content\/uploads\/2026\/03\/Ekinat-Repousse-poils.png?fit=600%2C600&ssl=1","type":"image\/png"}],"twitter_card":"summary_large_image","twitter_misc":{"Gesch\u00e4tzte Lesezeit":"1\u00a0Minute"},"schema":{"@context":"https:\/\/schema.org","@graph":[{"@type":"WebPage","@id":"https:\/\/sweet-horse.ch\/de\/produit\/ekinat-haarwuchs-spray-250-ml\/","url":"https:\/\/sweet-horse.ch\/de\/produit\/ekinat-haarwuchs-spray-250-ml\/","name":"Ekinat - Haarwuchs-Spray 250 ml - Sweet Horse","isPartOf":{"@id":"https:\/\/sweet-horse.ch\/de\/#website"},"primaryImageOfPage":{"@id":"https:\/\/sweet-horse.ch\/de\/produit\/ekinat-haarwuchs-spray-250-ml\/#primaryimage"},"image":{"@id":"https:\/\/sweet-horse.ch\/de\/produit\/ekinat-haarwuchs-spray-250-ml\/#primaryimage"},"thumbnailUrl":"https:\/\/i0.wp.com\/sweet-horse.ch\/wp-content\/uploads\/2026\/03\/Ekinat-Repousse-poils.png?fit=600%2C600&ssl=1","datePublished":"2026-03-18T16:19:41+00:00","description":"Ekinat-Spray f\u00fcr den Haarwuchs beim Pferd mit Kresse und Knoblauchextrakt. F\u00f6rdert ein gleichm\u00e4\u00dfiges Nachwachsen nach der Wundheilung.","breadcrumb":{"@id":"https:\/\/sweet-horse.ch\/de\/produit\/ekinat-haarwuchs-spray-250-ml\/#breadcrumb"},"inLanguage":"de","potentialAction":[{"@type":"ReadAction","target":["https:\/\/sweet-horse.ch\/de\/produit\/ekinat-haarwuchs-spray-250-ml\/"]}]},{"@type":"ImageObject","inLanguage":"de","@id":"https:\/\/sweet-horse.ch\/de\/produit\/ekinat-haarwuchs-spray-250-ml\/#primaryimage","url":"https:\/\/i0.wp.com\/sweet-horse.ch\/wp-content\/uploads\/2026\/03\/Ekinat-Repousse-poils.png?fit=600%2C600&ssl=1","contentUrl":"https:\/\/i0.wp.com\/sweet-horse.ch\/wp-content\/uploads\/2026\/03\/Ekinat-Repousse-poils.png?fit=600%2C600&ssl=1","width":600,"height":600,"caption":"Ekinat - Haarwuchs 250 ml"},{"@type":"BreadcrumbList","@id":"https:\/\/sweet-horse.ch\/de\/produit\/ekinat-haarwuchs-spray-250-ml\/#breadcrumb","itemListElement":[{"@type":"ListItem","position":1,"name":"Startseite","item":"https:\/\/sweet-horse.ch\/de\/startseite\/"},{"@type":"ListItem","position":2,"name":"Shop","item":"https:\/\/sweet-horse.ch\/de\/shop\/"},{"@type":"ListItem","position":3,"name":"Priv\u00e9\u00a0: Ekinat \u2013 Haarwuchs-Spray 250 ml"}]},{"@type":"WebSite","@id":"https:\/\/sweet-horse.ch\/de\/#website","url":"https:\/\/sweet-horse.ch\/de\/","name":"Sweet Horse","description":"Naturellement \u00e0 l&#039;\u00e9coute de votre compagnon \u00e9quin","publisher":{"@id":"https:\/\/sweet-horse.ch\/de\/#organization"},"potentialAction":[{"@type":"SearchAction","target":{"@type":"EntryPoint","urlTemplate":"https:\/\/sweet-horse.ch\/de\/?s={search_term_string}"},"query-input":{"@type":"PropertyValueSpecification","valueRequired":true,"valueName":"search_term_string"}}],"inLanguage":"de"},{"@type":"Organization","@id":"https:\/\/sweet-horse.ch\/de\/#organization","name":"Sweet Horse","url":"https:\/\/sweet-horse.ch\/de\/","logo":{"@type":"ImageObject","inLanguage":"de","@id":"https:\/\/sweet-horse.ch\/de\/#\/schema\/logo\/image\/","url":"https:\/\/i0.wp.com\/sweet-horse.ch\/wp-content\/uploads\/2023\/12\/cropped-cropped-sweethorse_RVB-scaled-1.webp?fit=1763%2C1920&ssl=1","contentUrl":"https:\/\/i0.wp.com\/sweet-horse.ch\/wp-content\/uploads\/2023\/12\/cropped-cropped-sweethorse_RVB-scaled-1.webp?fit=1763%2C1920&ssl=1","width":1763,"height":1920,"caption":"Sweet Horse"},"image":{"@id":"https:\/\/sweet-horse.ch\/de\/#\/schema\/logo\/image\/"},"sameAs":["https:\/\/www.instagram.com\/sweet_horse.ch"]}]}},"_links":{"self":[{"href":"https:\/\/sweet-horse.ch\/de\/wp-json\/wp\/v2\/product\/34389","targetHints":{"allow":["GET"]}}],"collection":[{"href":"https:\/\/sweet-horse.ch\/de\/wp-json\/wp\/v2\/product"}],"about":[{"href":"https:\/\/sweet-horse.ch\/de\/wp-json\/wp\/v2\/types\/product"}],"version-history":[{"count":0,"href":"https:\/\/sweet-horse.ch\/de\/wp-json\/wp\/v2\/product\/34389\/revisions"}],"wp:featuredmedia":[{"embeddable":true,"href":"https:\/\/sweet-horse.ch\/de\/wp-json\/wp\/v2\/media\/34386"}],"wp:attachment":[{"href":"https:\/\/sweet-horse.ch\/de\/wp-json\/wp\/v2\/media?parent=34389"}],"wp:term":[{"taxonomy":"product_brand","embeddable":true,"href":"https:\/\/sweet-horse.ch\/de\/wp-json\/wp\/v2\/product_brand?post=34389"},{"taxonomy":"product_cat","embeddable":true,"href":"https:\/\/sweet-horse.ch\/de\/wp-json\/wp\/v2\/product_cat?post=34389"},{"taxonomy":"product_tag","embeddable":true,"href":"https:\/\/sweet-horse.ch\/de\/wp-json\/wp\/v2\/product_tag?post=34389"}],"curies":[{"name":"wp","href":"https:\/\/api.w.org\/{rel}","templated":true}]}}