{"id":34393,"date":"2026-03-18T17:26:56","date_gmt":"2026-03-18T16:26:56","guid":{"rendered":"https:\/\/sweet-horse.ch\/produit\/ekina-shampoo-fuer-helle-fellfarben-400-ml\/"},"modified":"2026-03-20T17:27:21","modified_gmt":"2026-03-20T16:27:21","slug":"ekina-shampoo-fuer-helle-fellfarben-400-ml","status":"publish","type":"product","link":"https:\/\/sweet-horse.ch\/de\/produit\/ekina-shampoo-fuer-helle-fellfarben-400-ml\/","title":{"rendered":"Ekinat \u2013 Shampoo f\u00fcr helle Pferdefelle 400 ml"},"content":{"rendered":"<p data-start=\"179\" data-end=\"469\">Das Ekinat Shampoo speziell f\u00fcr helle Fellfarben ist speziell formuliert, um das helle Fell von Pferden sanft zu reinigen und zu versch\u00f6nern. Seine Formel kombiniert Bio-Aloe-vera, Kornblume und Holunder \u2013 Inhaltsstoffe, die f\u00fcr ihre beruhigenden und weichmachenden Eigenschaften bekannt sind. <\/p>\n<p data-start=\"471\" data-end=\"703\">Dieses Shampoo hilft, Staub, Flecken und Verunreinigungen effektiv zu entfernen und respektiert dabei das nat\u00fcrliche Gleichgewicht der Haut. Es frischt die Leuchtkraft heller Haare auf und hinterl\u00e4sst das Fell nach dem Waschen sauber, weich und strahlend. <\/p>\n<p data-start=\"705\" data-end=\"936\">Dank seiner milden Formel eignet es sich perfekt f\u00fcr die regelm\u00e4\u00dfige Pflege von Pferden mit hellem Fell wie Schimmeln, Palominos oder hellem Langhaar. M\u00e4hne und Schweif werden geschmeidiger und das Fell erh\u00e4lt seinen nat\u00fcrlichen Glanz zur\u00fcck. <\/p>\n<p data-start=\"938\" data-end=\"955\">Funktionen:<\/p>\n<ul data-start=\"956\" data-end=\"1129\">\n<li data-section-id=\"nzxe0z\" data-start=\"956\" data-end=\"986\">\n<p data-start=\"958\" data-end=\"986\">Reinigt das Fell sanft<\/p>\n<\/li>\n<li data-section-id=\"bqwle9\" data-start=\"987\" data-end=\"1034\">\n<p data-start=\"989\" data-end=\"1034\">Hilft, Flecken und Verunreinigungen zu entfernen<\/p>\n<\/li>\n<li data-section-id=\"ejkeu0\" data-start=\"1035\" data-end=\"1084\">\n<p data-start=\"1037\" data-end=\"1084\">Sorgt f\u00fcr Geschmeidigkeit und Glanz bei hellem Fell<\/p>\n<\/li>\n<li data-section-id=\"1cocgyk\" data-start=\"1085\" data-end=\"1129\">\n<p data-start=\"1087\" data-end=\"1129\">Frischt die nat\u00fcrliche Leuchtkraft heller Fellfarben auf<\/p>\n<\/li>\n<\/ul>\n","protected":false},"excerpt":{"rendered":"<p>Pferdeshampoo, speziell f\u00fcr helle Fellfarben entwickelt. Reinigt sanft und verleiht hellem Fell wieder Glanz und Leuchtkraft. <\/p>\n","protected":false},"featured_media":34392,"template":"","meta":{"site-sidebar-layout":"default","site-content-layout":"","ast-site-content-layout":"default","site-content-style":"default","site-sidebar-style":"default","ast-global-header-display":"","ast-banner-title-visibility":"","ast-main-header-display":"","ast-hfb-above-header-display":"","ast-hfb-below-header-display":"","ast-hfb-mobile-header-display":"","site-post-title":"","ast-breadcrumbs-content":"","ast-featured-img":"","footer-sml-layout":"","ast-disable-related-posts":"","theme-transparent-header-meta":"default","adv-header-id-meta":"","stick-header-meta":"default","header-above-stick-meta":"","header-main-stick-meta":"","header-below-stick-meta":"","astra-migrate-meta-layouts":"default","ast-page-background-enabled":"default","ast-page-background-meta":{"desktop":{"background-color":"var(--ast-global-color-4)","background-image":"","background-repeat":"repeat","background-position":"center center","background-size":"auto","background-attachment":"scroll","background-type":"","background-media":"","overlay-type":"","overlay-color":"","overlay-opacity":"","overlay-gradient":""},"tablet":{"background-color":"","background-image":"","background-repeat":"repeat","background-position":"center center","background-size":"auto","background-attachment":"scroll","background-type":"","background-media":"","overlay-type":"","overlay-color":"","overlay-opacity":"","overlay-gradient":""},"mobile":{"background-color":"","background-image":"","background-repeat":"repeat","background-position":"center center","background-size":"auto","background-attachment":"scroll","background-type":"","background-media":"","overlay-type":"","overlay-color":"","overlay-opacity":"","overlay-gradient":""}},"ast-content-background-meta":{"desktop":{"background-color":"var(--ast-global-color-5)","background-image":"","background-repeat":"repeat","background-position":"center center","background-size":"auto","background-attachment":"scroll","background-type":"","background-media":"","overlay-type":"","overlay-color":"","overlay-opacity":"","overlay-gradient":""},"tablet":{"background-color":"var(--ast-global-color-5)","background-image":"","background-repeat":"repeat","background-position":"center center","background-size":"auto","background-attachment":"scroll","background-type":"","background-media":"","overlay-type":"","overlay-color":"","overlay-opacity":"","overlay-gradient":""},"mobile":{"background-color":"var(--ast-global-color-5)","background-image":"","background-repeat":"repeat","background-position":"center center","background-size":"auto","background-attachment":"scroll","background-type":"","background-media":"","overlay-type":"","overlay-color":"","overlay-opacity":"","overlay-gradient":""}}},"product_brand":[],"product_cat":[139,122,117],"product_tag":[],"class_list":{"0":"post-34393","1":"product","2":"type-product","3":"status-publish","4":"has-post-thumbnail","6":"product_cat-ekinat","7":"product_cat-haut-haare","8":"product_cat-pflege","9":"desktop-align-left","10":"tablet-align-left","11":"mobile-align-left","12":"ast-product-gallery-layout-first-image-large","13":"ast-product-gallery-with-no-image","14":"ast-product-tabs-layout-horizontal","16":"first","17":"instock","18":"purchasable","19":"product-type-simple"},"yoast_head":"<!-- This site is optimized with the Yoast SEO plugin v27.3 - https:\/\/yoast.com\/product\/yoast-seo-wordpress\/ -->\n<title>Ekinat \u2013 Shampoo f\u00fcr helle Pferdefelle 400 ml - Sweet Horse<\/title>\n<meta name=\"description\" content=\"Ekinat Shampoo f\u00fcr Pferde mit hellem Fell mit Bio-Aloe-vera, Kornblume und Holunder. Reinigt sanft und verleiht hellem Fell wieder Glanz und Leuchtkraft.\" \/>\n<meta name=\"robots\" content=\"index, follow, max-snippet:-1, max-image-preview:large, max-video-preview:-1\" \/>\n<link rel=\"canonical\" href=\"https:\/\/sweet-horse.ch\/de\/produit\/ekina-shampoo-fuer-helle-fellfarben-400-ml\/\" \/>\n<meta property=\"og:locale\" content=\"de_DE\" \/>\n<meta property=\"og:type\" content=\"article\" \/>\n<meta property=\"og:title\" content=\"Ekinat \u2013 Shampoo f\u00fcr helle Pferdefelle 400 ml - Sweet Horse\" \/>\n<meta property=\"og:description\" content=\"Ekinat Shampoo f\u00fcr Pferde mit hellem Fell mit Bio-Aloe-vera, Kornblume und Holunder. Reinigt sanft und verleiht hellem Fell wieder Glanz und Leuchtkraft.\" \/>\n<meta property=\"og:url\" content=\"https:\/\/sweet-horse.ch\/de\/produit\/ekina-shampoo-fuer-helle-fellfarben-400-ml\/\" \/>\n<meta property=\"og:site_name\" content=\"Sweet Horse\" \/>\n<meta property=\"article:modified_time\" content=\"2026-03-20T16:27:21+00:00\" \/>\n<meta property=\"og:image\" content=\"https:\/\/i0.wp.com\/sweet-horse.ch\/wp-content\/uploads\/2026\/03\/Ekinat-Shampooing-robes-claires.png?fit=600%2C600&ssl=1\" \/>\n\t<meta property=\"og:image:width\" content=\"600\" \/>\n\t<meta property=\"og:image:height\" content=\"600\" \/>\n\t<meta property=\"og:image:type\" content=\"image\/png\" \/>\n<meta name=\"twitter:card\" content=\"summary_large_image\" \/>\n<meta name=\"twitter:label1\" content=\"Gesch\u00e4tzte Lesezeit\" \/>\n\t<meta name=\"twitter:data1\" content=\"1\u00a0Minute\" \/>\n<script type=\"application\/ld+json\" class=\"yoast-schema-graph\">{\"@context\":\"https:\\\/\\\/schema.org\",\"@graph\":[{\"@type\":\"WebPage\",\"@id\":\"https:\\\/\\\/sweet-horse.ch\\\/de\\\/produit\\\/ekina-shampoo-fuer-helle-fellfarben-400-ml\\\/\",\"url\":\"https:\\\/\\\/sweet-horse.ch\\\/de\\\/produit\\\/ekina-shampoo-fuer-helle-fellfarben-400-ml\\\/\",\"name\":\"Ekinat \u2013 Shampoo f\u00fcr helle Pferdefelle 400 ml - Sweet Horse\",\"isPartOf\":{\"@id\":\"https:\\\/\\\/sweet-horse.ch\\\/de\\\/#website\"},\"primaryImageOfPage\":{\"@id\":\"https:\\\/\\\/sweet-horse.ch\\\/de\\\/produit\\\/ekina-shampoo-fuer-helle-fellfarben-400-ml\\\/#primaryimage\"},\"image\":{\"@id\":\"https:\\\/\\\/sweet-horse.ch\\\/de\\\/produit\\\/ekina-shampoo-fuer-helle-fellfarben-400-ml\\\/#primaryimage\"},\"thumbnailUrl\":\"https:\\\/\\\/i0.wp.com\\\/sweet-horse.ch\\\/wp-content\\\/uploads\\\/2026\\\/03\\\/Ekinat-Shampooing-robes-claires.png?fit=600%2C600&ssl=1\",\"datePublished\":\"2026-03-18T16:26:56+00:00\",\"dateModified\":\"2026-03-20T16:27:21+00:00\",\"description\":\"Ekinat Shampoo f\u00fcr Pferde mit hellem Fell mit Bio-Aloe-vera, Kornblume und Holunder. Reinigt sanft und verleiht hellem Fell wieder Glanz und Leuchtkraft.\",\"breadcrumb\":{\"@id\":\"https:\\\/\\\/sweet-horse.ch\\\/de\\\/produit\\\/ekina-shampoo-fuer-helle-fellfarben-400-ml\\\/#breadcrumb\"},\"inLanguage\":\"de\",\"potentialAction\":[{\"@type\":\"ReadAction\",\"target\":[\"https:\\\/\\\/sweet-horse.ch\\\/de\\\/produit\\\/ekina-shampoo-fuer-helle-fellfarben-400-ml\\\/\"]}]},{\"@type\":\"ImageObject\",\"inLanguage\":\"de\",\"@id\":\"https:\\\/\\\/sweet-horse.ch\\\/de\\\/produit\\\/ekina-shampoo-fuer-helle-fellfarben-400-ml\\\/#primaryimage\",\"url\":\"https:\\\/\\\/i0.wp.com\\\/sweet-horse.ch\\\/wp-content\\\/uploads\\\/2026\\\/03\\\/Ekinat-Shampooing-robes-claires.png?fit=600%2C600&ssl=1\",\"contentUrl\":\"https:\\\/\\\/i0.wp.com\\\/sweet-horse.ch\\\/wp-content\\\/uploads\\\/2026\\\/03\\\/Ekinat-Shampooing-robes-claires.png?fit=600%2C600&ssl=1\",\"width\":600,\"height\":600,\"caption\":\"Ekinat \u2013 Shampoo f\u00fcr helle Fellfarben 400 ml\"},{\"@type\":\"BreadcrumbList\",\"@id\":\"https:\\\/\\\/sweet-horse.ch\\\/de\\\/produit\\\/ekina-shampoo-fuer-helle-fellfarben-400-ml\\\/#breadcrumb\",\"itemListElement\":[{\"@type\":\"ListItem\",\"position\":1,\"name\":\"Startseite\",\"item\":\"https:\\\/\\\/sweet-horse.ch\\\/de\\\/startseite\\\/\"},{\"@type\":\"ListItem\",\"position\":2,\"name\":\"Shop\",\"item\":\"https:\\\/\\\/sweet-horse.ch\\\/de\\\/shop\\\/\"},{\"@type\":\"ListItem\",\"position\":3,\"name\":\"Ekinat \u2013 Shampoo f\u00fcr helle Pferdefelle 400 ml\"}]},{\"@type\":\"WebSite\",\"@id\":\"https:\\\/\\\/sweet-horse.ch\\\/de\\\/#website\",\"url\":\"https:\\\/\\\/sweet-horse.ch\\\/de\\\/\",\"name\":\"Sweet Horse\",\"description\":\"Naturellement \u00e0 l&#039;\u00e9coute de votre compagnon \u00e9quin\",\"publisher\":{\"@id\":\"https:\\\/\\\/sweet-horse.ch\\\/de\\\/#organization\"},\"potentialAction\":[{\"@type\":\"SearchAction\",\"target\":{\"@type\":\"EntryPoint\",\"urlTemplate\":\"https:\\\/\\\/sweet-horse.ch\\\/de\\\/?s={search_term_string}\"},\"query-input\":{\"@type\":\"PropertyValueSpecification\",\"valueRequired\":true,\"valueName\":\"search_term_string\"}}],\"inLanguage\":\"de\"},{\"@type\":\"Organization\",\"@id\":\"https:\\\/\\\/sweet-horse.ch\\\/de\\\/#organization\",\"name\":\"Sweet Horse\",\"url\":\"https:\\\/\\\/sweet-horse.ch\\\/de\\\/\",\"logo\":{\"@type\":\"ImageObject\",\"inLanguage\":\"de\",\"@id\":\"https:\\\/\\\/sweet-horse.ch\\\/de\\\/#\\\/schema\\\/logo\\\/image\\\/\",\"url\":\"https:\\\/\\\/i0.wp.com\\\/sweet-horse.ch\\\/wp-content\\\/uploads\\\/2023\\\/12\\\/cropped-cropped-sweethorse_RVB-scaled-1.webp?fit=1763%2C1920&ssl=1\",\"contentUrl\":\"https:\\\/\\\/i0.wp.com\\\/sweet-horse.ch\\\/wp-content\\\/uploads\\\/2023\\\/12\\\/cropped-cropped-sweethorse_RVB-scaled-1.webp?fit=1763%2C1920&ssl=1\",\"width\":1763,\"height\":1920,\"caption\":\"Sweet Horse\"},\"image\":{\"@id\":\"https:\\\/\\\/sweet-horse.ch\\\/de\\\/#\\\/schema\\\/logo\\\/image\\\/\"},\"sameAs\":[\"https:\\\/\\\/www.instagram.com\\\/sweet_horse.ch\"]}]}<\/script>\n<!-- \/ Yoast SEO plugin. -->","yoast_head_json":{"title":"Ekinat \u2013 Shampoo f\u00fcr helle Pferdefelle 400 ml - Sweet Horse","description":"Ekinat Shampoo f\u00fcr Pferde mit hellem Fell mit Bio-Aloe-vera, Kornblume und Holunder. Reinigt sanft und verleiht hellem Fell wieder Glanz und Leuchtkraft.","robots":{"index":"index","follow":"follow","max-snippet":"max-snippet:-1","max-image-preview":"max-image-preview:large","max-video-preview":"max-video-preview:-1"},"canonical":"https:\/\/sweet-horse.ch\/de\/produit\/ekina-shampoo-fuer-helle-fellfarben-400-ml\/","og_locale":"de_DE","og_type":"article","og_title":"Ekinat \u2013 Shampoo f\u00fcr helle Pferdefelle 400 ml - Sweet Horse","og_description":"Ekinat Shampoo f\u00fcr Pferde mit hellem Fell mit Bio-Aloe-vera, Kornblume und Holunder. Reinigt sanft und verleiht hellem Fell wieder Glanz und Leuchtkraft.","og_url":"https:\/\/sweet-horse.ch\/de\/produit\/ekina-shampoo-fuer-helle-fellfarben-400-ml\/","og_site_name":"Sweet Horse","article_modified_time":"2026-03-20T16:27:21+00:00","og_image":[{"width":600,"height":600,"url":"https:\/\/i0.wp.com\/sweet-horse.ch\/wp-content\/uploads\/2026\/03\/Ekinat-Shampooing-robes-claires.png?fit=600%2C600&ssl=1","type":"image\/png"}],"twitter_card":"summary_large_image","twitter_misc":{"Gesch\u00e4tzte Lesezeit":"1\u00a0Minute"},"schema":{"@context":"https:\/\/schema.org","@graph":[{"@type":"WebPage","@id":"https:\/\/sweet-horse.ch\/de\/produit\/ekina-shampoo-fuer-helle-fellfarben-400-ml\/","url":"https:\/\/sweet-horse.ch\/de\/produit\/ekina-shampoo-fuer-helle-fellfarben-400-ml\/","name":"Ekinat \u2013 Shampoo f\u00fcr helle Pferdefelle 400 ml - Sweet Horse","isPartOf":{"@id":"https:\/\/sweet-horse.ch\/de\/#website"},"primaryImageOfPage":{"@id":"https:\/\/sweet-horse.ch\/de\/produit\/ekina-shampoo-fuer-helle-fellfarben-400-ml\/#primaryimage"},"image":{"@id":"https:\/\/sweet-horse.ch\/de\/produit\/ekina-shampoo-fuer-helle-fellfarben-400-ml\/#primaryimage"},"thumbnailUrl":"https:\/\/i0.wp.com\/sweet-horse.ch\/wp-content\/uploads\/2026\/03\/Ekinat-Shampooing-robes-claires.png?fit=600%2C600&ssl=1","datePublished":"2026-03-18T16:26:56+00:00","dateModified":"2026-03-20T16:27:21+00:00","description":"Ekinat Shampoo f\u00fcr Pferde mit hellem Fell mit Bio-Aloe-vera, Kornblume und Holunder. Reinigt sanft und verleiht hellem Fell wieder Glanz und Leuchtkraft.","breadcrumb":{"@id":"https:\/\/sweet-horse.ch\/de\/produit\/ekina-shampoo-fuer-helle-fellfarben-400-ml\/#breadcrumb"},"inLanguage":"de","potentialAction":[{"@type":"ReadAction","target":["https:\/\/sweet-horse.ch\/de\/produit\/ekina-shampoo-fuer-helle-fellfarben-400-ml\/"]}]},{"@type":"ImageObject","inLanguage":"de","@id":"https:\/\/sweet-horse.ch\/de\/produit\/ekina-shampoo-fuer-helle-fellfarben-400-ml\/#primaryimage","url":"https:\/\/i0.wp.com\/sweet-horse.ch\/wp-content\/uploads\/2026\/03\/Ekinat-Shampooing-robes-claires.png?fit=600%2C600&ssl=1","contentUrl":"https:\/\/i0.wp.com\/sweet-horse.ch\/wp-content\/uploads\/2026\/03\/Ekinat-Shampooing-robes-claires.png?fit=600%2C600&ssl=1","width":600,"height":600,"caption":"Ekinat \u2013 Shampoo f\u00fcr helle Fellfarben 400 ml"},{"@type":"BreadcrumbList","@id":"https:\/\/sweet-horse.ch\/de\/produit\/ekina-shampoo-fuer-helle-fellfarben-400-ml\/#breadcrumb","itemListElement":[{"@type":"ListItem","position":1,"name":"Startseite","item":"https:\/\/sweet-horse.ch\/de\/startseite\/"},{"@type":"ListItem","position":2,"name":"Shop","item":"https:\/\/sweet-horse.ch\/de\/shop\/"},{"@type":"ListItem","position":3,"name":"Ekinat \u2013 Shampoo f\u00fcr helle Pferdefelle 400 ml"}]},{"@type":"WebSite","@id":"https:\/\/sweet-horse.ch\/de\/#website","url":"https:\/\/sweet-horse.ch\/de\/","name":"Sweet Horse","description":"Naturellement \u00e0 l&#039;\u00e9coute de votre compagnon \u00e9quin","publisher":{"@id":"https:\/\/sweet-horse.ch\/de\/#organization"},"potentialAction":[{"@type":"SearchAction","target":{"@type":"EntryPoint","urlTemplate":"https:\/\/sweet-horse.ch\/de\/?s={search_term_string}"},"query-input":{"@type":"PropertyValueSpecification","valueRequired":true,"valueName":"search_term_string"}}],"inLanguage":"de"},{"@type":"Organization","@id":"https:\/\/sweet-horse.ch\/de\/#organization","name":"Sweet Horse","url":"https:\/\/sweet-horse.ch\/de\/","logo":{"@type":"ImageObject","inLanguage":"de","@id":"https:\/\/sweet-horse.ch\/de\/#\/schema\/logo\/image\/","url":"https:\/\/i0.wp.com\/sweet-horse.ch\/wp-content\/uploads\/2023\/12\/cropped-cropped-sweethorse_RVB-scaled-1.webp?fit=1763%2C1920&ssl=1","contentUrl":"https:\/\/i0.wp.com\/sweet-horse.ch\/wp-content\/uploads\/2023\/12\/cropped-cropped-sweethorse_RVB-scaled-1.webp?fit=1763%2C1920&ssl=1","width":1763,"height":1920,"caption":"Sweet Horse"},"image":{"@id":"https:\/\/sweet-horse.ch\/de\/#\/schema\/logo\/image\/"},"sameAs":["https:\/\/www.instagram.com\/sweet_horse.ch"]}]}},"_links":{"self":[{"href":"https:\/\/sweet-horse.ch\/de\/wp-json\/wp\/v2\/product\/34393","targetHints":{"allow":["GET"]}}],"collection":[{"href":"https:\/\/sweet-horse.ch\/de\/wp-json\/wp\/v2\/product"}],"about":[{"href":"https:\/\/sweet-horse.ch\/de\/wp-json\/wp\/v2\/types\/product"}],"version-history":[{"count":1,"href":"https:\/\/sweet-horse.ch\/de\/wp-json\/wp\/v2\/product\/34393\/revisions"}],"predecessor-version":[{"id":34433,"href":"https:\/\/sweet-horse.ch\/de\/wp-json\/wp\/v2\/product\/34393\/revisions\/34433"}],"wp:featuredmedia":[{"embeddable":true,"href":"https:\/\/sweet-horse.ch\/de\/wp-json\/wp\/v2\/media\/34392"}],"wp:attachment":[{"href":"https:\/\/sweet-horse.ch\/de\/wp-json\/wp\/v2\/media?parent=34393"}],"wp:term":[{"taxonomy":"product_brand","embeddable":true,"href":"https:\/\/sweet-horse.ch\/de\/wp-json\/wp\/v2\/product_brand?post=34393"},{"taxonomy":"product_cat","embeddable":true,"href":"https:\/\/sweet-horse.ch\/de\/wp-json\/wp\/v2\/product_cat?post=34393"},{"taxonomy":"product_tag","embeddable":true,"href":"https:\/\/sweet-horse.ch\/de\/wp-json\/wp\/v2\/product_tag?post=34393"}],"curies":[{"name":"wp","href":"https:\/\/api.w.org\/{rel}","templated":true}]}}