{"id":34397,"date":"2026-03-18T17:38:07","date_gmt":"2026-03-18T16:38:07","guid":{"rendered":"https:\/\/sweet-horse.ch\/produit\/ekinat-matsch-gallepflege-400-ml\/"},"modified":"2026-03-18T17:38:07","modified_gmt":"2026-03-18T16:38:07","slug":"ekinat-matsch-gallepflege-400-ml","status":"publish","type":"product","link":"https:\/\/sweet-horse.ch\/de\/produit\/ekinat-matsch-gallepflege-400-ml\/","title":{"rendered":"Ekinat \u2013 Matsch- &amp; Gallepflege 400\u202fml"},"content":{"rendered":"<p data-start=\"108\" data-end=\"434\">Die Ekinat Pflege gegen Galle\/Matsch ist speziell formuliert, um gereizte Hautstellen beim Pferd zu beruhigen, zu reinigen und zu regenerieren. Ihre Zusammensetzung kombiniert Cade-\u00d6l, bekannt f\u00fcr seine antiseptischen Eigenschaften, mit Allantoin, das die Hautreparatur und -regeneration unterst\u00fctzt. <\/p>\n<p data-start=\"436\" data-end=\"651\">Diese Pflege hilft, die betroffene Stelle zu reinigen, die Vermehrung der verursachenden Erreger zu begrenzen und Irritationen durch Galle\/Matsch zu lindern. Sie tr\u00e4gt dazu bei, gesunde Haut wiederherzustellen und den Komfort des Pferdes zu verbessern. <\/p>\n<p data-start=\"653\" data-end=\"804\">Ihre Formel, bestehend zu 95\u202f% aus nat\u00fcrlichen und biologischen Inhaltsstoffen, frei von Parabenen, respektiert die Haut und bietet gleichzeitig eine gezielte und wirksame Pflege.<\/p>\n<p data-start=\"806\" data-end=\"946\">Ideal bei feuchter Witterung oder f\u00fcr empfindliche Pferde, wird es regelm\u00e4\u00dfig auf die betroffenen Stellen (oft die Gliedma\u00dfen) aufgetragen.<\/p>\n<p data-start=\"948\" data-end=\"965\">Funktionen:<\/p>\n<ul data-start=\"966\" data-end=\"1114\">\n<li data-section-id=\"1ekneke\" data-start=\"966\" data-end=\"989\">\n<p data-start=\"968\" data-end=\"989\">Antiseptische Wirkung<\/p>\n<\/li>\n<li data-section-id=\"xzgjin\" data-start=\"990\" data-end=\"1030\">\n<p data-start=\"992\" data-end=\"1030\">Beruhigt Reizungen und Unwohlsein<\/p>\n<\/li>\n<li data-section-id=\"2yr8n8\" data-start=\"1031\" data-end=\"1070\">\n<p data-start=\"1033\" data-end=\"1070\">Unterst\u00fctzt die Reparatur und Regeneration der Haut<\/p>\n<\/li>\n<li data-section-id=\"fda87a\" data-start=\"1071\" data-end=\"1114\">\n<p data-start=\"1073\" data-end=\"1114\">Tr\u00e4gt zur Reinigung der betroffenen Stellen bei<\/p>\n<\/li>\n<\/ul>\n","protected":false},"excerpt":{"rendered":"<p data-start=\"1148\" data-end=\"1247\">Nat\u00fcrliche Pflege gegen Galle\/Matsch beim Pferd. Beruhigt, reinigt und unterst\u00fctzt die Reparatur empfindlicher Haut. <\/p>\n","protected":false},"featured_media":34396,"template":"","meta":{"site-sidebar-layout":"default","site-content-layout":"","ast-site-content-layout":"default","site-content-style":"default","site-sidebar-style":"default","ast-global-header-display":"","ast-banner-title-visibility":"","ast-main-header-display":"","ast-hfb-above-header-display":"","ast-hfb-below-header-display":"","ast-hfb-mobile-header-display":"","site-post-title":"","ast-breadcrumbs-content":"","ast-featured-img":"","footer-sml-layout":"","ast-disable-related-posts":"","theme-transparent-header-meta":"default","adv-header-id-meta":"","stick-header-meta":"default","header-above-stick-meta":"","header-main-stick-meta":"","header-below-stick-meta":"","astra-migrate-meta-layouts":"default","ast-page-background-enabled":"default","ast-page-background-meta":{"desktop":{"background-color":"var(--ast-global-color-4)","background-image":"","background-repeat":"repeat","background-position":"center center","background-size":"auto","background-attachment":"scroll","background-type":"","background-media":"","overlay-type":"","overlay-color":"","overlay-opacity":"","overlay-gradient":""},"tablet":{"background-color":"","background-image":"","background-repeat":"repeat","background-position":"center center","background-size":"auto","background-attachment":"scroll","background-type":"","background-media":"","overlay-type":"","overlay-color":"","overlay-opacity":"","overlay-gradient":""},"mobile":{"background-color":"","background-image":"","background-repeat":"repeat","background-position":"center center","background-size":"auto","background-attachment":"scroll","background-type":"","background-media":"","overlay-type":"","overlay-color":"","overlay-opacity":"","overlay-gradient":""}},"ast-content-background-meta":{"desktop":{"background-color":"var(--ast-global-color-5)","background-image":"","background-repeat":"repeat","background-position":"center center","background-size":"auto","background-attachment":"scroll","background-type":"","background-media":"","overlay-type":"","overlay-color":"","overlay-opacity":"","overlay-gradient":""},"tablet":{"background-color":"var(--ast-global-color-5)","background-image":"","background-repeat":"repeat","background-position":"center center","background-size":"auto","background-attachment":"scroll","background-type":"","background-media":"","overlay-type":"","overlay-color":"","overlay-opacity":"","overlay-gradient":""},"mobile":{"background-color":"var(--ast-global-color-5)","background-image":"","background-repeat":"repeat","background-position":"center center","background-size":"auto","background-attachment":"scroll","background-type":"","background-media":"","overlay-type":"","overlay-color":"","overlay-opacity":"","overlay-gradient":""}}},"product_brand":[],"product_cat":[139,122,117],"product_tag":[],"class_list":{"0":"post-34397","1":"product","2":"type-product","3":"status-publish","4":"has-post-thumbnail","6":"product_cat-ekinat","7":"product_cat-haut-haare","8":"product_cat-pflege","9":"desktop-align-left","10":"tablet-align-left","11":"mobile-align-left","12":"ast-product-gallery-layout-first-image-large","13":"ast-product-gallery-with-no-image","14":"ast-product-tabs-layout-horizontal","16":"first","17":"instock","18":"purchasable","19":"product-type-simple"},"yoast_head":"<!-- This site is optimized with the Yoast SEO plugin v27.3 - https:\/\/yoast.com\/product\/yoast-seo-wordpress\/ -->\n<title>Ekinat \u2013 Matsch- &amp; Gallepflege 400\u202fml - Sweet Horse<\/title>\n<meta name=\"description\" content=\"Ekinat Pflege gegen Galle\/Matsch beim Pferd mit Cade-\u00d6l und Allantoin. Beruhigt, reinigt und unterst\u00fctzt die Hautreparatur.\" \/>\n<meta name=\"robots\" content=\"index, follow, max-snippet:-1, max-image-preview:large, max-video-preview:-1\" \/>\n<link rel=\"canonical\" href=\"https:\/\/sweet-horse.ch\/de\/produit\/ekinat-matsch-gallepflege-400-ml\/\" \/>\n<meta property=\"og:locale\" content=\"de_DE\" \/>\n<meta property=\"og:type\" content=\"article\" \/>\n<meta property=\"og:title\" content=\"Ekinat \u2013 Matsch- &amp; Gallepflege 400\u202fml - Sweet Horse\" \/>\n<meta property=\"og:description\" content=\"Ekinat Pflege gegen Galle\/Matsch beim Pferd mit Cade-\u00d6l und Allantoin. Beruhigt, reinigt und unterst\u00fctzt die Hautreparatur.\" \/>\n<meta property=\"og:url\" content=\"https:\/\/sweet-horse.ch\/de\/produit\/ekinat-matsch-gallepflege-400-ml\/\" \/>\n<meta property=\"og:site_name\" content=\"Sweet Horse\" \/>\n<meta property=\"og:image\" content=\"https:\/\/i0.wp.com\/sweet-horse.ch\/wp-content\/uploads\/2026\/03\/Ekinat-Soin-gale-de-boue.png?fit=600%2C600&ssl=1\" \/>\n\t<meta property=\"og:image:width\" content=\"600\" \/>\n\t<meta property=\"og:image:height\" content=\"600\" \/>\n\t<meta property=\"og:image:type\" content=\"image\/png\" \/>\n<meta name=\"twitter:card\" content=\"summary_large_image\" \/>\n<meta name=\"twitter:label1\" content=\"Gesch\u00e4tzte Lesezeit\" \/>\n\t<meta name=\"twitter:data1\" content=\"1\u00a0Minute\" \/>\n<script type=\"application\/ld+json\" class=\"yoast-schema-graph\">{\"@context\":\"https:\\\/\\\/schema.org\",\"@graph\":[{\"@type\":\"WebPage\",\"@id\":\"https:\\\/\\\/sweet-horse.ch\\\/de\\\/produit\\\/ekinat-matsch-gallepflege-400-ml\\\/\",\"url\":\"https:\\\/\\\/sweet-horse.ch\\\/de\\\/produit\\\/ekinat-matsch-gallepflege-400-ml\\\/\",\"name\":\"Ekinat \u2013 Matsch- &amp; Gallepflege 400\u202fml - Sweet Horse\",\"isPartOf\":{\"@id\":\"https:\\\/\\\/sweet-horse.ch\\\/de\\\/#website\"},\"primaryImageOfPage\":{\"@id\":\"https:\\\/\\\/sweet-horse.ch\\\/de\\\/produit\\\/ekinat-matsch-gallepflege-400-ml\\\/#primaryimage\"},\"image\":{\"@id\":\"https:\\\/\\\/sweet-horse.ch\\\/de\\\/produit\\\/ekinat-matsch-gallepflege-400-ml\\\/#primaryimage\"},\"thumbnailUrl\":\"https:\\\/\\\/i0.wp.com\\\/sweet-horse.ch\\\/wp-content\\\/uploads\\\/2026\\\/03\\\/Ekinat-Soin-gale-de-boue.png?fit=600%2C600&ssl=1\",\"datePublished\":\"2026-03-18T16:38:07+00:00\",\"description\":\"Ekinat Pflege gegen Galle\\\/Matsch beim Pferd mit Cade-\u00d6l und Allantoin. Beruhigt, reinigt und unterst\u00fctzt die Hautreparatur.\",\"breadcrumb\":{\"@id\":\"https:\\\/\\\/sweet-horse.ch\\\/de\\\/produit\\\/ekinat-matsch-gallepflege-400-ml\\\/#breadcrumb\"},\"inLanguage\":\"de\",\"potentialAction\":[{\"@type\":\"ReadAction\",\"target\":[\"https:\\\/\\\/sweet-horse.ch\\\/de\\\/produit\\\/ekinat-matsch-gallepflege-400-ml\\\/\"]}]},{\"@type\":\"ImageObject\",\"inLanguage\":\"de\",\"@id\":\"https:\\\/\\\/sweet-horse.ch\\\/de\\\/produit\\\/ekinat-matsch-gallepflege-400-ml\\\/#primaryimage\",\"url\":\"https:\\\/\\\/i0.wp.com\\\/sweet-horse.ch\\\/wp-content\\\/uploads\\\/2026\\\/03\\\/Ekinat-Soin-gale-de-boue.png?fit=600%2C600&ssl=1\",\"contentUrl\":\"https:\\\/\\\/i0.wp.com\\\/sweet-horse.ch\\\/wp-content\\\/uploads\\\/2026\\\/03\\\/Ekinat-Soin-gale-de-boue.png?fit=600%2C600&ssl=1\",\"width\":600,\"height\":600,\"caption\":\"Ekinat \u2013 Matsch- &amp; Gallepflege 400\u202fml\"},{\"@type\":\"BreadcrumbList\",\"@id\":\"https:\\\/\\\/sweet-horse.ch\\\/de\\\/produit\\\/ekinat-matsch-gallepflege-400-ml\\\/#breadcrumb\",\"itemListElement\":[{\"@type\":\"ListItem\",\"position\":1,\"name\":\"Startseite\",\"item\":\"https:\\\/\\\/sweet-horse.ch\\\/de\\\/startseite\\\/\"},{\"@type\":\"ListItem\",\"position\":2,\"name\":\"Shop\",\"item\":\"https:\\\/\\\/sweet-horse.ch\\\/de\\\/shop\\\/\"},{\"@type\":\"ListItem\",\"position\":3,\"name\":\"Priv\u00e9\u00a0: Ekinat \u2013 Matsch- &amp; Gallepflege 400\u202fml\"}]},{\"@type\":\"WebSite\",\"@id\":\"https:\\\/\\\/sweet-horse.ch\\\/de\\\/#website\",\"url\":\"https:\\\/\\\/sweet-horse.ch\\\/de\\\/\",\"name\":\"Sweet Horse\",\"description\":\"Naturellement \u00e0 l&#039;\u00e9coute de votre compagnon \u00e9quin\",\"publisher\":{\"@id\":\"https:\\\/\\\/sweet-horse.ch\\\/de\\\/#organization\"},\"potentialAction\":[{\"@type\":\"SearchAction\",\"target\":{\"@type\":\"EntryPoint\",\"urlTemplate\":\"https:\\\/\\\/sweet-horse.ch\\\/de\\\/?s={search_term_string}\"},\"query-input\":{\"@type\":\"PropertyValueSpecification\",\"valueRequired\":true,\"valueName\":\"search_term_string\"}}],\"inLanguage\":\"de\"},{\"@type\":\"Organization\",\"@id\":\"https:\\\/\\\/sweet-horse.ch\\\/de\\\/#organization\",\"name\":\"Sweet Horse\",\"url\":\"https:\\\/\\\/sweet-horse.ch\\\/de\\\/\",\"logo\":{\"@type\":\"ImageObject\",\"inLanguage\":\"de\",\"@id\":\"https:\\\/\\\/sweet-horse.ch\\\/de\\\/#\\\/schema\\\/logo\\\/image\\\/\",\"url\":\"https:\\\/\\\/i0.wp.com\\\/sweet-horse.ch\\\/wp-content\\\/uploads\\\/2023\\\/12\\\/cropped-cropped-sweethorse_RVB-scaled-1.webp?fit=1763%2C1920&ssl=1\",\"contentUrl\":\"https:\\\/\\\/i0.wp.com\\\/sweet-horse.ch\\\/wp-content\\\/uploads\\\/2023\\\/12\\\/cropped-cropped-sweethorse_RVB-scaled-1.webp?fit=1763%2C1920&ssl=1\",\"width\":1763,\"height\":1920,\"caption\":\"Sweet Horse\"},\"image\":{\"@id\":\"https:\\\/\\\/sweet-horse.ch\\\/de\\\/#\\\/schema\\\/logo\\\/image\\\/\"},\"sameAs\":[\"https:\\\/\\\/www.instagram.com\\\/sweet_horse.ch\"]}]}<\/script>\n<!-- \/ Yoast SEO plugin. -->","yoast_head_json":{"title":"Ekinat \u2013 Matsch- &amp; Gallepflege 400\u202fml - Sweet Horse","description":"Ekinat Pflege gegen Galle\/Matsch beim Pferd mit Cade-\u00d6l und Allantoin. Beruhigt, reinigt und unterst\u00fctzt die Hautreparatur.","robots":{"index":"index","follow":"follow","max-snippet":"max-snippet:-1","max-image-preview":"max-image-preview:large","max-video-preview":"max-video-preview:-1"},"canonical":"https:\/\/sweet-horse.ch\/de\/produit\/ekinat-matsch-gallepflege-400-ml\/","og_locale":"de_DE","og_type":"article","og_title":"Ekinat \u2013 Matsch- &amp; Gallepflege 400\u202fml - Sweet Horse","og_description":"Ekinat Pflege gegen Galle\/Matsch beim Pferd mit Cade-\u00d6l und Allantoin. Beruhigt, reinigt und unterst\u00fctzt die Hautreparatur.","og_url":"https:\/\/sweet-horse.ch\/de\/produit\/ekinat-matsch-gallepflege-400-ml\/","og_site_name":"Sweet Horse","og_image":[{"width":600,"height":600,"url":"https:\/\/i0.wp.com\/sweet-horse.ch\/wp-content\/uploads\/2026\/03\/Ekinat-Soin-gale-de-boue.png?fit=600%2C600&ssl=1","type":"image\/png"}],"twitter_card":"summary_large_image","twitter_misc":{"Gesch\u00e4tzte Lesezeit":"1\u00a0Minute"},"schema":{"@context":"https:\/\/schema.org","@graph":[{"@type":"WebPage","@id":"https:\/\/sweet-horse.ch\/de\/produit\/ekinat-matsch-gallepflege-400-ml\/","url":"https:\/\/sweet-horse.ch\/de\/produit\/ekinat-matsch-gallepflege-400-ml\/","name":"Ekinat \u2013 Matsch- &amp; Gallepflege 400\u202fml - Sweet Horse","isPartOf":{"@id":"https:\/\/sweet-horse.ch\/de\/#website"},"primaryImageOfPage":{"@id":"https:\/\/sweet-horse.ch\/de\/produit\/ekinat-matsch-gallepflege-400-ml\/#primaryimage"},"image":{"@id":"https:\/\/sweet-horse.ch\/de\/produit\/ekinat-matsch-gallepflege-400-ml\/#primaryimage"},"thumbnailUrl":"https:\/\/i0.wp.com\/sweet-horse.ch\/wp-content\/uploads\/2026\/03\/Ekinat-Soin-gale-de-boue.png?fit=600%2C600&ssl=1","datePublished":"2026-03-18T16:38:07+00:00","description":"Ekinat Pflege gegen Galle\/Matsch beim Pferd mit Cade-\u00d6l und Allantoin. Beruhigt, reinigt und unterst\u00fctzt die Hautreparatur.","breadcrumb":{"@id":"https:\/\/sweet-horse.ch\/de\/produit\/ekinat-matsch-gallepflege-400-ml\/#breadcrumb"},"inLanguage":"de","potentialAction":[{"@type":"ReadAction","target":["https:\/\/sweet-horse.ch\/de\/produit\/ekinat-matsch-gallepflege-400-ml\/"]}]},{"@type":"ImageObject","inLanguage":"de","@id":"https:\/\/sweet-horse.ch\/de\/produit\/ekinat-matsch-gallepflege-400-ml\/#primaryimage","url":"https:\/\/i0.wp.com\/sweet-horse.ch\/wp-content\/uploads\/2026\/03\/Ekinat-Soin-gale-de-boue.png?fit=600%2C600&ssl=1","contentUrl":"https:\/\/i0.wp.com\/sweet-horse.ch\/wp-content\/uploads\/2026\/03\/Ekinat-Soin-gale-de-boue.png?fit=600%2C600&ssl=1","width":600,"height":600,"caption":"Ekinat \u2013 Matsch- &amp; Gallepflege 400\u202fml"},{"@type":"BreadcrumbList","@id":"https:\/\/sweet-horse.ch\/de\/produit\/ekinat-matsch-gallepflege-400-ml\/#breadcrumb","itemListElement":[{"@type":"ListItem","position":1,"name":"Startseite","item":"https:\/\/sweet-horse.ch\/de\/startseite\/"},{"@type":"ListItem","position":2,"name":"Shop","item":"https:\/\/sweet-horse.ch\/de\/shop\/"},{"@type":"ListItem","position":3,"name":"Priv\u00e9\u00a0: Ekinat \u2013 Matsch- &amp; Gallepflege 400\u202fml"}]},{"@type":"WebSite","@id":"https:\/\/sweet-horse.ch\/de\/#website","url":"https:\/\/sweet-horse.ch\/de\/","name":"Sweet Horse","description":"Naturellement \u00e0 l&#039;\u00e9coute de votre compagnon \u00e9quin","publisher":{"@id":"https:\/\/sweet-horse.ch\/de\/#organization"},"potentialAction":[{"@type":"SearchAction","target":{"@type":"EntryPoint","urlTemplate":"https:\/\/sweet-horse.ch\/de\/?s={search_term_string}"},"query-input":{"@type":"PropertyValueSpecification","valueRequired":true,"valueName":"search_term_string"}}],"inLanguage":"de"},{"@type":"Organization","@id":"https:\/\/sweet-horse.ch\/de\/#organization","name":"Sweet Horse","url":"https:\/\/sweet-horse.ch\/de\/","logo":{"@type":"ImageObject","inLanguage":"de","@id":"https:\/\/sweet-horse.ch\/de\/#\/schema\/logo\/image\/","url":"https:\/\/i0.wp.com\/sweet-horse.ch\/wp-content\/uploads\/2023\/12\/cropped-cropped-sweethorse_RVB-scaled-1.webp?fit=1763%2C1920&ssl=1","contentUrl":"https:\/\/i0.wp.com\/sweet-horse.ch\/wp-content\/uploads\/2023\/12\/cropped-cropped-sweethorse_RVB-scaled-1.webp?fit=1763%2C1920&ssl=1","width":1763,"height":1920,"caption":"Sweet Horse"},"image":{"@id":"https:\/\/sweet-horse.ch\/de\/#\/schema\/logo\/image\/"},"sameAs":["https:\/\/www.instagram.com\/sweet_horse.ch"]}]}},"_links":{"self":[{"href":"https:\/\/sweet-horse.ch\/de\/wp-json\/wp\/v2\/product\/34397","targetHints":{"allow":["GET"]}}],"collection":[{"href":"https:\/\/sweet-horse.ch\/de\/wp-json\/wp\/v2\/product"}],"about":[{"href":"https:\/\/sweet-horse.ch\/de\/wp-json\/wp\/v2\/types\/product"}],"version-history":[{"count":0,"href":"https:\/\/sweet-horse.ch\/de\/wp-json\/wp\/v2\/product\/34397\/revisions"}],"wp:featuredmedia":[{"embeddable":true,"href":"https:\/\/sweet-horse.ch\/de\/wp-json\/wp\/v2\/media\/34396"}],"wp:attachment":[{"href":"https:\/\/sweet-horse.ch\/de\/wp-json\/wp\/v2\/media?parent=34397"}],"wp:term":[{"taxonomy":"product_brand","embeddable":true,"href":"https:\/\/sweet-horse.ch\/de\/wp-json\/wp\/v2\/product_brand?post=34397"},{"taxonomy":"product_cat","embeddable":true,"href":"https:\/\/sweet-horse.ch\/de\/wp-json\/wp\/v2\/product_cat?post=34397"},{"taxonomy":"product_tag","embeddable":true,"href":"https:\/\/sweet-horse.ch\/de\/wp-json\/wp\/v2\/product_tag?post=34397"}],"curies":[{"name":"wp","href":"https:\/\/api.w.org\/{rel}","templated":true}]}}