{"id":34555,"date":"2026-04-24T15:58:21","date_gmt":"2026-04-24T13:58:21","guid":{"rendered":"https:\/\/sweet-horse.ch\/produit\/nellumbo-serenitaetsserum-35-ml\/"},"modified":"2026-04-24T15:58:21","modified_gmt":"2026-04-24T13:58:21","slug":"nellumbo-serenitaetsserum-35-ml","status":"publish","type":"product","link":"https:\/\/sweet-horse.ch\/de\/produit\/nellumbo-serenitaetsserum-35-ml\/","title":{"rendered":"Nellumbo \u2013 Serenit\u00e4tsserum 35 ml"},"content":{"rendered":"<p data-start=\"96\" data-end=\"406\">Das <strong data-start=\"99\" data-end=\"126\">Nellumbo Serenit\u00e4tsserum<\/strong> ist eine nat\u00fcrliche olfaktorische Pflege, speziell formuliert, um das Pferd in Momenten von Stress, Anspannung oder starker Stimulation zu begleiten. Es f\u00f6rdert emotionale Entspannung, verbessert die Konzentration und hilft dem Pferd, wieder einen Zustand von Ruhe und mentaler Verf\u00fcgbarkeit zu finden. <\/p>\n<p data-start=\"408\" data-end=\"710\">Dank einer ausgewogenen Synergie \u00e4therischer \u00d6le, die f\u00fcr ihre beruhigenden Eigenschaften bekannt sind, wirkt dieses Serum schnell \u00fcber den Geruchssinn, ohne direkten Kontakt mit den Schleimh\u00e4uten. Es wird besonders vor der Arbeit, dem Transport, einer Pflegesitzung oder zur Vorbereitung auf einen Wettkampf empfohlen. <\/p>\n<p data-start=\"712\" data-end=\"972\">Seine leichte, nicht fettende Textur zieht sofort ein und erm\u00f6glicht eine einfache, angenehme Anwendung, ohne R\u00fcckst\u00e4nde zu hinterlassen. Bei regelm\u00e4\u00dfiger Anwendung tr\u00e4gt es dazu bei, ein Klima des Vertrauens zu schaffen und das Pferd bei der Emotionsregulation zu begleiten. <\/p>\n<p data-start=\"974\" data-end=\"1003\"><strong data-start=\"974\" data-end=\"1003\">Die Pluspunkte des Serenit\u00e4tsserums:<\/strong><\/p>\n<ul data-start=\"1004\" data-end=\"1357\">\n<li data-section-id=\"e7fgtf\" data-start=\"1004\" data-end=\"1051\">F\u00f6rdert eine nat\u00fcrliche emotionale Entspannung<\/li>\n<li data-section-id=\"1k0gjlm\" data-start=\"1052\" data-end=\"1095\">Hilft, Stress und Angst zu regulieren<\/li>\n<li data-section-id=\"1az72in\" data-start=\"1096\" data-end=\"1153\">Verbessert Konzentration und mentale Verf\u00fcgbarkeit<\/li>\n<li data-section-id=\"1utfove\" data-start=\"1154\" data-end=\"1203\">Schnelle Wirkung dank olfaktorischer Anwendung<\/li>\n<li data-section-id=\"13o1m7o\" data-start=\"1204\" data-end=\"1253\">Ideal vor Arbeit, Transport oder Wettkampf<\/li>\n<li data-section-id=\"9b9zp6\" data-start=\"1254\" data-end=\"1289\">Leichte Textur, ohne Fettfilm<\/li>\n<li data-section-id=\"13tucq9\" data-start=\"1290\" data-end=\"1357\">Formel 100 % nat\u00fcrlichen Ursprungs, ohne Zusatzstoffe und ohne Petrochemie<\/li>\n<\/ul>\n<p data-start=\"1359\" data-end=\"1407\"><strong data-start=\"1359\" data-end=\"1405\">Eine Synergie beruhigender nat\u00fcrlicher Wirkstoffe:<\/strong><\/p>\n<ul data-start=\"1408\" data-end=\"1841\">\n<li data-section-id=\"1ugs8am\" data-start=\"1408\" data-end=\"1485\">Traubenkern\u00f6l: sanfte Tr\u00e4gerbasis, feuchtigkeitsspendend und schnell einziehend<\/li>\n<li data-section-id=\"u3zm7k\" data-start=\"1486\" data-end=\"1545\">Sonnenblumen\u00f6l: sch\u00fctzend und reich an Vitamin E<\/li>\n<li data-section-id=\"yfcjon\" data-start=\"1546\" data-end=\"1602\">Coco-Caprylate: trockenes Hautgef\u00fchl, erleichtert die Anwendung<\/li>\n<li data-section-id=\"jhvn2h\" data-start=\"1603\" data-end=\"1680\">\u00c4therisches Petitgrain-\u00d6l: hilft, Stress und Angst zu reduzieren<\/li>\n<li data-section-id=\"1mjjiq5\" data-start=\"1681\" data-end=\"1767\">\u00c4therisches Ylang-Ylang-\u00d6l: f\u00f6rdert Entspannung und emotionales Gleichgewicht<\/li>\n<li data-section-id=\"1lh505t\" data-start=\"1768\" data-end=\"1841\">\u00c4therisches Lavendel\u00f6l: bekannt f\u00fcr seine beruhigenden Eigenschaften<\/li>\n<\/ul>\n<p data-start=\"1843\" data-end=\"2071\"><strong data-start=\"1843\" data-end=\"1857\">Ergebnis:<\/strong> ein ruhigeres, konzentrierteres und mental verf\u00fcgbareres Pferd, mit einem sp\u00fcrbaren Gef\u00fchl der Entspannung bereits in den ersten Minuten. Ideal, um potenziell stressige Situationen sanft zu begleiten. <\/p>\n","protected":false},"excerpt":{"rendered":"<p data-start=\"2111\" data-end=\"2202\">Nat\u00fcrliches Beruhigungsserum, das Entspannung, Konzentration und Stressmanagement f\u00f6rdert.<\/p>\n","protected":false},"featured_media":34539,"template":"","meta":{"site-sidebar-layout":"default","site-content-layout":"","ast-site-content-layout":"default","site-content-style":"default","site-sidebar-style":"default","ast-global-header-display":"","ast-banner-title-visibility":"","ast-main-header-display":"","ast-hfb-above-header-display":"","ast-hfb-below-header-display":"","ast-hfb-mobile-header-display":"","site-post-title":"","ast-breadcrumbs-content":"","ast-featured-img":"","footer-sml-layout":"","ast-disable-related-posts":"","theme-transparent-header-meta":"default","adv-header-id-meta":"","stick-header-meta":"default","header-above-stick-meta":"","header-main-stick-meta":"","header-below-stick-meta":"","astra-migrate-meta-layouts":"default","ast-page-background-enabled":"default","ast-page-background-meta":{"desktop":{"background-color":"var(--ast-global-color-4)","background-image":"","background-repeat":"repeat","background-position":"center center","background-size":"auto","background-attachment":"scroll","background-type":"","background-media":"","overlay-type":"","overlay-color":"","overlay-opacity":"","overlay-gradient":""},"tablet":{"background-color":"","background-image":"","background-repeat":"repeat","background-position":"center center","background-size":"auto","background-attachment":"scroll","background-type":"","background-media":"","overlay-type":"","overlay-color":"","overlay-opacity":"","overlay-gradient":""},"mobile":{"background-color":"","background-image":"","background-repeat":"repeat","background-position":"center center","background-size":"auto","background-attachment":"scroll","background-type":"","background-media":"","overlay-type":"","overlay-color":"","overlay-opacity":"","overlay-gradient":""}},"ast-content-background-meta":{"desktop":{"background-color":"var(--ast-global-color-5)","background-image":"","background-repeat":"repeat","background-position":"center center","background-size":"auto","background-attachment":"scroll","background-type":"","background-media":"","overlay-type":"","overlay-color":"","overlay-opacity":"","overlay-gradient":""},"tablet":{"background-color":"var(--ast-global-color-5)","background-image":"","background-repeat":"repeat","background-position":"center center","background-size":"auto","background-attachment":"scroll","background-type":"","background-media":"","overlay-type":"","overlay-color":"","overlay-opacity":"","overlay-gradient":""},"mobile":{"background-color":"var(--ast-global-color-5)","background-image":"","background-repeat":"repeat","background-position":"center center","background-size":"auto","background-attachment":"scroll","background-type":"","background-media":"","overlay-type":"","overlay-color":"","overlay-opacity":"","overlay-gradient":""}}},"product_brand":[],"product_cat":[124,108,120,117,112],"product_tag":[],"class_list":{"0":"post-34555","1":"product","2":"type-product","3":"status-publish","4":"has-post-thumbnail","6":"product_cat-augen-nustern","7":"product_cat-erganzungsmittel","8":"product_cat-nellumbo","9":"product_cat-pflege","10":"product_cat-verhalten-stress","11":"desktop-align-left","12":"tablet-align-left","13":"mobile-align-left","14":"ast-product-gallery-layout-first-image-large","15":"ast-product-gallery-with-no-image","16":"ast-product-tabs-layout-horizontal","18":"first","19":"instock","20":"purchasable","21":"product-type-simple"},"yoast_head":"<!-- This site is optimized with the Yoast SEO plugin v27.4 - https:\/\/yoast.com\/product\/yoast-seo-wordpress\/ -->\n<title>Nellumbo \u2013 Serenit\u00e4tsserum 35 ml - Sweet Horse<\/title>\n<meta name=\"description\" content=\"100 % nat\u00fcrliches Beruhigungsserum f\u00fcr Pferde. Hilft, Stress zu reduzieren, Entspannung zu f\u00f6rdern und die Konzentration vor Arbeit oder Transport zu verbessern.\" \/>\n<meta name=\"robots\" content=\"index, follow, max-snippet:-1, max-image-preview:large, max-video-preview:-1\" \/>\n<link rel=\"canonical\" href=\"https:\/\/sweet-horse.ch\/de\/produit\/nellumbo-serenitaetsserum-35-ml\/\" \/>\n<meta property=\"og:locale\" content=\"de_DE\" \/>\n<meta property=\"og:type\" content=\"article\" \/>\n<meta property=\"og:title\" content=\"Nellumbo \u2013 Serenit\u00e4tsserum 35 ml - Sweet Horse\" \/>\n<meta property=\"og:description\" content=\"100 % nat\u00fcrliches Beruhigungsserum f\u00fcr Pferde. Hilft, Stress zu reduzieren, Entspannung zu f\u00f6rdern und die Konzentration vor Arbeit oder Transport zu verbessern.\" \/>\n<meta property=\"og:url\" content=\"https:\/\/sweet-horse.ch\/de\/produit\/nellumbo-serenitaetsserum-35-ml\/\" \/>\n<meta property=\"og:site_name\" content=\"Sweet Horse\" \/>\n<meta property=\"og:image\" content=\"https:\/\/i0.wp.com\/sweet-horse.ch\/wp-content\/uploads\/2026\/04\/Nellumbo-Serum-serenite.png?fit=800%2C800&ssl=1\" \/>\n\t<meta property=\"og:image:width\" content=\"800\" \/>\n\t<meta property=\"og:image:height\" content=\"800\" \/>\n\t<meta property=\"og:image:type\" content=\"image\/png\" \/>\n<meta name=\"twitter:card\" content=\"summary_large_image\" \/>\n<meta name=\"twitter:label1\" content=\"Gesch\u00e4tzte Lesezeit\" \/>\n\t<meta name=\"twitter:data1\" content=\"1\u00a0Minute\" \/>\n<script type=\"application\/ld+json\" class=\"yoast-schema-graph\">{\"@context\":\"https:\\\/\\\/schema.org\",\"@graph\":[{\"@type\":\"WebPage\",\"@id\":\"https:\\\/\\\/sweet-horse.ch\\\/de\\\/produit\\\/nellumbo-serenitaetsserum-35-ml\\\/\",\"url\":\"https:\\\/\\\/sweet-horse.ch\\\/de\\\/produit\\\/nellumbo-serenitaetsserum-35-ml\\\/\",\"name\":\"Nellumbo \u2013 Serenit\u00e4tsserum 35 ml - Sweet Horse\",\"isPartOf\":{\"@id\":\"https:\\\/\\\/sweet-horse.ch\\\/de\\\/#website\"},\"primaryImageOfPage\":{\"@id\":\"https:\\\/\\\/sweet-horse.ch\\\/de\\\/produit\\\/nellumbo-serenitaetsserum-35-ml\\\/#primaryimage\"},\"image\":{\"@id\":\"https:\\\/\\\/sweet-horse.ch\\\/de\\\/produit\\\/nellumbo-serenitaetsserum-35-ml\\\/#primaryimage\"},\"thumbnailUrl\":\"https:\\\/\\\/i0.wp.com\\\/sweet-horse.ch\\\/wp-content\\\/uploads\\\/2026\\\/04\\\/Nellumbo-Serum-serenite.png?fit=800%2C800&ssl=1\",\"datePublished\":\"2026-04-24T13:58:21+00:00\",\"description\":\"100 % nat\u00fcrliches Beruhigungsserum f\u00fcr Pferde. Hilft, Stress zu reduzieren, Entspannung zu f\u00f6rdern und die Konzentration vor Arbeit oder Transport zu verbessern.\",\"breadcrumb\":{\"@id\":\"https:\\\/\\\/sweet-horse.ch\\\/de\\\/produit\\\/nellumbo-serenitaetsserum-35-ml\\\/#breadcrumb\"},\"inLanguage\":\"de\",\"potentialAction\":[{\"@type\":\"ReadAction\",\"target\":[\"https:\\\/\\\/sweet-horse.ch\\\/de\\\/produit\\\/nellumbo-serenitaetsserum-35-ml\\\/\"]}]},{\"@type\":\"ImageObject\",\"inLanguage\":\"de\",\"@id\":\"https:\\\/\\\/sweet-horse.ch\\\/de\\\/produit\\\/nellumbo-serenitaetsserum-35-ml\\\/#primaryimage\",\"url\":\"https:\\\/\\\/i0.wp.com\\\/sweet-horse.ch\\\/wp-content\\\/uploads\\\/2026\\\/04\\\/Nellumbo-Serum-serenite.png?fit=800%2C800&ssl=1\",\"contentUrl\":\"https:\\\/\\\/i0.wp.com\\\/sweet-horse.ch\\\/wp-content\\\/uploads\\\/2026\\\/04\\\/Nellumbo-Serum-serenite.png?fit=800%2C800&ssl=1\",\"width\":800,\"height\":800,\"caption\":\"Nellumbo \u2013 Serenit\u00e4tsserum 35 ml\"},{\"@type\":\"BreadcrumbList\",\"@id\":\"https:\\\/\\\/sweet-horse.ch\\\/de\\\/produit\\\/nellumbo-serenitaetsserum-35-ml\\\/#breadcrumb\",\"itemListElement\":[{\"@type\":\"ListItem\",\"position\":1,\"name\":\"Startseite\",\"item\":\"https:\\\/\\\/sweet-horse.ch\\\/de\\\/startseite\\\/\"},{\"@type\":\"ListItem\",\"position\":2,\"name\":\"Shop\",\"item\":\"https:\\\/\\\/sweet-horse.ch\\\/de\\\/shop\\\/\"},{\"@type\":\"ListItem\",\"position\":3,\"name\":\"Nellumbo \u2013 Serenit\u00e4tsserum 35 ml\"}]},{\"@type\":\"WebSite\",\"@id\":\"https:\\\/\\\/sweet-horse.ch\\\/de\\\/#website\",\"url\":\"https:\\\/\\\/sweet-horse.ch\\\/de\\\/\",\"name\":\"Sweet Horse\",\"description\":\"Naturellement \u00e0 l&#039;\u00e9coute de votre compagnon \u00e9quin\",\"publisher\":{\"@id\":\"https:\\\/\\\/sweet-horse.ch\\\/de\\\/#organization\"},\"potentialAction\":[{\"@type\":\"SearchAction\",\"target\":{\"@type\":\"EntryPoint\",\"urlTemplate\":\"https:\\\/\\\/sweet-horse.ch\\\/de\\\/?s={search_term_string}\"},\"query-input\":{\"@type\":\"PropertyValueSpecification\",\"valueRequired\":true,\"valueName\":\"search_term_string\"}}],\"inLanguage\":\"de\"},{\"@type\":\"Organization\",\"@id\":\"https:\\\/\\\/sweet-horse.ch\\\/de\\\/#organization\",\"name\":\"Sweet Horse\",\"url\":\"https:\\\/\\\/sweet-horse.ch\\\/de\\\/\",\"logo\":{\"@type\":\"ImageObject\",\"inLanguage\":\"de\",\"@id\":\"https:\\\/\\\/sweet-horse.ch\\\/de\\\/#\\\/schema\\\/logo\\\/image\\\/\",\"url\":\"https:\\\/\\\/i0.wp.com\\\/sweet-horse.ch\\\/wp-content\\\/uploads\\\/2023\\\/12\\\/cropped-cropped-sweethorse_RVB-scaled-1.webp?fit=1763%2C1920&ssl=1\",\"contentUrl\":\"https:\\\/\\\/i0.wp.com\\\/sweet-horse.ch\\\/wp-content\\\/uploads\\\/2023\\\/12\\\/cropped-cropped-sweethorse_RVB-scaled-1.webp?fit=1763%2C1920&ssl=1\",\"width\":1763,\"height\":1920,\"caption\":\"Sweet Horse\"},\"image\":{\"@id\":\"https:\\\/\\\/sweet-horse.ch\\\/de\\\/#\\\/schema\\\/logo\\\/image\\\/\"},\"sameAs\":[\"https:\\\/\\\/www.instagram.com\\\/sweet_horse.ch\"]}]}<\/script>\n<!-- \/ Yoast SEO plugin. -->","yoast_head_json":{"title":"Nellumbo \u2013 Serenit\u00e4tsserum 35 ml - Sweet Horse","description":"100 % nat\u00fcrliches Beruhigungsserum f\u00fcr Pferde. Hilft, Stress zu reduzieren, Entspannung zu f\u00f6rdern und die Konzentration vor Arbeit oder Transport zu verbessern.","robots":{"index":"index","follow":"follow","max-snippet":"max-snippet:-1","max-image-preview":"max-image-preview:large","max-video-preview":"max-video-preview:-1"},"canonical":"https:\/\/sweet-horse.ch\/de\/produit\/nellumbo-serenitaetsserum-35-ml\/","og_locale":"de_DE","og_type":"article","og_title":"Nellumbo \u2013 Serenit\u00e4tsserum 35 ml - Sweet Horse","og_description":"100 % nat\u00fcrliches Beruhigungsserum f\u00fcr Pferde. Hilft, Stress zu reduzieren, Entspannung zu f\u00f6rdern und die Konzentration vor Arbeit oder Transport zu verbessern.","og_url":"https:\/\/sweet-horse.ch\/de\/produit\/nellumbo-serenitaetsserum-35-ml\/","og_site_name":"Sweet Horse","og_image":[{"width":800,"height":800,"url":"https:\/\/i0.wp.com\/sweet-horse.ch\/wp-content\/uploads\/2026\/04\/Nellumbo-Serum-serenite.png?fit=800%2C800&ssl=1","type":"image\/png"}],"twitter_card":"summary_large_image","twitter_misc":{"Gesch\u00e4tzte Lesezeit":"1\u00a0Minute"},"schema":{"@context":"https:\/\/schema.org","@graph":[{"@type":"WebPage","@id":"https:\/\/sweet-horse.ch\/de\/produit\/nellumbo-serenitaetsserum-35-ml\/","url":"https:\/\/sweet-horse.ch\/de\/produit\/nellumbo-serenitaetsserum-35-ml\/","name":"Nellumbo \u2013 Serenit\u00e4tsserum 35 ml - Sweet Horse","isPartOf":{"@id":"https:\/\/sweet-horse.ch\/de\/#website"},"primaryImageOfPage":{"@id":"https:\/\/sweet-horse.ch\/de\/produit\/nellumbo-serenitaetsserum-35-ml\/#primaryimage"},"image":{"@id":"https:\/\/sweet-horse.ch\/de\/produit\/nellumbo-serenitaetsserum-35-ml\/#primaryimage"},"thumbnailUrl":"https:\/\/i0.wp.com\/sweet-horse.ch\/wp-content\/uploads\/2026\/04\/Nellumbo-Serum-serenite.png?fit=800%2C800&ssl=1","datePublished":"2026-04-24T13:58:21+00:00","description":"100 % nat\u00fcrliches Beruhigungsserum f\u00fcr Pferde. Hilft, Stress zu reduzieren, Entspannung zu f\u00f6rdern und die Konzentration vor Arbeit oder Transport zu verbessern.","breadcrumb":{"@id":"https:\/\/sweet-horse.ch\/de\/produit\/nellumbo-serenitaetsserum-35-ml\/#breadcrumb"},"inLanguage":"de","potentialAction":[{"@type":"ReadAction","target":["https:\/\/sweet-horse.ch\/de\/produit\/nellumbo-serenitaetsserum-35-ml\/"]}]},{"@type":"ImageObject","inLanguage":"de","@id":"https:\/\/sweet-horse.ch\/de\/produit\/nellumbo-serenitaetsserum-35-ml\/#primaryimage","url":"https:\/\/i0.wp.com\/sweet-horse.ch\/wp-content\/uploads\/2026\/04\/Nellumbo-Serum-serenite.png?fit=800%2C800&ssl=1","contentUrl":"https:\/\/i0.wp.com\/sweet-horse.ch\/wp-content\/uploads\/2026\/04\/Nellumbo-Serum-serenite.png?fit=800%2C800&ssl=1","width":800,"height":800,"caption":"Nellumbo \u2013 Serenit\u00e4tsserum 35 ml"},{"@type":"BreadcrumbList","@id":"https:\/\/sweet-horse.ch\/de\/produit\/nellumbo-serenitaetsserum-35-ml\/#breadcrumb","itemListElement":[{"@type":"ListItem","position":1,"name":"Startseite","item":"https:\/\/sweet-horse.ch\/de\/startseite\/"},{"@type":"ListItem","position":2,"name":"Shop","item":"https:\/\/sweet-horse.ch\/de\/shop\/"},{"@type":"ListItem","position":3,"name":"Nellumbo \u2013 Serenit\u00e4tsserum 35 ml"}]},{"@type":"WebSite","@id":"https:\/\/sweet-horse.ch\/de\/#website","url":"https:\/\/sweet-horse.ch\/de\/","name":"Sweet Horse","description":"Naturellement \u00e0 l&#039;\u00e9coute de votre compagnon \u00e9quin","publisher":{"@id":"https:\/\/sweet-horse.ch\/de\/#organization"},"potentialAction":[{"@type":"SearchAction","target":{"@type":"EntryPoint","urlTemplate":"https:\/\/sweet-horse.ch\/de\/?s={search_term_string}"},"query-input":{"@type":"PropertyValueSpecification","valueRequired":true,"valueName":"search_term_string"}}],"inLanguage":"de"},{"@type":"Organization","@id":"https:\/\/sweet-horse.ch\/de\/#organization","name":"Sweet Horse","url":"https:\/\/sweet-horse.ch\/de\/","logo":{"@type":"ImageObject","inLanguage":"de","@id":"https:\/\/sweet-horse.ch\/de\/#\/schema\/logo\/image\/","url":"https:\/\/i0.wp.com\/sweet-horse.ch\/wp-content\/uploads\/2023\/12\/cropped-cropped-sweethorse_RVB-scaled-1.webp?fit=1763%2C1920&ssl=1","contentUrl":"https:\/\/i0.wp.com\/sweet-horse.ch\/wp-content\/uploads\/2023\/12\/cropped-cropped-sweethorse_RVB-scaled-1.webp?fit=1763%2C1920&ssl=1","width":1763,"height":1920,"caption":"Sweet Horse"},"image":{"@id":"https:\/\/sweet-horse.ch\/de\/#\/schema\/logo\/image\/"},"sameAs":["https:\/\/www.instagram.com\/sweet_horse.ch"]}]}},"_links":{"self":[{"href":"https:\/\/sweet-horse.ch\/de\/wp-json\/wp\/v2\/product\/34555","targetHints":{"allow":["GET"]}}],"collection":[{"href":"https:\/\/sweet-horse.ch\/de\/wp-json\/wp\/v2\/product"}],"about":[{"href":"https:\/\/sweet-horse.ch\/de\/wp-json\/wp\/v2\/types\/product"}],"version-history":[{"count":0,"href":"https:\/\/sweet-horse.ch\/de\/wp-json\/wp\/v2\/product\/34555\/revisions"}],"wp:featuredmedia":[{"embeddable":true,"href":"https:\/\/sweet-horse.ch\/de\/wp-json\/wp\/v2\/media\/34539"}],"wp:attachment":[{"href":"https:\/\/sweet-horse.ch\/de\/wp-json\/wp\/v2\/media?parent=34555"}],"wp:term":[{"taxonomy":"product_brand","embeddable":true,"href":"https:\/\/sweet-horse.ch\/de\/wp-json\/wp\/v2\/product_brand?post=34555"},{"taxonomy":"product_cat","embeddable":true,"href":"https:\/\/sweet-horse.ch\/de\/wp-json\/wp\/v2\/product_cat?post=34555"},{"taxonomy":"product_tag","embeddable":true,"href":"https:\/\/sweet-horse.ch\/de\/wp-json\/wp\/v2\/product_tag?post=34555"}],"curies":[{"name":"wp","href":"https:\/\/api.w.org\/{rel}","templated":true}]}}